{"id":1090,"date":"2020-12-02T20:10:28","date_gmt":"2020-12-02T20:10:28","guid":{"rendered":"https:\/\/startertemplatecloud.com\/g02\/?page_id=1090"},"modified":"2024-05-26T17:24:48","modified_gmt":"2024-05-26T15:24:48","slug":"about","status":"publish","type":"page","link":"https:\/\/www.haffun.cz\/cs\/about\/","title":{"rendered":"About"},"content":{"rendered":"<style>.kb-row-layout-id1090_3080dd-eb > .kt-row-column-wrap{align-content:center;}:where(.kb-row-layout-id1090_3080dd-eb > .kt-row-column-wrap) > .wp-block-kadence-column{justify-content:center;}.kb-row-layout-id1090_3080dd-eb > .kt-row-column-wrap{column-gap:var(--global-kb-gap-md, 2rem);row-gap:var(--global-kb-gap-md, 2rem);max-width:800px;margin-left:auto;margin-right:auto;padding-top:var(--global-kb-spacing-xxl, 5rem);padding-bottom:var(--global-kb-spacing-xxl, 5rem);grid-template-columns:minmax(0, 1fr);}.kb-row-layout-id1090_3080dd-eb{background-image:url('https:\/\/www.haffun.sk\/wp-content\/uploads\/2024\/04\/about-us-min-1536x640.png');background-size:cover;background-position:13% 46%;background-attachment:scroll;background-repeat:no-repeat;}.kb-row-layout-id1090_3080dd-eb > .kt-row-layout-overlay{opacity:0.00;background:linear-gradient(90deg,var(--global-palette8,#F7FAFC) 41%,rgba(247,250,252,0) 100%);}@media all and (max-width: 1024px){.kb-row-layout-id1090_3080dd-eb > .kt-row-column-wrap{grid-template-columns:minmax(0, 1fr);}}@media all and (max-width: 1024px){.kb-row-layout-id1090_3080dd-eb > .kt-row-layout-overlay{opacity:1;background:linear-gradient(180deg,var(--global-palette8,#F7FAFC) 53%,rgba(247,250,252,0) 100%);}}@media all and (max-width: 767px){.kb-row-layout-id1090_3080dd-eb > .kt-row-column-wrap{grid-template-columns:minmax(0, 1fr);}}<\/style><div class=\"kb-row-layout-wrap kb-row-layout-id1090_3080dd-eb alignfull kt-row-has-bg wp-block-kadence-rowlayout\"><div class=\"kt-row-layout-overlay kt-row-overlay-gradient\"><\/div><div class=\"kt-row-column-wrap kt-has-1-columns kt-row-layout-equal kt-tab-layout-inherit kt-mobile-layout-row kt-row-valign-middle\">\n<style>.kadence-column1090_d7b963-22 > .kt-inside-inner-col{display:flex;}.kadence-column1090_d7b963-22 > .kt-inside-inner-col,.kadence-column1090_d7b963-22 > .kt-inside-inner-col:before{border-top-left-radius:0px;border-top-right-radius:0px;border-bottom-right-radius:0px;border-bottom-left-radius:0px;}.kadence-column1090_d7b963-22 > .kt-inside-inner-col{row-gap:var(--global-kb-gap-none, 0rem );column-gap:var(--global-kb-gap-sm, 1rem);}.kadence-column1090_d7b963-22 > .kt-inside-inner-col{flex-direction:column;justify-content:center;align-items:center;}.kadence-column1090_d7b963-22 > .kt-inside-inner-col > .kb-image-is-ratio-size{align-self:stretch;}.kadence-column1090_d7b963-22 > .kt-inside-inner-col > .wp-block-kadence-advancedgallery{align-self:stretch;}.kadence-column1090_d7b963-22 > .kt-inside-inner-col > .aligncenter{width:100%;}.kt-row-column-wrap > .kadence-column1090_d7b963-22{align-self:center;}.kt-inner-column-height-full:not(.kt-has-1-columns) > .wp-block-kadence-column.kadence-column1090_d7b963-22{align-self:auto;}.kt-inner-column-height-full:not(.kt-has-1-columns) > .wp-block-kadence-column.kadence-column1090_d7b963-22 > .kt-inside-inner-col{flex-direction:column;justify-content:center;}.kadence-column1090_d7b963-22 > .kt-inside-inner-col:before{opacity:0.3;}.kadence-column1090_d7b963-22{position:relative;}@media all and (max-width: 1024px){.kt-row-column-wrap > .kadence-column1090_d7b963-22{align-self:center;}}@media all and (max-width: 1024px){.kt-inner-column-height-full:not(.kt-has-1-columns) > .wp-block-kadence-column.kadence-column1090_d7b963-22{align-self:auto;}}@media all and (max-width: 1024px){.kt-inner-column-height-full:not(.kt-has-1-columns) > .wp-block-kadence-column.kadence-column1090_d7b963-22 > .kt-inside-inner-col{flex-direction:column;justify-content:center;}}@media all and (max-width: 1024px){.kadence-column1090_d7b963-22{text-align:center;}}@media all and (max-width: 1024px){.kadence-column1090_d7b963-22 > .kt-inside-inner-col{flex-direction:column;align-items:center;}}@media all and (max-width: 767px){.kt-row-column-wrap > .kadence-column1090_d7b963-22{align-self:center;}.kt-inner-column-height-full:not(.kt-has-1-columns) > .wp-block-kadence-column.kadence-column1090_d7b963-22{align-self:auto;}.kt-inner-column-height-full:not(.kt-has-1-columns) > .wp-block-kadence-column.kadence-column1090_d7b963-22 > .kt-inside-inner-col{flex-direction:column;justify-content:center;}.kadence-column1090_d7b963-22 > .kt-inside-inner-col{flex-direction:column;align-items:center;}}<\/style>\n<div class=\"wp-block-kadence-column kadence-column1090_d7b963-22 kb-section-dir-vertical inner-column-1\"><div class=\"kt-inside-inner-col\"><p class=\"has-text-align-center white has-theme-palette-7-color has-text-color has-link-color wp-elements-c27328cf1524e0b014ba29832461e949\">O N\u00c1S<\/p>\n\n<h1 class=\"wp-block-heading has-text-align-center white about-us-heading has-theme-palette-7-color has-text-color has-link-color wp-elements-5aa11f844ed93acc9eeb8530cb2aca6f\" style=\"font-size:2.8em;line-height:1.3\"><strong>Na\u0161\u00edm c\u00edlem je, aby byl \u017eivot s va\u0161\u00edm chlupat\u00fdm p\u0159\u00edtelem co nejradostn\u011bj\u0161\u00ed, zdrav\u00fd a napl\u0148uj\u00edc\u00ed.<\/strong><\/h1><\/div><\/div>\n<\/div><\/div><style>.kb-row-layout-id1090_a15ced-b0 > .kt-row-column-wrap{align-content:start;}:where(.kb-row-layout-id1090_a15ced-b0 > .kt-row-column-wrap) > .wp-block-kadence-column{justify-content:start;}.kb-row-layout-id1090_a15ced-b0 > .kt-row-column-wrap{column-gap:var(--global-kb-gap-md, 2rem);row-gap:var(--global-kb-gap-md, 2rem);max-width:960px;margin-left:auto;margin-right:auto;padding-top:var(--global-kb-spacing-xl, 4rem);padding-bottom:var(--global-kb-spacing-xl, 4rem);grid-template-columns:minmax(0, 1fr);}.kb-row-layout-id1090_a15ced-b0 > .kt-row-layout-overlay{opacity:0.30;}@media all and (max-width: 1024px){.kb-row-layout-id1090_a15ced-b0 > .kt-row-column-wrap{grid-template-columns:minmax(0, 1fr);}}@media all and (max-width: 767px){.kb-row-layout-id1090_a15ced-b0 > .kt-row-column-wrap{grid-template-columns:minmax(0, 1fr);}}<\/style><div class=\"kb-row-layout-wrap kb-row-layout-id1090_a15ced-b0 alignfull has-theme-palette9-background-color kt-row-has-bg wp-block-kadence-rowlayout\"><div class=\"kt-row-column-wrap kt-has-1-columns kt-row-layout-equal kt-tab-layout-inherit kt-mobile-layout-row kt-row-valign-top\">\n<style>.kadence-column1090_578f54-37 > .kt-inside-inner-col{display:flex;}.kadence-column1090_578f54-37 > .kt-inside-inner-col,.kadence-column1090_578f54-37 > .kt-inside-inner-col:before{border-top-left-radius:0px;border-top-right-radius:0px;border-bottom-right-radius:0px;border-bottom-left-radius:0px;}.kadence-column1090_578f54-37 > .kt-inside-inner-col{column-gap:var(--global-kb-gap-sm, 1rem);}.kadence-column1090_578f54-37 > .kt-inside-inner-col{flex-direction:column;align-items:center;}.kadence-column1090_578f54-37 > .kt-inside-inner-col > .kb-image-is-ratio-size{align-self:stretch;}.kadence-column1090_578f54-37 > .kt-inside-inner-col > .wp-block-kadence-advancedgallery{align-self:stretch;}.kadence-column1090_578f54-37 > .kt-inside-inner-col > .aligncenter{width:100%;}.kadence-column1090_578f54-37 > .kt-inside-inner-col:before{opacity:0.3;}.kadence-column1090_578f54-37{position:relative;}@media all and (max-width: 1024px){.kadence-column1090_578f54-37 > .kt-inside-inner-col{flex-direction:column;align-items:center;}}@media all and (max-width: 767px){.kadence-column1090_578f54-37 > .kt-inside-inner-col{flex-direction:column;align-items:center;}}<\/style>\n<div class=\"wp-block-kadence-column kadence-column1090_578f54-37 inner-column-1\"><div class=\"kt-inside-inner-col\"><style>.wp-block-kadence-advancedheading.kt-adv-heading1090_051193-9d, .wp-block-kadence-advancedheading.kt-adv-heading1090_051193-9d[data-kb-block=\"kb-adv-heading1090_051193-9d\"]{padding-top:var(--global-kb-spacing-sm, 1.5rem);padding-bottom:0px;margin-top:0px;margin-bottom:0px;text-align:left;font-size:24px;line-height:1.3;font-style:normal;}.wp-block-kadence-advancedheading.kt-adv-heading1090_051193-9d mark.kt-highlight, .wp-block-kadence-advancedheading.kt-adv-heading1090_051193-9d[data-kb-block=\"kb-adv-heading1090_051193-9d\"] mark.kt-highlight{font-style:normal;color:#f76a0c;-webkit-box-decoration-break:clone;box-decoration-break:clone;padding-top:0px;padding-right:0px;padding-bottom:0px;padding-left:0px;}@media all and (max-width: 1024px){.wp-block-kadence-advancedheading.kt-adv-heading1090_051193-9d, .wp-block-kadence-advancedheading.kt-adv-heading1090_051193-9d[data-kb-block=\"kb-adv-heading1090_051193-9d\"]{font-size:36px;line-height:1.3;}}@media all and (max-width: 767px){.wp-block-kadence-advancedheading.kt-adv-heading1090_051193-9d, .wp-block-kadence-advancedheading.kt-adv-heading1090_051193-9d[data-kb-block=\"kb-adv-heading1090_051193-9d\"]{font-size:28px;line-height:1.3;}}<\/style>\n<p class=\"kt-adv-heading1090_051193-9d wp-block-kadence-advancedheading has-theme-palette-3-color has-text-color\" data-kb-block=\"kb-adv-heading1090_051193-9d\">V\u00edtejte na Haffun.com, webov\u00e9 str\u00e1nce, kter\u00e1 je v\u00fdsledkem na\u0161ich rozhovor\u016f a n\u00e1pad\u016f b\u011bhem dlouh\u00fdch proch\u00e1zek s na\u0161imi chlupat\u00fdmi kamar\u00e1dy, haffuny. <strong>Jsme t\u00fdm nad\u0161en\u00fdch milovn\u00edk\u016f ps\u016f<\/strong> \u2013 Lenka, Richard a Zuzana. <br><br><strong>Lenka<\/strong> je spoluzakladatelkou renomovan\u00e9 zna\u010dky barefoot obuvi a d\u011btsk\u00fdch nosi\u010d\u016f BeLenka a p\u0159in\u00e1\u0161\u00ed do t\u00fdmu sv\u00e9 podnikatelsk\u00e9 zku\u0161enosti, nad\u0161en\u00ed a l\u00e1sku k inovac\u00edm.<br><br><strong>Richarde<\/strong>, se sv\u00fdm technick\u00fdm z\u00e1zem\u00edm a zku\u0161enostmi s v\u00fdvojem produkt\u016f je na\u0161\u00ed hnac\u00ed silou. Jeho odhodl\u00e1n\u00ed vyv\u00edjet bezpe\u010dn\u00e9 a pohodln\u00e9 produkty z n\u011bj d\u011bl\u00e1 neoceniteln\u00e9ho \u010dlena na\u0161eho t\u00fdmu. <br><br><strong>Zuzana<\/strong> je hlasem na\u0161\u00ed zna\u010dky. Jej\u00ed v\u00e1\u0161e\u0148 pro vypr\u00e1v\u011bn\u00ed p\u0159\u00edb\u011bh\u016f a touha vytvo\u0159it siln\u00e9 spojen\u00ed s na\u0161imi z\u00e1kazn\u00edky formuj\u00ed identitu Haffun.com.<br><br>V\u011b\u0159\u00edme v radost ze \u017eivota pln\u00e9ho <strong>z\u00e1bava<\/strong>, <strong>dobrodru\u017estv\u00ed<\/strong>a <strong>l\u00e1ska<\/strong> s na\u0161imi mazl\u00ed\u010dky. Na\u0161\u00ed filozofi\u00ed je vytv\u00e1\u0159et produkty, kter\u00e9 nejen p\u0159in\u00e1\u0161ej\u00ed <strong>radost z ka\u017edodenn\u00edch chvil <\/strong>ale tak\u00e9 propagovat <strong>pohodu a zdrav\u00ed <\/strong>va\u0161eho psa. Nab\u00edzen\u00edm vysoce kvalitn\u00edho p\u0159\u00edrodn\u00edho krmiva pro psy a inovativn\u00edch dopl\u0148k\u016f se sna\u017e\u00edme, aby byl \u017eivot s va\u0161\u00edm chlupat\u00fdm p\u0159\u00edtelem co nejradostn\u011bj\u0161\u00ed, zdrav\u00fd a napl\u0148uj\u00edc\u00ed.<\/p>\n\n<style>.wp-block-kadence-advancedheading.kt-adv-heading1090_787478-d6, .wp-block-kadence-advancedheading.kt-adv-heading1090_787478-d6[data-kb-block=\"kb-adv-heading1090_787478-d6\"]{padding-top:var(--global-kb-spacing-sm, 1.5rem);padding-bottom:0px;margin-top:0px;margin-bottom:0px;text-align:left;font-size:24px;line-height:1.3;font-style:normal;}.wp-block-kadence-advancedheading.kt-adv-heading1090_787478-d6 mark.kt-highlight, .wp-block-kadence-advancedheading.kt-adv-heading1090_787478-d6[data-kb-block=\"kb-adv-heading1090_787478-d6\"] mark.kt-highlight{font-style:normal;color:#f76a0c;-webkit-box-decoration-break:clone;box-decoration-break:clone;padding-top:0px;padding-right:0px;padding-bottom:0px;padding-left:0px;}@media all and (max-width: 1024px){.wp-block-kadence-advancedheading.kt-adv-heading1090_787478-d6, .wp-block-kadence-advancedheading.kt-adv-heading1090_787478-d6[data-kb-block=\"kb-adv-heading1090_787478-d6\"]{font-size:36px;line-height:1.3;}}@media all and (max-width: 767px){.wp-block-kadence-advancedheading.kt-adv-heading1090_787478-d6, .wp-block-kadence-advancedheading.kt-adv-heading1090_787478-d6[data-kb-block=\"kb-adv-heading1090_787478-d6\"]{font-size:28px;line-height:1.3;}}<\/style>\n<p class=\"kt-adv-heading1090_787478-d6 wp-block-kadence-advancedheading has-theme-palette-3-color has-text-color\" data-kb-block=\"kb-adv-heading1090_787478-d6\">Na\u0161e \u0159ada krmiv pro psy je vyrobena z p\u0159\u00edrodn\u00edch surovin <strong>nejvy\u0161\u0161\u00ed kvality<\/strong>. Jeliko\u017e n\u00e1m tolik z\u00e1le\u017e\u00ed na zdrav\u00ed a vitalit\u011b na\u0161ich vlastn\u00edch ps\u016f, cht\u011bli jsme vytvo\u0159it n\u011bco, co by bylo vhodn\u00e9 nejen pro n\u011b, ale i pro ostatn\u00ed psy. Na\u0161\u00edm c\u00edlem bylo vyr\u00e1b\u011bt potraviny, kter\u00e9 jsou oboj\u00ed <strong>chutn\u00fd <\/strong>a <strong>zdrav\u00fd<\/strong>. Ka\u017ed\u00e1 ingredience je pe\u010dliv\u011b vyb\u00edr\u00e1na, aby bylo zaji\u0161t\u011bno, \u017ee na\u0161e j\u00eddlo spl\u0148uje nejvy\u0161\u0161\u00ed standardy <strong>pohodu<\/strong> a <strong>dlouhov\u011bkost<\/strong> sv\u00fdch chlupat\u00fdch p\u0159\u00e1tel.<\/p>\n\n<p><\/p>\n\n<figure class=\"wp-block-gallery has-nested-images columns-default is-cropped wp-block-gallery-1 is-layout-flex wp-block-gallery-is-layout-flex\"><figure class=\"wp-block-image size-large\"><a href=\"https:\/\/www.haffun.sk\/wp-content\/uploads\/2024\/05\/cool_barrels_1-scaled.jpg\"><img fetchpriority=\"high\" decoding=\"async\" width=\"683\" height=\"1024\" data-id=\"3191\" src=\"https:\/\/www.haffun.sk\/wp-content\/uploads\/2024\/05\/cool_barrels_1-683x1024.jpg\" alt=\"\" class=\"wp-image-3191\" srcset=\"https:\/\/www.haffun.cz\/wp-content\/uploads\/2024\/05\/cool_barrels_1-683x1024.jpg 683w, https:\/\/www.haffun.cz\/wp-content\/uploads\/2024\/05\/cool_barrels_1-200x300.jpg 200w, https:\/\/www.haffun.cz\/wp-content\/uploads\/2024\/05\/cool_barrels_1-768x1151.jpg 768w, https:\/\/www.haffun.cz\/wp-content\/uploads\/2024\/05\/cool_barrels_1-1025x1536.jpg 1025w, https:\/\/www.haffun.cz\/wp-content\/uploads\/2024\/05\/cool_barrels_1-1367x2048.jpg 1367w, https:\/\/www.haffun.cz\/wp-content\/uploads\/2024\/05\/cool_barrels_1-8x12.jpg 8w, https:\/\/www.haffun.cz\/wp-content\/uploads\/2024\/05\/cool_barrels_1-700x1049.jpg 700w, https:\/\/www.haffun.cz\/wp-content\/uploads\/2024\/05\/cool_barrels_1-scaled.jpg 1709w\" sizes=\"(max-width: 683px) 100vw, 683px\" \/><\/a><\/figure>\n\n<figure class=\"wp-block-image size-large\"><a href=\"https:\/\/www.haffun.sk\/wp-content\/uploads\/2024\/05\/ingredients_1-scaled.jpg\"><img decoding=\"async\" width=\"771\" height=\"1024\" data-id=\"3190\" src=\"https:\/\/www.haffun.sk\/wp-content\/uploads\/2024\/05\/ingredients_1-771x1024.jpg\" alt=\"\" class=\"wp-image-3190\" srcset=\"https:\/\/www.haffun.cz\/wp-content\/uploads\/2024\/05\/ingredients_1-771x1024.jpg 771w, https:\/\/www.haffun.cz\/wp-content\/uploads\/2024\/05\/ingredients_1-226x300.jpg 226w, https:\/\/www.haffun.cz\/wp-content\/uploads\/2024\/05\/ingredients_1-768x1020.jpg 768w, https:\/\/www.haffun.cz\/wp-content\/uploads\/2024\/05\/ingredients_1-1156x1536.jpg 1156w, https:\/\/www.haffun.cz\/wp-content\/uploads\/2024\/05\/ingredients_1-1542x2048.jpg 1542w, https:\/\/www.haffun.cz\/wp-content\/uploads\/2024\/05\/ingredients_1-9x12.jpg 9w, https:\/\/www.haffun.cz\/wp-content\/uploads\/2024\/05\/ingredients_1-700x930.jpg 700w, https:\/\/www.haffun.cz\/wp-content\/uploads\/2024\/05\/ingredients_1-scaled.jpg 1927w\" sizes=\"(max-width: 771px) 100vw, 771px\" \/><\/a><\/figure>\n\n<figure class=\"wp-block-image size-large\"><a href=\"https:\/\/www.haffun.sk\/wp-content\/uploads\/2024\/05\/kibble_control2-scaled.jpg\"><img decoding=\"async\" width=\"1024\" height=\"685\" data-id=\"3189\" src=\"https:\/\/www.haffun.sk\/wp-content\/uploads\/2024\/05\/kibble_control2-1024x685.jpg\" alt=\"\" class=\"wp-image-3189\" srcset=\"https:\/\/www.haffun.cz\/wp-content\/uploads\/2024\/05\/kibble_control2-1024x685.jpg 1024w, https:\/\/www.haffun.cz\/wp-content\/uploads\/2024\/05\/kibble_control2-300x201.jpg 300w, https:\/\/www.haffun.cz\/wp-content\/uploads\/2024\/05\/kibble_control2-768x513.jpg 768w, https:\/\/www.haffun.cz\/wp-content\/uploads\/2024\/05\/kibble_control2-1536x1027.jpg 1536w, https:\/\/www.haffun.cz\/wp-content\/uploads\/2024\/05\/kibble_control2-2048x1369.jpg 2048w, https:\/\/www.haffun.cz\/wp-content\/uploads\/2024\/05\/kibble_control2-18x12.jpg 18w, https:\/\/www.haffun.cz\/wp-content\/uploads\/2024\/05\/kibble_control2-700x468.jpg 700w\" sizes=\"(max-width: 1024px) 100vw, 1024px\" \/><\/a><\/figure><\/figure>\n\n<style>.wp-block-kadence-advancedheading.kt-adv-heading1090_446a6c-48, .wp-block-kadence-advancedheading.kt-adv-heading1090_446a6c-48[data-kb-block=\"kb-adv-heading1090_446a6c-48\"]{padding-top:var(--global-kb-spacing-sm, 1.5rem);padding-bottom:0px;margin-top:0px;margin-bottom:0px;text-align:left;font-size:24px;line-height:1.3;font-style:normal;}.wp-block-kadence-advancedheading.kt-adv-heading1090_446a6c-48 mark.kt-highlight, .wp-block-kadence-advancedheading.kt-adv-heading1090_446a6c-48[data-kb-block=\"kb-adv-heading1090_446a6c-48\"] mark.kt-highlight{font-style:normal;color:#f76a0c;-webkit-box-decoration-break:clone;box-decoration-break:clone;padding-top:0px;padding-right:0px;padding-bottom:0px;padding-left:0px;}@media all and (max-width: 1024px){.wp-block-kadence-advancedheading.kt-adv-heading1090_446a6c-48, .wp-block-kadence-advancedheading.kt-adv-heading1090_446a6c-48[data-kb-block=\"kb-adv-heading1090_446a6c-48\"]{font-size:36px;line-height:1.3;}}@media all and (max-width: 767px){.wp-block-kadence-advancedheading.kt-adv-heading1090_446a6c-48, .wp-block-kadence-advancedheading.kt-adv-heading1090_446a6c-48[data-kb-block=\"kb-adv-heading1090_446a6c-48\"]{font-size:28px;line-height:1.3;}}<\/style>\n<p class=\"kt-adv-heading1090_446a6c-48 wp-block-kadence-advancedheading has-theme-palette-3-color has-text-color\" data-kb-block=\"kb-adv-heading1090_446a6c-48\">Na na\u0161ich str\u00e1nk\u00e1ch naleznete r\u016fzn\u00e9 produkty navr\u017een\u00e9 se zam\u011b\u0159en\u00edm na <strong>kvalitn\u00ed<\/strong>, <strong>funk\u010dnost<\/strong>a <strong>styl<\/strong>. Na\u0161e postroje proti tah\u00e1n\u00ed byly vyvinuty ve spolupr\u00e1ci s veterin\u00e1\u0159i a p\u0159\u00edsn\u011b testov\u00e1ny. V\u011b\u0159\u00edme, \u017ee \u0161\u0165astn\u00fd a spokojen\u00fd pes rovn\u00e1 se \u0161\u0165astn\u00fd majitel. To je filozofie, kter\u00e9 se dr\u017e\u00edme ve v\u0161em, co d\u011bl\u00e1me.<\/p>\n\n<style>.wp-block-kadence-advancedheading.kt-adv-heading1090_48deed-a7, .wp-block-kadence-advancedheading.kt-adv-heading1090_48deed-a7[data-kb-block=\"kb-adv-heading1090_48deed-a7\"]{padding-top:var(--global-kb-spacing-sm, 1.5rem);padding-bottom:0px;margin-top:0px;margin-bottom:0px;text-align:left;font-size:24px;line-height:1.3;font-style:normal;}.wp-block-kadence-advancedheading.kt-adv-heading1090_48deed-a7 mark.kt-highlight, .wp-block-kadence-advancedheading.kt-adv-heading1090_48deed-a7[data-kb-block=\"kb-adv-heading1090_48deed-a7\"] mark.kt-highlight{font-style:normal;color:#f76a0c;-webkit-box-decoration-break:clone;box-decoration-break:clone;padding-top:0px;padding-right:0px;padding-bottom:0px;padding-left:0px;}@media all and (max-width: 1024px){.wp-block-kadence-advancedheading.kt-adv-heading1090_48deed-a7, .wp-block-kadence-advancedheading.kt-adv-heading1090_48deed-a7[data-kb-block=\"kb-adv-heading1090_48deed-a7\"]{font-size:36px;line-height:1.3;}}@media all and (max-width: 767px){.wp-block-kadence-advancedheading.kt-adv-heading1090_48deed-a7, .wp-block-kadence-advancedheading.kt-adv-heading1090_48deed-a7[data-kb-block=\"kb-adv-heading1090_48deed-a7\"]{font-size:28px;line-height:1.3;}}<\/style>\n<p class=\"kt-adv-heading1090_48deed-a7 wp-block-kadence-advancedheading has-theme-palette-3-color has-text-color\" data-kb-block=\"kb-adv-heading1090_48deed-a7\">Na Haffun.com se nezab\u00fdv\u00e1me jen prodejem produkt\u016f. Jde o vytvo\u0159en\u00ed komunity lid\u00ed, kte\u0159\u00ed sd\u00edlej\u00ed na\u0161i l\u00e1sku a jejich\u017e c\u00edlem je zajistit a <strong>\u0161\u0165astn\u00fd a radostn\u00fd \u017eivot pro sv\u00e9 \u010dty\u0159noh\u00e9 kamar\u00e1dy<\/strong>. Jsme hrd\u00ed, \u017ee jsme sou\u010d\u00e1st\u00ed va\u0161eho \u017eivota a \u017eivot\u016f va\u0161ich chlupat\u00fdch spole\u010dn\u00edk\u016f.<\/p><\/div><\/div>\n<\/div><\/div>","protected":false},"excerpt":{"rendered":"<p>ABOUT US Our aim is to make life with your furry friend as joyful, healthy, and fulfilling as possible. Welcome to Haffun.com, a website that is the result of our conversations and ideas during long walks with our furry friends, haffuns. We are a team of enthusiastic dog lovers &#8211; Lenka, Richard, and Zuzana. Lenka&#8230;<\/p>","protected":false},"author":1,"featured_media":2842,"parent":0,"menu_order":0,"comment_status":"closed","ping_status":"closed","template":"","meta":{"_uag_custom_page_level_css":"","_kadence_starter_templates_imported_post":true,"_kad_post_transparent":"","_kad_post_title":"hide","_kad_post_layout":"fullwidth","_kad_post_sidebar_id":"","_kad_post_content_style":"unboxed","_kad_post_vertical_padding":"hide","_kad_post_feature":"","_kad_post_feature_position":"","_kad_post_header":false,"_kad_post_footer":false,"footnotes":""},"class_list":["post-1090","page","type-page","status-publish","has-post-thumbnail","hentry"],"uagb_featured_image_src":{"full":["https:\/\/www.haffun.cz\/wp-content\/uploads\/2024\/04\/haffun-og.jpg",2400,1260,false],"thumbnail":["https:\/\/www.haffun.cz\/wp-content\/uploads\/2024\/04\/haffun-og-150x150.jpg",150,150,true],"medium":["https:\/\/www.haffun.cz\/wp-content\/uploads\/2024\/04\/haffun-og-300x158.jpg",300,158,true],"medium_large":["https:\/\/www.haffun.cz\/wp-content\/uploads\/2024\/04\/haffun-og-768x403.jpg",768,403,true],"large":["https:\/\/www.haffun.cz\/wp-content\/uploads\/2024\/04\/haffun-og-1024x538.jpg",1024,538,true],"1536x1536":["https:\/\/www.haffun.cz\/wp-content\/uploads\/2024\/04\/haffun-og-1536x806.jpg",1536,806,true],"2048x2048":["https:\/\/www.haffun.cz\/wp-content\/uploads\/2024\/04\/haffun-og-2048x1075.jpg",2048,1075,true],"trp-custom-language-flag":["https:\/\/www.haffun.cz\/wp-content\/uploads\/2024\/04\/haffun-og-18x9.jpg",18,9,true],"woocommerce_thumbnail":["https:\/\/www.haffun.cz\/wp-content\/uploads\/2024\/04\/haffun-og-800x800.jpg",800,800,true],"woocommerce_single":["https:\/\/www.haffun.cz\/wp-content\/uploads\/2024\/04\/haffun-og-700x368.jpg",700,368,true],"woocommerce_gallery_thumbnail":["https:\/\/www.haffun.cz\/wp-content\/uploads\/2024\/04\/haffun-og-100x100.jpg",100,100,true],"variation_swatches_image_size":["https:\/\/www.haffun.cz\/wp-content\/uploads\/2024\/04\/haffun-og-50x50.jpg",50,50,true],"variation_swatches_tooltip_size":["https:\/\/www.haffun.cz\/wp-content\/uploads\/2024\/04\/haffun-og-100x100.jpg",100,100,true]},"uagb_author_info":{"display_name":"Peter Suba","author_link":"https:\/\/www.haffun.cz\/cs\/author\/peter-suba\/"},"uagb_comment_info":0,"uagb_excerpt":"ABOUT US Our aim is to make life with your furry friend as joyful, healthy, and fulfilling as possible. Welcome to Haffun.com, a website that is the result of our conversations and ideas during long walks with our furry friends, haffuns. We are a team of enthusiastic dog lovers &#8211; Lenka, Richard, and Zuzana. Lenka...","_links":{"self":[{"href":"https:\/\/www.haffun.cz\/cs\/wp-json\/wp\/v2\/pages\/1090","targetHints":{"allow":["GET"]}}],"collection":[{"href":"https:\/\/www.haffun.cz\/cs\/wp-json\/wp\/v2\/pages"}],"about":[{"href":"https:\/\/www.haffun.cz\/cs\/wp-json\/wp\/v2\/types\/page"}],"author":[{"embeddable":true,"href":"https:\/\/www.haffun.cz\/cs\/wp-json\/wp\/v2\/users\/1"}],"replies":[{"embeddable":true,"href":"https:\/\/www.haffun.cz\/cs\/wp-json\/wp\/v2\/comments?post=1090"}],"version-history":[{"count":0,"href":"https:\/\/www.haffun.cz\/cs\/wp-json\/wp\/v2\/pages\/1090\/revisions"}],"wp:featuredmedia":[{"embeddable":true,"href":"https:\/\/www.haffun.cz\/cs\/wp-json\/wp\/v2\/media\/2842"}],"wp:attachment":[{"href":"https:\/\/www.haffun.cz\/cs\/wp-json\/wp\/v2\/media?parent=1090"}],"curies":[{"name":"wp","href":"https:\/\/api.w.org\/{rel}","templated":true}]}}