{"id":1142,"date":"2020-12-02T21:22:44","date_gmt":"2020-12-02T21:22:44","guid":{"rendered":"https:\/\/startertemplatecloud.com\/g02\/?page_id=1142"},"modified":"2024-12-06T11:45:04","modified_gmt":"2024-12-06T10:45:04","slug":"contact","status":"publish","type":"page","link":"https:\/\/www.haffun.cz\/cs\/contact\/","title":{"rendered":"Kontakt"},"content":{"rendered":"<div data-elementor-type=\"wp-page\" data-elementor-id=\"1142\" class=\"elementor elementor-1142\">\n\t\t\t\t<div class=\"elementor-element elementor-element-6f8a4fe1 e-flex e-con-boxed e-con e-parent\" data-id=\"6f8a4fe1\" data-element_type=\"container\">\n\t\t\t\t\t<div class=\"e-con-inner\">\n\t\t\t\t<div class=\"elementor-element elementor-element-8bdd3dc elementor-widget elementor-widget-text-editor\" data-id=\"8bdd3dc\" data-element_type=\"widget\" data-widget_type=\"text-editor.default\">\n\t\t\t\t<div class=\"elementor-widget-container\"><style>.kb-row-layout-id1142_f91cc8-bd > .kt-row-column-wrap{align-content:center;}:where(.kb-row-layout-id1142_f91cc8-bd > .kt-row-column-wrap) > .wp-block-kadence-column{justify-content:center;}.kb-row-layout-id1142_f91cc8-bd > .kt-row-column-wrap{column-gap:var(--global-kb-gap-md, 2rem);row-gap:var(--global-kb-gap-md, 2rem);max-width:800px;margin-left:auto;margin-right:auto;padding-top:var(--global-kb-spacing-xxl, 5rem);padding-bottom:var(--global-kb-spacing-xxl, 5rem);grid-template-columns:minmax(0, 1fr);}.kb-row-layout-id1142_f91cc8-bd{background-image:url('https:\/\/www.haffun.sk\/wp-content\/uploads\/2024\/04\/about-us-min.png');background-size:cover;background-position:center center;background-attachment:scroll;background-repeat:no-repeat;}.kb-row-layout-id1142_f91cc8-bd > .kt-row-layout-overlay{opacity:1;background:linear-gradient(0deg,var(--global-palette8,#F7FAFC) 18%,rgba(247,250,252,0) 100%);}@media all and (max-width: 1024px){.kb-row-layout-id1142_f91cc8-bd > .kt-row-column-wrap{grid-template-columns:minmax(0, 1fr);}}@media all and (max-width: 1024px){.kb-row-layout-id1142_f91cc8-bd > .kt-row-layout-overlay{opacity:1;background:linear-gradient(180deg,var(--global-palette8,#F7FAFC) 53%,rgba(247,250,252,0) 100%);}}@media all and (max-width: 767px){.kb-row-layout-id1142_f91cc8-bd > .kt-row-column-wrap{grid-template-columns:minmax(0, 1fr);}}<\/style><div class=\"kb-row-layout-wrap kb-row-layout-id1142_f91cc8-bd alignfull kt-row-has-bg wp-block-kadence-rowlayout\"><div class=\"kt-row-layout-overlay kt-row-overlay-gradient\"><\/div><div class=\"kt-row-column-wrap kt-has-1-columns kt-row-layout-equal kt-tab-layout-inherit kt-mobile-layout-row kt-row-valign-middle\">\n<p>\u00a0<\/p>\n<style>.kadence-column1142_7c3f39-d2 > .kt-inside-inner-col,.kadence-column1142_7c3f39-d2 > .kt-inside-inner-col:before{border-top-left-radius:0px;border-top-right-radius:0px;border-bottom-right-radius:0px;border-bottom-left-radius:0px;}.kadence-column1142_7c3f39-d2 > .kt-inside-inner-col{column-gap:var(--global-kb-gap-sm, 1rem);}.kadence-column1142_7c3f39-d2 > .kt-inside-inner-col{flex-direction:column;}.kadence-column1142_7c3f39-d2 > .kt-inside-inner-col > .aligncenter{width:100%;}.kadence-column1142_7c3f39-d2 > .kt-inside-inner-col:before{opacity:0.3;}.kadence-column1142_7c3f39-d2{position:relative;}@media all and (max-width: 1024px){.kadence-column1142_7c3f39-d2{text-align:center;}}@media all and (max-width: 1024px){.kadence-column1142_7c3f39-d2 > .kt-inside-inner-col{flex-direction:column;}}@media all and (max-width: 767px){.kadence-column1142_7c3f39-d2 > .kt-inside-inner-col{flex-direction:column;}}<\/style>\n<div class=\"wp-block-kadence-column kadence-column1142_7c3f39-d2 kb-section-dir-vertical inner-column-1\">\n<div class=\"kt-inside-inner-col\"><style>.wp-block-kadence-advancedheading.kt-adv-heading1142_ad9b27-21, .wp-block-kadence-advancedheading.kt-adv-heading1142_ad9b27-21[data-kb-block=\"kb-adv-heading1142_ad9b27-21\"]{display:block;margin-bottom:var(--global-kb-spacing-xs, 1rem);text-align:center;font-style:normal;text-transform:uppercase;}.wp-block-kadence-advancedheading.kt-adv-heading1142_ad9b27-21 mark.kt-highlight, .wp-block-kadence-advancedheading.kt-adv-heading1142_ad9b27-21[data-kb-block=\"kb-adv-heading1142_ad9b27-21\"] mark.kt-highlight{font-style:normal;color:#f76a0c;-webkit-box-decoration-break:clone;box-decoration-break:clone;padding-top:0px;padding-right:0px;padding-bottom:0px;padding-left:0px;}<\/style> <span class=\"kt-adv-heading1142_ad9b27-21 white wp-block-kadence-advancedheading has-theme-palette-9-color has-text-color\" data-kb-block=\"kb-adv-heading1142_ad9b27-21\">Kontaktujte n\u00e1s<\/span><style>.wp-block-kadence-advancedheading.kt-adv-heading1142_751308-e4, .wp-block-kadence-advancedheading.kt-adv-heading1142_751308-e4[data-kb-block=\"kb-adv-heading1142_751308-e4\"]{margin-top:0px;margin-bottom:var(--global-kb-spacing-lg, 3rem);text-align:center;font-size:var(--global-kb-font-size-xl, 3rem);line-height:1.2;font-style:normal;}.wp-block-kadence-advancedheading.kt-adv-heading1142_751308-e4 mark.kt-highlight, .wp-block-kadence-advancedheading.kt-adv-heading1142_751308-e4[data-kb-block=\"kb-adv-heading1142_751308-e4\"] mark.kt-highlight{font-style:normal;color:#f76a0c;-webkit-box-decoration-break:clone;box-decoration-break:clone;padding-top:0px;padding-right:0px;padding-bottom:0px;padding-left:0px;}@media all and (max-width: 1024px){.wp-block-kadence-advancedheading.kt-adv-heading1142_751308-e4, .wp-block-kadence-advancedheading.kt-adv-heading1142_751308-e4[data-kb-block=\"kb-adv-heading1142_751308-e4\"]{text-align:center!important;}}<\/style>\n<h1 class=\"kt-adv-heading1142_751308-e4 white wp-block-kadence-advancedheading has-theme-palette-9-color has-text-color\" data-kb-block=\"kb-adv-heading1142_751308-e4\">Po\u0161lete n\u00e1m zpr\u00e1vu<\/h1><\/div>\n<\/div><\/div><\/div><style>.kb-row-layout-id1142_04d022-d1 > .kt-row-column-wrap{align-content:start;}:where(.kb-row-layout-id1142_04d022-d1 > .kt-row-column-wrap) > .wp-block-kadence-column{justify-content:start;}.kb-row-layout-id1142_04d022-d1 > .kt-row-column-wrap{column-gap:var(--global-kb-gap-lg, 4rem);row-gap:var(--global-kb-gap-md, 2rem);max-width:var( --global-content-width, 1300px );padding-left:var(--global-content-edge-padding);padding-right:var(--global-content-edge-padding);padding-top:0px;padding-bottom:var(--global-kb-spacing-5xl, 10rem);grid-template-columns:minmax(0, 1fr);}.kb-row-layout-id1142_04d022-d1 > .kt-row-layout-overlay{opacity:0.30;}@media all and (max-width: 1024px){.kb-row-layout-id1142_04d022-d1 > .kt-row-column-wrap{row-gap:var(--global-kb-gap-sm, 1rem);grid-template-columns:minmax(0, 1fr);}}@media all and (max-width: 767px){.kb-row-layout-id1142_04d022-d1 > .kt-row-column-wrap{row-gap:var(--global-kb-gap-sm, 1rem);grid-template-columns:minmax(0, 1fr);}}<\/style><div class=\"kb-row-layout-wrap kb-row-layout-id1142_04d022-d1 alignfull has-theme-palette8-background-color kt-row-has-bg wp-block-kadence-rowlayout\"><div class=\"kt-row-column-wrap kt-has-1-columns kt-row-layout-equal kt-tab-layout-inherit kt-mobile-layout-row kt-row-valign-top kb-theme-content-width\"><style>.kadence-column1142_e16fa6-c8 > .kt-inside-inner-col,.kadence-column1142_e16fa6-c8 > .kt-inside-inner-col:before{border-top-left-radius:0px;border-top-right-radius:0px;border-bottom-right-radius:0px;border-bottom-left-radius:0px;}.kadence-column1142_e16fa6-c8 > .kt-inside-inner-col{column-gap:var(--global-kb-gap-sm, 1rem);}.kadence-column1142_e16fa6-c8 > .kt-inside-inner-col{flex-direction:column;}.kadence-column1142_e16fa6-c8 > .kt-inside-inner-col > .aligncenter{width:100%;}.kadence-column1142_e16fa6-c8 > .kt-inside-inner-col:before{opacity:0.3;}.kadence-column1142_e16fa6-c8{position:relative;}@media all and (max-width: 1024px){.kadence-column1142_e16fa6-c8 > .kt-inside-inner-col{flex-direction:column;}}@media all and (max-width: 767px){.kadence-column1142_e16fa6-c8 > .kt-inside-inner-col{flex-direction:column;}}<\/style>\n<div class=\"wp-block-kadence-column kadence-column1142_e16fa6-c8 inner-column-1\">\n<div class=\"kt-inside-inner-col\"><style>.kb-row-layout-id1142_a6d868-6a > .kt-row-column-wrap{align-content:end;}:where(.kb-row-layout-id1142_a6d868-6a > .kt-row-column-wrap) > .wp-block-kadence-column{justify-content:end;}.kb-row-layout-id1142_a6d868-6a > .kt-row-column-wrap{column-gap:var(--global-kb-gap-md, 2rem);row-gap:var(--global-kb-gap-md, 2rem);max-width:600px;margin-left:auto;margin-right:auto;padding-top:0px;padding-right:0px;padding-bottom:0px;padding-left:0px;grid-template-columns:minmax(0, 1fr);}.kb-row-layout-id1142_a6d868-6a > .kt-row-layout-overlay{opacity:0.30;}@media all and (max-width: 1024px){.kb-row-layout-id1142_a6d868-6a > .kt-row-column-wrap{grid-template-columns:minmax(0, 1fr);}}@media all and (max-width: 767px){.kb-row-layout-id1142_a6d868-6a > .kt-row-column-wrap{grid-template-columns:minmax(0, 1fr);}}<\/style><div class=\"kb-row-layout-wrap kb-row-layout-id1142_a6d868-6a alignnone wp-block-kadence-rowlayout\"><div class=\"kt-row-column-wrap kt-has-1-columns kt-row-layout-equal kt-tab-layout-inherit kt-mobile-layout-row kt-row-valign-bottom\"><style>.kadence-column1142_320b53-a5 > .kt-inside-inner-col{display:flex;}.kadence-column1142_320b53-a5 > .kt-inside-inner-col{padding-top:0px;}.kadence-column1142_320b53-a5 > .kt-inside-inner-col,.kadence-column1142_320b53-a5 > .kt-inside-inner-col:before{border-top-left-radius:0px;border-top-right-radius:0px;border-bottom-right-radius:0px;border-bottom-left-radius:0px;}.kadence-column1142_320b53-a5 > .kt-inside-inner-col{column-gap:var(--global-kb-gap-sm, 1rem);}.kadence-column1142_320b53-a5 > .kt-inside-inner-col{flex-direction:column;justify-content:flex-start;align-items:center;}.kadence-column1142_320b53-a5 > .kt-inside-inner-col > .kb-image-is-ratio-size{align-self:stretch;}.kadence-column1142_320b53-a5 > .kt-inside-inner-col > .wp-block-kadence-advancedgallery{align-self:stretch;}.kadence-column1142_320b53-a5 > .kt-inside-inner-col > .aligncenter{width:100%;}.kt-row-column-wrap > .kadence-column1142_320b53-a5{align-self:flex-start;}.kt-inner-column-height-full:not(.kt-has-1-columns) > .wp-block-kadence-column.kadence-column1142_320b53-a5{align-self:auto;}.kt-inner-column-height-full:not(.kt-has-1-columns) > .wp-block-kadence-column.kadence-column1142_320b53-a5 > .kt-inside-inner-col{flex-direction:column;justify-content:flex-start;}.kadence-column1142_320b53-a5 > .kt-inside-inner-col:before{opacity:0.3;}.kadence-column1142_320b53-a5{position:relative;}@media all and (max-width: 1024px){.kt-row-column-wrap > .kadence-column1142_320b53-a5{align-self:flex-start;}}@media all and (max-width: 1024px){.kt-inner-column-height-full:not(.kt-has-1-columns) > .wp-block-kadence-column.kadence-column1142_320b53-a5{align-self:auto;}}@media all and (max-width: 1024px){.kt-inner-column-height-full:not(.kt-has-1-columns) > .wp-block-kadence-column.kadence-column1142_320b53-a5 > .kt-inside-inner-col{flex-direction:column;justify-content:flex-start;}}@media all and (max-width: 1024px){.kadence-column1142_320b53-a5 > .kt-inside-inner-col{flex-direction:column;align-items:center;}}@media all and (max-width: 767px){.kt-row-column-wrap > .kadence-column1142_320b53-a5{align-self:flex-start;}.kt-inner-column-height-full:not(.kt-has-1-columns) > .wp-block-kadence-column.kadence-column1142_320b53-a5{align-self:auto;}.kt-inner-column-height-full:not(.kt-has-1-columns) > .wp-block-kadence-column.kadence-column1142_320b53-a5 > .kt-inside-inner-col{flex-direction:column;justify-content:flex-start;}.kadence-column1142_320b53-a5 > .kt-inside-inner-col{flex-direction:column;align-items:center;}}<\/style>\n<div class=\"wp-block-kadence-column kadence-column1142_320b53-a5\">\n<div class=\"kt-inside-inner-col\"><p style=\"font-size: 20px; line-height: 1.6;\"><strong>Doodles \u2013 Slovakia sro<\/strong><br \/><strong>ID<\/strong>: 50949501<br \/><strong>DPH<\/strong>:\u00a0 <a href=\"tel:2120539344\">2120539344<\/a><br \/>Moj\u0161 278 010 01 \u017dilina<br \/><a href=\"http:\/\/www.haffun.com\/\">www.haffun.cz<\/a> <a href=\"mailto:info@haffun.com\">info@haffun.cz<\/a><\/p><div class=\"wp-block-spacer\" style=\"height: 24px;\" aria-hidden=\"true\">\u00a0<\/div><div class=\"wp-block-group has-background\" style=\"background-color: #fbfbfb; padding: var(--wp--preset--spacing--70) var(--wp--preset--spacing--70) var(--wp--preset--spacing--50) var(--wp--preset--spacing--70);\"><div class=\"wp-block-group__inner-container is-layout-constrained wp-container-core-group-is-layout-a83e27c4 wp-block-group-is-layout-constrained\"><style>.kadence-form-1142_a4907b-1f .kb-form .kadence-blocks-form-field .kb-text-style-field, .kadence-form-1142_a4907b-1f .kb-form .kadence-blocks-form-field .kb-select-style-field{color:var(--global-palette4, #2D3748);border-radius:0px;background:var(--global-palette7, #EDF2F7);border-color:var(--global-palette2, #2B6CB0);}.kadence-form-1142_a4907b-1f .kb-form .kadence-blocks-form-field > label{color:var(--global-palette3, #1A202C);font-size:15px;font-weight:400;padding-top:0px;padding-right:0px;padding-bottom:6px;padding-left:0px;}.kadence-form-1142_a4907b-1f .kb-form .kadence-blocks-form-field .kb-forms-submit{border-radius:0px;}.kadence-form-1142_a4907b-1f .kb-form .kadence-blocks-form-field .kb-forms-submit{font-size:18px;}.kb-form input.kadence-blocks-field.verify{opacity:0.0;position:absolute;top:0.0;left:0.0;width:0.0;height:0.0;z-index:-1;}<\/style>\n<div class=\"wp-block-kadence-form kadence-form-1142_a4907b-1f kb-form-wrap\"><form class=\"kb-form\" action=\"\" method=\"post\" data-trp-original-action=\"\">\n<div class=\"kadence-blocks-form-field kb-field-desk-width-100 kb-input-size-standard\"><label for=\"kb_field_1142_a4907b-1f_0\">E-mail<span class=\"required\">*<\/span><\/label><input id=\"kb_field_1142_a4907b-1f_0\" class=\"kb-field kb-text-style-field kb-email-field kb-field-0\" name=\"kb_field_0\" type=\"email\" value=\"\" placeholder=\"\" data-label=\"Email\" data-type=\"email\" data-required=\"yes\" \/><\/div>\n<div class=\"kadence-blocks-form-field kb-form-field-1 kb-field-desk-width-100 kb-input-size-standard\"><label for=\"kb_field_1142_a4907b-1f_1\">Zpr\u00e1va<span class=\"required\">*<\/span><\/label><textarea id=\"kb_field_1142_a4907b-1f_1\" class=\"kb-field kb-text-style-field kb-textarea-field kb-field-1\" name=\"kb_field_1\" rows=\"4\" placeholder=\"\" data-label=\"Message\" data-type=\"textarea\" data-required=\"yes\"><\/textarea><\/div>\n<div class=\"kadence-blocks-form-field kb-form-field-2 kb-field-desk-width-100 kb-input-size-standard kb-accept-form-field\"><input id=\"kb_field_1142_a4907b-1f_2\" class=\"kb-field kb-checkbox-style kb-accept\" name=\"kb_field_2\" type=\"checkbox\" value=\"accept\" data-type=\"accept\" data-required=\"yes\" \/><label for=\"kb_field_1142_a4907b-1f_2\">P\u0159ij\u00edm\u00e1m z\u00e1sady ochrany osobn\u00edch \u00fadaj\u016f.<span class=\"required\">*<\/span><\/label><\/div>\n<input name=\"_kb_form_id\" type=\"hidden\" value=\"1142_a4907b-1f\" \/><input name=\"_kb_form_post_id\" type=\"hidden\" value=\"1142\" \/><input name=\"action\" type=\"hidden\" value=\"kb_process_ajax_submit\" \/><input class=\"kadence-blocks-field verify\" tabindex=\"-1\" autocomplete=\"off\" name=\"_kb_verify_email\" type=\"text\" placeholder=\"E-mail\" aria-hidden=\"true\" \/>\n<div class=\"kadence-blocks-form-field kb-submit-field kb-field-desk-width-100\"><button class=\"kb-forms-submit button kb-button-size-large kb-button-width-auto\">Odeslat zpr\u00e1vu<\/button><\/div>\n<input type=\"hidden\" name=\"trp-form-language\" value=\"cs\"\/><\/form><\/div>\n<noscript><div class=\"kadence-blocks-form-message kadence-blocks-form-warning\">Please enable JavaScript in your browser to submit the form<\/div><style>.kadence-form-1142_a4907b-1f .kadence-blocks-form-field.kb-submit-field { display: none; }<\/style><\/noscript><\/div><\/div><div class=\"wp-block-spacer\" style=\"height: 12px;\" aria-hidden=\"true\">\u00a0<\/div><p class=\"has-text-align-center has-small-font-size\"><a href=\"https:\/\/www.haffun.sk\/privacy\/\">Z\u00e1sady ochrany osobn\u00edch \u00fadaj\u016f<\/a><\/p><\/div>\n<\/div><\/div><\/div><\/div>\n<\/div><\/div><\/div><\/div>\n\t\t\t\t<\/div>\n\t\t\t\t\t<\/div>\n\t\t\t\t<\/div>\t\t<\/div>","protected":false},"excerpt":{"rendered":"<p>Contact us Send Us a Message Doodles &#8211; Slovakia s. r. o.ID: 50949501VAT:\u00a0 2120539344Moj\u0161 278\u00a0 010 01 \u017dilinawww.haffun.cz info@haffun.cz Privacy policy<\/p>","protected":false},"author":1,"featured_media":2842,"parent":0,"menu_order":0,"comment_status":"closed","ping_status":"closed","template":"","meta":{"_uag_custom_page_level_css":"","_kadence_starter_templates_imported_post":true,"_kad_post_transparent":"","_kad_post_title":"hide","_kad_post_layout":"fullwidth","_kad_post_sidebar_id":"","_kad_post_content_style":"unboxed","_kad_post_vertical_padding":"hide","_kad_post_feature":"","_kad_post_feature_position":"","_kad_post_header":false,"_kad_post_footer":false,"footnotes":""},"class_list":["post-1142","page","type-page","status-publish","has-post-thumbnail","hentry"],"uagb_featured_image_src":{"full":["https:\/\/www.haffun.cz\/wp-content\/uploads\/2024\/04\/haffun-og.jpg",2400,1260,false],"thumbnail":["https:\/\/www.haffun.cz\/wp-content\/uploads\/2024\/04\/haffun-og-150x150.jpg",150,150,true],"medium":["https:\/\/www.haffun.cz\/wp-content\/uploads\/2024\/04\/haffun-og-300x158.jpg",300,158,true],"medium_large":["https:\/\/www.haffun.cz\/wp-content\/uploads\/2024\/04\/haffun-og-768x403.jpg",768,403,true],"large":["https:\/\/www.haffun.cz\/wp-content\/uploads\/2024\/04\/haffun-og-1024x538.jpg",1024,538,true],"1536x1536":["https:\/\/www.haffun.cz\/wp-content\/uploads\/2024\/04\/haffun-og-1536x806.jpg",1536,806,true],"2048x2048":["https:\/\/www.haffun.cz\/wp-content\/uploads\/2024\/04\/haffun-og-2048x1075.jpg",2048,1075,true],"trp-custom-language-flag":["https:\/\/www.haffun.cz\/wp-content\/uploads\/2024\/04\/haffun-og-18x9.jpg",18,9,true],"woocommerce_thumbnail":["https:\/\/www.haffun.cz\/wp-content\/uploads\/2024\/04\/haffun-og-800x800.jpg",800,800,true],"woocommerce_single":["https:\/\/www.haffun.cz\/wp-content\/uploads\/2024\/04\/haffun-og-700x368.jpg",700,368,true],"woocommerce_gallery_thumbnail":["https:\/\/www.haffun.cz\/wp-content\/uploads\/2024\/04\/haffun-og-100x100.jpg",100,100,true],"variation_swatches_image_size":["https:\/\/www.haffun.cz\/wp-content\/uploads\/2024\/04\/haffun-og-50x50.jpg",50,50,true],"variation_swatches_tooltip_size":["https:\/\/www.haffun.cz\/wp-content\/uploads\/2024\/04\/haffun-og-100x100.jpg",100,100,true]},"uagb_author_info":{"display_name":"Peter Suba","author_link":"https:\/\/www.haffun.cz\/cs\/author\/peter-suba\/"},"uagb_comment_info":0,"uagb_excerpt":"Contact us Send Us a Message Doodles &#8211; Slovakia s. r. o.ID: 50949501VAT:\u00a0 2120539344Moj\u0161 278\u00a0 010 01 \u017dilinawww.haffun.cz info@haffun.cz Privacy policy","_links":{"self":[{"href":"https:\/\/www.haffun.cz\/cs\/wp-json\/wp\/v2\/pages\/1142","targetHints":{"allow":["GET"]}}],"collection":[{"href":"https:\/\/www.haffun.cz\/cs\/wp-json\/wp\/v2\/pages"}],"about":[{"href":"https:\/\/www.haffun.cz\/cs\/wp-json\/wp\/v2\/types\/page"}],"author":[{"embeddable":true,"href":"https:\/\/www.haffun.cz\/cs\/wp-json\/wp\/v2\/users\/1"}],"replies":[{"embeddable":true,"href":"https:\/\/www.haffun.cz\/cs\/wp-json\/wp\/v2\/comments?post=1142"}],"version-history":[{"count":0,"href":"https:\/\/www.haffun.cz\/cs\/wp-json\/wp\/v2\/pages\/1142\/revisions"}],"wp:featuredmedia":[{"embeddable":true,"href":"https:\/\/www.haffun.cz\/cs\/wp-json\/wp\/v2\/media\/2842"}],"wp:attachment":[{"href":"https:\/\/www.haffun.cz\/cs\/wp-json\/wp\/v2\/media?parent=1142"}],"curies":[{"name":"wp","href":"https:\/\/api.w.org\/{rel}","templated":true}]}}