{"id":1952,"date":"2024-02-23T01:31:02","date_gmt":"2024-02-23T00:31:02","guid":{"rendered":"https:\/\/www.haffun.sk\/?page_id=1952"},"modified":"2024-04-29T22:45:47","modified_gmt":"2024-04-29T20:45:47","slug":"blog","status":"publish","type":"page","link":"https:\/\/www.haffun.cz\/cs\/blog\/","title":{"rendered":"Blog"},"content":{"rendered":"<h3 class=\"wp-block-heading has-text-align-left\">Kategorie p\u0159\u00edsp\u011bvk\u016f<\/h3><ul class=\"wp-block-categories-list aligncenter wp-block-categories\">\t<li class=\"cat-item cat-item-119\"><a href=\"https:\/\/www.haffun.cz\/cs\/category\/food\/\">J\u00eddlo<\/a>\n<\/li>\n\t<li class=\"cat-item cat-item-83\"><a href=\"https:\/\/www.haffun.cz\/cs\/category\/health\/\">Zdrav\u00ed<\/a>\n<\/li>\n\t<li class=\"cat-item cat-item-84\"><a href=\"https:\/\/www.haffun.cz\/cs\/category\/tips-and-tricks\/\">Tipy a triky<\/a>\n<\/li>\n<\/ul><style>.kb-posts-id-1952_0e7dee-8e .entry.loop-entry .entry-header .entry-title{font-size:24px;}<\/style><div class=\"wp-block-kadence-posts kb-posts kb-posts-id-1952_0e7dee-8e content-wrap grid-cols kb-posts-style-boxed grid-sm-col-2 grid-lg-col-3 item-image-style-above\"><article class=\"entry content-bg loop-entry post-4387 post type-post status-publish format-standard has-post-thumbnail hentry category-food category-health tag-granule tag-krmivo tag-vyziva\">\n\t\t\t<a class=\"post-thumbnail kadence-thumbnail-ratio-1-2\" href=\"https:\/\/www.haffun.cz\/cs\/jak-zmenit-granule-bez-stresu\/\">\n\t\t\t<div class=\"post-thumbnail-inner\">\n\t\t\t\t<img fetchpriority=\"high\" decoding=\"async\" width=\"768\" height=\"297\" src=\"https:\/\/www.haffun.cz\/wp-content\/uploads\/2025\/04\/dog-sitting-wooden-chair-1-768x297.jpg\" class=\"attachment-medium_large size-medium_large wp-post-image\" alt=\"Jak zm\u011bnit granule bez stresu?\" srcset=\"https:\/\/www.haffun.cz\/wp-content\/uploads\/2025\/04\/dog-sitting-wooden-chair-1-768x297.jpg 768w, https:\/\/www.haffun.cz\/wp-content\/uploads\/2025\/04\/dog-sitting-wooden-chair-1-300x116.jpg 300w, https:\/\/www.haffun.cz\/wp-content\/uploads\/2025\/04\/dog-sitting-wooden-chair-1-1024x396.jpg 1024w, https:\/\/www.haffun.cz\/wp-content\/uploads\/2025\/04\/dog-sitting-wooden-chair-1-1536x594.jpg 1536w, https:\/\/www.haffun.cz\/wp-content\/uploads\/2025\/04\/dog-sitting-wooden-chair-1-2048x792.jpg 2048w, https:\/\/www.haffun.cz\/wp-content\/uploads\/2025\/04\/dog-sitting-wooden-chair-1-18x7.jpg 18w, https:\/\/www.haffun.cz\/wp-content\/uploads\/2025\/04\/dog-sitting-wooden-chair-1-700x271.jpg 700w\" sizes=\"(max-width: 768px) 100vw, 768px\" \/>\t\t\t<\/div>\n\t\t<\/a><!-- .post-thumbnail -->\n\t\t\t<div class=\"entry-content-wrap\">\n\t\t<header class=\"entry-header\">\n\t\t<div class=\"entry-taxonomies\">\n\t\t<span class=\"category-links term-links category-style-pill\">\n\t\t\t<a href=\"https:\/\/www.haffun.cz\/cs\/category\/food\/\" rel=\"category tag\">J\u00eddlo<\/a> <a href=\"https:\/\/www.haffun.cz\/cs\/category\/health\/\" rel=\"category tag\">Zdrav\u00ed<\/a>\t\t<\/span>\n\t<\/div><!-- .entry-taxonomies -->\n\t<h2 class=\"entry-title\"><a href=\"https:\/\/www.haffun.cz\/cs\/jak-zmenit-granule-bez-stresu\/\" rel=\"bookmark\">Jak zm\u011bnit granule bez stresu?<\/a><\/h2>\t<div class=\"entry-meta entry-meta-divider-dot\">\n\t\t\t\t<span class=\"posted-on\">\n\t\t\t\t<time class=\"entry-date published\" datetime=\"2025-04-01T19:30:23+02:00\">1. dubna 2025<\/time><time class=\"updated\" datetime=\"2025-04-01T19:30:25+02:00\">1. dubna 2025<\/time>\t\t\t<\/span>\n\t\t\t\t<\/div><!-- .entry-meta -->\n\t<\/header><!-- .entry-header -->\n<footer class=\"entry-footer\">\n\t\t\t<div class=\"entry-actions\">\n\t\t\t<p class=\"more-link-wrap\">\n\t\t\t\t<a href=\"https:\/\/www.haffun.cz\/cs\/jak-zmenit-granule-bez-stresu\/\" class=\"post-more-link\">\n\t\t\t\t\tRead More<span class=\"screen-reader-text\"> Jak zm\u011bnit granule bez stresu?<\/span><span class=\"kadence-svg-iconset svg-baseline\"><svg aria-hidden=\"true\" class=\"kadence-svg-icon kadence-arrow-right-alt-svg\" fill=\"currentColor\" version=\"1.1\" xmlns=\"http:\/\/www.w3.org\/2000\/svg\" width=\"27\" height=\"28\" viewbox=\"0 0 27 28\"><title>Pokra\u010dovat<\/title><path d=\"M27 13.953c0 0.141-0.063 0.281-0.156 0.375l-6 5.531c-0.156 0.141-0.359 0.172-0.547 0.094-0.172-0.078-0.297-0.25-0.297-0.453v-3.5h-19.5c-0.281 0-0.5-0.219-0.5-0.5v-3c0-0.281 0.219-0.5 0.5-0.5h19.5v-3.5c0-0.203 0.109-0.375 0.297-0.453s0.391-0.047 0.547 0.078l6 5.469c0.094 0.094 0.156 0.219 0.156 0.359v0z\"><\/path>\n\t\t\t<\/svg><\/span>\t\t\t\t<\/a>\n\t\t\t<\/p>\n\t\t<\/div><!-- .entry-actions -->\n\t\t<\/footer><!-- .entry-footer -->\t<\/div>\n<\/article>\n<article class=\"entry content-bg loop-entry post-4372 post type-post status-publish format-standard has-post-thumbnail hentry category-food category-health category-tips-and-tricks\">\n\t\t\t<a class=\"post-thumbnail kadence-thumbnail-ratio-1-2\" href=\"https:\/\/www.haffun.cz\/cs\/ktere-ovoce-a-zelenina-jsou-bezpecne-pro-vaseho-psa\/\">\n\t\t\t<div class=\"post-thumbnail-inner\">\n\t\t\t\t<img decoding=\"async\" width=\"768\" height=\"525\" src=\"https:\/\/www.haffun.cz\/wp-content\/uploads\/2025\/02\/freepik__a-picture-of-a-golden-retriever-with-a-backround-m__29170-768x525.jpeg\" class=\"attachment-medium_large size-medium_large wp-post-image\" alt=\"Kter\u00e9 ovoce a zelenina jsou bezpe\u010dn\u00e9 pro va\u0161eho psa?\" srcset=\"https:\/\/www.haffun.cz\/wp-content\/uploads\/2025\/02\/freepik__a-picture-of-a-golden-retriever-with-a-backround-m__29170-768x525.jpeg 768w, https:\/\/www.haffun.cz\/wp-content\/uploads\/2025\/02\/freepik__a-picture-of-a-golden-retriever-with-a-backround-m__29170-300x205.jpeg 300w, https:\/\/www.haffun.cz\/wp-content\/uploads\/2025\/02\/freepik__a-picture-of-a-golden-retriever-with-a-backround-m__29170-1024x701.jpeg 1024w, https:\/\/www.haffun.cz\/wp-content\/uploads\/2025\/02\/freepik__a-picture-of-a-golden-retriever-with-a-backround-m__29170-18x12.jpeg 18w, https:\/\/www.haffun.cz\/wp-content\/uploads\/2025\/02\/freepik__a-picture-of-a-golden-retriever-with-a-backround-m__29170-700x479.jpeg 700w, https:\/\/www.haffun.cz\/wp-content\/uploads\/2025\/02\/freepik__a-picture-of-a-golden-retriever-with-a-backround-m__29170.jpeg 1216w\" sizes=\"(max-width: 768px) 100vw, 768px\" \/>\t\t\t<\/div>\n\t\t<\/a><!-- .post-thumbnail -->\n\t\t\t<div class=\"entry-content-wrap\">\n\t\t<header class=\"entry-header\">\n\t\t<div class=\"entry-taxonomies\">\n\t\t<span class=\"category-links term-links category-style-pill\">\n\t\t\t<a href=\"https:\/\/www.haffun.cz\/cs\/category\/food\/\" rel=\"category tag\">J\u00eddlo<\/a> <a href=\"https:\/\/www.haffun.cz\/cs\/category\/health\/\" rel=\"category tag\">Zdrav\u00ed<\/a> <a href=\"https:\/\/www.haffun.cz\/cs\/category\/tips-and-tricks\/\" rel=\"category tag\">Tipy a triky<\/a>\t\t<\/span>\n\t<\/div><!-- .entry-taxonomies -->\n\t<h2 class=\"entry-title\"><a href=\"https:\/\/www.haffun.cz\/cs\/ktere-ovoce-a-zelenina-jsou-bezpecne-pro-vaseho-psa\/\" rel=\"bookmark\">Kter\u00e9 ovoce a zelenina jsou bezpe\u010dn\u00e9 pro va\u0161eho psa?<\/a><\/h2>\t<div class=\"entry-meta entry-meta-divider-dot\">\n\t\t\t\t<span class=\"posted-on\">\n\t\t\t\t<time class=\"entry-date published\" datetime=\"2025-02-25T18:55:40+01:00\">25. \u00fanora 2025<\/time><time class=\"updated\" datetime=\"2025-02-25T18:55:46+01:00\">25. \u00fanora 2025<\/time>\t\t\t<\/span>\n\t\t\t\t<\/div><!-- .entry-meta -->\n\t<\/header><!-- .entry-header -->\n<footer class=\"entry-footer\">\n\t\t\t<div class=\"entry-actions\">\n\t\t\t<p class=\"more-link-wrap\">\n\t\t\t\t<a href=\"https:\/\/www.haffun.cz\/cs\/ktere-ovoce-a-zelenina-jsou-bezpecne-pro-vaseho-psa\/\" class=\"post-more-link\">\n\t\t\t\t\tRead More<span class=\"screen-reader-text\"> Kter\u00e9 ovoce a zelenina jsou bezpe\u010dn\u00e9 pro va\u0161eho psa?<\/span><span class=\"kadence-svg-iconset svg-baseline\"><svg aria-hidden=\"true\" class=\"kadence-svg-icon kadence-arrow-right-alt-svg\" fill=\"currentColor\" version=\"1.1\" xmlns=\"http:\/\/www.w3.org\/2000\/svg\" width=\"27\" height=\"28\" viewbox=\"0 0 27 28\"><title>Pokra\u010dovat<\/title><path d=\"M27 13.953c0 0.141-0.063 0.281-0.156 0.375l-6 5.531c-0.156 0.141-0.359 0.172-0.547 0.094-0.172-0.078-0.297-0.25-0.297-0.453v-3.5h-19.5c-0.281 0-0.5-0.219-0.5-0.5v-3c0-0.281 0.219-0.5 0.5-0.5h19.5v-3.5c0-0.203 0.109-0.375 0.297-0.453s0.391-0.047 0.547 0.078l6 5.469c0.094 0.094 0.156 0.219 0.156 0.359v0z\"><\/path>\n\t\t\t<\/svg><\/span>\t\t\t\t<\/a>\n\t\t\t<\/p>\n\t\t<\/div><!-- .entry-actions -->\n\t\t<\/footer><!-- .entry-footer -->\t<\/div>\n<\/article>\n<article class=\"entry content-bg loop-entry post-4367 post type-post status-publish format-standard has-post-thumbnail hentry category-food category-health tag-krmivo tag-psi-zdravi\">\n\t\t\t<a class=\"post-thumbnail kadence-thumbnail-ratio-1-2\" href=\"https:\/\/www.haffun.cz\/cs\/zmirnete-potravinovou-intoleranci-u-psu-pomoci-spravneho-krmiva\/\">\n\t\t\t<div class=\"post-thumbnail-inner\">\n\t\t\t\t<img decoding=\"async\" width=\"768\" height=\"289\" src=\"https:\/\/www.haffun.cz\/wp-content\/uploads\/2025\/02\/pug-is-resting-natural-parquet-tired-mops-dog-lies-floor-top-view-1-768x289.jpg\" class=\"attachment-medium_large size-medium_large wp-post-image\" alt=\"Zm\u00edrn\u011bte potravinovou intoleranci u ps\u016f pomoc\u00ed spr\u00e1vn\u00e9ho krmiva\" srcset=\"https:\/\/www.haffun.cz\/wp-content\/uploads\/2025\/02\/pug-is-resting-natural-parquet-tired-mops-dog-lies-floor-top-view-1-768x289.jpg 768w, https:\/\/www.haffun.cz\/wp-content\/uploads\/2025\/02\/pug-is-resting-natural-parquet-tired-mops-dog-lies-floor-top-view-1-300x113.jpg 300w, https:\/\/www.haffun.cz\/wp-content\/uploads\/2025\/02\/pug-is-resting-natural-parquet-tired-mops-dog-lies-floor-top-view-1-1024x385.jpg 1024w, https:\/\/www.haffun.cz\/wp-content\/uploads\/2025\/02\/pug-is-resting-natural-parquet-tired-mops-dog-lies-floor-top-view-1-1536x577.jpg 1536w, https:\/\/www.haffun.cz\/wp-content\/uploads\/2025\/02\/pug-is-resting-natural-parquet-tired-mops-dog-lies-floor-top-view-1-2048x769.jpg 2048w, https:\/\/www.haffun.cz\/wp-content\/uploads\/2025\/02\/pug-is-resting-natural-parquet-tired-mops-dog-lies-floor-top-view-1-18x7.jpg 18w, https:\/\/www.haffun.cz\/wp-content\/uploads\/2025\/02\/pug-is-resting-natural-parquet-tired-mops-dog-lies-floor-top-view-1-700x263.jpg 700w\" sizes=\"(max-width: 768px) 100vw, 768px\" \/>\t\t\t<\/div>\n\t\t<\/a><!-- .post-thumbnail -->\n\t\t\t<div class=\"entry-content-wrap\">\n\t\t<header class=\"entry-header\">\n\t\t<div class=\"entry-taxonomies\">\n\t\t<span class=\"category-links term-links category-style-pill\">\n\t\t\t<a href=\"https:\/\/www.haffun.cz\/cs\/category\/food\/\" rel=\"category tag\">J\u00eddlo<\/a> <a href=\"https:\/\/www.haffun.cz\/cs\/category\/health\/\" rel=\"category tag\">Zdrav\u00ed<\/a>\t\t<\/span>\n\t<\/div><!-- .entry-taxonomies -->\n\t<h2 class=\"entry-title\"><a href=\"https:\/\/www.haffun.cz\/cs\/zmirnete-potravinovou-intoleranci-u-psu-pomoci-spravneho-krmiva\/\" rel=\"bookmark\">Zm\u00edrn\u011bte potravinovou intoleranci u ps\u016f pomoc\u00ed spr\u00e1vn\u00e9ho krmiva<\/a><\/h2>\t<div class=\"entry-meta entry-meta-divider-dot\">\n\t\t\t\t<span class=\"posted-on\">\n\t\t\t\t<time class=\"entry-date published\" datetime=\"2025-02-25T18:42:46+01:00\">25. \u00fanora 2025<\/time><time class=\"updated\" datetime=\"2025-02-25T18:42:48+01:00\">25. \u00fanora 2025<\/time>\t\t\t<\/span>\n\t\t\t\t<\/div><!-- .entry-meta -->\n\t<\/header><!-- .entry-header -->\n<footer class=\"entry-footer\">\n\t\t\t<div class=\"entry-actions\">\n\t\t\t<p class=\"more-link-wrap\">\n\t\t\t\t<a href=\"https:\/\/www.haffun.cz\/cs\/zmirnete-potravinovou-intoleranci-u-psu-pomoci-spravneho-krmiva\/\" class=\"post-more-link\">\n\t\t\t\t\tRead More<span class=\"screen-reader-text\"> Zm\u00edrn\u011bte potravinovou intoleranci u ps\u016f pomoc\u00ed spr\u00e1vn\u00e9ho krmiva<\/span><span class=\"kadence-svg-iconset svg-baseline\"><svg aria-hidden=\"true\" class=\"kadence-svg-icon kadence-arrow-right-alt-svg\" fill=\"currentColor\" version=\"1.1\" xmlns=\"http:\/\/www.w3.org\/2000\/svg\" width=\"27\" height=\"28\" viewbox=\"0 0 27 28\"><title>Pokra\u010dovat<\/title><path d=\"M27 13.953c0 0.141-0.063 0.281-0.156 0.375l-6 5.531c-0.156 0.141-0.359 0.172-0.547 0.094-0.172-0.078-0.297-0.25-0.297-0.453v-3.5h-19.5c-0.281 0-0.5-0.219-0.5-0.5v-3c0-0.281 0.219-0.5 0.5-0.5h19.5v-3.5c0-0.203 0.109-0.375 0.297-0.453s0.391-0.047 0.547 0.078l6 5.469c0.094 0.094 0.156 0.219 0.156 0.359v0z\"><\/path>\n\t\t\t<\/svg><\/span>\t\t\t\t<\/a>\n\t\t\t<\/p>\n\t\t<\/div><!-- .entry-actions -->\n\t\t<\/footer><!-- .entry-footer -->\t<\/div>\n<\/article>\n<article class=\"entry content-bg loop-entry post-4335 post type-post status-publish format-standard has-post-thumbnail hentry category-food category-health tag-granule tag-krmivo tag-vyziva\">\n\t\t\t<a class=\"post-thumbnail kadence-thumbnail-ratio-1-2\" href=\"https:\/\/www.haffun.cz\/cs\/jak-vybrat-spravne-granule-co-by-mely-obsahovat\/\">\n\t\t\t<div class=\"post-thumbnail-inner\">\n\t\t\t\t<img loading=\"lazy\" decoding=\"async\" width=\"768\" height=\"245\" src=\"https:\/\/www.haffun.cz\/wp-content\/uploads\/2025\/01\/freepik__a-black-and-white-spotted-dog-eating-from-a-black-__21555-768x245.jpg\" class=\"attachment-medium_large size-medium_large wp-post-image\" alt=\"Jak vybrat spr\u00e1vn\u00e9 granule: Co by m\u011bly obsahovat?\" srcset=\"https:\/\/www.haffun.cz\/wp-content\/uploads\/2025\/01\/freepik__a-black-and-white-spotted-dog-eating-from-a-black-__21555-768x245.jpg 768w, https:\/\/www.haffun.cz\/wp-content\/uploads\/2025\/01\/freepik__a-black-and-white-spotted-dog-eating-from-a-black-__21555-300x96.jpg 300w, https:\/\/www.haffun.cz\/wp-content\/uploads\/2025\/01\/freepik__a-black-and-white-spotted-dog-eating-from-a-black-__21555-1024x327.jpg 1024w, https:\/\/www.haffun.cz\/wp-content\/uploads\/2025\/01\/freepik__a-black-and-white-spotted-dog-eating-from-a-black-__21555-18x6.jpg 18w, https:\/\/www.haffun.cz\/wp-content\/uploads\/2025\/01\/freepik__a-black-and-white-spotted-dog-eating-from-a-black-__21555-700x223.jpg 700w, https:\/\/www.haffun.cz\/wp-content\/uploads\/2025\/01\/freepik__a-black-and-white-spotted-dog-eating-from-a-black-__21555.jpg 1216w\" sizes=\"(max-width: 768px) 100vw, 768px\" \/>\t\t\t<\/div>\n\t\t<\/a><!-- .post-thumbnail -->\n\t\t\t<div class=\"entry-content-wrap\">\n\t\t<header class=\"entry-header\">\n\t\t<div class=\"entry-taxonomies\">\n\t\t<span class=\"category-links term-links category-style-pill\">\n\t\t\t<a href=\"https:\/\/www.haffun.cz\/cs\/category\/food\/\" rel=\"category tag\">J\u00eddlo<\/a> <a href=\"https:\/\/www.haffun.cz\/cs\/category\/health\/\" rel=\"category tag\">Zdrav\u00ed<\/a>\t\t<\/span>\n\t<\/div><!-- .entry-taxonomies -->\n\t<h2 class=\"entry-title\"><a href=\"https:\/\/www.haffun.cz\/cs\/jak-vybrat-spravne-granule-co-by-mely-obsahovat\/\" rel=\"bookmark\">Jak vybrat spr\u00e1vn\u00e9 granule: Co by m\u011bly obsahovat?<\/a><\/h2>\t<div class=\"entry-meta entry-meta-divider-dot\">\n\t\t\t\t<span class=\"posted-on\">\n\t\t\t\t<time class=\"entry-date published\" datetime=\"2025-01-28T14:39:18+01:00\">28. ledna 2025<\/time><time class=\"updated\" datetime=\"2025-01-28T14:39:21+01:00\">28. ledna 2025<\/time>\t\t\t<\/span>\n\t\t\t\t<\/div><!-- .entry-meta -->\n\t<\/header><!-- .entry-header -->\n<footer class=\"entry-footer\">\n\t\t\t<div class=\"entry-actions\">\n\t\t\t<p class=\"more-link-wrap\">\n\t\t\t\t<a href=\"https:\/\/www.haffun.cz\/cs\/jak-vybrat-spravne-granule-co-by-mely-obsahovat\/\" class=\"post-more-link\">\n\t\t\t\t\tRead More<span class=\"screen-reader-text\"> Jak vybrat spr\u00e1vn\u00e9 granule: Co by m\u011bly obsahovat?<\/span><span class=\"kadence-svg-iconset svg-baseline\"><svg aria-hidden=\"true\" class=\"kadence-svg-icon kadence-arrow-right-alt-svg\" fill=\"currentColor\" version=\"1.1\" xmlns=\"http:\/\/www.w3.org\/2000\/svg\" width=\"27\" height=\"28\" viewbox=\"0 0 27 28\"><title>Pokra\u010dovat<\/title><path d=\"M27 13.953c0 0.141-0.063 0.281-0.156 0.375l-6 5.531c-0.156 0.141-0.359 0.172-0.547 0.094-0.172-0.078-0.297-0.25-0.297-0.453v-3.5h-19.5c-0.281 0-0.5-0.219-0.5-0.5v-3c0-0.281 0.219-0.5 0.5-0.5h19.5v-3.5c0-0.203 0.109-0.375 0.297-0.453s0.391-0.047 0.547 0.078l6 5.469c0.094 0.094 0.156 0.219 0.156 0.359v0z\"><\/path>\n\t\t\t<\/svg><\/span>\t\t\t\t<\/a>\n\t\t\t<\/p>\n\t\t<\/div><!-- .entry-actions -->\n\t\t<\/footer><!-- .entry-footer -->\t<\/div>\n<\/article>\n<article class=\"entry content-bg loop-entry post-3749 post type-post status-publish format-standard has-post-thumbnail hentry category-food category-health tag-dog-food tag-dogs-taste-buds\">\n\t\t\t<a class=\"post-thumbnail kadence-thumbnail-ratio-1-2\" href=\"https:\/\/www.haffun.cz\/cs\/dog-taste\/\">\n\t\t\t<div class=\"post-thumbnail-inner\">\n\t\t\t\t<img loading=\"lazy\" decoding=\"async\" width=\"768\" height=\"549\" src=\"https:\/\/www.haffun.cz\/wp-content\/uploads\/2024\/10\/front-view-funny-dog-eating-bone-768x549.jpg\" class=\"attachment-medium_large size-medium_large wp-post-image\" alt=\"dog-taste\" srcset=\"https:\/\/www.haffun.cz\/wp-content\/uploads\/2024\/10\/front-view-funny-dog-eating-bone-768x549.jpg 768w, https:\/\/www.haffun.cz\/wp-content\/uploads\/2024\/10\/front-view-funny-dog-eating-bone-300x214.jpg 300w, https:\/\/www.haffun.cz\/wp-content\/uploads\/2024\/10\/front-view-funny-dog-eating-bone-1024x731.jpg 1024w, https:\/\/www.haffun.cz\/wp-content\/uploads\/2024\/10\/front-view-funny-dog-eating-bone-1536x1097.jpg 1536w, https:\/\/www.haffun.cz\/wp-content\/uploads\/2024\/10\/front-view-funny-dog-eating-bone-2048x1463.jpg 2048w, https:\/\/www.haffun.cz\/wp-content\/uploads\/2024\/10\/front-view-funny-dog-eating-bone-18x12.jpg 18w, https:\/\/www.haffun.cz\/wp-content\/uploads\/2024\/10\/front-view-funny-dog-eating-bone-700x500.jpg 700w\" sizes=\"(max-width: 768px) 100vw, 768px\" \/>\t\t\t<\/div>\n\t\t<\/a><!-- .post-thumbnail -->\n\t\t\t<div class=\"entry-content-wrap\">\n\t\t<header class=\"entry-header\">\n\t\t<div class=\"entry-taxonomies\">\n\t\t<span class=\"category-links term-links category-style-pill\">\n\t\t\t<a href=\"https:\/\/www.haffun.cz\/cs\/category\/food\/\" rel=\"category tag\">J\u00eddlo<\/a> <a href=\"https:\/\/www.haffun.cz\/cs\/category\/health\/\" rel=\"category tag\">Zdrav\u00ed<\/a>\t\t<\/span>\n\t<\/div><!-- .entry-taxonomies -->\n\t<h2 class=\"entry-title\"><a href=\"https:\/\/www.haffun.cz\/cs\/dog-taste\/\" rel=\"bookmark\">Od masa k vod\u011b: Jak psi vn\u00edmaj\u00ed chu\u0165?<\/a><\/h2>\t<div class=\"entry-meta entry-meta-divider-dot\">\n\t\t\t\t<span class=\"posted-on\">\n\t\t\t\t<time class=\"entry-date published\" datetime=\"2024-10-13T16:57:27+02:00\">13. \u0159\u00edjna 2024<\/time><time class=\"updated\" datetime=\"2024-10-13T17:33:09+02:00\">13. \u0159\u00edjna 2024<\/time>\t\t\t<\/span>\n\t\t\t\t<\/div><!-- .entry-meta -->\n\t<\/header><!-- .entry-header -->\n<footer class=\"entry-footer\">\n\t\t\t<div class=\"entry-actions\">\n\t\t\t<p class=\"more-link-wrap\">\n\t\t\t\t<a href=\"https:\/\/www.haffun.cz\/cs\/dog-taste\/\" class=\"post-more-link\">\n\t\t\t\t\tRead More<span class=\"screen-reader-text\"> Od masa k vod\u011b: Jak psi vn\u00edmaj\u00ed chu\u0165?<\/span><span class=\"kadence-svg-iconset svg-baseline\"><svg aria-hidden=\"true\" class=\"kadence-svg-icon kadence-arrow-right-alt-svg\" fill=\"currentColor\" version=\"1.1\" xmlns=\"http:\/\/www.w3.org\/2000\/svg\" width=\"27\" height=\"28\" viewbox=\"0 0 27 28\"><title>Pokra\u010dovat<\/title><path d=\"M27 13.953c0 0.141-0.063 0.281-0.156 0.375l-6 5.531c-0.156 0.141-0.359 0.172-0.547 0.094-0.172-0.078-0.297-0.25-0.297-0.453v-3.5h-19.5c-0.281 0-0.5-0.219-0.5-0.5v-3c0-0.281 0.219-0.5 0.5-0.5h19.5v-3.5c0-0.203 0.109-0.375 0.297-0.453s0.391-0.047 0.547 0.078l6 5.469c0.094 0.094 0.156 0.219 0.156 0.359v0z\"><\/path>\n\t\t\t<\/svg><\/span>\t\t\t\t<\/a>\n\t\t\t<\/p>\n\t\t<\/div><!-- .entry-actions -->\n\t\t<\/footer><!-- .entry-footer -->\t<\/div>\n<\/article>\n<article class=\"entry content-bg loop-entry post-3401 post type-post status-publish format-standard has-post-thumbnail hentry category-food\">\n\t\t\t<a class=\"post-thumbnail kadence-thumbnail-ratio-1-2\" href=\"https:\/\/www.haffun.cz\/cs\/manufacturing-haffun-dog-food\/\">\n\t\t\t<div class=\"post-thumbnail-inner\">\n\t\t\t\t<img loading=\"lazy\" decoding=\"async\" width=\"768\" height=\"527\" src=\"https:\/\/www.haffun.cz\/wp-content\/uploads\/2024\/06\/888326ab-84fa-485a-8217-375abf7e4532-768x527.jpg\" class=\"attachment-medium_large size-medium_large wp-post-image\" alt=\"Manufacturing HAFFUN dog food: A Journey from Farm to Bowl\" srcset=\"https:\/\/www.haffun.cz\/wp-content\/uploads\/2024\/06\/888326ab-84fa-485a-8217-375abf7e4532-768x527.jpg 768w, https:\/\/www.haffun.cz\/wp-content\/uploads\/2024\/06\/888326ab-84fa-485a-8217-375abf7e4532-300x206.jpg 300w, https:\/\/www.haffun.cz\/wp-content\/uploads\/2024\/06\/888326ab-84fa-485a-8217-375abf7e4532-1024x703.jpg 1024w, https:\/\/www.haffun.cz\/wp-content\/uploads\/2024\/06\/888326ab-84fa-485a-8217-375abf7e4532-1536x1055.jpg 1536w, https:\/\/www.haffun.cz\/wp-content\/uploads\/2024\/06\/888326ab-84fa-485a-8217-375abf7e4532-2048x1406.jpg 2048w, https:\/\/www.haffun.cz\/wp-content\/uploads\/2024\/06\/888326ab-84fa-485a-8217-375abf7e4532-18x12.jpg 18w, https:\/\/www.haffun.cz\/wp-content\/uploads\/2024\/06\/888326ab-84fa-485a-8217-375abf7e4532-700x481.jpg 700w\" sizes=\"(max-width: 768px) 100vw, 768px\" \/>\t\t\t<\/div>\n\t\t<\/a><!-- .post-thumbnail -->\n\t\t\t<div class=\"entry-content-wrap\">\n\t\t<header class=\"entry-header\">\n\t\t<div class=\"entry-taxonomies\">\n\t\t<span class=\"category-links term-links category-style-pill\">\n\t\t\t<a href=\"https:\/\/www.haffun.cz\/cs\/category\/food\/\" rel=\"category tag\">J\u00eddlo<\/a>\t\t<\/span>\n\t<\/div><!-- .entry-taxonomies -->\n\t<h2 class=\"entry-title\"><a href=\"https:\/\/www.haffun.cz\/cs\/manufacturing-haffun-dog-food\/\" rel=\"bookmark\">V\u00fdroba krmiva pro psy HAFFUN: A Journey from Farm to Bowl<\/a><\/h2>\t<div class=\"entry-meta entry-meta-divider-dot\">\n\t\t\t\t<span class=\"posted-on\">\n\t\t\t\t<time class=\"entry-date published\" datetime=\"2024-06-11T13:31:42+02:00\">11. \u010dervna 2024<\/time><time class=\"updated\" datetime=\"2024-06-11T18:09:06+02:00\">11. \u010dervna 2024<\/time>\t\t\t<\/span>\n\t\t\t\t<\/div><!-- .entry-meta -->\n\t<\/header><!-- .entry-header -->\n<footer class=\"entry-footer\">\n\t\t\t<div class=\"entry-actions\">\n\t\t\t<p class=\"more-link-wrap\">\n\t\t\t\t<a href=\"https:\/\/www.haffun.cz\/cs\/manufacturing-haffun-dog-food\/\" class=\"post-more-link\">\n\t\t\t\t\tRead More<span class=\"screen-reader-text\"> V\u00fdroba krmiva pro psy HAFFUN: A Journey from Farm to Bowl<\/span><span class=\"kadence-svg-iconset svg-baseline\"><svg aria-hidden=\"true\" class=\"kadence-svg-icon kadence-arrow-right-alt-svg\" fill=\"currentColor\" version=\"1.1\" xmlns=\"http:\/\/www.w3.org\/2000\/svg\" width=\"27\" height=\"28\" viewbox=\"0 0 27 28\"><title>Pokra\u010dovat<\/title><path d=\"M27 13.953c0 0.141-0.063 0.281-0.156 0.375l-6 5.531c-0.156 0.141-0.359 0.172-0.547 0.094-0.172-0.078-0.297-0.25-0.297-0.453v-3.5h-19.5c-0.281 0-0.5-0.219-0.5-0.5v-3c0-0.281 0.219-0.5 0.5-0.5h19.5v-3.5c0-0.203 0.109-0.375 0.297-0.453s0.391-0.047 0.547 0.078l6 5.469c0.094 0.094 0.156 0.219 0.156 0.359v0z\"><\/path>\n\t\t\t<\/svg><\/span>\t\t\t\t<\/a>\n\t\t\t<\/p>\n\t\t<\/div><!-- .entry-actions -->\n\t\t<\/footer><!-- .entry-footer -->\t<\/div>\n<\/article>\n<\/div>","protected":false},"excerpt":{"rendered":"<p>Kategorie p\u0159\u00edsp\u011bvk\u016f<\/p>","protected":false},"author":1,"featured_media":2842,"parent":0,"menu_order":0,"comment_status":"closed","ping_status":"closed","template":"","meta":{"_uag_custom_page_level_css":"","_kadence_starter_templates_imported_post":false,"_kad_post_transparent":"","_kad_post_title":"","_kad_post_layout":"","_kad_post_sidebar_id":"","_kad_post_content_style":"unboxed","_kad_post_vertical_padding":"","_kad_post_feature":"","_kad_post_feature_position":"","_kad_post_header":false,"_kad_post_footer":false,"footnotes":""},"class_list":["post-1952","page","type-page","status-publish","has-post-thumbnail","hentry"],"uagb_featured_image_src":{"full":["https:\/\/www.haffun.cz\/wp-content\/uploads\/2024\/04\/haffun-og.jpg",2400,1260,false],"thumbnail":["https:\/\/www.haffun.cz\/wp-content\/uploads\/2024\/04\/haffun-og-150x150.jpg",150,150,true],"medium":["https:\/\/www.haffun.cz\/wp-content\/uploads\/2024\/04\/haffun-og-300x158.jpg",300,158,true],"medium_large":["https:\/\/www.haffun.cz\/wp-content\/uploads\/2024\/04\/haffun-og-768x403.jpg",768,403,true],"large":["https:\/\/www.haffun.cz\/wp-content\/uploads\/2024\/04\/haffun-og-1024x538.jpg",1024,538,true],"1536x1536":["https:\/\/www.haffun.cz\/wp-content\/uploads\/2024\/04\/haffun-og-1536x806.jpg",1536,806,true],"2048x2048":["https:\/\/www.haffun.cz\/wp-content\/uploads\/2024\/04\/haffun-og-2048x1075.jpg",2048,1075,true],"trp-custom-language-flag":["https:\/\/www.haffun.cz\/wp-content\/uploads\/2024\/04\/haffun-og-18x9.jpg",18,9,true],"woocommerce_thumbnail":["https:\/\/www.haffun.cz\/wp-content\/uploads\/2024\/04\/haffun-og-800x800.jpg",800,800,true],"woocommerce_single":["https:\/\/www.haffun.cz\/wp-content\/uploads\/2024\/04\/haffun-og-700x368.jpg",700,368,true],"woocommerce_gallery_thumbnail":["https:\/\/www.haffun.cz\/wp-content\/uploads\/2024\/04\/haffun-og-100x100.jpg",100,100,true],"variation_swatches_image_size":["https:\/\/www.haffun.cz\/wp-content\/uploads\/2024\/04\/haffun-og-50x50.jpg",50,50,true],"variation_swatches_tooltip_size":["https:\/\/www.haffun.cz\/wp-content\/uploads\/2024\/04\/haffun-og-100x100.jpg",100,100,true]},"uagb_author_info":{"display_name":"Peter Suba","author_link":"https:\/\/www.haffun.cz\/cs\/author\/peter-suba\/"},"uagb_comment_info":0,"uagb_excerpt":"Post categories","_links":{"self":[{"href":"https:\/\/www.haffun.cz\/cs\/wp-json\/wp\/v2\/pages\/1952","targetHints":{"allow":["GET"]}}],"collection":[{"href":"https:\/\/www.haffun.cz\/cs\/wp-json\/wp\/v2\/pages"}],"about":[{"href":"https:\/\/www.haffun.cz\/cs\/wp-json\/wp\/v2\/types\/page"}],"author":[{"embeddable":true,"href":"https:\/\/www.haffun.cz\/cs\/wp-json\/wp\/v2\/users\/1"}],"replies":[{"embeddable":true,"href":"https:\/\/www.haffun.cz\/cs\/wp-json\/wp\/v2\/comments?post=1952"}],"version-history":[{"count":0,"href":"https:\/\/www.haffun.cz\/cs\/wp-json\/wp\/v2\/pages\/1952\/revisions"}],"wp:featuredmedia":[{"embeddable":true,"href":"https:\/\/www.haffun.cz\/cs\/wp-json\/wp\/v2\/media\/2842"}],"wp:attachment":[{"href":"https:\/\/www.haffun.cz\/cs\/wp-json\/wp\/v2\/media?parent=1952"}],"curies":[{"name":"wp","href":"https:\/\/api.w.org\/{rel}","templated":true}]}}