{"id":3,"date":"2024-01-03T19:00:12","date_gmt":"2024-01-03T18:00:12","guid":{"rendered":"https:\/\/www.haffun.sk\/?page_id=3"},"modified":"2024-04-28T17:56:01","modified_gmt":"2024-04-28T15:56:01","slug":"privacy","status":"publish","type":"page","link":"https:\/\/www.haffun.cz\/cs\/privacy\/","title":{"rendered":"Podm\u00ednky ochrany osobn\u00edch \u00fadaj\u016f"},"content":{"rendered":"<style>.kb-row-layout-id3_0e0b12-b1 > .kt-row-column-wrap{align-content:start;}:where(.kb-row-layout-id3_0e0b12-b1 > .kt-row-column-wrap) > .wp-block-kadence-column{justify-content:start;}.kb-row-layout-id3_0e0b12-b1 > .kt-row-column-wrap{column-gap:var(--global-kb-gap-md, 2rem);row-gap:var(--global-kb-gap-md, 2rem);max-width:800px;margin-left:auto;margin-right:auto;padding-top:var(--global-kb-spacing-sm, 1.5rem);padding-bottom:var(--global-kb-spacing-xxl, 5rem);grid-template-columns:minmax(0, 1fr);}.kb-row-layout-id3_0e0b12-b1 > .kt-row-layout-overlay{opacity:0.30;}@media all and (max-width: 1024px){.kb-row-layout-id3_0e0b12-b1 > .kt-row-column-wrap{grid-template-columns:minmax(0, 1fr);}}@media all and (max-width: 767px){.kb-row-layout-id3_0e0b12-b1 > .kt-row-column-wrap{grid-template-columns:minmax(0, 1fr);}}<\/style><div class=\"kb-row-layout-wrap kb-row-layout-id3_0e0b12-b1 alignnone wp-block-kadence-rowlayout\"><div class=\"kt-row-column-wrap kt-has-1-columns kt-row-layout-equal kt-tab-layout-inherit kt-mobile-layout-row kt-row-valign-top\">\n<style>.kadence-column3_2d05c3-79 > .kt-inside-inner-col,.kadence-column3_2d05c3-79 > .kt-inside-inner-col:before{border-top-left-radius:0px;border-top-right-radius:0px;border-bottom-right-radius:0px;border-bottom-left-radius:0px;}.kadence-column3_2d05c3-79 > .kt-inside-inner-col{column-gap:var(--global-kb-gap-sm, 1rem);}.kadence-column3_2d05c3-79 > .kt-inside-inner-col{flex-direction:column;}.kadence-column3_2d05c3-79 > .kt-inside-inner-col > .aligncenter{width:100%;}.kadence-column3_2d05c3-79 > .kt-inside-inner-col:before{opacity:0.3;}.kadence-column3_2d05c3-79{position:relative;}@media all and (max-width: 1024px){.kadence-column3_2d05c3-79 > .kt-inside-inner-col{flex-direction:column;}}@media all and (max-width: 767px){.kadence-column3_2d05c3-79 > .kt-inside-inner-col{flex-direction:column;}}<\/style>\n<div class=\"wp-block-kadence-column kadence-column3_2d05c3-79\"><div class=\"kt-inside-inner-col\"><h2 class=\"wp-block-heading\">PODM\u00cdNKY Z\u00c1SADY OCHRANY OSOBN\u00cdCH \u00daDAJ\u016e<\/h2>\n\n<p><strong>Podm\u00ednky ochrany dat<\/strong><\/p>\n\n<p>P\u0159i uzav\u00edr\u00e1n\u00ed smlouvy s prod\u00e1vaj\u00edc\u00edm prost\u0159ednictv\u00edm e-shopu, pou\u017e\u00edv\u00e1n\u00ed e-shopu, registraci v e-shopu nebo p\u0159ihl\u00e1\u0161en\u00ed k odb\u011bru newsletter\u016f zad\u00e1v\u00e1 kupuj\u00edc\u00ed nebo registrovan\u00fd u\u017eivatel (d\u00e1le spole\u010dn\u011b jen jako \u201ekupuj\u00edc\u00ed\u201c) sv\u00e9 osobn\u00ed \u00fadaje. data do formul\u00e1\u0159\u016f. V oblasti ochrany Va\u0161ich osobn\u00edch \u00fadaj\u016f dodr\u017eujeme opat\u0159en\u00ed z Na\u0159\u00edzen\u00ed Evropsk\u00e9ho parlamentu a Rady (EU) 2016\/679 ze dne 27. dubna 2016 o ochran\u011b fyzick\u00fdch osob v souvislosti se zpracov\u00e1n\u00edm osobn\u00edch \u00fadaj\u016f ao voln\u00fd pohyb t\u011bchto \u00fadaj\u016f, kter\u00fdm se ru\u0161\u00ed sm\u011brnice 95\/46\/ES (obecn\u00e9 na\u0159\u00edzen\u00ed o ochran\u011b osobn\u00edch \u00fadaj\u016f, zn\u00e1m\u00e9 tak\u00e9 jako \u201eGDPR\u201c), a z opat\u0159en\u00ed uveden\u00fdch v z\u00e1kon\u011b \u010d. 18\/2018 Sb. o ochran\u011b osobn\u00edch \u00fadaj\u016f ao zm\u011bn\u011b n\u011bkter\u00fdch z\u00e1kon\u016f ve zn\u011bn\u00ed pozd\u011bj\u0161\u00edch p\u0159edpis\u016f (d\u00e1le jen \u201ez\u00e1kon o ochran\u011b osobn\u00edch \u00fadaj\u016f\u201c).<\/p>\n\n<p><strong>Vymezen\u00ed pojmu osobn\u00ed \u00fadaje<\/strong><br>Osobn\u00ed \u00fadaje jsou informace t\u00fdkaj\u00edc\u00ed se identifikovan\u00e9 nebo identifikovateln\u00e9 fyzick\u00e9 osoby. Tuto osobu lze p\u0159\u00edmo \u010di nep\u0159\u00edmo identifikovat na z\u00e1klad\u011b b\u011b\u017en\u011b pou\u017e\u00edvan\u00e9ho identifik\u00e1toru, p\u0159\u00edpadn\u011b dal\u0161\u00edch identifik\u00e1tor\u016f, jako je jm\u00e9no, p\u0159\u00edjmen\u00ed, identifika\u010dn\u00ed \u010d\u00edslo, lokaliza\u010dn\u00ed \u00fadaje, online identifik\u00e1tor nebo jin\u00e9 charakteristiky specifick\u00e9 pro fyzickou, fyziologickou, genetickou, du\u0161evn\u00ed, ekonomickou, kulturn\u00ed nebo soci\u00e1ln\u00ed identitu osoby.<\/p>\n\n<p><strong>Povaha zpracov\u00e1n\u00ed osobn\u00edch \u00fadaj\u016f<\/strong><br>Zpracov\u00e1n\u00ed osobn\u00edch \u00fadaj\u016f zahrnuje jak\u00e9koli operace nebo soubor operac\u00ed s osobn\u00edmi \u00fadaji, v\u010detn\u011b shroma\u017e\u010fov\u00e1n\u00ed, zaznamen\u00e1v\u00e1n\u00ed, organizov\u00e1n\u00ed, strukturov\u00e1n\u00ed, ukl\u00e1d\u00e1n\u00ed, p\u0159izp\u016fsobov\u00e1n\u00ed, vyhled\u00e1v\u00e1n\u00ed, konzultac\u00ed, pou\u017e\u00edv\u00e1n\u00ed, zp\u0159\u00edstup\u0148ov\u00e1n\u00ed p\u0159enosem, \u0161\u00ed\u0159en\u00edm nebo jin\u00fdm zp\u0159\u00edstup\u0148ov\u00e1n\u00edm, slad\u011bn\u00ed nebo kombinov\u00e1n\u00ed, omezen\u00ed , vymaz\u00e1n\u00ed nebo zni\u010den\u00ed, prov\u00e1d\u011bn\u00e9 pomoc\u00ed automatizovan\u00fdch nebo neautomatizovan\u00fdch prost\u0159edk\u016f.<\/p>\n\n<p><strong>P\u0159\u00edjemce\/spr\u00e1vce osobn\u00edch \u00fadaj\u016f<\/strong><\/p>\n\n<p><br>P\u0159\u00edjemcem je ka\u017ed\u00fd, komu jsou osobn\u00ed \u00fadaje poskytnuty, bez ohledu na to, zda je t\u0159et\u00ed stranou. Za p\u0159\u00edjemce se nepova\u017euj\u00ed org\u00e1ny ve\u0159ejn\u00e9 moci zpracov\u00e1vaj\u00edc\u00ed osobn\u00ed \u00fadaje podle zvl\u00e1\u0161tn\u00edho p\u0159edpisu. Jedn\u00e1 se o osoby pod\u00edlej\u00edc\u00ed se na dod\u00e1n\u00ed zbo\u017e\u00ed, slu\u017eeb a realizaci plateb na z\u00e1klad\u011b smlouvy. Spr\u00e1vce neposkytuje, nezve\u0159ej\u0148uje a nezp\u0159\u00edstup\u0148uje osobn\u00ed \u00fadaje do t\u0159et\u00edch zem\u00ed.<\/p>\n\n<p><strong>Zdroje a typy zpracov\u00e1van\u00fdch osobn\u00edch \u00fadaj\u016f<\/strong><\/p>\n\n<p><br>Spr\u00e1vcem osobn\u00edch \u00fadaj\u016f je spole\u010dnost Doodles \u2013 Slovakia sro, se s\u00eddlem Moj\u0161 278, \u017dilina 010 01, I\u010c: 50949501, zapsan\u00e1 v obchodn\u00edm rejst\u0159\u00edku Okresn\u00edho soudu \u017dilina, odd\u00edl: Sro, vlo\u017eka \u010d. 68018\/L. Fyzick\u00e9 osoby mohou sv\u00e1 pr\u00e1va uplat\u0148ovat prost\u0159ednictv\u00edm e-mailov\u00e9 adresy: info@haffun.com.<br>Spr\u00e1vce zpracov\u00e1v\u00e1 osobn\u00ed \u00fadaje, kter\u00e9 jste mu p\u0159\u00edmo poskytli nebo kter\u00e9 byly z\u00edsk\u00e1ny v souvislosti s pln\u011bn\u00edm Va\u0161\u00ed objedn\u00e1vky. Tyto \u00fadaje zahrnuj\u00ed va\u0161i identifikaci, kontaktn\u00ed \u00fadaje a informace nezbytn\u00e9 pro pln\u011bn\u00ed smlouvy. Pracujeme pouze s t\u011bmi osobn\u00edmi \u00fadaji, kter\u00e9 n\u00e1m umo\u017e\u0148uj\u00ed poskytovat slu\u017eby v r\u00e1mci na\u0161\u00ed \u010dinnosti, a to vy\u0159izov\u00e1n\u00ed objedn\u00e1vek z hlediska administrace a doru\u010dov\u00e1n\u00ed, pln\u011bn\u00ed z\u00e1konn\u00fdch povinnost\u00ed a tak\u00e9 ochrana na\u0161ich opr\u00e1vn\u011bn\u00fdch z\u00e1jm\u016f. V takov\u00fdch p\u0159\u00edpadech jsou osobn\u00ed \u00fadaje zpracov\u00e1v\u00e1ny pouze v rozsahu nezbytn\u00e9m pro uzav\u0159en\u00ed a pln\u011bn\u00ed p\u0159\u00edslu\u0161n\u00e9 smlouvy. Jedn\u00e1 se p\u0159edev\u0161\u00edm o pln\u011bn\u00ed p\u0159edm\u011btu smlouvy, z\u00e1kaznickou podporu, spr\u00e1vu smluv a evidenci \u00fa\u010dastn\u00edk\u016f. Poskytnut\u00ed osobn\u00edch \u00fadaj\u016f kupuj\u00edc\u00edm je v p\u0159\u00edpad\u011b objedn\u00e1vky dobrovoln\u00e9, av\u0161ak nezbytn\u00e9 pro \u00fasp\u011b\u0161n\u00e9 uzav\u0159en\u00ed kupn\u00ed smlouvy a jej\u00ed n\u00e1sledn\u00e9 spln\u011bn\u00ed.<\/p>\n\n<p><strong>Zpracov\u00e1n\u00ed dat pro marketingov\u00e9 \u00fa\u010dely<\/strong><\/p>\n\n<p>Osobn\u00ed \u00fadaje kupuj\u00edc\u00edch zpracov\u00e1v\u00e1me tak\u00e9 pro marketingov\u00e9 \u00fa\u010dely, pokud jsme pro tento \u00fa\u010del z\u00edskali souhlas. Marketing zahrnuje p\u0159edev\u0161\u00edm tyto \u010dinnosti:<br>a) Nab\u00eddka produkt\u016f a slu\u017eeb Doodles \u2013 Slovakia sro \u2013 nab\u00eddky zas\u00edl\u00e1me na z\u00e1klad\u011b va\u0161eho souhlasu elektronicky, prost\u0159ednictv\u00edm email\u016f.<br>b) Zas\u00edl\u00e1n\u00ed informa\u010dn\u00edch email\u016f obsahuj\u00edc\u00edch obchodn\u00ed nab\u00eddky, \u010dl\u00e1nky a informace o \u010dinnosti na\u0161\u00ed spole\u010dnosti.<\/p>\n\n<p>Souhlas poskytnut\u00fd pro marketingov\u00e9 \u00fa\u010dely je dobrovoln\u00fd. Je v\u0161ak nutn\u00e9, abychom V\u00e1m mohli zas\u00edlat nab\u00eddky slu\u017eeb Doodles \u2013 Slovakia sro Bez ud\u011blen\u00e9ho souhlasu nem\u016f\u017eeme poskytovat individu\u00e1ln\u00ed nab\u00eddky zbo\u017e\u00ed a slu\u017eeb. Souhlas se zpracov\u00e1n\u00edm osobn\u00edch \u00fadaj\u016f pro marketingov\u00e9 \u00fa\u010dely je zalo\u017een na dobrovolnosti, klient jej proto m\u016f\u017ee kdykoliv odvolat prost\u0159ednictv\u00edm emailu info@haffun.com. P\u0159i odvol\u00e1n\u00ed je nutn\u00e9 uv\u00e9st jm\u00e9no, p\u0159\u00edjmen\u00ed, email a stru\u010dn\u00fd popis, \u017ee si nep\u0159ejete, abychom nad\u00e1le zpracov\u00e1vali Va\u0161e osobn\u00ed \u00fadaje pro marketingov\u00e9 \u00fa\u010dely.<\/p>\n\n<p><strong>Jak dlouho osobn\u00ed \u00fadaje uchov\u00e1v\u00e1me:<\/strong><br>a) Po dobu nezbytnou k v\u00fdkonu pr\u00e1v a povinnost\u00ed vypl\u00fdvaj\u00edc\u00edch ze smluvn\u00edho vztahu mezi V\u00e1mi (z\u00e1kazn\u00edkem) a n\u00e1mi (spr\u00e1vcem) a k vym\u00e1h\u00e1n\u00ed n\u00e1rok\u016f z t\u011bchto smluvn\u00edch vztah\u016f. Osobn\u00ed \u00fadaje nezbytn\u00e9 pro uzav\u0159en\u00ed a pln\u011bn\u00ed smlouvy zpracov\u00e1v\u00e1me po dobu trv\u00e1n\u00ed smluvn\u00edho vztahu a dal\u0161\u00edch 10 let po skon\u010den\u00ed smluvn\u00edho vztahu, jak n\u00e1m ukl\u00e1daj\u00ed obecn\u011b z\u00e1vazn\u00e9 pr\u00e1vn\u00ed p\u0159edpisy.<br>b) Po dobu, ne\u017e je odvol\u00e1n souhlas se zpracov\u00e1n\u00edm osobn\u00edch \u00fadaj\u016f pro \u00fa\u010dely marketingu.<\/p>\n\n<p>Po uplynut\u00ed doby uchov\u00e1v\u00e1n\u00ed \u00fadaj\u016f dle z\u00e1kona \u010d. 395\/2002 Sb., z\u00e1kon o archivech a spisovn\u00e1ch ao zm\u011bn\u011b n\u011bkter\u00fdch z\u00e1kon\u016f, provozovatel osobn\u00ed \u00fadaje vyma\u017ee.<\/p>\n\n<p><strong>Pr\u00e1va z\u00e1kazn\u00edka t\u00fdkaj\u00edc\u00ed se zpracov\u00e1n\u00ed osobn\u00edch \u00fadaj\u016f<\/strong><\/p>\n\n<p>Zpracov\u00e1n\u00ed osobn\u00edch \u00fadaj\u016f z\u00e1kazn\u00edk\u016f vych\u00e1z\u00ed ze zvl\u00e1\u0161tn\u00edch pr\u00e1vn\u00edch p\u0159edpis\u016f, kter\u00e9 prod\u00e1vaj\u00edc\u00ed v souladu s t\u011bmito p\u0159edpisy d\u00e1le up\u0159es\u0148uje.<\/p>\n\n<p>Pr\u00e1vo na p\u0159\u00edstup \u2013 Kupuj\u00edc\u00ed m\u00e1 pr\u00e1vo z\u00edskat kopii osobn\u00edch \u00fadaj\u016f, kter\u00e9 spr\u00e1vce o kupuj\u00edc\u00edm m\u00e1, a d\u00e1le informace o tom, jak osobn\u00ed \u00fadaje provozovatel vyu\u017e\u00edv\u00e1. Osobn\u00ed \u00fadaje budou fyzick\u00fdm osob\u00e1m ve v\u011bt\u0161in\u011b p\u0159\u00edpad\u016f poskytnuty p\u00edsemnou formou \u2013 e-mailem.<\/p>\n\n<p>Pr\u00e1vo na opravu \u2013 Spr\u00e1vce je povinen zajistit spr\u00e1vnost, \u00faplnost a aktu\u00e1lnost osobn\u00edch \u00fadaj\u016f zpracov\u00e1van\u00fdch kupuj\u00edc\u00edmi.<\/p>\n\n<p>Pr\u00e1vo na v\u00fdmaz (Pr\u00e1vo b\u00fdt zapomenut) \u2013 Z\u00e1kazn\u00edk m\u00e1 pr\u00e1vo po\u017eadovat v\u00fdmaz osobn\u00edch \u00fadaj\u016f, nap\u0159\u00edklad pokud osobn\u00ed \u00fadaje ji\u017e nejsou pot\u0159ebn\u00e9 pro \u00fa\u010dely, pro kter\u00e9 byly shrom\u00e1\u017ed\u011bny. Toto pr\u00e1vo v\u0161ak posoud\u00ed spr\u00e1vce s ohledem na v\u0161echny relevantn\u00ed okolnosti.<\/p>\n\n<p>Pr\u00e1vo na omezen\u00ed zpracov\u00e1n\u00ed \u2013 Z\u00e1kazn\u00edk m\u00e1 za ur\u010dit\u00fdch okolnost\u00ed pr\u00e1vo po\u017e\u00e1dat spr\u00e1vce, aby p\u0159estal pou\u017e\u00edvat jeho osobn\u00ed \u00fadaje. Nap\u0159\u00edklad p\u0159\u00edpady, kdy se z\u00e1kazn\u00edk domn\u00edv\u00e1, \u017ee jeho osobn\u00ed \u00fadaje mohou b\u00fdt nep\u0159esn\u00e9.<\/p>\n\n<p>Pr\u00e1vo na p\u0159enositelnost \u00fadaj\u016f \u2013 Z\u00e1kazn\u00edk m\u00e1 za ur\u010dit\u00fdch okolnost\u00ed pr\u00e1vo po\u017e\u00e1dat provozovatele o p\u0159ed\u00e1n\u00ed jeho osobn\u00edch \u00fadaj\u016f jin\u00e9 t\u0159et\u00ed stran\u011b dle vlastn\u00edho v\u00fdb\u011bru. Pr\u00e1vo na p\u0159enositelnost \u00fadaj\u016f se vztahuje pouze na osobn\u00ed \u00fadaje, kter\u00e9 spr\u00e1vce z\u00edskal na z\u00e1klad\u011b souhlasu nebo na z\u00e1klad\u011b smlouvy, jej\u00ed\u017e smluvn\u00ed stranou je z\u00e1kazn\u00edk.<\/p>\n\n<p>Pr\u00e1vo vzn\u00e9st n\u00e1mitku \u2013 Kupuj\u00edc\u00ed m\u00e1 pr\u00e1vo vzn\u00e9st n\u00e1mitku proti zpracov\u00e1n\u00ed sv\u00fdch osobn\u00edch \u00fadaj\u016f, pokud se domn\u00edv\u00e1 nebo zjist\u00ed, \u017ee jeho osobn\u00ed \u00fadaje jsou zpracov\u00e1v\u00e1ny v rozporu s jeho soukrom\u00fdm a osobn\u00edm \u017eivotem nebo pokud je zpracov\u00e1n\u00ed \u00fadaj\u016f v rozporu s platnou legislativou. .<\/p>\n\n<p>Pr\u00e1vo odvolat souhlas \u2013 V p\u0159\u00edpadech, kdy jsou osobn\u00ed \u00fadaje zpracov\u00e1v\u00e1ny na z\u00e1klad\u011b souhlasu, m\u00e1 z\u00e1kazn\u00edk pr\u00e1vo tento souhlas kdykoli odvolat. Souhlas lze odvolat p\u00edsemn\u011b. Odvol\u00e1n\u00edm souhlasu nen\u00ed dot\u010dena z\u00e1konnost zpracov\u00e1n\u00ed osobn\u00edch \u00fadaj\u016f.<\/p>\n\n<p>Pr\u00e1vo podat st\u00ed\u017enost \u2013 Pokud se z\u00e1kazn\u00edk domn\u00edv\u00e1, \u017ee jeho osobn\u00ed \u00fadaje jsou zpracov\u00e1v\u00e1ny neopr\u00e1vn\u011bn\u011b nebo nez\u00e1konn\u011b, m\u016f\u017ee podat st\u00ed\u017enost u dozorov\u00e9ho \u00fa\u0159adu, kter\u00fdm je \u00da\u0159ad na ochranu osobn\u00edch \u00fadaj\u016f Slovensk\u00e9 republiky.<\/p>\n\n<p><strong>Pro uplatn\u011bn\u00ed Va\u0161ich pr\u00e1v n\u00e1s m\u016f\u017eete kontaktovat n\u00e1sleduj\u00edc\u00edmi zp\u016fsoby:<\/strong><\/p>\n\n<p>E-mailem na info@haffun.com<\/p>\n\n<p><br>Po\u0161tou na Moj\u0161 278, 010 01 \u017dilina<\/p>\n\n<p><br>Sv\u00e9 pr\u00e1vo na ochranu osobn\u00edch \u00fadaj\u016f poskytnut\u00fdch spole\u010dnosti Doodles \u2013 Slovakia sro m\u016f\u017eete uplatnit na e-mailov\u00e9 adrese info@haffun.com. Odpov\u011bdi jsou poskytov\u00e1ny zdarma. V p\u0159\u00edpadech, kdy je \u017e\u00e1dost nep\u0159im\u011b\u0159en\u00e1 nebo se opakuje, vyhrazujeme si pr\u00e1vo \u00fa\u010dtovat p\u0159im\u011b\u0159en\u00fd poplatek, kter\u00fd odr\u00e1\u017e\u00ed administrativn\u00ed n\u00e1klady na poskytnut\u00ed informac\u00ed.<\/p>\n\n<p><strong>Pou\u017e\u00edv\u00e1n\u00ed soubor\u016f cookie<\/strong><\/p>\n\n<p>Cookies jsou mal\u00e9 textov\u00e9 soubory, kter\u00e9 se ukl\u00e1daj\u00ed do va\u0161eho po\u010d\u00edta\u010de nebo mobiln\u00edho za\u0159\u00edzen\u00ed p\u0159i p\u0159\u00edstupu na na\u0161e webov\u00e9 str\u00e1nky. Tyto soubory umo\u017e\u0148uj\u00ed na\u0161im webov\u00fdm str\u00e1nk\u00e1m zapamatovat si po ur\u010ditou dobu va\u0161e ned\u00e1vn\u00e9 akce a preference, jako jsou p\u0159ihla\u0161ovac\u00ed \u00fadaje, jazykov\u00e1 nastaven\u00ed, velikost p\u00edsma nebo va\u0161e preference zobrazen\u00ed. To znamen\u00e1, \u017ee p\u0159i p\u0159\u00ed\u0161t\u00ed n\u00e1v\u0161t\u011bv\u011b nebudete muset tato nastaven\u00ed znovu konfigurovat.<\/p>\n\n<p>P\u0159i proch\u00e1zen\u00ed na\u0161ich webov\u00fdch str\u00e1nek se automaticky zpracov\u00e1vaj\u00ed ur\u010dit\u00e1 data, jako je typ va\u0161eho prohl\u00ed\u017ee\u010de, opera\u010dn\u00ed syst\u00e9m, dom\u00e9na webov\u00fdch str\u00e1nek, ze kter\u00fdch p\u0159ich\u00e1z\u00edte, po\u010det n\u00e1v\u0161t\u011bv a pr\u016fm\u011brn\u00e1 doba zobrazen\u00ed str\u00e1nek. Tyto \u00fadaje jsou shroma\u017e\u010fov\u00e1ny, abychom pomohli zv\u00fd\u0161it atraktivitu na\u0161ich str\u00e1nek a zlep\u0161it jejich funk\u010dnost a obsah. Slou\u017e\u00ed tak\u00e9 na\u0161emu opr\u00e1vn\u011bn\u00e9mu z\u00e1jmu, kter\u00fd tvo\u0159\u00ed pr\u00e1vn\u00ed z\u00e1klad pro zpracov\u00e1n\u00ed va\u0161ich \u00fadaj\u016f. Toto zpracov\u00e1n\u00ed \u00fadaj\u016f vyu\u017e\u00edv\u00e1 cookies, IP adresy a dal\u0161\u00ed technick\u00e9 n\u00e1stroje k ur\u010den\u00ed obl\u00edben\u00fdch oblast\u00ed na\u0161ich webov\u00fdch str\u00e1nek, toho, co n\u00e1v\u0161t\u011bvn\u00edci prohl\u00ed\u017eej\u00ed a jak dlouho na na\u0161ich str\u00e1nk\u00e1ch tr\u00e1v\u00ed. Cookies jsou \u010d\u00e1sti informac\u00ed, kter\u00e9 webov\u00fd server odes\u00edl\u00e1 a ukl\u00e1d\u00e1 do va\u0161eho internetov\u00e9ho prohl\u00ed\u017ee\u010de. Tyto informace jsou pak p\u0159ed\u00e1v\u00e1ny zp\u011bt webov\u00e9mu serveru poka\u017ed\u00e9, kdy\u017e nav\u0161t\u00edv\u00edte na\u0161e str\u00e1nky, co\u017e umo\u017e\u0148uje webov\u00e9mu serveru identifikovat a sledovat v\u00e1\u0161 prohl\u00ed\u017ee\u010d. Cookies pou\u017e\u00edvan\u00e9 Provozovatelem jsou kategorizov\u00e1ny jako technick\u00e9 cookies, nezbytn\u00e9 pro sledov\u00e1n\u00ed datov\u00fdch p\u0159enos\u016f a p\u0159izp\u016fsoben\u00ed na\u0161ich webov\u00fdch str\u00e1nek pot\u0159eb\u00e1m n\u00e1v\u0161t\u011bvn\u00edk\u016f.<\/p>\n\n<p>P\u0159i n\u00e1v\u0161t\u011bv\u011b na\u0161ich webov\u00fdch str\u00e1nek m\u016f\u017eete kliknut\u00edm na tla\u010d\u00edtko souhlasu zvolit, zda chcete soubory cookie p\u0159ij\u00edmat. Pokud neposkytnete sv\u016fj souhlas nebo pokud zak\u00e1\u017eete soubory cookie, v\u00e1\u0161 p\u0159\u00edstup na na\u0161e webov\u00e9 str\u00e1nky z\u016fstane nezm\u011bn\u011bn, jako byste souhlasili. To v\u0161ak m\u016f\u017ee m\u00edt za n\u00e1sledek m\u00e9n\u011b p\u0159esn\u00fd sb\u011br dat pro na\u0161e \u00fa\u010dely, konkr\u00e9tn\u011b optimalizaci webov\u00fdch str\u00e1nek. Pamatujte, \u017ee i po p\u0159ijet\u00ed cookies je m\u016f\u017eete kdykoli smazat z va\u0161eho prohl\u00ed\u017ee\u010de. Pokud tak u\u010din\u00edte, budete znovu po\u017e\u00e1d\u00e1ni o ud\u011blen\u00ed souhlasu p\u0159i va\u0161\u00ed p\u0159\u00ed\u0161t\u00ed n\u00e1v\u0161t\u011bv\u011b na\u0161ich str\u00e1nek.<\/p><\/div><\/div>\n<\/div><\/div>","protected":false},"excerpt":{"rendered":"<p>PRIVACY POLICY TERMS Data Protection Conditions When concluding a contract with the seller via the e-shop, using the e-shop, registering in the e-shop, or subscribing to newsletters, the buyer or registered user (hereinafter collectively referred to as &#8220;the buyer&#8221;) enters their personal data into forms. In terms of protecting your personal data, we adhere to&#8230;<\/p>","protected":false},"author":1,"featured_media":0,"parent":0,"menu_order":0,"comment_status":"closed","ping_status":"closed","template":"","meta":{"_uag_custom_page_level_css":"","_kadence_starter_templates_imported_post":false,"_kad_post_transparent":"","_kad_post_title":"","_kad_post_layout":"","_kad_post_sidebar_id":"","_kad_post_content_style":"","_kad_post_vertical_padding":"hide","_kad_post_feature":"","_kad_post_feature_position":"","_kad_post_header":false,"_kad_post_footer":false,"footnotes":""},"class_list":["post-3","page","type-page","status-publish","hentry"],"uagb_featured_image_src":{"full":false,"thumbnail":false,"medium":false,"medium_large":false,"large":false,"1536x1536":false,"2048x2048":false,"trp-custom-language-flag":false,"woocommerce_thumbnail":false,"woocommerce_single":false,"woocommerce_gallery_thumbnail":false,"variation_swatches_image_size":false,"variation_swatches_tooltip_size":false},"uagb_author_info":{"display_name":"Peter Suba","author_link":"https:\/\/www.haffun.cz\/cs\/author\/peter-suba\/"},"uagb_comment_info":0,"uagb_excerpt":"PRIVACY POLICY TERMS Data Protection Conditions When concluding a contract with the seller via the e-shop, using the e-shop, registering in the e-shop, or subscribing to newsletters, the buyer or registered user (hereinafter collectively referred to as &#8220;the buyer&#8221;) enters their personal data into forms. In terms of protecting your personal data, we adhere to...","_links":{"self":[{"href":"https:\/\/www.haffun.cz\/cs\/wp-json\/wp\/v2\/pages\/3","targetHints":{"allow":["GET"]}}],"collection":[{"href":"https:\/\/www.haffun.cz\/cs\/wp-json\/wp\/v2\/pages"}],"about":[{"href":"https:\/\/www.haffun.cz\/cs\/wp-json\/wp\/v2\/types\/page"}],"author":[{"embeddable":true,"href":"https:\/\/www.haffun.cz\/cs\/wp-json\/wp\/v2\/users\/1"}],"replies":[{"embeddable":true,"href":"https:\/\/www.haffun.cz\/cs\/wp-json\/wp\/v2\/comments?post=3"}],"version-history":[{"count":0,"href":"https:\/\/www.haffun.cz\/cs\/wp-json\/wp\/v2\/pages\/3\/revisions"}],"wp:attachment":[{"href":"https:\/\/www.haffun.cz\/cs\/wp-json\/wp\/v2\/media?parent=3"}],"curies":[{"name":"wp","href":"https:\/\/api.w.org\/{rel}","templated":true}]}}