{"id":3308,"date":"2024-06-05T17:29:43","date_gmt":"2024-06-05T15:29:43","guid":{"rendered":"https:\/\/www.haffun.sk\/?page_id=3308"},"modified":"2024-06-05T18:02:33","modified_gmt":"2024-06-05T16:02:33","slug":"b2b","status":"publish","type":"page","link":"https:\/\/www.haffun.cz\/cs\/b2b\/","title":{"rendered":"Become our B2B partner"},"content":{"rendered":"<style>.kb-row-layout-id3308_7f00fc-4e > .kt-row-column-wrap{align-content:center;}:where(.kb-row-layout-id3308_7f00fc-4e > .kt-row-column-wrap) > .wp-block-kadence-column{justify-content:center;}.kb-row-layout-id3308_7f00fc-4e > .kt-row-column-wrap{column-gap:var(--global-kb-gap-md, 2rem);row-gap:var(--global-kb-gap-md, 2rem);max-width:800px;margin-left:auto;margin-right:auto;padding-top:var(--global-kb-spacing-xxl, 5rem);padding-bottom:var(--global-kb-spacing-xxl, 5rem);grid-template-columns:minmax(0, 1fr);}.kb-row-layout-id3308_7f00fc-4e{background-image:url('https:\/\/www.haffun.sk\/wp-content\/uploads\/2024\/06\/man-and-woman-near-table-3184465-scaled.jpg');background-size:cover;background-position:center center;background-attachment:scroll;background-repeat:no-repeat;}.kb-row-layout-id3308_7f00fc-4e > .kt-row-layout-overlay{opacity:1;background:linear-gradient(0deg,var(--global-palette8,#F7FAFC) 18%,rgba(247,250,252,0) 100%);}@media all and (max-width: 1024px){.kb-row-layout-id3308_7f00fc-4e > .kt-row-column-wrap{grid-template-columns:minmax(0, 1fr);}}@media all and (max-width: 1024px){.kb-row-layout-id3308_7f00fc-4e > .kt-row-layout-overlay{opacity:1;background:linear-gradient(0deg,var(--global-palette8,#F7FAFC) 53%,rgba(247,250,252,0) 100%);}}@media all and (max-width: 767px){.kb-row-layout-id3308_7f00fc-4e > .kt-row-column-wrap{padding-top:var(--global-kb-spacing-xxl, 5rem);padding-bottom:var(--global-kb-spacing-lg, 3rem);grid-template-columns:minmax(0, 1fr);}.kb-row-layout-id3308_7f00fc-4e > .kt-row-layout-overlay{opacity:1;background:linear-gradient(0deg,var(--global-palette8,#F7FAFC) 13%,rgba(247,250,252,0) 80%);}}<\/style><div class=\"kb-row-layout-wrap kb-row-layout-id3308_7f00fc-4e alignfull kt-row-has-bg wp-block-kadence-rowlayout\"><div class=\"kt-row-layout-overlay kt-row-overlay-gradient\"><\/div><div class=\"kt-row-column-wrap kt-has-1-columns kt-row-layout-equal kt-tab-layout-inherit kt-mobile-layout-row kt-row-valign-middle\">\n<style>.kadence-column3308_95493b-5e > .kt-inside-inner-col,.kadence-column3308_95493b-5e > .kt-inside-inner-col:before{border-top-left-radius:0px;border-top-right-radius:0px;border-bottom-right-radius:0px;border-bottom-left-radius:0px;}.kadence-column3308_95493b-5e > .kt-inside-inner-col{column-gap:var(--global-kb-gap-sm, 1rem);}.kadence-column3308_95493b-5e > .kt-inside-inner-col{flex-direction:column;}.kadence-column3308_95493b-5e > .kt-inside-inner-col > .aligncenter{width:100%;}.kadence-column3308_95493b-5e > .kt-inside-inner-col:before{opacity:0.3;}.kadence-column3308_95493b-5e{position:relative;}@media all and (max-width: 1024px){.kadence-column3308_95493b-5e{text-align:center;}}@media all and (max-width: 1024px){.kadence-column3308_95493b-5e > .kt-inside-inner-col{flex-direction:column;}}@media all and (max-width: 767px){.kadence-column3308_95493b-5e > .kt-inside-inner-col{flex-direction:column;}}<\/style>\n<div class=\"wp-block-kadence-column kadence-column3308_95493b-5e kb-section-dir-vertical inner-column-1\"><div class=\"kt-inside-inner-col\"><style>.wp-block-kadence-advancedheading.kt-adv-heading3308_01d336-22, .wp-block-kadence-advancedheading.kt-adv-heading3308_01d336-22[data-kb-block=\"kb-adv-heading3308_01d336-22\"]{margin-top:0px;margin-bottom:var(--global-kb-spacing-lg, 3rem);text-align:center;font-size:var(--global-kb-font-size-xl, 3rem);line-height:1.2;font-style:normal;}.wp-block-kadence-advancedheading.kt-adv-heading3308_01d336-22 mark.kt-highlight, .wp-block-kadence-advancedheading.kt-adv-heading3308_01d336-22[data-kb-block=\"kb-adv-heading3308_01d336-22\"] mark.kt-highlight{font-style:normal;color:#f76a0c;-webkit-box-decoration-break:clone;box-decoration-break:clone;padding-top:0px;padding-right:0px;padding-bottom:0px;padding-left:0px;}@media all and (max-width: 1024px){.wp-block-kadence-advancedheading.kt-adv-heading3308_01d336-22, .wp-block-kadence-advancedheading.kt-adv-heading3308_01d336-22[data-kb-block=\"kb-adv-heading3308_01d336-22\"]{text-align:center!important;}}<\/style>\n<h1 class=\"kt-adv-heading3308_01d336-22 b2B-title wp-block-kadence-advancedheading has-theme-palette-4-color has-text-color\" data-kb-block=\"kb-adv-heading3308_01d336-22\">Exkluzivn\u011b se s n\u00e1mi spojte <em>B2B<\/em> v\u00fdhod<\/h1><\/div><\/div>\n<\/div><\/div><style>.kb-row-layout-id3308_14467c-7e > .kt-row-column-wrap{align-content:start;}:where(.kb-row-layout-id3308_14467c-7e > .kt-row-column-wrap) > .wp-block-kadence-column{justify-content:start;}.kb-row-layout-id3308_14467c-7e > .kt-row-column-wrap{column-gap:var(--global-kb-gap-lg, 4rem);row-gap:var(--global-kb-gap-md, 2rem);max-width:var( --global-content-width, 1300px );padding-left:var(--global-content-edge-padding);padding-right:var(--global-content-edge-padding);padding-top:0px;padding-bottom:var(--global-kb-spacing-5xl, 10rem);grid-template-columns:minmax(0, 1fr);}.kb-row-layout-id3308_14467c-7e > .kt-row-layout-overlay{opacity:0.30;}@media all and (max-width: 1024px){.kb-row-layout-id3308_14467c-7e > .kt-row-column-wrap{row-gap:var(--global-kb-gap-sm, 1rem);grid-template-columns:minmax(0, 1fr);}}@media all and (max-width: 767px){.kb-row-layout-id3308_14467c-7e > .kt-row-column-wrap{row-gap:var(--global-kb-gap-sm, 1rem);grid-template-columns:minmax(0, 1fr);}}<\/style><div class=\"kb-row-layout-wrap kb-row-layout-id3308_14467c-7e alignfull has-theme-palette8-background-color kt-row-has-bg wp-block-kadence-rowlayout\"><div class=\"kt-row-column-wrap kt-has-1-columns kt-row-layout-equal kt-tab-layout-inherit kt-mobile-layout-row kt-row-valign-top kb-theme-content-width\">\n<style>.kadence-column3308_13966a-40 > .kt-inside-inner-col,.kadence-column3308_13966a-40 > .kt-inside-inner-col:before{border-top-left-radius:0px;border-top-right-radius:0px;border-bottom-right-radius:0px;border-bottom-left-radius:0px;}.kadence-column3308_13966a-40 > .kt-inside-inner-col{column-gap:var(--global-kb-gap-sm, 1rem);}.kadence-column3308_13966a-40 > .kt-inside-inner-col{flex-direction:column;}.kadence-column3308_13966a-40 > .kt-inside-inner-col > .aligncenter{width:100%;}.kadence-column3308_13966a-40 > .kt-inside-inner-col:before{opacity:0.3;}.kadence-column3308_13966a-40{position:relative;}@media all and (max-width: 1024px){.kadence-column3308_13966a-40 > .kt-inside-inner-col{flex-direction:column;}}@media all and (max-width: 767px){.kadence-column3308_13966a-40 > .kt-inside-inner-col{flex-direction:column;}}<\/style>\n<div class=\"wp-block-kadence-column kadence-column3308_13966a-40 inner-column-1\"><div class=\"kt-inside-inner-col\"><style>.kb-row-layout-id3308_2b0d2e-0b > .kt-row-column-wrap{align-content:end;}:where(.kb-row-layout-id3308_2b0d2e-0b > .kt-row-column-wrap) > .wp-block-kadence-column{justify-content:end;}.kb-row-layout-id3308_2b0d2e-0b > .kt-row-column-wrap{column-gap:var(--global-kb-gap-md, 2rem);row-gap:var(--global-kb-gap-md, 2rem);max-width:600px;margin-left:auto;margin-right:auto;padding-top:0px;padding-right:0px;padding-bottom:0px;padding-left:0px;grid-template-columns:minmax(0, 1fr);}.kb-row-layout-id3308_2b0d2e-0b > .kt-row-layout-overlay{opacity:0.30;}@media all and (max-width: 1024px){.kb-row-layout-id3308_2b0d2e-0b > .kt-row-column-wrap{grid-template-columns:minmax(0, 1fr);}}@media all and (max-width: 767px){.kb-row-layout-id3308_2b0d2e-0b > .kt-row-column-wrap{grid-template-columns:minmax(0, 1fr);}}<\/style><div class=\"kb-row-layout-wrap kb-row-layout-id3308_2b0d2e-0b alignnone wp-block-kadence-rowlayout\"><div class=\"kt-row-column-wrap kt-has-1-columns kt-row-layout-equal kt-tab-layout-inherit kt-mobile-layout-row kt-row-valign-bottom\">\n<style>.kadence-column3308_5a2777-50 > .kt-inside-inner-col{display:flex;}.kadence-column3308_5a2777-50 > .kt-inside-inner-col{padding-top:0px;}.kadence-column3308_5a2777-50 > .kt-inside-inner-col,.kadence-column3308_5a2777-50 > .kt-inside-inner-col:before{border-top-left-radius:0px;border-top-right-radius:0px;border-bottom-right-radius:0px;border-bottom-left-radius:0px;}.kadence-column3308_5a2777-50 > .kt-inside-inner-col{column-gap:var(--global-kb-gap-sm, 1rem);}.kadence-column3308_5a2777-50 > .kt-inside-inner-col{flex-direction:column;justify-content:flex-start;align-items:flex-start;}.kadence-column3308_5a2777-50 > .kt-inside-inner-col > .kb-image-is-ratio-size{align-self:stretch;}.kadence-column3308_5a2777-50 > .kt-inside-inner-col > .wp-block-kadence-advancedgallery{align-self:stretch;}.kadence-column3308_5a2777-50 > .kt-inside-inner-col > .aligncenter{width:100%;}.kt-row-column-wrap > .kadence-column3308_5a2777-50{align-self:flex-start;}.kt-inner-column-height-full:not(.kt-has-1-columns) > .wp-block-kadence-column.kadence-column3308_5a2777-50{align-self:auto;}.kt-inner-column-height-full:not(.kt-has-1-columns) > .wp-block-kadence-column.kadence-column3308_5a2777-50 > .kt-inside-inner-col{flex-direction:column;justify-content:flex-start;}.kadence-column3308_5a2777-50 > .kt-inside-inner-col:before{opacity:0.3;}.kadence-column3308_5a2777-50{position:relative;}@media all and (max-width: 1024px){.kt-row-column-wrap > .kadence-column3308_5a2777-50{align-self:flex-start;}}@media all and (max-width: 1024px){.kt-inner-column-height-full:not(.kt-has-1-columns) > .wp-block-kadence-column.kadence-column3308_5a2777-50{align-self:auto;}}@media all and (max-width: 1024px){.kt-inner-column-height-full:not(.kt-has-1-columns) > .wp-block-kadence-column.kadence-column3308_5a2777-50 > .kt-inside-inner-col{flex-direction:column;justify-content:flex-start;}}@media all and (max-width: 1024px){.kadence-column3308_5a2777-50 > .kt-inside-inner-col{flex-direction:column;align-items:flex-start;}}@media all and (max-width: 767px){.kt-row-column-wrap > .kadence-column3308_5a2777-50{align-self:flex-start;}.kt-inner-column-height-full:not(.kt-has-1-columns) > .wp-block-kadence-column.kadence-column3308_5a2777-50{align-self:auto;}.kt-inner-column-height-full:not(.kt-has-1-columns) > .wp-block-kadence-column.kadence-column3308_5a2777-50 > .kt-inside-inner-col{flex-direction:column;justify-content:flex-start;}.kadence-column3308_5a2777-50 > .kt-inside-inner-col{flex-direction:column;align-items:flex-start;}}<\/style>\n<div class=\"wp-block-kadence-column kadence-column3308_5a2777-50\"><div class=\"kt-inside-inner-col\"><p>V\u00edtejte v na\u0161em partnersk\u00e9m programu B2B, kde se spolupr\u00e1ce snoub\u00ed s p\u0159\u00edle\u017eitostmi. Jsme nad\u0161eni, \u017ee m\u016f\u017eeme firm\u00e1m, jako je ta va\u0161e, nab\u00eddnout p\u0159\u00edle\u017eitost spojit s\u00edly s n\u00e1mi.<br><br><strong>Velkoobchodn\u00ed ceny:<\/strong> Z\u00edskejte p\u0159\u00edstup k na\u0161im konkuren\u010dn\u00edm velkoobchodn\u00edm cen\u00e1m, kter\u00e9 zajist\u00ed, \u017ee z\u00edsk\u00e1te nejlep\u0161\u00ed hodnotu za sv\u00e9 hromadn\u00e9 n\u00e1kupy.<\/p>\n\n<h3 class=\"wp-block-heading\">Pl\u00e1n krok za krokem, jak se st\u00e1t na\u0161\u00edm partnerem:<\/h3>\n\n<div style=\"height:16px\" aria-hidden=\"true\" class=\"wp-block-spacer\"><\/div>\n\n<p><strong>Vytvo\u0159te si \u00fa\u010det na na\u0161em eshopu<\/strong><\/p>\n\n<ul class=\"wp-block-list\"><li>Nav\u0161tivte na\u0161e webov\u00e9 str\u00e1nky a zaregistrujte se <a href=\"https:\/\/www.haffun.sk\/en\/my-account-2\/\">\u00fa\u010det<\/a>. To v\u00e1m umo\u017en\u00ed p\u0159\u00edstup k na\u0161im produkt\u016fm a zah\u00e1jen\u00ed procesu partnerstv\u00ed.<\/li>\n\n<li>Ujist\u011bte se, \u017ee jste p\u0159esn\u011b vyplnili v\u0161echny po\u017eadovan\u00e9 \u00fadaje, abyste usnadnili bezprobl\u00e9movou komunikaci a nastaven\u00ed partnerstv\u00ed.<\/li><\/ul>\n\n<p><strong>Kontaktujte n\u00e1s prost\u0159ednictv\u00edm formul\u00e1\u0159e<\/strong><\/p>\n\n<ul class=\"wp-block-list\"><li>P\u0159ejd\u011bte do na\u0161eho <a href=\"#b2b-form\">kontaktn\u00ed formul\u00e1\u0159<\/a> a uve\u010fte informace o typu partnerstv\u00ed, o kter\u00e9 m\u00e1te z\u00e1jem.<\/li>\n\n<li>Zahr\u0148te sv\u00e9 <strong>n\u00e1zev \u00fa\u010dtu<\/strong> a jak\u00e9koli relevantn\u00ed podrobnosti, abychom mohli identifikovat v\u00e1\u0161 \u00fa\u010det a pokra\u010dovat ve va\u0161em nastaven\u00ed jako B2B partnera.<\/li><\/ul>\n\n<p><strong>Ov\u011b\u0159en\u00ed \u00fa\u010dtu a nastaven\u00ed B2B<\/strong><\/p>\n\n<ul class=\"wp-block-list\"><li>Jakmile obdr\u017e\u00edme v\u00e1\u0161 dotaz, n\u00e1\u0161 t\u00fdm ov\u011b\u0159\u00ed podrobnosti o va\u0161em \u00fa\u010dtu a zkontroluje va\u0161i \u017e\u00e1dost o partnerstv\u00ed.<\/li>\n\n<li>Upgradujeme v\u00e1\u0161 \u00fa\u010det na B2B status a poskytneme v\u00e1m p\u0159\u00edstup k velkoobchodn\u00edm cen\u00e1m.<\/li><\/ul>\n\n<p class=\"has-text-align-left\"><strong>V\u00edtejte \ud83d\udc4b\u00a0<\/strong><\/p>\n\n<h3 class=\"wp-block-heading\" id=\"b2b-form\">M\u00e1te z\u00e1jem s n\u00e1mi spolupracovat?<\/h3>\n\n<p>Vypl\u0148te n\u00ed\u017ee uveden\u00fd kontaktn\u00ed formul\u00e1\u0159 a n\u00e1\u0161 B2B t\u00fdm se s v\u00e1mi spoj\u00ed a prodiskutuje, jak m\u016f\u017eeme podpo\u0159it va\u0161e obchodn\u00ed c\u00edle. T\u011b\u0161\u00edme se na va\u0161i zpr\u00e1vu!<\/p>\n\n<div style=\"height:12px\" aria-hidden=\"true\" class=\"wp-block-spacer\"><\/div>\n\n<div class=\"wp-block-group has-background\" style=\"background-color:#fbfbfb;padding-top:var(--wp--preset--spacing--70);padding-right:var(--wp--preset--spacing--70);padding-bottom:var(--wp--preset--spacing--50);padding-left:var(--wp--preset--spacing--70)\"><div class=\"wp-block-group__inner-container is-layout-constrained wp-container-core-group-is-layout-a83e27c4 wp-block-group-is-layout-constrained\"><style>.kadence-form-3308_159239-04 .kb-form .kadence-blocks-form-field .kb-text-style-field, .kadence-form-3308_159239-04 .kb-form .kadence-blocks-form-field .kb-select-style-field{color:var(--global-palette4, #2D3748);border-radius:0px;background:var(--global-palette7, #EDF2F7);border-color:var(--global-palette2, #2B6CB0);}.kadence-form-3308_159239-04 .kb-form .kadence-blocks-form-field > label{color:var(--global-palette3, #1A202C);font-size:15px;font-weight:400;padding-top:0px;padding-right:0px;padding-bottom:6px;padding-left:0px;}.kadence-form-3308_159239-04 .kb-form .kadence-blocks-form-field .kb-forms-submit{border-radius:0px;}.kadence-form-3308_159239-04 .kb-form .kadence-blocks-form-field .kb-forms-submit{font-size:18px;}.kb-form input.kadence-blocks-field.verify{opacity:0.0;position:absolute;top:0.0;left:0.0;width:0.0;height:0.0;z-index:-1;}<\/style>\n<div class=\"wp-block-kadence-form kadence-form-3308_159239-04 kb-form-wrap\"><form class=\"kb-form\" action=\"\" method=\"post\" data-trp-original-action=\"\"><div class=\"kadence-blocks-form-field kb-field-desk-width-100 kb-input-size-standard\"><label for=\"kb_field_3308_159239-04_0\">E-mail<span class=\"required\">*<\/span><\/label><input name=\"kb_field_0\" id=\"kb_field_3308_159239-04_0\" data-label=\"Email\" type=\"email\" placeholder=\"\" value=\"\" data-type=\"email\" class=\"kb-field kb-text-style-field kb-email-field kb-field-0\" data-required=\"yes\"\/><\/div><div class=\"kadence-blocks-form-field kb-form-field-1 kb-field-desk-width-100 kb-input-size-standard\"><label for=\"kb_field_3308_159239-04_1\">Zpr\u00e1va<span class=\"required\">*<\/span><\/label><textarea name=\"kb_field_1\" id=\"kb_field_3308_159239-04_1\" data-label=\"Message\" type=\"textarea\" placeholder=\"\" data-type=\"textarea\" class=\"kb-field kb-text-style-field kb-textarea-field kb-field-1\" rows=\"4\" data-required=\"yes\"><\/textarea><\/div><div class=\"kadence-blocks-form-field kb-form-field-2 kb-field-desk-width-100 kb-input-size-standard kb-accept-form-field\"><input type=\"checkbox\" name=\"kb_field_2\" id=\"kb_field_3308_159239-04_2\" class=\"kb-field kb-checkbox-style kb-accept\" value=\"accept\" data-type=\"accept\" data-required=\"yes\"\/><label for=\"kb_field_3308_159239-04_2\">P\u0159ij\u00edm\u00e1m z\u00e1sady ochrany osobn\u00edch \u00fadaj\u016f.<span class=\"required\">*<\/span><\/label><\/div><input type=\"hidden\" name=\"_kb_form_id\" value=\"3308_159239-04\"\/><input type=\"hidden\" name=\"_kb_form_post_id\" value=\"3308\"\/><input type=\"hidden\" name=\"action\" value=\"kb_process_ajax_submit\"\/><input class=\"kadence-blocks-field verify\" type=\"text\" name=\"_kb_verify_email\" autocomplete=\"new-password\" aria-hidden=\"true\" placeholder=\"E-mail\" tabindex=\"-1\" data-1p-ignore=\"true\" data-lpignore=\"true\" \/><div class=\"kadence-blocks-form-field kb-submit-field kb-field-desk-width-100\"><button class=\"kb-forms-submit button kb-button-size-large kb-button-width-auto\">Odeslat zpr\u00e1vu<\/button><\/div><input type=\"hidden\" name=\"trp-form-language\" value=\"cs\"\/><\/form><\/div>\n<noscript><div class=\"kadence-blocks-form-message kadence-blocks-form-warning\">Please enable JavaScript in your browser to submit the form<\/div><style>.kadence-form-3308_159239-04 .kadence-blocks-form-field.kb-submit-field { display: none; }<\/style><\/noscript><\/div><\/div>\n\n<div style=\"height:12px\" aria-hidden=\"true\" class=\"wp-block-spacer\"><\/div>\n\n<p class=\"has-text-align-center has-small-font-size\"><a href=\"https:\/\/www.haffun.sk\/privacy\/\">Z\u00e1sady ochrany osobn\u00edch \u00fadaj\u016f<\/a><\/p><\/div><\/div>\n<\/div><\/div><\/div><\/div>\n<\/div><\/div>","protected":false},"excerpt":{"rendered":"<p>Partner with us for exclusive B2B benefits Welcome to our B2B partnership program, where collaboration meets opportunity. We are excited to offer businesses like yours the chance to join forces with us. Wholesale Prices: Gain access to our competitive wholesale pricing, ensuring you receive the best value for your bulk purchases. Step-by-Step plan to become&#8230;<\/p>","protected":false},"author":1,"featured_media":2842,"parent":0,"menu_order":0,"comment_status":"closed","ping_status":"closed","template":"","meta":{"_uag_custom_page_level_css":"","_kadence_starter_templates_imported_post":false,"_kad_post_transparent":"","_kad_post_title":"hide","_kad_post_layout":"","_kad_post_sidebar_id":"","_kad_post_content_style":"unboxed","_kad_post_vertical_padding":"hide","_kad_post_feature":"","_kad_post_feature_position":"","_kad_post_header":false,"_kad_post_footer":false,"footnotes":""},"class_list":["post-3308","page","type-page","status-publish","has-post-thumbnail","hentry"],"uagb_featured_image_src":{"full":["https:\/\/www.haffun.cz\/wp-content\/uploads\/2024\/04\/haffun-og.jpg",2400,1260,false],"thumbnail":["https:\/\/www.haffun.cz\/wp-content\/uploads\/2024\/04\/haffun-og-150x150.jpg",150,150,true],"medium":["https:\/\/www.haffun.cz\/wp-content\/uploads\/2024\/04\/haffun-og-300x158.jpg",300,158,true],"medium_large":["https:\/\/www.haffun.cz\/wp-content\/uploads\/2024\/04\/haffun-og-768x403.jpg",768,403,true],"large":["https:\/\/www.haffun.cz\/wp-content\/uploads\/2024\/04\/haffun-og-1024x538.jpg",1024,538,true],"1536x1536":["https:\/\/www.haffun.cz\/wp-content\/uploads\/2024\/04\/haffun-og-1536x806.jpg",1536,806,true],"2048x2048":["https:\/\/www.haffun.cz\/wp-content\/uploads\/2024\/04\/haffun-og-2048x1075.jpg",2048,1075,true],"trp-custom-language-flag":["https:\/\/www.haffun.cz\/wp-content\/uploads\/2024\/04\/haffun-og-18x9.jpg",18,9,true],"woocommerce_thumbnail":["https:\/\/www.haffun.cz\/wp-content\/uploads\/2024\/04\/haffun-og-800x800.jpg",800,800,true],"woocommerce_single":["https:\/\/www.haffun.cz\/wp-content\/uploads\/2024\/04\/haffun-og-700x368.jpg",700,368,true],"woocommerce_gallery_thumbnail":["https:\/\/www.haffun.cz\/wp-content\/uploads\/2024\/04\/haffun-og-100x100.jpg",100,100,true],"variation_swatches_image_size":["https:\/\/www.haffun.cz\/wp-content\/uploads\/2024\/04\/haffun-og-50x50.jpg",50,50,true],"variation_swatches_tooltip_size":["https:\/\/www.haffun.cz\/wp-content\/uploads\/2024\/04\/haffun-og-100x100.jpg",100,100,true]},"uagb_author_info":{"display_name":"Peter Suba","author_link":"https:\/\/www.haffun.cz\/cs\/author\/peter-suba\/"},"uagb_comment_info":0,"uagb_excerpt":"Partner with us for exclusive B2B benefits Welcome to our B2B partnership program, where collaboration meets opportunity. We are excited to offer businesses like yours the chance to join forces with us. Wholesale Prices: Gain access to our competitive wholesale pricing, ensuring you receive the best value for your bulk purchases. Step-by-Step plan to become...","_links":{"self":[{"href":"https:\/\/www.haffun.cz\/cs\/wp-json\/wp\/v2\/pages\/3308","targetHints":{"allow":["GET"]}}],"collection":[{"href":"https:\/\/www.haffun.cz\/cs\/wp-json\/wp\/v2\/pages"}],"about":[{"href":"https:\/\/www.haffun.cz\/cs\/wp-json\/wp\/v2\/types\/page"}],"author":[{"embeddable":true,"href":"https:\/\/www.haffun.cz\/cs\/wp-json\/wp\/v2\/users\/1"}],"replies":[{"embeddable":true,"href":"https:\/\/www.haffun.cz\/cs\/wp-json\/wp\/v2\/comments?post=3308"}],"version-history":[{"count":0,"href":"https:\/\/www.haffun.cz\/cs\/wp-json\/wp\/v2\/pages\/3308\/revisions"}],"wp:featuredmedia":[{"embeddable":true,"href":"https:\/\/www.haffun.cz\/cs\/wp-json\/wp\/v2\/media\/2842"}],"wp:attachment":[{"href":"https:\/\/www.haffun.cz\/cs\/wp-json\/wp\/v2\/media?parent=3308"}],"curies":[{"name":"wp","href":"https:\/\/api.w.org\/{rel}","templated":true}]}}