{"id":3447,"date":"2024-06-14T14:59:22","date_gmt":"2024-06-14T12:59:22","guid":{"rendered":"https:\/\/www.haffun.sk\/?page_id=3447"},"modified":"2024-06-14T15:47:05","modified_gmt":"2024-06-14T13:47:05","slug":"statut-spotrebitelskej-sutaze","status":"publish","type":"page","link":"https:\/\/www.haffun.cz\/cs\/statut-spotrebitelskej-sutaze\/","title":{"rendered":"\u0160tat\u00fat spotrebite\u013eskej sout\u011b\u017ee"},"content":{"rendered":"<p><strong>\u0160TAT\u00daT SPOTREBITE\u013dSKEJ S\u00da\u0164A\u017dE<\/strong><\/p><p>obchodn\u00ed spolo\u010dnosti Doodles \u2013 Slovakia sro<\/p><p><strong>\u010cl. I. \u00davodn\u00e9 ustanovenia<\/strong><\/p><p>Spolo\u010dnos\u0165 Doodles- Slovakia sro, so s\u00eddlom Moj\u0161 278, 010 01 \u017dilina, Slovensk\u00e1 republika, I\u010cO: 50949501, zapsan\u00e1 v Obchodn\u00edm rejst\u0159\u00edku Okresn\u00edho s\u00fadu \u017dilina, oddiel: Sro, vlo\u017eka \u010d.: 68018\/L, adresa elektronickej po\u0161ty: info@haffun. com, telefonick\u00fd kontakt: +421 905 573 422 (\u010falej len \u201eOrganiz\u00e1tor\u201c), vyd\u00e1va nov\u00fd \u0161tat\u00fat (d\u00e1le len \u201e\u0160tat\u00fat\u201c) upravuj\u00edc\u00ed pr\u016fb\u011bh a pravidl\u00e1 spotrebite\u013eskej s\u00fa\u0165a\u017ee, ktorej bli\u017e\u0161\u00ed popis je uveden\u00fd v \u010dl. II. (d\u00e1le len \u201eS\u00fa\u0165a\u017e\u201c).<\/p><p><strong>\u010cl. II. Hlavn\u00ed podm\u00ednky sout\u011b\u017ee<\/strong><\/p><p>toto poskytuje n\u00e1sleduj\u00edc\u00ed informace o hlavn\u00edm organiz\u00e1torovi s\u00fa\u0165a\u017ee:<\/p><ol class=\"wp-block-list\" start=\"1\"><li>Sout\u011b\u017e se uskute\u010dn\u00ed od 14.6.2024 do 30.6.2024.<\/li>\n\n<li>Zapojit sa m\u016f\u017ee ka\u017ed\u00fd, kdo p\u0159id\u00e1 koment\u00e1\u0159 pod sout\u011b\u017en\u00ed p\u0159\u00edsp\u011bvek na Facebookovej str\u00e1nce HAFFUN nebo na Instagramovom \u00fa\u010dtu @haffun.shop.<\/li>\n\n<li>V\u00fdherca bude vybr\u00e1n n\u00e1hodn\u011b nejpozd\u011bji 30.6.2024.<\/li>\n\n<li>V\u00fdsledky S\u00fa\u0165a\u017ee budou ozn\u00e1men\u00e9 v\u00fdherci prost\u0159ednictv\u00edm soci\u00e1ln\u00ed siete \u2013 Facebooku nebo Instagramu. Ostatn\u00ed \u00fa\u010dastn\u00edci nebudou informov\u00e1ni, ak nevyhr\u00e1li.<\/li>\n\n<li>V\u00fdhrou je gran\u00fal Haffun pod\u013ea v\u00fdberu z\u00e1kazn\u00edka, kter\u00fd bude v\u00fdhercovi p\u0159ed\u00e1vat 6kg balenie za obdobie jedn\u00e9ho roka (tj od \u010dervence 2024 do \u010dervna 2025)<\/li>\n\n<li>V\u00fdhry bud\u00fa odovzd\u00e1van\u00e9 do 15. d\u0148a mesiaca.<\/li><\/ol><p><strong>\u010cl. III. Dopl\u0148uj\u00face podm\u00ednky \u00fa\u010dasti v Sout\u011b\u017ei<\/strong><\/p><ol class=\"wp-block-list\" start=\"1\"><li>\u00da\u010dastn\u00edkom S\u00fa\u0165a\u017ee m\u00f4\u017ee by\u0165 len fyzick\u00e1 osoba \u2013 spotrebite\u013e (d\u00e1le len \u201eS\u00fa\u0165a\u017eiaci\u201c alebo \u201e\u00fa\u010dastn\u00edk S\u00fa\u0165a\u017ee\u201c).<\/li>\n\n<li>S\u00fa\u0165a\u017eiacim sa m\u00f4\u017ee sta\u0165 len osoba, kter\u00e1 spln\u00ed podm\u00ednky \u00fa\u010dasti v Sout\u011b\u017ei pod\u013ea tohto \u0160tat\u00fatu.<\/li>\n\n<li>Osoby, ktor\u00e9 s\u00fa zamestnan\u00e9 alebo maj\u00fa podobn\u00fd vz\u0165ah k Organiz\u00e1torovi alebo Partnerovi, ako aj osoby bl\u00edzkemu S\u00fa\u0165a\u017ee pod\u013ea \u00a7 116 z\u00e1kona \u010d. 40\/1964 Zb., ob\u010dansk\u00e9ho z\u00e1konn\u00edka, sa nemohou S\u00fa\u0165a\u017ee z\u00fa\u010dastnit. Ak by tak\u00e1to osoba vyhrala, v\u00fdhra jej nebude odevzdan\u00e1. Stejn\u011b tak nebude v\u00fdhra odevzdan\u00e1, pokud organiz\u00e1tor zjist\u00ed nebo bude m\u00edt d\u016fvodn\u00e9 podez\u0159en\u00ed z podvodu nebo nekal\u00e9ho \u0159\u00edzen\u00ed z \u00fa\u010dastn\u00edka nebo n\u011bkoho, kdo mu stranu pomohl z\u00edskat v\u00fdhru.<\/li>\n\n<li>Po\u010det \u00fa\u010dast\u00ed v sout\u011b\u017ei nen\u00ed omezen.<\/li>\n\n<li>Organiz\u00e1tor si mohl \u00fa\u010dastnit pr\u00e1vo vyl\u00fa\u010di\u0165 zo S\u00fa\u0165a\u017ee, ktor\u00ed poru\u0161ia podmienky S\u00fa\u0165a\u017ee.<\/li>\n\n<li>Ak je podporovan\u00e1 \u00fa\u010das\u0165 v S\u00fa\u0165a\u017ei odovzdaniea, recenzie, fotografie alebo in\u00e9ho v\u00fdsledku tvorivej \u010dinnosti (\u010falej len t\u00fdmto len \u201eDielo\u201c), \u00fa\u010dastn\u00edk odovzdan\u00edm pridel\u00ed organiz\u00e1torovi a Partnerovi s\u00fahlas na pou\u017eitie Diela pre pr\u00edpad aj in\u00e9 \u00fa\u010dely m\u00f4\u017ee by\u0165 zn\u00e1my sp\u00f4sobom. Dielo m\u00f4\u017ee by\u0165 reprodukovan\u00e9, zverejnen\u00e9 nosi\u010de, upravovan\u00e9 alebo sp\u00e1jan\u00e9 s in\u00fdmi dielami. Tento souhlas je v\u00fdhradn\u00ed, bez \u00fazemn\u011b omezen\u00ed a plat\u00ed po dobu trv\u00e1n\u00ed majetkov\u00fdch autorsk\u00fdch pr\u00e1v \u00fa\u010dastn\u00edka. Organiz\u00e1tor aj Partner m\u016f\u017ee udeli\u0165 sublicenciu alebo post\u00fapi\u0165 pr\u00e1va na pou\u017eitie Diela pod\u013ea vlastn\u00e9ho uv\u00e1\u017eenia bez obmedzen\u00ed.<\/li><\/ol><p><strong>\u010cl. IV. Pr\u016fb\u011bh Sout\u011b\u017ee<\/strong><\/p><p>1. Sout\u011b\u017e bude prob\u00edhat v obdob\u00ed uveden\u00e9m v \u010dl. II., od 17:00 hod. prvn\u00edho dne a\u017e do 19:00 hod. posledn\u00edho dne Sout\u011b\u017ee.<\/p><p>2. \u00da\u010dastn\u00edci, kte\u0159\u00ed splnia v\u0161echny podm\u00ednky \u00fa\u010dasti, budou automaticky zahrnuti do losovania o v\u00fdhry, kter\u00e9 jsou podrobn\u011bji v \u010dl. II.<\/p><p>3. V\u00fdhry budou odevzdan\u00e9 \u00fa\u010dastn\u00edky Organiz\u00e1torom nebo n\u011bkter\u00fdm z Partnerov Sout\u011b\u017ee (ak je uveden\u00fd v \u010dl. II) v term\u00ednech ur\u010den\u00fdch t\u00fdmto \u0160tat\u00fatom.<\/p><p>4. Pokud si v\u00fdherca nep\u0159evezme v\u00fdhru na svoju ozn\u00e1menou doru\u010dovac\u00ed adresu nebo jin\u00fdm dohodnut\u00fdm sp\u00f4sobom, ztr\u00e1c\u00ed na \u0148u n\u00e1rok. V takomto pr\u00edpade v\u00fdhra prepadne v prospech organiz\u00e1tora alebo Partnera, ktor\u00fd m\u00f4\u017ee ur\u010di\u0165 n\u00e1hradn\u00e9ho v\u00fdhercu. V\u00fdhercovi nevznik\u00e1 n\u00e1rok na n\u00e1hradu \u0161kody.<\/p><p>5. Organiz\u00e1tor ani Partner nenes\u00fa odpov\u011bdnost za \u0161kody zp\u016fsoben\u00e9 po\u0161kozen\u00edm ani za \u0161kodu u\u017e\u00edvan\u00fdm v\u00fdhierem. Reklam\u00e1cie v\u00fdhier ako bezplatne z\u00edskan\u00e9 plnen\u00ed s\u00fa vyl\u00fa\u010den\u00e9. Organiz\u00e1tor ani Partner neposkytuj\u00ed z\u00e1ruku na v\u00fdhry, ani ich neprepl\u00e1caj\u00ed v pen\u011bz\u00edch.<\/p><p><strong>\u010cl. V. Ochrana osobn\u00edch \u00fadaj\u016f<\/strong><\/p><p>1. Dobrovo\u013en\u00e9 poskytnut\u00e9 osobn\u00e9 \u00fadaje \u00da\u010dastn\u00edci S\u00fa\u0165a\u017ee budou zpracovan\u00e9 Organiz\u00e1torem p\u0159edev\u0161\u00edm za jejich \u00fa\u010dast v Sout\u011b\u017ei, vyhodnocen\u00ed Sout\u011b\u017ee, odevzd\u00e1n\u00ed v\u00fdhier, a na v\u00fdkon a obhajobu pr\u00e1v a pr\u00e1vnych n\u00e1rokov Organiz\u00e1tora a Partnera. Tyto \u00fadaje mohou b\u00fdt pou\u017eit\u00e9 aj na dal\u0161\u00ed \u00fa\u010dely, pokud Organiz\u00e1tor a\/nebo Partner z\u00edsk\u00e1 p\u0159\u00edslu\u0161n\u00fd pr\u00e1vny z\u00e1klad pro jejich zpracov\u00e1n\u00ed, o \u010dem bude \u00fa\u010dastn\u00edk v\u017edy informovan\u00fd.<\/p><p>2. Spracovanie osobn\u00fdch \u00fadajov na uveden\u00e9 \u00fa\u010dely je zalo\u017een\u00e9 na pr\u00e1vnom z\u00e1klade opr\u00e1vnen\u00e9ho z\u00e1ujmu pod\u013ea \u010dl. 6 ods. 1 p\u00edsm. f) Nariadenia Eur\u00f3pskeho parlamentu a Rady (E\u00da) 2016\/679 (GDPR), kter\u00fdm je z\u00e1jem na dosa\u017een\u00ed \u00fa\u010del\u016f uveden\u00fdch v minul\u00e9m bod\u011b, \u010do by bez poskytnut\u00ed osobn\u00edch \u00fadaj\u016f \u00fa\u010dastn\u00edkov nebylo mo\u017en\u00e9.<\/p><p>3. Ak S\u00fa\u0165a\u017eiaci udeli s\u00fahlas so spracovan\u00edm osobn\u00fdch \u00fadajov, jeho kontaktn\u00ed \u00fadaje budou zpracov\u00e1ny na marketingov\u00e9 \u00fa\u010dely, tj. pon\u00fakanie obchodu, slu\u017eby a pr\u016fzkumy trhu, v\u010detn\u011b zas\u00edl\u00e1n\u00ed informac\u00ed o organizovan\u00fdch akc\u00edch, v\u00fdrobc\u00edch a jin\u00fdch aktivit\u00e1ch Organiz\u00e1tora alebo Partnera (pod\u013ea toho, souhlas udelil ), a to po dobu trv\u00e1n\u00ed z\u00e1jmu \u00fa\u010dastn\u00edka o takov\u00e9to spr\u00e1vy. Pr\u00e1vn\u00edm z\u00e1kladem v tomto p\u0159\u00edpad\u011b je souhlas podle \u010dl. 6 ods. 1 p\u00edsm. a) GDPR.<\/p><p>4. Osobn\u00e9 \u00fadaje bud\u00fa spracov\u00e1van\u00e9 na uveden\u00e9 \u00fa\u010dely iba Organiz\u00e1torom a Partnerem (v p\u0159\u00edpad\u011b, \u017ee Partner odevzd\u00e1v\u00e1 v\u00fdhry).<\/p><p><strong>5. Spracov\u00e1van\u00e9 budou tyto osobn\u00ed \u00fadaje:<\/strong><\/p><p>a) Na \u00fa\u010dast a vyhodnocen\u00ed S\u00fa\u0165a\u017ee zpracovat \u00fadaje v postaven\u00ed organiz\u00e1tora Organiz\u00e1tor \u2013 meno a p\u0159\u00edjmen\u00ed a kontaktn\u00ed \u00fadaje \u00fa\u010dastn\u00edka.<\/p><p>b) Na odevzd\u00e1n\u00ed v\u00fdhier zpracovat \u00fadaje v postaven\u00ed poskytovatele Organiz\u00e1tor nebo Partner, nebo Organiz\u00e1tor v postaven\u00ed zprost\u0159edkovatele, v z\u00e1vislosti od toho, kdo je ur\u010den na odevzd\u00e1n\u00ed v\u00fdhry \u2013 jm\u00e9no a p\u0159\u00edjmen\u00ed a kontaktn\u00ed \u00fadaje \u00fa\u010dastn\u00edka.<\/p><p>c) Na marketingov\u00fa komunik\u00e1ciu \u00fadaje Organiz\u00e1tor a\/nebo Partner (pod\u013ea toho, komu byl souhlas udelen\u00fd) \u2013 emailov\u00e1 adresa \u00fa\u010dastn\u00edka.<\/p><p>6. Osobn\u00e9 \u00fadaje nebudou p\u0159en\u00e1\u0161eny do tret\u00edch kraj\u00edn ani poskytnut\u00fdch medzin\u00e1rodn\u00fdm organizac\u00edm.<\/p><p>7. Kategorie p\u0159\u00edjemcov\u00fdch osobn\u00edch \u00fadaj\u016f zahrnuj\u00ed: Organiz\u00e1tora, Partnera S\u00fa\u0165a\u017ee, zprost\u0159edkovatele (nap\u0159. doru\u010dovac\u00ed slu\u017eby, poskytovatel\u016f mo\u017en\u00fdch \u00fa\u010dtovn\u00fdch slu\u017eeb, newslettera slu\u017eeb, spr\u00e1vcov CRM syst\u00e9m\u016f, poskytovatel\u016f webhostingov\u00fdch slu\u017eeb a pod.).<\/p><p>8. \u00da\u010dastn\u00edk S\u00fa\u0165a\u017ee uzn\u00e1va, \u017ee m\u00e1 pr\u00e1va podle GDPR, v\u010detn\u011b pr\u00e1va na p\u0159\u00edstup k osobn\u00edmu \u00fadaji, ich opravu alebo vymazanie (\u201epr\u00e1vo by\u0165 zabudnut\u00fd\u201c), pr\u00e1vo odvola\u0165 s\u00fahlas so spracovan\u00edm osobn\u00fdch \u00fadajov (ak sa sprac\u00favaj\u00fa na z\u00e1klade s\u00fahlasu), pr\u00e1vo na obmedzenie spracovania, pr\u00e1vo na p\u0159enositelnost \u00fadaj\u016f a pr\u00e1vo napadnout st\u00ed\u017enost na \u00da\u0159ad na ochranu osobn\u00edch \u00fadaj\u016f. \u00da\u010dastn\u00edk m\u00e1 tie\u017e pr\u00e1vo nam\u00edtat proti spracovaniu osobn\u00fdch \u00fadajov, ktor\u00e9 s\u00fa spracov\u00e1van\u00e9 na z\u00e1klade opr\u00e1vnen\u00e9ho z\u00e1ujmu.<\/p><p>9. Pri spracovan\u00ed osobn\u00fdch \u00fadajov nedoch\u00e1dza k automatizovan\u00e9mu rozhodovaniu ani profilovaniu.<\/p><p>10. Osobn\u00e9 \u00fadaje bud\u00fa spracov\u00e1van\u00e9 iba po dobu nevyhnutn\u00fa na dosiahnutie uveden\u00fdch \u00fa\u010delov, pri\u010dom s\u00fa zoh\u013eadnen\u00e9 aj z\u00e1konn\u00e9 po\u017eiadavky na archiv\u00e1ciu. To zah\u0155\u0148a dobu S\u00fa\u0165a\u017ee, dobu trvania trvania dane z pr\u00edjmov (alebo in\u00fdch pr\u00e1vnych predpisov) a dobu, po\u010das ktorej je mo\u017en\u00e9 pod\u013ea z\u00e1kona \u010d. 40\/1964 Zb.<\/p><p><strong>\u010cl. VI. Z\u00e1vere\u010dn\u00e9 ustanoven\u00ed<\/strong><\/p><p>1. Organiz\u00e1tor vyhlasuje, \u017ee prev\u00e1dzkovatel\u00e9 soci\u00e1lnych siet\u00ed Facebook, Instagram, Twitter a LinkedIn nejsou nijak zapojeni do Sout\u011b\u017ee a nemaj\u00ed vo\u010di \u00fa\u010dastn\u00edkovi \u017e\u00e1dn\u00e9 z\u00e1vazky.<\/p><p>2. Organiz\u00e1tor informuje, \u017ee dozorn\u00fd org\u00e1n, na kter\u00fd sa mohou t\u00fdka\u0165 aj in\u00e9 s\u00favislosti s priebehom s\u00fa\u0165a\u017ee, je In\u0161pektor\u00e1t Slovenskej obchodnej in\u0161pekcie pre \u017dilinsk\u00fd kraj, so s\u00eddlom Predmestsk\u00e1 71, PO Box B-89, 011 79 \u017dilina.<\/p><p>3. Organiz\u00e1tor si aktivova\u0165 pr\u00e1vo zru\u0161i\u0165 S\u00fa\u0165a\u017e alebo zmeni\u0165 jej podmienky zverejnen\u00edm aktualizovan\u00e9ho z tohto \u0160tat\u00fatu alebo viac inform\u00e1ci\u00ed na svojich internetov\u00fdch str\u00e1nkach. \u00da\u010dastn\u00edk, kter\u00fd s takouto zm\u011bnou nesouhlas\u00ed, m\u016f\u017ee odstoupit od S\u00fa\u0165a\u017ee do troch (3) dn\u00ed od zve\u0159ejn\u011bn\u00ed zm\u011bn na internetov\u00fdch str\u00e1nk\u00e1ch Organiz\u00e1tora; inak sa m\u00e1 za to, \u017ee zm\u011bnu akceptuje.<\/p><p>4. Organiz\u00e1tor informuje, \u017ee v\u00fdherca, kter\u00fd je da\u0148ov\u00fdm rezidentem Slovensk\u00e9 republiky, mus\u00ed zaplatit da\u0148 z p\u0159\u00edjmu a pojistn\u00e9 na zdravotn\u00ed poji\u0161t\u011bn\u00ed z hodnoty nepe\u0148a\u017enej v\u00fdhry, pokud tato hodnota presiahne 350 EUR. V takov\u00e9m p\u0159\u00edpad\u011b je Organiz\u00e1tor povinn\u00fd vystavit v\u00fdhercovu osved\u010denie o v\u00fdhre, ktor\u00e9 pou\u017eije na spln\u011bn\u00ed t\u011bchto povinnost\u00ed.<\/p><p>5. Pr\u00e1vne vz\u0165ahy, ktor\u00e9 nie s\u00fa upraven\u00e9 t\u00fdmto \u0160tat\u00fatom, sa riadia v\u0161eobecne z\u00e1v\u00e4zn\u00fdmi pr\u00e1vnymi predpismi Slovenskej republiky.<\/p><p>6. Tento \u0160tat\u00fat nab\u00fdv\u00e1 platnosti a platnosti dne 1.6.2024.<\/p>","protected":false},"excerpt":{"rendered":"<p>\u0160TAT\u00daT SPOTREBITE\u013dSKEJ S\u00da\u0164A\u017dE obchodnej spolo\u010dnosti Doodles &#8211; Slovakia s.r.o. \u010cl. I. \u00davodn\u00e9 ustanovenia Spolo\u010dnos\u0165 Doodles- Slovakia s.r.o., so s\u00eddlom Moj\u0161 278, 010 01 \u017dilina, Slovensk\u00e1 republika, I\u010cO: 50949501, zap\u00edsan\u00e1 v Obchodnom registri Okresn\u00e9ho s\u00fadu \u017dilina, oddiel: Sro, vlo\u017eka \u010d.: 68018\/L, adresa elektronickej po\u0161ty: info@haffun.com, telefonick\u00fd kontakt: +421&nbsp;905&nbsp;573&nbsp;422 (\u010falej len \u201eOrganiz\u00e1tor\u201c), vyd\u00e1va nasleduj\u00faci \u0161tat\u00fat (\u010falej len&#8230;<\/p>","protected":false},"author":4,"featured_media":0,"parent":0,"menu_order":0,"comment_status":"closed","ping_status":"closed","template":"","meta":{"_uag_custom_page_level_css":"","_kadence_starter_templates_imported_post":false,"_kad_post_transparent":"","_kad_post_title":"","_kad_post_layout":"","_kad_post_sidebar_id":"","_kad_post_content_style":"","_kad_post_vertical_padding":"","_kad_post_feature":"","_kad_post_feature_position":"","_kad_post_header":false,"_kad_post_footer":false,"footnotes":""},"class_list":["post-3447","page","type-page","status-publish","hentry"],"uagb_featured_image_src":{"full":false,"thumbnail":false,"medium":false,"medium_large":false,"large":false,"1536x1536":false,"2048x2048":false,"trp-custom-language-flag":false,"woocommerce_thumbnail":false,"woocommerce_single":false,"woocommerce_gallery_thumbnail":false,"variation_swatches_image_size":false,"variation_swatches_tooltip_size":false},"uagb_author_info":{"display_name":"Admin","author_link":"https:\/\/www.haffun.cz\/cs\/author\/admin\/"},"uagb_comment_info":0,"uagb_excerpt":"\u0160TAT\u00daT SPOTREBITE\u013dSKEJ S\u00da\u0164A\u017dE obchodnej spolo\u010dnosti Doodles &#8211; Slovakia s.r.o. \u010cl. I. \u00davodn\u00e9 ustanovenia Spolo\u010dnos\u0165 Doodles- Slovakia s.r.o., so s\u00eddlom Moj\u0161 278, 010 01 \u017dilina, Slovensk\u00e1 republika, I\u010cO: 50949501, zap\u00edsan\u00e1 v Obchodnom registri Okresn\u00e9ho s\u00fadu \u017dilina, oddiel: Sro, vlo\u017eka \u010d.: 68018\/L, adresa elektronickej po\u0161ty: info@haffun.com, telefonick\u00fd kontakt: +421&nbsp;905&nbsp;573&nbsp;422 (\u010falej len \u201eOrganiz\u00e1tor\u201c), vyd\u00e1va nasleduj\u00faci \u0161tat\u00fat (\u010falej len...","_links":{"self":[{"href":"https:\/\/www.haffun.cz\/cs\/wp-json\/wp\/v2\/pages\/3447","targetHints":{"allow":["GET"]}}],"collection":[{"href":"https:\/\/www.haffun.cz\/cs\/wp-json\/wp\/v2\/pages"}],"about":[{"href":"https:\/\/www.haffun.cz\/cs\/wp-json\/wp\/v2\/types\/page"}],"author":[{"embeddable":true,"href":"https:\/\/www.haffun.cz\/cs\/wp-json\/wp\/v2\/users\/4"}],"replies":[{"embeddable":true,"href":"https:\/\/www.haffun.cz\/cs\/wp-json\/wp\/v2\/comments?post=3447"}],"version-history":[{"count":0,"href":"https:\/\/www.haffun.cz\/cs\/wp-json\/wp\/v2\/pages\/3447\/revisions"}],"wp:attachment":[{"href":"https:\/\/www.haffun.cz\/cs\/wp-json\/wp\/v2\/media?parent=3447"}],"curies":[{"name":"wp","href":"https:\/\/api.w.org\/{rel}","templated":true}]}}