{"id":4126,"date":"2024-12-17T15:33:20","date_gmt":"2024-12-17T14:33:20","guid":{"rendered":"https:\/\/www.haffun.cz\/?post_type=product&#038;p=4126"},"modified":"2026-04-12T16:28:33","modified_gmt":"2026-04-12T14:28:33","slug":"adult-grain-free-duck-with-sweet-potato","status":"publish","type":"product","link":"https:\/\/www.haffun.cz\/cs\/produkt\/adult-grain-free-duck-with-sweet-potato\/","title":{"rendered":"Dosp\u011bl\u00fd pes Grain-Free \u2013 Kachna se sladk\u00fdmi bramborami a pomeran\u010di"},"content":{"rendered":"<p>Pot\u011b\u0161te sv\u00e9ho psa bohatou chut\u00ed Haffun Ultra Premium bezobiln\u00e9ho kachn\u00edho krmiva, speci\u00e1ln\u011b vyvinut\u00e9ho pro dosp\u011bl\u00e9 psy. Toto pr\u00e9miov\u00e9 krmivo s kachn\u00edm masem, p\u0159irozenou sladkost\u00ed sladk\u00fdch brambor a n\u00e1dechem pomeran\u010de p\u0159edstavuje v\u00fd\u017eivn\u00e9 a chutn\u00e9 j\u00eddlo, kter\u00e9 podporuje celkov\u00e9 zdrav\u00ed a tr\u00e1vic\u00ed pohodu ps\u016f.<\/p>\n<p><strong>Slo\u017een\u00ed:<\/strong> Kachna 50% (28% \u010derstv\u00e9 kachn\u00ed maso, 20% su\u0161en\u00e9 kachn\u00ed maso, 2% kachn\u00ed v\u00fdvar), bat\u00e1ty (26%), hr\u00e1\u0161ek (6%), brambory, \u010derven\u00e1 \u0159epa, ln\u011bn\u00e9 sem\u00ednko, Omega 3, vitam\u00edny, miner\u00e1ly, zeleninov\u00fd v\u00fdvar, pomeran\u010d (0,3g ), brusinky, FOS 96 mg\/kg, MOS 24 mg\/kg.<\/p>\n<p><strong>Analytick\u00e9 slo\u017eky:<\/strong> Hrub\u00fd protein 26%, hrub\u00fd tuk 14%, hrub\u00e1 vl\u00e1knina 3%, hrub\u00fd popel 9%, vlhkost 8%, energie 367 kcal\/100 g, v\u00e1pn\u00edk 1,8%, fosfor 1,1%, Omega 6 2,2%, Omega 3 1%.<\/p>\n<p><strong>V\u00fd\u017eivov\u00e9 dopl\u0148ky na 1 kg:<\/strong> Vitaminy: Vitamin A 15 000 IU (E672), Vitamin D3 2 000 IU (E671), Vitamin E 95 IU<\/p>\n<p><strong>Stopov\u00e9 prvky na 1 kg:<\/strong> Zinek (jako monohydr\u00e1t s\u00edranu zine\u010dnat\u00e9ho) 50 mg, \u017delezo (jako monohydr\u00e1t s\u00edranu \u017eeleznat\u00e9ho) 50 mg, Mangan (jako monohydr\u00e1t s\u00edranu manganat\u00e9ho) 35 mg, M\u011b\u010f (jako pentahydr\u00e1t s\u00edranu m\u011b\u010fnat\u00e9ho) 15 mg, J\u00f3d (jako bezvod\u00fd jodi\u010dnan v\u00e1penat\u00fd) 1 mg, Selen (jako seleni\u010ditan sodn\u00fd) 0,3 mg.<\/p>\n<p><strong>Krmn\u00fd n\u00e1vod:<\/strong><\/p>\n<p><a href=\"https:\/\/www.haffun.sk\/wp-content\/uploads\/2024\/05\/10843C2A-E672-420B-93C8-F1EC516EC29F.png\"><img fetchpriority=\"high\" decoding=\"async\" class=\"alignnone size-medium wp-image-3363\" src=\"https:\/\/www.haffun.sk\/wp-content\/uploads\/2024\/05\/10843C2A-E672-420B-93C8-F1EC516EC29F-300x225.png\" alt=\"\" width=\"300\" height=\"225\" srcset=\"https:\/\/www.haffun.cz\/wp-content\/uploads\/2024\/05\/10843C2A-E672-420B-93C8-F1EC516EC29F-300x225.png 300w, https:\/\/www.haffun.cz\/wp-content\/uploads\/2024\/05\/10843C2A-E672-420B-93C8-F1EC516EC29F-1024x768.png 1024w, https:\/\/www.haffun.cz\/wp-content\/uploads\/2024\/05\/10843C2A-E672-420B-93C8-F1EC516EC29F-768x576.png 768w, https:\/\/www.haffun.cz\/wp-content\/uploads\/2024\/05\/10843C2A-E672-420B-93C8-F1EC516EC29F-1536x1152.png 1536w, https:\/\/www.haffun.cz\/wp-content\/uploads\/2024\/05\/10843C2A-E672-420B-93C8-F1EC516EC29F-16x12.png 16w, https:\/\/www.haffun.cz\/wp-content\/uploads\/2024\/05\/10843C2A-E672-420B-93C8-F1EC516EC29F-700x525.png 700w, https:\/\/www.haffun.cz\/wp-content\/uploads\/2024\/05\/10843C2A-E672-420B-93C8-F1EC516EC29F.png 2000w\" sizes=\"(max-width: 300px) 100vw, 300px\" \/><\/a><\/p>\n<p><strong>Kl\u00ed\u010dov\u00e9 vlastnosti a v\u00fdhody:<\/strong><\/p>\n<p><strong>Slo\u017een\u00ed bez obilovin:<\/strong> Ide\u00e1ln\u00ed pro psy s citlivost\u00ed na obilniny, tato receptura vyu\u017e\u00edv\u00e1 vysoce kvalitn\u00ed ingredience k zaji\u0161t\u011bn\u00ed vyv\u00e1\u017een\u00e9 stravy bez pou\u017eit\u00ed obilovin.<\/p>\n<p><strong>Zdrav\u00ed tr\u00e1ven\u00ed:<\/strong> Obohaceno o probiotika pro podporu zdrav\u00e9ho st\u0159evn\u00edho prost\u0159ed\u00ed, podporu vst\u0159eb\u00e1v\u00e1n\u00ed \u017eivin a pravideln\u00e9ho tr\u00e1ven\u00ed.<\/p>\n<p><strong>Bohat\u00e9 na esenci\u00e1ln\u00ed \u017eiviny:<\/strong> D\u00edky sm\u011bsi kachn\u00edho masa, zeleniny a ovoce je toto krmivo pro psy bohat\u00e9 na vitam\u00edny a miner\u00e1ly nezbytn\u00e9 pro optim\u00e1ln\u00ed zdrav\u00ed.<\/p>\n<p><strong>Podporuje zdrav\u00ed k\u016f\u017ee a srsti:<\/strong> Omega-3 a omega-6 mastn\u00e9 kyseliny z p\u0159\u00edrodn\u00edch zdroj\u016f pom\u00e1haj\u00ed udr\u017eovat lesklou srst a zdravou k\u016f\u017ei.<\/p>\n<p><strong>Bez alergen\u016f:<\/strong> Krmivo neobsahuje obiloviny, lepek nebo um\u011bl\u00e9 p\u0159\u00edsady, tak\u017ee je vhodn\u00e9 pro psy s dietn\u00edmi omezen\u00edmi.<\/p>\n<p><strong>Ingredience:<\/strong><\/p>\n<p><strong>Kachna (50%)<\/strong><\/p>\n<p><strong>\u010cerstv\u00e9 kachn\u00ed maso (28%):<\/strong> Vysoce kvalitn\u00ed zdroj b\u00edlkovin, kter\u00fd pom\u00e1h\u00e1 budovat a udr\u017eovat svalovou hmotu. \u010cerstv\u00e1 kachna je bohat\u00e1 na esenci\u00e1ln\u00ed aminokyseliny a mastn\u00e9 kyseliny, kter\u00e9 p\u0159isp\u00edvaj\u00ed ke zdrav\u00e9 srsti a k\u016f\u017ei.<\/p>\n<p><strong>Su\u0161en\u00e9 kachn\u00ed maso (20%):<\/strong> Poskytuje koncentrovan\u00fd zdroj b\u00edlkovin, zvy\u0161uje celkov\u00fd obsah b\u00edlkovin v potravin\u011b. Su\u0161en\u00e1 kachna je tak\u00e9 dobr\u00fdm zdrojem miner\u00e1l\u016f, jako je \u017eelezo a zinek.<\/p>\n<p><strong>Kachn\u00ed v\u00fdvar (2%):<\/strong> Dod\u00e1v\u00e1 chu\u0165 a \u017eiviny ve snadno straviteln\u00e9 form\u011b, d\u00edky \u010demu\u017e je j\u00eddlo chutn\u011bj\u0161\u00ed.<\/p>\n<p><strong>Sladk\u00e9 brambory (26%)<\/strong><\/p>\n<p>Sladk\u00e9 brambory, v\u00fd\u017eivn\u00fd zdroj sacharid\u016f, maj\u00ed vysok\u00fd obsah vl\u00e1kniny a jsou bohat\u00e9 na vitam\u00edny A, C a B6. P\u0159isp\u00edvaj\u00ed ke zdrav\u00e9mu tr\u00e1ven\u00ed a pom\u00e1haj\u00ed regulovat hladinu cukru v krvi.<\/p>\n<p><strong>Hr\u00e1ch (6%)<\/strong><\/p>\n<p>Hr\u00e1ch je zdrojem rostlinn\u00fdch b\u00edlkovin a vl\u00e1kniny. Nab\u00edz\u00ed tak\u00e9 z\u00e1kladn\u00ed vitam\u00edny a miner\u00e1ly, v\u010detn\u011b vitam\u00ednu K, manganu a fol\u00e1tu, kter\u00e9 podporuj\u00ed celkov\u00e9 zdrav\u00ed a tr\u00e1ven\u00ed.<\/p>\n<p><strong>Brambory<\/strong><\/p>\n<p>Poskytuj\u00ed bezlepkov\u00fd zdroj sacharid\u016f, p\u0159isp\u00edvaj\u00edc\u00ed k energetick\u00fdm pot\u0159eb\u00e1m aktivn\u00edch ps\u016f. Dod\u00e1vaj\u00ed tak\u00e9 vl\u00e1kninu, vitam\u00edn C, vitam\u00edn B6 a drasl\u00edk.<\/p>\n<p><strong>\u010cerven\u00e1 \u0159epa<\/strong><\/p>\n<p>\u010cerven\u00e1 \u0159epa, zn\u00e1m\u00e1 pro sv\u016fj obsah vl\u00e1kniny, zlep\u0161uje tr\u00e1ven\u00ed a je bohat\u00e1 na antioxidanty, kter\u00e9 pom\u00e1haj\u00ed eliminovat voln\u00e9 radik\u00e1ly a podporuj\u00ed imunitn\u00ed zdrav\u00ed.<\/p>\n<p><strong>Ln\u011bn\u00e9 sem\u00ednko<\/strong><\/p>\n<p>Ln\u011bn\u00e9 sem\u00ednko, skv\u011bl\u00fd zdroj omega-3 mastn\u00fdch kyselin, podporuje zdravou k\u016f\u017ei a srst. Obsahuje tak\u00e9 lignany, kter\u00e9 mohou podporovat kardiovaskul\u00e1rn\u00ed zdrav\u00ed.<\/p>\n<p><strong>Omega 3<\/strong><\/p>\n<p>Esenci\u00e1ln\u00ed mastn\u00e9 kyseliny, kter\u00e9 podporuj\u00ed kognitivn\u00ed funkce, zdrav\u00ed kloub\u016f a celkovou pohyblivost. Omega 3 jsou tak\u00e9 d\u016fle\u017eit\u00e9 pro udr\u017een\u00ed leskl\u00e9 srsti a zdrav\u00e9 k\u016f\u017ee.<\/p>\n<p><strong>Vitam\u00edny a miner\u00e1ly<\/strong><\/p>\n<p>Komplexn\u00ed sm\u011bs z\u00e1kladn\u00edch vitam\u00edn\u016f a miner\u00e1l\u016f zaji\u0161\u0165uje, \u017ee krmivo pro psy spl\u0148uje kompletn\u00ed dietn\u00ed po\u017eadavky dosp\u011bl\u00fdch ps\u016f. Tyto \u017eiviny podporuj\u00ed r\u016fzn\u00e9 t\u011blesn\u00e9 funkce, v\u010detn\u011b zdrav\u00ed kost\u00ed, nervov\u00fdch funkc\u00ed a imunitn\u00ed reakce.<\/p>\n<p><strong>Zeleninov\u00fd v\u00fdvar<\/strong><\/p>\n<p>Zv\u00fdraz\u0148uje chu\u0165 krmiva, \u010d\u00edm\u017e je pro psy p\u0159ita\u017eliv\u011bj\u0161\u00ed a poskytuje extra hydrataci a \u017eiviny.<\/p>\n<p><strong>Pomeran\u010d (0,3 g)<\/strong><\/p>\n<p>Dod\u00e1v\u00e1 n\u00e1val chuti a je bohat\u00fd na vitam\u00edn C, kter\u00fd je zn\u00e1m\u00fd pro sv\u00e9 antioxida\u010dn\u00ed vlastnosti, pom\u00e1h\u00e1 posilovat imunitn\u00ed syst\u00e9m.<\/p>\n<p><strong>Brusinky<\/strong><\/p>\n<p>Brusinky jsou zahrnuty pro jejich zdravotn\u00ed p\u0159\u00ednosy pro mo\u010dov\u00e9 cesty a jsou tak\u00e9 dobr\u00fdm zdrojem vitam\u00ednu C a E, manganu a vl\u00e1kniny.<\/p>\n<p><strong>Fruktooligosacharidy (FOS, 96 mg\/kg)<\/strong><\/p>\n<p>Typ probiotick\u00e9 vl\u00e1kniny, kter\u00e1 pom\u00e1h\u00e1 p\u0159i produkci prosp\u011b\u0161n\u00fdch st\u0159evn\u00edch bakteri\u00ed, zlep\u0161uje tr\u00e1vic\u00ed zdrav\u00ed a zlep\u0161uje vst\u0159eb\u00e1v\u00e1n\u00ed \u017eivin.<\/p>\n<p><strong>Mannanoligosacharidy (MOS, 24 mg\/kg)<\/strong><\/p>\n<p>Dal\u0161\u00ed probiotikum, kter\u00e9 podporuje zdrav\u00ed st\u0159ev a pos\u00edlen\u00ed imunitn\u00edho syst\u00e9mu.<\/p>\n<p>Toto slo\u017een\u00ed poskytuje nejen vysokou \u00farove\u0148 z\u00e1kladn\u00edch \u017eivin, ale tak\u00e9 podporuje celkov\u00e9 zdrav\u00ed, od tr\u00e1vic\u00edch a imunitn\u00edch funkc\u00ed a\u017e po stav k\u016f\u017ee a srsti, \u010d\u00edm\u017e zaji\u0161\u0165uje, \u017ee v\u00e1\u0161 pes dost\u00e1v\u00e1 vyv\u00e1\u017een\u00e9 a v\u00fd\u017eivn\u00e9 j\u00eddlo.<\/p>\n<p>Vyberte si Haffun Ultra Premium Grain-Free - Kachna se sladk\u00fdmi bramborami a pomeran\u010dem,  kter\u00e9 spl\u0148uje nutri\u010dn\u00ed pot\u0159eby va\u0161eho dosp\u011bl\u00e9ho psa a udr\u017euje ho zdrav\u00e9ho, \u0161\u0165astn\u00e9ho a aktivn\u00edho.<\/p>","protected":false},"excerpt":{"rendered":"<p>Dop\u0159ejte va\u0161emu dosp\u011bl\u00e9mu psovi gurm\u00e1nskou chu\u0165 a v\u00fdjime\u010dn\u00e9 nutri\u010dn\u00ed v\u00fdhody Haffun Ultra Premium bezobiln\u00e9ho  krmiva pro psy. Tato obl\u00edben\u00e1 receptura \nobsahuje 50% kachn\u00edho masa sm\u00edchan\u00e9ho s p\u0159irozenou sladkost\u00ed sladk\u00fdch brambor a osv\u011b\u017euj\u00edc\u00edm n\u00e1dechem pomeran\u010de. Ka\u017ed\u00e1 slo\u017eka je vybr\u00e1na pro svou nutri\u010dn\u00ed hodnotu a stravitelnost, co\u017e zaji\u0161\u0165uje, \u017ee v\u00e1\u0161 pes dostane j\u00eddlo, kter\u00e9 nejen uspokoj\u00ed jeho mlsn\u00fd jaz\u00fd\u010dek, ale tak\u00e9 vy\u017eiv\u00ed jeho t\u011blo. Kombinace \u010derstv\u011b p\u0159ipraven\u00e9 kachny, zdrav\u00e9 zeleniny a  ovoce poskytuje bohat\u00fd zdroj b\u00edlkovin a z\u00e1kladn\u00edch \u017eivin, navr\u017een\u00fd pro podporu celkov\u00e9ho zdrav\u00ed, udr\u017een\u00ed svalov\u00e9 hmoty a spr\u00e1vn\u00e9ho tr\u00e1ven\u00ed .<\/p>","protected":false},"featured_media":4165,"comment_status":"open","ping_status":"closed","template":"","meta":{"_uag_custom_page_level_css":"","_kadence_starter_templates_imported_post":false,"_kad_post_transparent":"default","_kad_post_title":"","_kad_post_layout":"default","_kad_post_sidebar_id":"","_kad_post_content_style":"default","_kad_post_vertical_padding":"default","_kad_post_feature":"","_kad_post_feature_position":"","_kad_post_header":false,"_kad_post_footer":false},"product_brand":[],"product_cat":[93,116,101],"product_tag":[],"class_list":{"0":"post-4126","1":"product","2":"type-product","3":"status-publish","4":"has-post-thumbnail","6":"product_cat-ultra-premium-dog-food","7":"product_cat-ultra-premium-adult-dog-food","8":"product_cat-ultra-premium-dog-food-grain-free-adult","9":"pa_size-01kg","10":"pa_size-05kg","11":"pa_size-2kg","12":"pa_size-6kg","13":"pa_size-12kg","14":"pa_size-15kg","16":"first","17":"instock","18":"taxable","19":"shipping-taxable","20":"purchasable","21":"product-type-variable","22":"entry","23":"content-bg","24":"loop-entry"},"uagb_featured_image_src":{"full":["https:\/\/www.haffun.cz\/wp-content\/uploads\/2024\/12\/HAFFUN5-scaled-1.jpg",1825,2560,false],"thumbnail":["https:\/\/www.haffun.cz\/wp-content\/uploads\/2024\/12\/HAFFUN5-scaled-1-150x150.jpg",150,150,true],"medium":["https:\/\/www.haffun.cz\/wp-content\/uploads\/2024\/12\/HAFFUN5-scaled-1-214x300.jpg",214,300,true],"medium_large":["https:\/\/www.haffun.cz\/wp-content\/uploads\/2024\/12\/HAFFUN5-scaled-1-768x1077.jpg",768,1077,true],"large":["https:\/\/www.haffun.cz\/wp-content\/uploads\/2024\/12\/HAFFUN5-scaled-1-730x1024.jpg",730,1024,true],"1536x1536":["https:\/\/www.haffun.cz\/wp-content\/uploads\/2024\/12\/HAFFUN5-scaled-1-1095x1536.jpg",1095,1536,true],"2048x2048":["https:\/\/www.haffun.cz\/wp-content\/uploads\/2024\/12\/HAFFUN5-scaled-1-1460x2048.jpg",1460,2048,true],"trp-custom-language-flag":["https:\/\/www.haffun.cz\/wp-content\/uploads\/2024\/12\/HAFFUN5-scaled-1-9x12.jpg",9,12,true],"woocommerce_thumbnail":["https:\/\/www.haffun.cz\/wp-content\/uploads\/2024\/12\/HAFFUN5-scaled-1-800x800.jpg",800,800,true],"woocommerce_single":["https:\/\/www.haffun.cz\/wp-content\/uploads\/2024\/12\/HAFFUN5-scaled-1-700x982.jpg",700,982,true],"woocommerce_gallery_thumbnail":["https:\/\/www.haffun.cz\/wp-content\/uploads\/2024\/12\/HAFFUN5-scaled-1-100x100.jpg",100,100,true],"variation_swatches_image_size":["https:\/\/www.haffun.cz\/wp-content\/uploads\/2024\/12\/HAFFUN5-scaled-1-50x50.jpg",50,50,true],"variation_swatches_tooltip_size":["https:\/\/www.haffun.cz\/wp-content\/uploads\/2024\/12\/HAFFUN5-scaled-1-100x100.jpg",100,100,true]},"uagb_author_info":{"display_name":"Klaudia Bu\u010dkov\u00e1","author_link":"https:\/\/www.haffun.cz\/cs\/author\/"},"uagb_comment_info":0,"uagb_excerpt":"Introduce your adult dog to the gourmet flavors and exceptional nutritional benefits of Haffun Ultra Premium Grain-Free Duck Dog Food. This ultra premium recipe is thoughtfully crafted with a substantial 50% total duck content, blended with the natural sweetness of sweet potatoes and a vibrant hint of orange. Each ingredient is selected for its nutritional&hellip;","_links":{"self":[{"href":"https:\/\/www.haffun.cz\/cs\/wp-json\/wp\/v2\/product\/4126","targetHints":{"allow":["GET"]}}],"collection":[{"href":"https:\/\/www.haffun.cz\/cs\/wp-json\/wp\/v2\/product"}],"about":[{"href":"https:\/\/www.haffun.cz\/cs\/wp-json\/wp\/v2\/types\/product"}],"replies":[{"embeddable":true,"href":"https:\/\/www.haffun.cz\/cs\/wp-json\/wp\/v2\/comments?post=4126"}],"wp:featuredmedia":[{"embeddable":true,"href":"https:\/\/www.haffun.cz\/cs\/wp-json\/wp\/v2\/media\/4165"}],"wp:attachment":[{"href":"https:\/\/www.haffun.cz\/cs\/wp-json\/wp\/v2\/media?parent=4126"}],"wp:term":[{"taxonomy":"product_brand","embeddable":true,"href":"https:\/\/www.haffun.cz\/cs\/wp-json\/wp\/v2\/product_brand?post=4126"},{"taxonomy":"product_cat","embeddable":true,"href":"https:\/\/www.haffun.cz\/cs\/wp-json\/wp\/v2\/product_cat?post=4126"},{"taxonomy":"product_tag","embeddable":true,"href":"https:\/\/www.haffun.cz\/cs\/wp-json\/wp\/v2\/product_tag?post=4126"}],"curies":[{"name":"wp","href":"https:\/\/api.w.org\/{rel}","templated":true}]}}