{"id":4143,"date":"2024-12-17T15:33:53","date_gmt":"2024-12-17T14:33:53","guid":{"rendered":"https:\/\/www.haffun.cz\/?post_type=product&#038;p=4143"},"modified":"2026-04-23T15:11:56","modified_gmt":"2026-04-23T13:11:56","slug":"adult-grain-free-salmon-with-trout","status":"publish","type":"product","link":"https:\/\/www.haffun.cz\/cs\/produkt\/adult-grain-free-salmon-with-trout\/","title":{"rendered":"Dosp\u011bl\u00ed Grain-Free \u2013 Losos se pstruhem"},"content":{"rendered":"<p>Pono\u0159te se do \u0161pi\u010dkov\u00e9 v\u00fd\u017eivy s Haffun Ultra Premium bez obilovin losos se pstruhem, speci\u00e1ln\u011b vyvinut\u00fd pro dosp\u011bl\u00e9 psy. Tento odborn\u011b vytvo\u0159en\u00fd recept m\u00eds\u00ed vysoce kvalitn\u00edho lososa a pstruha a poskytuje bohat\u00fd zdroj omega-3 mastn\u00fdch kyselin, kter\u00e9 podporuj\u00ed lesklou srst a zdravou k\u016f\u017ei. Navr\u017eeno pro nejn\u00e1ro\u010dn\u011bj\u0161\u00ed mlsn\u00e9 jaz\u00fd\u010dky, zaji\u0161\u0165uje, \u017ee si v\u00e1\u0161 pes nejen pochutn\u00e1 na j\u00eddle, ale tak\u00e9 dostane vyv\u00e1\u017eenou v\u00fd\u017eivu, kterou pot\u0159ebuje.<\/p>\n<p><strong>Slo\u017een\u00ed:<\/strong> Losos a pstruh 50% (\u010derstv\u011b p\u0159ipraven\u00fd losos a pstruh 36%, su\u0161en\u00fd losos 12% a lososov\u00fd v\u00fdvar 2%), bat\u00e1ty (24%), hr\u00e1\u0161ek (9%), brambory, \u0159epn\u00e1 du\u017eina, ln\u011bn\u00e9 sem\u00ednko, Omega 3, miner\u00e1ly, ch\u0159est (03). , FOS (fruktooligosacharidy, 96 mg\/kg), MOS (mannanoligosacharidy, 24 mg\/kg).<\/p>\n<p><strong>Analytick\u00e9 slo\u017eky:<\/strong> Hrub\u00fd protein 26%, hrub\u00fd tuk 11%, hrub\u00e1 vl\u00e1knina 3%, hrub\u00fd popel 7.5%, vlhkost 8%, NFE (bezdus\u00edkov\u00fd extrakt) 44.5%, energie 359 kcal\/100g, Omega 6 1.8%T, v\u00e1pn\u00edk Omega 3, 1.8%TP fosfor 0,9%.<\/p>\n<p><strong>V\u00fd\u017eivov\u00e9 dopl\u0148ky na 1 kg:<\/strong> Vitaminy: Vitamin A 15 000 IU (E672), Vitamin D3 2 000 IU (E671), Vitamin E 95 IU<\/p>\n<p><strong>Stopov\u00e9 prvky:<\/strong> Zinek (jako monohydr\u00e1t s\u00edranu zine\u010dnat\u00e9ho) 50 mg, \u017delezo (jako monohydr\u00e1t s\u00edranu \u017eeleznat\u00e9ho) 50 mg, Mangan (jako monohydr\u00e1t s\u00edranu manganat\u00e9ho) 35 mg, J\u00f3d (jako bezvod\u00fd jodi\u010dnan v\u00e1penat\u00fd) 1 mg, Selen (jako seleni\u010ditan sodn\u00fd) 0,3 mg.<\/p>\n<p><strong>Krmn\u00fd n\u00e1vod:<\/strong><\/p>\n<p><a href=\"https:\/\/www.haffun.sk\/wp-content\/uploads\/2024\/05\/2AC1967B-B6B9-4176-9252-DCEEBC799928.png\"><img fetchpriority=\"high\" decoding=\"async\" class=\"alignnone size-medium wp-image-3361\" src=\"https:\/\/www.haffun.sk\/wp-content\/uploads\/2024\/05\/2AC1967B-B6B9-4176-9252-DCEEBC799928-300x225.png\" alt=\"\" width=\"300\" height=\"225\" srcset=\"https:\/\/www.haffun.cz\/wp-content\/uploads\/2024\/05\/2AC1967B-B6B9-4176-9252-DCEEBC799928-300x225.png 300w, https:\/\/www.haffun.cz\/wp-content\/uploads\/2024\/05\/2AC1967B-B6B9-4176-9252-DCEEBC799928-1024x768.png 1024w, https:\/\/www.haffun.cz\/wp-content\/uploads\/2024\/05\/2AC1967B-B6B9-4176-9252-DCEEBC799928-768x576.png 768w, https:\/\/www.haffun.cz\/wp-content\/uploads\/2024\/05\/2AC1967B-B6B9-4176-9252-DCEEBC799928-1536x1152.png 1536w, https:\/\/www.haffun.cz\/wp-content\/uploads\/2024\/05\/2AC1967B-B6B9-4176-9252-DCEEBC799928-16x12.png 16w, https:\/\/www.haffun.cz\/wp-content\/uploads\/2024\/05\/2AC1967B-B6B9-4176-9252-DCEEBC799928-700x525.png 700w, https:\/\/www.haffun.cz\/wp-content\/uploads\/2024\/05\/2AC1967B-B6B9-4176-9252-DCEEBC799928.png 2000w\" sizes=\"(max-width: 300px) 100vw, 300px\" \/><\/a><\/p>\n<p><strong>Kl\u00ed\u010dov\u00e9 vlastnosti a v\u00fdhody:<\/strong><\/p>\n<p><strong>Slo\u017een\u00ed bez obilovin:<\/strong> Tento recept je ide\u00e1ln\u00ed pro psy s citlivost\u00ed na obil\u00ed a pou\u017e\u00edv\u00e1 sladk\u00e9 brambory a ch\u0159est jako v\u00fd\u017eivn\u00e9, snadno straviteln\u00e9 zdroje sacharid\u016f.<\/p>\n<p><strong>Podporuje zdrav\u00ed tr\u00e1ven\u00ed:<\/strong> S p\u0159\u00edrodn\u00ed vl\u00e1kninou ze sladk\u00fdch brambor a ch\u0159estu napom\u00e1h\u00e1 zdrav\u00e9mu tr\u00e1ven\u00ed.<\/p>\n<p><strong>Posiluje imunitn\u00ed syst\u00e9m:<\/strong> Antioxidanty z \u010derstv\u00e9 zeleniny a p\u0159idan\u00e9 vitam\u00edny pom\u00e1haj\u00ed udr\u017eovat siln\u00fd imunitn\u00ed syst\u00e9m.<\/p>\n<p><strong>Spole\u010dn\u00e1 podpora:<\/strong> Omega-3 mastn\u00e9 kyseliny z ryb a p\u0159idan\u00e9 dopl\u0148ky pom\u00e1haj\u00ed udr\u017eovat zdrav\u00e9 klouby, co\u017e je v\u00fdhodn\u00e9 zejm\u00e9na pro aktivn\u00ed psy.<\/p>\n<p><strong>Losos a pstruh (50%)<\/strong><\/p>\n<p><strong>\u010cerstv\u011b p\u0159ipraven\u00fd losos a pstruh (36%):<\/strong> Tato slo\u017eka tvo\u0159\u00ed p\u00e1te\u0159 receptury a poskytuje vysoce kvalitn\u00ed, snadno straviteln\u00e9 b\u00edlkoviny, kter\u00e9 podporuj\u00ed r\u016fst a regeneraci sval\u016f. Losos i pstruh jsou vynikaj\u00edc\u00edmi zdroji omega-3 mastn\u00fdch kyselin, kter\u00e9 jsou kl\u00ed\u010dov\u00e9 pro udr\u017een\u00ed zdrav\u00e9 k\u016f\u017ee a leskl\u00e9 srsti a tak\u00e9 pro podporu kardiovaskul\u00e1rn\u00edho a kognitivn\u00edho zdrav\u00ed.<\/p>\n<p><strong>Su\u0161en\u00fd losos (12%):<\/strong> Su\u0161en\u00fd losos je koncentrovan\u00fdm zdrojem b\u00edlkovin a omega-3 mastn\u00fdch kyselin. P\u0159id\u00e1v\u00e1 k celkov\u00e9mu obsahu b\u00edlkovin v potravin\u011b, zv\u00fdraz\u0148uje chu\u0165 a nutri\u010dn\u00ed hodnotu.<\/p>\n<p><strong>Lososov\u00fd v\u00fdvar (2%):<\/strong> Lososov\u00fd v\u00fdvar se pou\u017e\u00edv\u00e1 k p\u0159irozen\u00e9mu zv\u00fdrazn\u011bn\u00ed chuti a poskytnut\u00ed vlhkosti. Dod\u00e1v\u00e1 tak\u00e9 dal\u0161\u00ed \u017eiviny extrahovan\u00e9 z ryb b\u011bhem procesu va\u0159en\u00ed.<\/p>\n<p><strong>Sladk\u00e9 brambory<\/strong><\/p>\n<p>Bat\u00e1ty jsou bezlepkov\u00fdm zdrojem komplexn\u00edch sacharid\u016f. Jsou bohat\u00e9 na vl\u00e1kninu a beta-karoten, kter\u00e9 t\u011blo p\u0159em\u011b\u0148uje na vitam\u00edn A. Tento vitam\u00edn je \u017eivotn\u011b d\u016fle\u017eit\u00fd pro udr\u017een\u00ed zdrav\u00e9 k\u016f\u017ee, zraku a imunitn\u00edch funkc\u00ed.<\/p>\n<p><strong>Hr\u00e1ch<\/strong><\/p>\n<p>Hr\u00e1ch je zahrnut jako rostlinn\u00fd zdroj b\u00edlkovin a vl\u00e1kniny. Obsahuj\u00ed tak\u00e9 r\u016fzn\u00e9 vitam\u00edny a miner\u00e1ly, v\u010detn\u011b vitam\u00ednu K, manganu a fol\u00e1tu, kter\u00e9 podporuj\u00ed celkov\u00e9 zdrav\u00ed a metabolismus.<\/p>\n<p><strong>Brambory<\/strong><\/p>\n<p>Brambory, kter\u00e9 se pou\u017e\u00edvaj\u00ed p\u0159edev\u0161\u00edm jako zdroj sacharid\u016f, jsou energeticky bohat\u00e9 a pom\u00e1haj\u00ed p\u0159i vytv\u00e1\u0159en\u00ed struktury granul\u00ed. Poskytuj\u00ed tak\u00e9 vitam\u00edny a miner\u00e1ly, jako je vitam\u00edn C a drasl\u00edk.<\/p>\n<p><strong>\u0158epn\u00e1 du\u017eina<\/strong><\/p>\n<p>\u0158epn\u00e9 \u0159\u00edzky jsou zdrojem vl\u00e1kniny, kter\u00e1 je vynikaj\u00edc\u00ed pro tr\u00e1vic\u00ed syst\u00e9m ps\u016f. P\u016fsob\u00ed jako prebiotikum, podporuje zdrav\u00e9 st\u0159evn\u00ed bakterie a napom\u00e1h\u00e1 pravideln\u00e9mu vyprazd\u0148ov\u00e1n\u00ed.<\/p>\n<p><strong>Ln\u011bn\u00e9 sem\u00ednko<\/strong><\/p>\n<p>Ln\u011bn\u00e9 sem\u00ednko je bohat\u00e9 na omega-3 mastn\u00e9 kyseliny a lignany, kter\u00e9 mohou pomoci zlep\u0161it zdrav\u00ed k\u016f\u017ee a srsti a maj\u00ed protiz\u00e1n\u011btliv\u00e9 vlastnosti. Je tak\u00e9 dobr\u00fdm zdrojem rozpustn\u00e9 vl\u00e1kniny.<\/p>\n<p><strong>Omega 3<\/strong><\/p>\n<p>P\u0159idan\u00e9 omega-3 mastn\u00e9 kyseliny zvy\u0161uj\u00ed p\u0159irozen\u00fd obsah omega-3 z ryb, podporuj\u00ed funkci mozku, sni\u017euj\u00ed z\u00e1n\u011bty a zlep\u0161uj\u00ed zdrav\u00ed srdce.<\/p>\n<p><strong>Miner\u00e1ly<\/strong><\/p>\n<p>Esenci\u00e1ln\u00ed miner\u00e1ly obsa\u017een\u00e9 v potravin\u00e1ch pom\u00e1haj\u00ed p\u0159i r\u016fzn\u00fdch t\u011blesn\u00fdch funkc\u00edch, v\u010detn\u011b zdrav\u00ed kost\u00ed, nervov\u00e9 signalizace a celkov\u00e9ho bun\u011b\u010dn\u00e9ho metabolismu.<\/p>\n<p><strong>Ch\u0159est (0,31 TP3T)<\/strong><\/p>\n<p>Ch\u0159est m\u00e1 n\u00edzk\u00fd obsah kalori\u00ed a je dobr\u00fdm zdrojem vitam\u00edn\u016f (A, C, E, K a B6), kyseliny listov\u00e9 a vl\u00e1kniny. Podporuje zdrav\u00ed tr\u00e1ven\u00ed a m\u00e1 antioxida\u010dn\u00ed vlastnosti.<\/p>\n<p><strong>Fruktooligosacharidy (FOS, 96 mg\/kg) a mannanoligosacharidy (MOS, 24 mg\/kg)<\/strong><\/p>\n<p>FOS a MOS jsou prebiotick\u00e1 vl\u00e1knina, kter\u00e1 napom\u00e1h\u00e1 zdrav\u00e9mu tr\u00e1ven\u00ed t\u00edm, \u017ee podporuje prosp\u011b\u0161n\u00e9 bakterie ve st\u0159evech. Pom\u00e1haj\u00ed zlep\u0161it vst\u0159eb\u00e1v\u00e1n\u00ed \u017eivin a podporuj\u00ed imunitn\u00ed syst\u00e9m.<\/p>\n<p><strong>Olivov\u00fd extrakt (0,01%)<\/strong><\/p>\n<p>Olivov\u00fd extrakt je siln\u00fd antioxidant, kter\u00fd pom\u00e1h\u00e1 chr\u00e1nit bu\u0148ky t\u011bla p\u0159ed po\u0161kozen\u00edm. M\u00e1 tak\u00e9 protiz\u00e1n\u011btliv\u00e9 vlastnosti, kter\u00e9 mohou b\u00fdt p\u0159\u00ednosem pro psy s kloubn\u00edmi probl\u00e9my nebo z\u00e1n\u011btliv\u00fdmi stavy.<\/p>\n<p>Ka\u017ed\u00e1 ingredience byla vybr\u00e1na pro sv\u00e9 specifick\u00e9 nutri\u010dn\u00ed v\u00fdhody a vytvo\u0159ila vyv\u00e1\u017eenou a zdrav\u00ed podporuj\u00edc\u00ed stravu pro dosp\u011bl\u00e9 psy. Vysok\u00fd obsah lososa a pstruha zaji\u0161\u0165uje chutn\u00e9 j\u00eddlo bohat\u00e9 na \u017eivotn\u011b d\u016fle\u017eit\u00e9 \u017eiviny.<\/p>\n<p>Dop\u0159ejte sv\u00e9mu psovi lahodnou chu\u0165 Haffun Ultra Premium Grain-Free \u2013 Losos se pstruhem, kde je ka\u017ed\u00e9 sousto nabit\u00e9 \u017eivinami pot\u0159ebn\u00fdmi pro jeho zdrav\u00ed a vitalitu. Toto kompletn\u00ed a vyv\u00e1\u017een\u00e9 krmivo je ide\u00e1ln\u00ed pro dosp\u011bl\u00e9 psy v\u0161ech plemen a velikost\u00ed.<\/p>","protected":false},"excerpt":{"rendered":"<p>Dop\u0159ejte sv\u00e9mu ps\u00edmu spole\u010dn\u00edkovi bezkonkuren\u010dn\u00ed v\u00fd\u017eivu, kterou nab\u00edz\u00ed Haffun Ultra Premium Grain-Free \u2013 Losos se pstruhem. Tato pe\u010dliv\u011b vytvo\u0159en\u00e1 receptura je navr\u017eena pro dosp\u011bl\u00e9 psy, kte\u0159\u00ed prosp\u00edvaj\u00ed strav\u011b bohat\u00e9 na ryb\u00ed proteiny a omega-3 mastn\u00e9 kyseliny, kter\u00e9 jsou nezbytn\u00e9 pro udr\u017een\u00ed leskl\u00e9 srsti a zdrav\u00e9 k\u016f\u017ee. Tento recept, kter\u00fd kombinuje lahodn\u00e9 chut\u011b lososa a pstruha, nejen uspokoj\u00ed chu\u0165ov\u00e9 bu\u0148ky va\u0161eho milovan\u00e9ho mazl\u00ed\u010dka, ale tak\u00e9 zajist\u00ed, \u017ee dostanou komplexn\u00ed v\u00fd\u017eivu pot\u0159ebnou pro jejich celkov\u00e9 zdrav\u00ed a pohodu. Toto ultrapr\u00e9miov\u00e9 krmivo pro psy vyroben\u00e9 z pe\u010dliv\u011b vybran\u00fdch ingredienc\u00ed pro podporu vitality a s\u00edly vynik\u00e1 jako vynikaj\u00edc\u00ed volba pro dietn\u00ed pot\u0159eby va\u0161eho mazl\u00ed\u010dka.<\/p>","protected":false},"featured_media":4179,"comment_status":"open","ping_status":"closed","template":"","meta":{"_uag_custom_page_level_css":"","_kadence_starter_templates_imported_post":false,"_kad_post_transparent":"default","_kad_post_title":"","_kad_post_layout":"default","_kad_post_sidebar_id":"","_kad_post_content_style":"default","_kad_post_vertical_padding":"default","_kad_post_feature":"","_kad_post_feature_position":"","_kad_post_header":false,"_kad_post_footer":false},"product_brand":[],"product_cat":[93,116,101],"product_tag":[],"class_list":{"0":"post-4143","1":"product","2":"type-product","3":"status-publish","4":"has-post-thumbnail","6":"product_cat-ultra-premium-dog-food","7":"product_cat-ultra-premium-adult-dog-food","8":"product_cat-ultra-premium-dog-food-grain-free-adult","9":"pa_size-01kg","10":"pa_size-05kg","11":"pa_size-2kg","12":"pa_size-6kg","13":"pa_size-12kg","14":"pa_size-15kg","16":"first","17":"outofstock","18":"taxable","19":"shipping-taxable","20":"purchasable","21":"product-type-variable","22":"entry","23":"content-bg","24":"loop-entry"},"uagb_featured_image_src":{"full":["https:\/\/www.haffun.cz\/wp-content\/uploads\/2024\/12\/HAFFUN7-scaled-1.jpg",1825,2560,false],"thumbnail":["https:\/\/www.haffun.cz\/wp-content\/uploads\/2024\/12\/HAFFUN7-scaled-1-150x150.jpg",150,150,true],"medium":["https:\/\/www.haffun.cz\/wp-content\/uploads\/2024\/12\/HAFFUN7-scaled-1-214x300.jpg",214,300,true],"medium_large":["https:\/\/www.haffun.cz\/wp-content\/uploads\/2024\/12\/HAFFUN7-scaled-1-768x1077.jpg",768,1077,true],"large":["https:\/\/www.haffun.cz\/wp-content\/uploads\/2024\/12\/HAFFUN7-scaled-1-730x1024.jpg",730,1024,true],"1536x1536":["https:\/\/www.haffun.cz\/wp-content\/uploads\/2024\/12\/HAFFUN7-scaled-1-1095x1536.jpg",1095,1536,true],"2048x2048":["https:\/\/www.haffun.cz\/wp-content\/uploads\/2024\/12\/HAFFUN7-scaled-1-1460x2048.jpg",1460,2048,true],"trp-custom-language-flag":["https:\/\/www.haffun.cz\/wp-content\/uploads\/2024\/12\/HAFFUN7-scaled-1-9x12.jpg",9,12,true],"woocommerce_thumbnail":["https:\/\/www.haffun.cz\/wp-content\/uploads\/2024\/12\/HAFFUN7-scaled-1-800x800.jpg",800,800,true],"woocommerce_single":["https:\/\/www.haffun.cz\/wp-content\/uploads\/2024\/12\/HAFFUN7-scaled-1-700x982.jpg",700,982,true],"woocommerce_gallery_thumbnail":["https:\/\/www.haffun.cz\/wp-content\/uploads\/2024\/12\/HAFFUN7-scaled-1-100x100.jpg",100,100,true],"variation_swatches_image_size":["https:\/\/www.haffun.cz\/wp-content\/uploads\/2024\/12\/HAFFUN7-scaled-1-50x50.jpg",50,50,true],"variation_swatches_tooltip_size":["https:\/\/www.haffun.cz\/wp-content\/uploads\/2024\/12\/HAFFUN7-scaled-1-100x100.jpg",100,100,true]},"uagb_author_info":{"display_name":"Klaudia Bu\u010dkov\u00e1","author_link":"https:\/\/www.haffun.cz\/cs\/author\/"},"uagb_comment_info":1,"uagb_excerpt":"Indulge your canine companion with the unmatched nutrition offered by Haffun Ultra Premium Grain-Free - Salmon with Trout. This meticulously crafted formula is designed for adult dogs who thrive on a diet rich in fish-based proteins and omega-3 fatty acids, essential for maintaining a lustrous coat and healthy skin. Combining the delicious tastes of salmon&hellip;","_links":{"self":[{"href":"https:\/\/www.haffun.cz\/cs\/wp-json\/wp\/v2\/product\/4143","targetHints":{"allow":["GET"]}}],"collection":[{"href":"https:\/\/www.haffun.cz\/cs\/wp-json\/wp\/v2\/product"}],"about":[{"href":"https:\/\/www.haffun.cz\/cs\/wp-json\/wp\/v2\/types\/product"}],"replies":[{"embeddable":true,"href":"https:\/\/www.haffun.cz\/cs\/wp-json\/wp\/v2\/comments?post=4143"}],"wp:featuredmedia":[{"embeddable":true,"href":"https:\/\/www.haffun.cz\/cs\/wp-json\/wp\/v2\/media\/4179"}],"wp:attachment":[{"href":"https:\/\/www.haffun.cz\/cs\/wp-json\/wp\/v2\/media?parent=4143"}],"wp:term":[{"taxonomy":"product_brand","embeddable":true,"href":"https:\/\/www.haffun.cz\/cs\/wp-json\/wp\/v2\/product_brand?post=4143"},{"taxonomy":"product_cat","embeddable":true,"href":"https:\/\/www.haffun.cz\/cs\/wp-json\/wp\/v2\/product_cat?post=4143"},{"taxonomy":"product_tag","embeddable":true,"href":"https:\/\/www.haffun.cz\/cs\/wp-json\/wp\/v2\/product_tag?post=4143"}],"curies":[{"name":"wp","href":"https:\/\/api.w.org\/{rel}","templated":true}]}}