{"id":4159,"date":"2024-12-17T15:34:22","date_gmt":"2024-12-17T14:34:22","guid":{"rendered":"https:\/\/www.haffun.cz\/?post_type=product&#038;p=4159"},"modified":"2026-04-12T16:24:30","modified_gmt":"2026-04-12T14:24:30","slug":"adult-small-breed-grain-free-duck-with-sweet-potato","status":"publish","type":"product","link":"https:\/\/www.haffun.cz\/cs\/produkt\/adult-small-breed-grain-free-duck-with-sweet-potato\/","title":{"rendered":"Dosp\u011bl\u00fd pes mal\u00e9ho plemene Grein-Free \u2013 Kachna se sladk\u00fdmi bramborami"},"content":{"rendered":"<p>Dop\u0159ejte sv\u00e9mu dosp\u011bl\u00e9mu psovi mal\u00e9ho plemene vynikaj\u00edc\u00ed v\u00fd\u017eivu a delik\u00e1tn\u00ed chu\u0165 Haffun Ultra Premium bez obilnin \u2013 kachna se sladk\u00fdmi bramborami. Toto pr\u00e9miov\u00e9 krmivo pro psy, speci\u00e1ln\u011b navr\u017een\u00e9 tak, aby vyhovovalo jedine\u010dn\u00fdm dietn\u00edm pot\u0159eb\u00e1m mal\u00fdch plemen, kombinuje celkov\u00fd obsah kachny 52% s prosp\u011b\u0161nou dobrotou sladk\u00fdch brambor a osv\u011b\u017euj\u00edc\u00edm n\u00e1dechem pomeran\u010de. Ka\u017ed\u00e1 ingredience je pe\u010dliv\u011b vyb\u00edr\u00e1na tak, aby v\u00e1\u0161 pes dost\u00e1val vyv\u00e1\u017eenou stravu, kter\u00e1 podporuje jeho celkov\u00e9 zdrav\u00ed, vitalitu a tr\u00e1vic\u00ed pohodu.<\/p>\n<p><strong>Slo\u017een\u00ed:<\/strong> Kachna 52% (v\u010detn\u011b 26% \u010derstv\u011b p\u0159ipraven\u00e9 kachny, 24% su\u0161en\u00e9 kachny a 2% kachn\u00edho v\u00fdvaru), sladk\u00e9 brambory (26%), hr\u00e1\u0161ek (8%), brambory, dopln\u011bk Omega 3, ln\u011bn\u00e9 sem\u00ednko, \u0159epn\u00e1 du\u017eina, miner\u00e1ly, pomeran\u010d (0,3%), cranberry FOS 96 mg\/kg, MOS 24 mg\/kg.<\/p>\n<p><strong>Analytick\u00e9 slo\u017eky:<\/strong> Hrub\u00fd protein 26%, Hrub\u00fd tuk 15,5%, Hrub\u00e1 vl\u00e1knina 3%, Hrub\u00fd popel 9%, Vlhkost 8%, NFE (extrakt bez dus\u00edku) 38,5%, Energie ME 375 Kcal\/100 g.1 Omega3 3 TP3 % , fosfor 1.2%<\/p>\n<p><strong>V\u00fd\u017eivov\u00e9 dopl\u0148ky na 1 kg:<\/strong> Vitaminy: Vitamin A 15 000 IU (E672), Vitamin D3 2 000 IU (E671), Vitamin E 95 IU<\/p>\n<p><strong>Stopov\u00e9 prvky na 1 kg:<\/strong> Zinek (jako monohydr\u00e1t s\u00edranu zine\u010dnat\u00e9ho) 50 mg, \u017delezo (jako monohydr\u00e1t s\u00edranu \u017eeleznat\u00e9ho) 50 mg, Mangan (jako monohydr\u00e1t s\u00edranu manganat\u00e9ho) 35 mg, M\u011b\u010f (jako pentahydr\u00e1t s\u00edranu m\u011b\u010fnat\u00e9ho) 15 mg, J\u00f3d (jako bezvod\u00fd jodi\u010dnan v\u00e1penat\u00fd) 1 mg, Selen (jako seleni\u010ditan sodn\u00fd) 0,3 mg.<\/p>\n<p><strong>Krmn\u00fd n\u00e1vod:<\/strong><\/p>\n<p><a href=\"https:\/\/www.haffun.sk\/wp-content\/uploads\/2024\/05\/6EC21A10-0BD3-4B0F-87FE-B57666C4E2FD.png\"><img fetchpriority=\"high\" decoding=\"async\" class=\"alignnone size-medium wp-image-3352\" src=\"https:\/\/www.haffun.sk\/wp-content\/uploads\/2024\/05\/6EC21A10-0BD3-4B0F-87FE-B57666C4E2FD-300x225.png\" alt=\"\" width=\"300\" height=\"225\" srcset=\"https:\/\/www.haffun.cz\/wp-content\/uploads\/2024\/05\/6EC21A10-0BD3-4B0F-87FE-B57666C4E2FD-300x225.png 300w, https:\/\/www.haffun.cz\/wp-content\/uploads\/2024\/05\/6EC21A10-0BD3-4B0F-87FE-B57666C4E2FD-1024x768.png 1024w, https:\/\/www.haffun.cz\/wp-content\/uploads\/2024\/05\/6EC21A10-0BD3-4B0F-87FE-B57666C4E2FD-768x576.png 768w, https:\/\/www.haffun.cz\/wp-content\/uploads\/2024\/05\/6EC21A10-0BD3-4B0F-87FE-B57666C4E2FD-1536x1152.png 1536w, https:\/\/www.haffun.cz\/wp-content\/uploads\/2024\/05\/6EC21A10-0BD3-4B0F-87FE-B57666C4E2FD-16x12.png 16w, https:\/\/www.haffun.cz\/wp-content\/uploads\/2024\/05\/6EC21A10-0BD3-4B0F-87FE-B57666C4E2FD-700x525.png 700w, https:\/\/www.haffun.cz\/wp-content\/uploads\/2024\/05\/6EC21A10-0BD3-4B0F-87FE-B57666C4E2FD.png 2000w\" sizes=\"(max-width: 300px) 100vw, 300px\" \/><\/a><\/p>\n<p><strong>Kl\u00ed\u010dov\u00e9 vlastnosti a v\u00fdhody:<\/strong><\/p>\n<p><strong>Slo\u017een\u00ed bez obilovin:<\/strong> Tato receptura bez obilovin je ide\u00e1ln\u00ed pro psy s p\u0159ecitliv\u011blost\u00ed na obilniny nebo alergiemi, zaji\u0161\u0165uje optim\u00e1ln\u00ed tr\u00e1ven\u00ed a sni\u017euje riziko alergick\u00fdch reakc\u00ed.<\/p>\n<p><strong>Zdrav\u00ed tr\u00e1ven\u00ed:<\/strong> Tato receptura obohacen\u00e1 o prebiotika a slo\u017eky bohat\u00e9 na vl\u00e1kninu podporuje zdrav\u00e9 st\u0159evn\u00ed prost\u0159ed\u00ed, podporuje lep\u0161\u00ed vst\u0159eb\u00e1v\u00e1n\u00ed \u017eivin a pravideln\u00e9 tr\u00e1ven\u00ed.<\/p>\n<p><strong>Vysoce kvalitn\u00ed protein:<\/strong> Kachna je libov\u00fd, vysoce straviteln\u00fd zdroj b\u00edlkovin, kter\u00fd podporuje siln\u00e9 svaly a celkovou fyzickou kondici.<\/p>\n<p><strong>Podporuje imunitn\u00ed syst\u00e9m:<\/strong> P\u0159\u00edrodn\u00ed vitam\u00edny a antioxidanty ve sladk\u00fdch brambor\u00e1ch a pomeran\u010d\u00edch pom\u00e1haj\u00ed posilovat imunitn\u00ed syst\u00e9m.<\/p>\n<p><strong>Zdrav\u00e1 k\u016f\u017ee a srst:<\/strong> Obsahuje omega mastn\u00e9 kyseliny z p\u0159\u00edrodn\u00edch zdroj\u016f, kter\u00e9 pom\u00e1haj\u00ed udr\u017eovat lesklou srst a zdravou k\u016f\u017ei.<\/p>\n<p><strong>Bez um\u011bl\u00fdch p\u0159\u00edsad:<\/strong> Bez um\u011bl\u00fdch barviv, p\u0159\u00edchut\u00ed nebo konzerva\u010dn\u00edch l\u00e1tek, co\u017e zaji\u0161\u0165uje \u010distou a zdravou stravu pro va\u0161eho psa.<\/p>\n<p><strong>Ingredience:<\/strong><\/p>\n<p><strong>Kachna (52%)<\/strong><\/p>\n<p><strong>\u010cerstv\u011b p\u0159ipraven\u00e1 kachna (26%):<\/strong> Poskytuje vysoce kvalitn\u00ed, lehce straviteln\u00fd zdroj b\u00edlkovin, kter\u00fd podporuje rozvoj a udr\u017een\u00ed sval\u016f. \u010cerstv\u00e1 kachna je tak\u00e9 bohat\u00e1 na esenci\u00e1ln\u00ed aminokyseliny a prosp\u011b\u0161n\u00e9 tuky, kter\u00e9 podporuj\u00ed zdravou srst a k\u016f\u017ei.<\/p>\n<p><strong>Su\u0161en\u00e1 kachna (24%):<\/strong> Koncentrovan\u00fd zdroj b\u00edlkovin, kter\u00fd pom\u00e1h\u00e1 zv\u00fd\u0161it celkov\u00fd obsah b\u00edlkovin v potravin\u011b. Nab\u00edz\u00ed z\u00e1kladn\u00ed \u017eiviny pot\u0159ebn\u00e9 pro energii a regeneraci sval\u016f.<\/p>\n<p><strong>Kachn\u00ed v\u00fdvar (2%):<\/strong> Dod\u00e1v\u00e1 vlhkost a chu\u0165, d\u00edky \u010demu\u017e je j\u00eddlo chutn\u011bj\u0161\u00ed a z\u00e1rove\u0148 poskytuje dal\u0161\u00ed \u017eiviny a hydrataci.<\/p>\n<p><strong>Sladk\u00e9 brambory (26%)<\/strong><\/p>\n<p>Zdroj sacharid\u016f bohat\u00fd na \u017eiviny, kter\u00fd je bohat\u00fd na vl\u00e1kninu, vitam\u00edny A, C a B6 a miner\u00e1ly, jako je mangan a drasl\u00edk. Sladk\u00e9 brambory podporuj\u00ed zdrav\u00ed tr\u00e1ven\u00ed a poskytuj\u00ed trvalou energii.<\/p>\n<p><strong>Hr\u00e1ch (8%)<\/strong><\/p>\n<p>Hr\u00e1ch je dobr\u00fdm zdrojem rostlinn\u00fdch b\u00edlkovin a vl\u00e1kniny, p\u0159isp\u00edv\u00e1 ke zdrav\u00ed sval\u016f a pravidelnosti tr\u00e1ven\u00ed. Obsahuj\u00ed tak\u00e9 vitam\u00edny, jako je K, A a n\u011bkolik vitam\u00edn\u016f B, stejn\u011b jako miner\u00e1ly, jako je \u017eelezo a zinek.<\/p>\n<p><strong>Brambory<\/strong><\/p>\n<p>Slou\u017e\u00ed jako dal\u0161\u00ed zdroj sacharid\u016f, poskytuj\u00edc\u00ed energii a z\u00e1kladn\u00ed \u017eiviny v\u010detn\u011b vitam\u00ednu C, vitam\u00ednu B6 a drasl\u00edku. Brambory jsou tak\u00e9 dob\u0159e straviteln\u00e9 a podporuj\u00ed celkov\u00e9 zdrav\u00ed.<\/p>\n<p><strong>Dopln\u011bk Omega 3<\/strong><\/p>\n<p>Obohacuje krmivo o esenci\u00e1ln\u00ed mastn\u00e9 kyseliny, kter\u00e9 podporuj\u00ed funkci mozku, sni\u017euj\u00ed z\u00e1n\u011bty a podporuj\u00ed zdravou k\u016f\u017ei a srst.<\/p>\n<p><strong>Ln\u011bn\u00e9 sem\u00ednko<\/strong><\/p>\n<p>Ln\u011bn\u00e9 sem\u00ednko bohat\u00e9 na omega-3 mastn\u00e9 kyseliny a vl\u00e1kninu podporuje zdravou k\u016f\u017ei a srst, podporuje zdrav\u00ed tr\u00e1vic\u00edho traktu a m\u016f\u017ee pomoci sn\u00ed\u017eit z\u00e1n\u011bt.<\/p>\n<p><strong>\u0158epn\u00e1 du\u017eina<\/strong><\/p>\n<p>\u0158epn\u00e9 \u0159\u00edzky, vynikaj\u00edc\u00ed zdroj rozpustn\u00e9 i nerozpustn\u00e9 vl\u00e1kniny, podporuj\u00ed zdrav\u00e9 tr\u00e1ven\u00ed a pom\u00e1haj\u00ed udr\u017eovat pevnou stolici.<\/p>\n<p><strong>Miner\u00e1ly<\/strong><\/p>\n<p>Sm\u011bs z\u00e1kladn\u00edch miner\u00e1l\u016f v\u010detn\u011b v\u00e1pn\u00edku, fosforu, zinku, \u017eeleza, manganu, m\u011bdi, j\u00f3du a selenu. Tyto miner\u00e1ly podporuj\u00ed r\u016fzn\u00e9 t\u011blesn\u00e9 funkce, v\u010detn\u011b zdrav\u00ed kost\u00ed, nervov\u00fdch funkc\u00ed a celkov\u00e9ho bun\u011b\u010dn\u00e9ho metabolismu.<\/p>\n<p><strong>Oran\u017eov\u00e1 (0,3%)<\/strong><\/p>\n<p>Dod\u00e1v\u00e1 osv\u011b\u017euj\u00edc\u00ed chu\u0165 a je bohat\u00fd na vitam\u00edn C, kter\u00fd p\u016fsob\u00ed jako antioxidant, podporuje imunitn\u00ed syst\u00e9m a celkov\u00e9 zdrav\u00ed.<\/p>\n<p><strong>Brusinka<\/strong><\/p>\n<p>Brusinky, zn\u00e1m\u00e9 pro sv\u00e9 p\u0159\u00ednosy pro zdrav\u00ed mo\u010dov\u00e9ho traktu, maj\u00ed tak\u00e9 vysok\u00fd obsah antioxidant\u016f a vitam\u00edn\u016f, kter\u00e9 podporuj\u00ed imunitn\u00ed funkci a celkov\u00e9 zdrav\u00ed.<\/p>\n<p><strong>Fruktooligosacharidy (FOS, 96 mg\/kg)<\/strong><\/p>\n<p>Prebiotick\u00e1 vl\u00e1knina, kter\u00e1 podporuje r\u016fst prosp\u011b\u0161n\u00fdch st\u0159evn\u00edch bakteri\u00ed, zlep\u0161uje tr\u00e1ven\u00ed a vst\u0159eb\u00e1v\u00e1n\u00ed \u017eivin.<\/p>\n<p><strong>Mannanoligosacharidy (MOS, 24 mg\/kg)<\/strong><\/p>\n<p>Dal\u0161\u00ed typ prebiotik, kter\u00fd podporuje imunitn\u00ed syst\u00e9m t\u00edm, \u017ee br\u00e1n\u00ed \u0161kodliv\u00fdm bakteri\u00edm uchytit se na st\u0159evn\u00ed v\u00fdstelce, \u010d\u00edm\u017e podporuje zdrav\u00fd tr\u00e1vic\u00ed trakt.<\/p>\n<p>Toto slo\u017een\u00ed poskytuje plnohodnotn\u00e9, v\u00fd\u017eivn\u00e9 a chutn\u00e9 krmivo pro dosp\u011bl\u00e9 psy mal\u00fdch plemen se zam\u011b\u0159en\u00edm na vysoce kvalitn\u00ed b\u00edlkoviny, z\u00e1kladn\u00ed \u017eiviny a p\u0159\u00edsady, kter\u00e9 podporuj\u00ed celkov\u00e9 zdrav\u00ed a pohodu.<\/p>\n<p>Vyberte si Haffun Ultra Premium Premium bez obilnin pro dosp\u011bl\u00e9 mal\u00e9 plemeno \u2013 kachna se sladk\u00fdmi bramborami a pomeran\u010dem pro vyv\u00e1\u017een\u00e9, lahodn\u00e9 a v\u00fd\u017eivn\u00e9 j\u00eddlo, kter\u00e9 udr\u017e\u00ed va\u0161eho dosp\u011bl\u00e9ho psa mal\u00e9ho plemene \u0161\u0165astn\u00e9ho, zdrav\u00e9ho a aktivn\u00edho.<\/p>\n<p>&nbsp;<\/p>","protected":false},"excerpt":{"rendered":"<p>Dop\u0159ejte sv\u00e9mu dosp\u011bl\u00e9mu psovi mal\u00e9ho plemene tu nejlep\u0161\u00ed v\u00fd\u017eivu a chu\u0165 s Haffun Ultra Premium bez obilnin \u2013 kachna se sladk\u00fdmi bramborami a pomeran\u010dem. Tato speci\u00e1ln\u011b vytvo\u0159en\u00e1 receptura je navr\u017eena tak, aby vyhovovala jedine\u010dn\u00fdm dietn\u00edm pot\u0159eb\u00e1m mal\u00fdch plemen a nab\u00eddla jim gurm\u00e1nsk\u00e9 j\u00eddlo, kter\u00e9 kombinuje ty nejkvalitn\u011bj\u0161\u00ed ingredience. Toto krmivo s p\u016fsobiv\u00fdm celkov\u00fdm obsahem 52% poskytuje bohat\u00fd zdroj b\u00edlkovin nezbytn\u00fdch pro udr\u017een\u00ed \u010dist\u00e9 svalov\u00e9 hmoty a podporu aktivn\u00edho \u017eivotn\u00edho stylu. Zahrnut\u00ed zdrav\u00fdch sladk\u00fdch brambor a osv\u011b\u017euj\u00edc\u00ed chuti pomeran\u010de nejen zv\u00fdrazn\u00ed chu\u0165, ale tak\u00e9 zajist\u00ed, \u017ee v\u00e1\u0161 pes dostane vyv\u00e1\u017eenou stravu plnou z\u00e1kladn\u00edch vitam\u00edn\u016f a miner\u00e1l\u016f. Ka\u017ed\u00e1 slo\u017eka je pe\u010dliv\u011b vyb\u00edr\u00e1na tak, aby podporovala celkov\u00e9 zdrav\u00ed, vitalitu a optim\u00e1ln\u00ed tr\u00e1vic\u00ed pohodu, co\u017e z n\u00ed d\u011bl\u00e1 perfektn\u00ed volbu pro va\u0161eho milovan\u00e9ho spole\u010dn\u00edka mal\u00e9ho plemene.<\/p>","protected":false},"featured_media":4195,"comment_status":"open","ping_status":"closed","template":"","meta":{"_uag_custom_page_level_css":"","_kadence_starter_templates_imported_post":false,"_kad_post_transparent":"default","_kad_post_title":"","_kad_post_layout":"default","_kad_post_sidebar_id":"","_kad_post_content_style":"default","_kad_post_vertical_padding":"default","_kad_post_feature":"","_kad_post_feature_position":"","_kad_post_header":false,"_kad_post_footer":false},"product_brand":[],"product_cat":[93,116,110],"product_tag":[],"class_list":{"0":"post-4159","1":"product","2":"type-product","3":"status-publish","4":"has-post-thumbnail","6":"product_cat-ultra-premium-dog-food","7":"product_cat-ultra-premium-adult-dog-food","8":"product_cat-ultra-premium-dog-food-grain-free-small-breed","9":"pa_size-01kg","10":"pa_size-05kg","11":"pa_size-2kg","12":"pa_size-6kg","13":"pa_size-12kg","14":"pa_size-15kg","16":"first","17":"instock","18":"taxable","19":"shipping-taxable","20":"purchasable","21":"product-type-variable","22":"entry","23":"content-bg","24":"loop-entry"},"uagb_featured_image_src":{"full":["https:\/\/www.haffun.cz\/wp-content\/uploads\/2024\/12\/HAFFUN10-scaled-1.jpg",1825,2560,false],"thumbnail":["https:\/\/www.haffun.cz\/wp-content\/uploads\/2024\/12\/HAFFUN10-scaled-1-150x150.jpg",150,150,true],"medium":["https:\/\/www.haffun.cz\/wp-content\/uploads\/2024\/12\/HAFFUN10-scaled-1-214x300.jpg",214,300,true],"medium_large":["https:\/\/www.haffun.cz\/wp-content\/uploads\/2024\/12\/HAFFUN10-scaled-1-768x1077.jpg",768,1077,true],"large":["https:\/\/www.haffun.cz\/wp-content\/uploads\/2024\/12\/HAFFUN10-scaled-1-730x1024.jpg",730,1024,true],"1536x1536":["https:\/\/www.haffun.cz\/wp-content\/uploads\/2024\/12\/HAFFUN10-scaled-1-1095x1536.jpg",1095,1536,true],"2048x2048":["https:\/\/www.haffun.cz\/wp-content\/uploads\/2024\/12\/HAFFUN10-scaled-1-1460x2048.jpg",1460,2048,true],"trp-custom-language-flag":["https:\/\/www.haffun.cz\/wp-content\/uploads\/2024\/12\/HAFFUN10-scaled-1-9x12.jpg",9,12,true],"woocommerce_thumbnail":["https:\/\/www.haffun.cz\/wp-content\/uploads\/2024\/12\/HAFFUN10-scaled-1-800x800.jpg",800,800,true],"woocommerce_single":["https:\/\/www.haffun.cz\/wp-content\/uploads\/2024\/12\/HAFFUN10-scaled-1-700x982.jpg",700,982,true],"woocommerce_gallery_thumbnail":["https:\/\/www.haffun.cz\/wp-content\/uploads\/2024\/12\/HAFFUN10-scaled-1-100x100.jpg",100,100,true],"variation_swatches_image_size":["https:\/\/www.haffun.cz\/wp-content\/uploads\/2024\/12\/HAFFUN10-scaled-1-50x50.jpg",50,50,true],"variation_swatches_tooltip_size":["https:\/\/www.haffun.cz\/wp-content\/uploads\/2024\/12\/HAFFUN10-scaled-1-100x100.jpg",100,100,true]},"uagb_author_info":{"display_name":"Klaudia Bu\u010dkov\u00e1","author_link":"https:\/\/www.haffun.cz\/cs\/author\/"},"uagb_comment_info":0,"uagb_excerpt":"Provide your small breed adult dog with the ultimate in nutrition and taste with Haffun Ultra Premium Grain-Free - Duck with Sweet Potato and Orange. This specially crafted formula is designed to cater to the unique dietary needs of small breeds, offering them a gourmet meal that combines the finest quality ingredients. Featuring an impressive&hellip;","_links":{"self":[{"href":"https:\/\/www.haffun.cz\/cs\/wp-json\/wp\/v2\/product\/4159","targetHints":{"allow":["GET"]}}],"collection":[{"href":"https:\/\/www.haffun.cz\/cs\/wp-json\/wp\/v2\/product"}],"about":[{"href":"https:\/\/www.haffun.cz\/cs\/wp-json\/wp\/v2\/types\/product"}],"replies":[{"embeddable":true,"href":"https:\/\/www.haffun.cz\/cs\/wp-json\/wp\/v2\/comments?post=4159"}],"wp:featuredmedia":[{"embeddable":true,"href":"https:\/\/www.haffun.cz\/cs\/wp-json\/wp\/v2\/media\/4195"}],"wp:attachment":[{"href":"https:\/\/www.haffun.cz\/cs\/wp-json\/wp\/v2\/media?parent=4159"}],"wp:term":[{"taxonomy":"product_brand","embeddable":true,"href":"https:\/\/www.haffun.cz\/cs\/wp-json\/wp\/v2\/product_brand?post=4159"},{"taxonomy":"product_cat","embeddable":true,"href":"https:\/\/www.haffun.cz\/cs\/wp-json\/wp\/v2\/product_cat?post=4159"},{"taxonomy":"product_tag","embeddable":true,"href":"https:\/\/www.haffun.cz\/cs\/wp-json\/wp\/v2\/product_tag?post=4159"}],"curies":[{"name":"wp","href":"https:\/\/api.w.org\/{rel}","templated":true}]}}