{"id":4168,"date":"2024-12-17T15:34:50","date_gmt":"2024-12-17T14:34:50","guid":{"rendered":"https:\/\/www.haffun.cz\/?post_type=product&#038;p=4168"},"modified":"2026-04-12T16:23:31","modified_gmt":"2026-04-12T14:23:31","slug":"adult-small-breed-grain-free-salmon-with-trout","status":"publish","type":"product","link":"https:\/\/www.haffun.cz\/cs\/produkt\/adult-small-breed-grain-free-salmon-with-trout\/","title":{"rendered":"Dosp\u011bl\u00fd pes mal\u00e9ho plemene Grain-Free \u2013 Losos se pstruhem"},"content":{"rendered":"<p>Dop\u0159ejte sv\u00e9mu dosp\u011bl\u00e9mu psovi mal\u00e9ho plemene tu nejlep\u0161\u00ed v\u00fd\u017eivu a chu\u0165 s Haffun Ultra Premium bez obilnin \u2013 losos s pstruhem, sladk\u00fdmi bramborami a ch\u0159estem. Tato pr\u00e9miov\u00e1 receptura je p\u0159izp\u016fsobena jedine\u010dn\u00fdm dietn\u00edm pot\u0159eb\u00e1m mal\u00fdch plemen a kombinuje bohatou chu\u0165 lososa a pstruha se zdravou dobrotou sladk\u00fdch brambor a ch\u0159estu. Toto bezobiln\u00e9 krmivo pro psy s pe\u010dliv\u00fdm slo\u017een\u00edm, kter\u00e9 podporuje celkov\u00e9 zdrav\u00ed a vitalitu, zaji\u0161\u0165uje, \u017ee v\u00e1\u0161 pes mal\u00e9ho plemene prosp\u00edv\u00e1 s ka\u017ed\u00fdm j\u00eddlem.<\/p>\n<p><strong>Slo\u017een\u00ed:<\/strong> Losos a pstruh 53% (v\u010detn\u011b 27% \u010derstv\u011b p\u0159ipraven\u00e9ho lososa a pstruha, 20% su\u0161en\u00fd losos, 4% lososov\u00fd olej a 2% lososov\u00fd v\u00fdvar), sladk\u00e9 brambory (22%), hr\u00e1\u0161ek (9%), brambory, \u0159epn\u00e1 du\u017eina, ln\u011bn\u00e9 sem\u00ednko, Omega 3, miner\u00e1ln\u00ed l\u00e1tky ch\u0159est (0,3%), FOS (fruktooligosacharidy, 96 mg\/kg), MOS (mannan oligosacharidy, 24 mg\/kg).<\/p>\n<p><strong>Analytick\u00e9 slo\u017eky:<\/strong> Hrub\u00fd protein 27%, Hrub\u00fd tuk 15%, Hrub\u00e1 vl\u00e1knina 3%, Hrub\u00fd popel 8%, Vlhkost 8%, NFE (bezdus\u00edkov\u00fd extrakt) 39%, 376 Kcal\/100 g, Omega 3T Omega3 3TP3 1.1TP3 Energie T, fosfor 1.5%<\/p>\n<p><strong>V\u00fd\u017eivov\u00e9 dopl\u0148ky na 1 kg:<\/strong> Vitaminy: Vitamin A 15 000 IU (E672), Vitamin D3 2 000 IU (E671), Vitamin E 95 IU<\/p>\n<p><strong>Stopov\u00e9 prvky na 1 kg:<\/strong> Zinek (jako monohydr\u00e1t s\u00edranu zine\u010dnat\u00e9ho) 50 mg, \u017delezo (jako monohydr\u00e1t s\u00edranu \u017eeleznat\u00e9ho) 50 mg, Mangan (jako monohydr\u00e1t s\u00edranu manganat\u00e9ho) 35 mg, J\u00f3d (jako bezvod\u00fd jodi\u010dnan v\u00e1penat\u00fd) 1 mg.<\/p>\n<p><strong>Krmn\u00fd n\u00e1vod:<\/strong><\/p>\n<p><a href=\"https:\/\/www.haffun.sk\/wp-content\/uploads\/2024\/05\/DCEBD8FA-E1F3-4BE3-9BC1-72CC9C4E1F5E.png\"><img fetchpriority=\"high\" decoding=\"async\" class=\"alignnone size-medium wp-image-3350\" src=\"https:\/\/www.haffun.sk\/wp-content\/uploads\/2024\/05\/DCEBD8FA-E1F3-4BE3-9BC1-72CC9C4E1F5E-300x225.png\" alt=\"\" width=\"300\" height=\"225\" srcset=\"https:\/\/www.haffun.cz\/wp-content\/uploads\/2024\/05\/DCEBD8FA-E1F3-4BE3-9BC1-72CC9C4E1F5E-300x225.png 300w, https:\/\/www.haffun.cz\/wp-content\/uploads\/2024\/05\/DCEBD8FA-E1F3-4BE3-9BC1-72CC9C4E1F5E-1024x768.png 1024w, https:\/\/www.haffun.cz\/wp-content\/uploads\/2024\/05\/DCEBD8FA-E1F3-4BE3-9BC1-72CC9C4E1F5E-768x576.png 768w, https:\/\/www.haffun.cz\/wp-content\/uploads\/2024\/05\/DCEBD8FA-E1F3-4BE3-9BC1-72CC9C4E1F5E-1536x1152.png 1536w, https:\/\/www.haffun.cz\/wp-content\/uploads\/2024\/05\/DCEBD8FA-E1F3-4BE3-9BC1-72CC9C4E1F5E-16x12.png 16w, https:\/\/www.haffun.cz\/wp-content\/uploads\/2024\/05\/DCEBD8FA-E1F3-4BE3-9BC1-72CC9C4E1F5E-700x525.png 700w, https:\/\/www.haffun.cz\/wp-content\/uploads\/2024\/05\/DCEBD8FA-E1F3-4BE3-9BC1-72CC9C4E1F5E.png 2000w\" sizes=\"(max-width: 300px) 100vw, 300px\" \/><\/a><\/p>\n<p><strong>Kl\u00ed\u010dov\u00e9 vlastnosti a v\u00fdhody:<\/strong><\/p>\n<p><strong>Slo\u017een\u00ed bez obilovin:<\/strong> Ide\u00e1ln\u00ed pro psy mal\u00fdch plemen s citlivost\u00ed na obilniny, toto slo\u017een\u00ed vyu\u017e\u00edv\u00e1 alternativn\u00ed sacharidy k podpo\u0159e optim\u00e1ln\u00edho tr\u00e1ven\u00ed a sn\u00ed\u017een\u00ed rizika alergick\u00fdch reakc\u00ed.<\/p>\n<p><strong>P\u0159idan\u00fd dopln\u011bk Omega 3:<\/strong> Omega 3 mastn\u00e9 kyseliny jsou obsa\u017eeny pro podporu zdrav\u00ed k\u016f\u017ee a srsti, funkce kloub\u016f a kognitivn\u00ed v\u00fdvoj.<\/p>\n<p><strong>Vysoce kvalitn\u00ed protein:<\/strong> Losos a pstruh poskytuj\u00ed esenci\u00e1ln\u00ed aminokyseliny a mastn\u00e9 kyseliny, kter\u00e9 pom\u00e1haj\u00ed udr\u017eovat siln\u00e9 svaly a podporuj\u00ed zdravou k\u016f\u017ei a srst.<\/p>\n<p><strong>Zdrav\u00ed tr\u00e1ven\u00ed:<\/strong> Ingredience jako sladk\u00e9 brambory a ch\u0159est jsou bohat\u00e9 na vl\u00e1kninu, podporuj\u00ed zdrav\u00fd tr\u00e1vic\u00ed syst\u00e9m a napom\u00e1haj\u00ed vst\u0159eb\u00e1v\u00e1n\u00ed \u017eivin.<\/p>\n<p><strong>Podpora imunity:<\/strong> Antioxidanty ze sladk\u00fdch brambor a ch\u0159estu pom\u00e1haj\u00ed pos\u00edlit imunitn\u00ed syst\u00e9m a udr\u017eovat va\u0161eho psa zdrav\u00e9ho a aktivn\u00edho.<\/p>\n<p><strong>Bez um\u011bl\u00fdch p\u0159\u00edsad:<\/strong> Bez um\u011bl\u00fdch barviv, p\u0159\u00edchut\u00ed nebo konzerva\u010dn\u00edch l\u00e1tek, co\u017e zaji\u0161\u0165uje p\u0159irozenou a zdravou stravu pro va\u0161eho mazl\u00ed\u010dka.<\/p>\n<p><strong>Ingredience:<\/strong><\/p>\n<p><strong>Losos a pstruh (53%)<\/strong><\/p>\n<p><strong>\u010cerstv\u011b p\u0159ipraven\u00fd losos a pstruh (27%):<\/strong> Tento vysoce kvalitn\u00ed zdroj b\u00edlkovin je nezbytn\u00fd pro rozvoj a obnovu sval\u016f. Losos a pstruh jsou bohat\u00e9 na omega-3 mastn\u00e9 kyseliny, kter\u00e9 podporuj\u00ed zdrav\u00ed srdce, sni\u017euj\u00ed z\u00e1n\u011bty a podporuj\u00ed lesklou srst.<\/p>\n<p><strong>Su\u0161en\u00fd losos (20%):<\/strong> Poskytuje koncentrovan\u00fd zdroj b\u00edlkovin a \u017eivin. Su\u0161en\u00fd losos zlep\u0161uje chu\u0165 a nutri\u010dn\u00ed profil krmiva a zaji\u0161\u0165uje, \u017ee v\u00e1\u0161 pes dostane trvalou energii po cel\u00fd den.<\/p>\n<p><strong>Lososov\u00fd olej (4%):<\/strong> Lososov\u00fd olej, bohat\u00fd na omega-3 mastn\u00e9 kyseliny, pom\u00e1h\u00e1 udr\u017eovat zdravou k\u016f\u017ei a srst, podporuje kognitivn\u00ed funkce a m\u00e1 protiz\u00e1n\u011btliv\u00e9 vlastnosti prosp\u011b\u0161n\u00e9 pro zdrav\u00ed kloub\u016f.<\/p>\n<p><strong>Lososov\u00fd v\u00fdvar (2%):<\/strong> Dod\u00e1v\u00e1 vlhkost a chu\u0165, d\u00edky \u010demu\u017e je j\u00eddlo chutn\u011bj\u0161\u00ed. Poskytuje tak\u00e9 dal\u0161\u00ed \u017eiviny, kter\u00e9 jsou snadno straviteln\u00e9.<\/p>\n<p><strong>Sladk\u00e9 brambory (22%)<\/strong><\/p>\n<p>Sladk\u00e9 brambory jsou zdrojem sacharid\u016f bohat\u00fdch na \u017eiviny, bohat\u00fdm na vl\u00e1kninu, vitam\u00edny A a C a miner\u00e1ly, jako je mangan a drasl\u00edk. Podporuj\u00ed zdrav\u00ed tr\u00e1ven\u00ed, poskytuj\u00ed trvalou energii a podporuj\u00ed zdrav\u00fd imunitn\u00ed syst\u00e9m.<\/p>\n<p><strong>Hr\u00e1ch (9%)<\/strong><\/p>\n<p>Hr\u00e1ch je dobr\u00fdm zdrojem rostlinn\u00fdch b\u00edlkovin a vl\u00e1kniny. Nab\u00edzej\u00ed tak\u00e9 z\u00e1kladn\u00ed vitam\u00edny, jako je K a A, stejn\u011b jako miner\u00e1ly, jako je \u017eelezo a zinek, kter\u00e9 p\u0159isp\u00edvaj\u00ed k celkov\u00e9mu zdrav\u00ed a pohod\u011b.<\/p>\n<p><strong>Brambory<\/strong><\/p>\n<p>Brambory slou\u017e\u00ed jako straviteln\u00fd zdroj sacharid\u016f, poskytuj\u00ed energii a z\u00e1kladn\u00ed \u017eiviny, jako je vitam\u00edn C, vitam\u00edn B6 a drasl\u00edk. Pom\u00e1haj\u00ed podporovat zdrav\u00fd tr\u00e1vic\u00ed syst\u00e9m.<\/p>\n<p><strong>\u0158epn\u00e1 du\u017eina<\/strong><\/p>\n<p>\u0158epn\u00e9 \u0159\u00edzky jsou vynikaj\u00edc\u00edm zdrojem rozpustn\u00e9 i nerozpustn\u00e9 vl\u00e1kniny. Podporuje zdrav\u00e9 tr\u00e1ven\u00ed, pom\u00e1h\u00e1 udr\u017eovat pevnou stolici a podporuje vyv\u00e1\u017eenou st\u0159evn\u00ed mikrofl\u00f3ru.<\/p>\n<p><strong>Ln\u011bn\u00e9 sem\u00ednko<\/strong><\/p>\n<p>Ln\u011bn\u00e9 sem\u00ednko je bohat\u00e9 na omega-3 mastn\u00e9 kyseliny a vl\u00e1kninu. Podporuje zdravou srst a k\u016f\u017ei, podporuje zdrav\u00ed tr\u00e1ven\u00ed a m\u016f\u017ee pomoci sn\u00ed\u017eit z\u00e1n\u011bt. Obsahuje tak\u00e9 lignany, kter\u00e9 maj\u00ed antioxida\u010dn\u00ed vlastnosti.<\/p>\n<p><strong>Omega 3<\/strong><\/p>\n<p>Tento dopln\u011bk stravy obohacuje stravu o esenci\u00e1ln\u00ed mastn\u00e9 kyseliny, kter\u00e9 podporuj\u00ed funkci mozku, sni\u017euj\u00ed z\u00e1n\u011bty a podporuj\u00ed zdravou k\u016f\u017ei a srst.<\/p>\n<p><strong>Miner\u00e1ly<\/strong><\/p>\n<p>Sm\u011bs esenci\u00e1ln\u00edch miner\u00e1l\u016f, kter\u00e9 podporuj\u00ed r\u016fzn\u00e9 t\u011blesn\u00e9 funkce, v\u010detn\u011b zdrav\u00ed kost\u00ed, nervov\u00fdch funkc\u00ed a celkov\u00e9ho bun\u011b\u010dn\u00e9ho metabolismu. Tyto miner\u00e1ly zaji\u0161\u0165uj\u00ed, \u017ee v\u00e1\u0161 pes dost\u00e1v\u00e1 vyv\u00e1\u017eenou v\u00fd\u017eivu pro optim\u00e1ln\u00ed zdrav\u00ed.<\/p>\n<p><strong>Ch\u0159est (0,31 TP3T)<\/strong><\/p>\n<p>Ch\u0159est dod\u00e1v\u00e1 jedine\u010dnou chu\u0165 a je bohat\u00fd na vitam\u00edny K, C a E. Poskytuje antioxidanty, kter\u00e9 podporuj\u00ed imunitn\u00ed zdrav\u00ed a celkovou pohodu. Obsahuje tak\u00e9 vl\u00e1kninu, kter\u00e1 napom\u00e1h\u00e1 tr\u00e1ven\u00ed.<\/p>\n<p><strong>FOS (fruktooligosacharidy, 96 mg\/kg)<\/strong><\/p>\n<p>Prebiotick\u00e1 vl\u00e1knina, kter\u00e1 podporuje r\u016fst prosp\u011b\u0161n\u00fdch st\u0159evn\u00edch bakteri\u00ed, zlep\u0161uje tr\u00e1ven\u00ed a vst\u0159eb\u00e1v\u00e1n\u00ed \u017eivin. FOS pom\u00e1h\u00e1 udr\u017eovat zdravou rovnov\u00e1hu st\u0159evn\u00ed mikrofl\u00f3ry.<\/p>\n<p><strong>MOS (mannanoligosacharidy, 24 mg\/kg)<\/strong><\/p>\n<p>Dal\u0161\u00ed typ prebiotik, kter\u00fd podporuje zdrav\u00ed tr\u00e1vic\u00edho traktu t\u00edm, \u017ee zabra\u0148uje uchycen\u00ed \u0161kodliv\u00fdch bakteri\u00ed na v\u00fdstelku st\u0159ev. MOS pom\u00e1h\u00e1 pos\u00edlit imunitn\u00ed syst\u00e9m a zlep\u0161it zdrav\u00ed st\u0159ev.<\/p>\n<p>Ka\u017ed\u00e1 slo\u017eka tohoto ultrapr\u00e9miov\u00e9ho krmiva pro psy je pe\u010dliv\u011b vyb\u00edr\u00e1na tak, aby poskytovala vyv\u00e1\u017een\u00e9, v\u00fd\u017eivn\u00e9 a chutn\u00e9 krmivo pro dosp\u011bl\u00e9 psy mal\u00fdch plemen a zajistilo jim tu nejlep\u0161\u00ed mo\u017enou p\u00e9\u010di a v\u00fd\u017eivu, aby prosp\u00edvali.<\/p>\n<p>Vyberte si Haffun Ultra Premium bezobiln\u00e1 mal\u00e1 plemena pro dosp\u011bl\u00e9 \u2013 losos se pstruhem, sladk\u00fdmi bramborami a ch\u0159estem pro v\u00fd\u017eivn\u00e9, lahodn\u00e9 a vyv\u00e1\u017een\u00e9 j\u00eddlo, kter\u00e9 podporuje zdrav\u00ed a pohodu va\u0161eho dosp\u011bl\u00e9ho psa mal\u00e9ho plemene.<\/p>\n<p>&nbsp;<\/p>","protected":false},"excerpt":{"rendered":"<p>H\u00fd\u010dkejte sv\u00e9ho dosp\u011bl\u00e9ho psa mal\u00e9ho plemene tou nejlep\u0161\u00ed v\u00fd\u017eivou a chut\u00ed s Haffun Ultra Premium bezobiln\u00fdm krmivem pro psy s lososem. Tato pr\u00e9miov\u00e1 receptura je pe\u010dliv\u011b p\u0159izp\u016fsobena tak, aby vyhovovala jedine\u010dn\u00fdm dietn\u00edm pot\u0159eb\u00e1m mal\u00fdch plemen, a nab\u00edz\u00ed bohatou a delik\u00e1tn\u00ed kombinaci lososa a pstruha sm\u00edchanou s prosp\u011b\u0161nou dobrotou sladk\u00fdch brambor a ch\u0159estu. Ka\u017ed\u00e1 slo\u017eka je pe\u010dliv\u011b vyb\u00edr\u00e1na tak, aby poskytovala vyv\u00e1\u017eenou v\u00fd\u017eivu, kter\u00e1 podporuje celkov\u00e9 zdrav\u00ed a vitalitu. Tato receptura bez obilovin je navr\u017eena tak, aby podporovala optim\u00e1ln\u00ed tr\u00e1ven\u00ed a sni\u017eovala riziko alergi\u00ed a zajistila, \u017ee v\u00e1\u0161 pes mal\u00e9ho plemene bude prosp\u00edvat s ka\u017ed\u00fdm lahodn\u00fdm a v\u00fd\u017eivn\u00fdm j\u00eddlem. Dop\u0159ejte sv\u00e9mu chlupat\u00e9mu p\u0159\u00edteli tu nejlep\u0161\u00ed p\u00e9\u010di pomoc\u00ed stravy, kter\u00e1 uspokoj\u00ed jeho specifick\u00e9 pot\u0159eby a zlep\u0161\u00ed jeho pohodu.<\/p>","protected":false},"featured_media":4208,"comment_status":"open","ping_status":"closed","template":"","meta":{"_uag_custom_page_level_css":"","_kadence_starter_templates_imported_post":false,"_kad_post_transparent":"default","_kad_post_title":"","_kad_post_layout":"default","_kad_post_sidebar_id":"","_kad_post_content_style":"default","_kad_post_vertical_padding":"default","_kad_post_feature":"","_kad_post_feature_position":"","_kad_post_header":false,"_kad_post_footer":false},"product_brand":[],"product_cat":[93,116,110],"product_tag":[],"class_list":{"0":"post-4168","1":"product","2":"type-product","3":"status-publish","4":"has-post-thumbnail","6":"product_cat-ultra-premium-dog-food","7":"product_cat-ultra-premium-adult-dog-food","8":"product_cat-ultra-premium-dog-food-grain-free-small-breed","9":"pa_size-01kg","10":"pa_size-05kg","11":"pa_size-2kg","12":"pa_size-6kg","13":"pa_size-12kg","14":"pa_size-15kg","16":"first","17":"instock","18":"taxable","19":"shipping-taxable","20":"purchasable","21":"product-type-variable","22":"entry","23":"content-bg","24":"loop-entry"},"uagb_featured_image_src":{"full":["https:\/\/www.haffun.cz\/wp-content\/uploads\/2024\/12\/HAFFUN11-scaled-1.jpg",1825,2560,false],"thumbnail":["https:\/\/www.haffun.cz\/wp-content\/uploads\/2024\/12\/HAFFUN11-scaled-1-150x150.jpg",150,150,true],"medium":["https:\/\/www.haffun.cz\/wp-content\/uploads\/2024\/12\/HAFFUN11-scaled-1-214x300.jpg",214,300,true],"medium_large":["https:\/\/www.haffun.cz\/wp-content\/uploads\/2024\/12\/HAFFUN11-scaled-1-768x1077.jpg",768,1077,true],"large":["https:\/\/www.haffun.cz\/wp-content\/uploads\/2024\/12\/HAFFUN11-scaled-1-730x1024.jpg",730,1024,true],"1536x1536":["https:\/\/www.haffun.cz\/wp-content\/uploads\/2024\/12\/HAFFUN11-scaled-1-1095x1536.jpg",1095,1536,true],"2048x2048":["https:\/\/www.haffun.cz\/wp-content\/uploads\/2024\/12\/HAFFUN11-scaled-1-1460x2048.jpg",1460,2048,true],"trp-custom-language-flag":["https:\/\/www.haffun.cz\/wp-content\/uploads\/2024\/12\/HAFFUN11-scaled-1-9x12.jpg",9,12,true],"woocommerce_thumbnail":["https:\/\/www.haffun.cz\/wp-content\/uploads\/2024\/12\/HAFFUN11-scaled-1-800x800.jpg",800,800,true],"woocommerce_single":["https:\/\/www.haffun.cz\/wp-content\/uploads\/2024\/12\/HAFFUN11-scaled-1-700x982.jpg",700,982,true],"woocommerce_gallery_thumbnail":["https:\/\/www.haffun.cz\/wp-content\/uploads\/2024\/12\/HAFFUN11-scaled-1-100x100.jpg",100,100,true],"variation_swatches_image_size":["https:\/\/www.haffun.cz\/wp-content\/uploads\/2024\/12\/HAFFUN11-scaled-1-50x50.jpg",50,50,true],"variation_swatches_tooltip_size":["https:\/\/www.haffun.cz\/wp-content\/uploads\/2024\/12\/HAFFUN11-scaled-1-100x100.jpg",100,100,true]},"uagb_author_info":{"display_name":"Klaudia Bu\u010dkov\u00e1","author_link":"https:\/\/www.haffun.cz\/cs\/author\/"},"uagb_comment_info":0,"uagb_excerpt":"Pamper your small breed adult dog with the ultimate in nutrition and flavor with Haffun Ultra Premium Grain-Free Salmon Dog Food. This premium recipe is meticulously tailored to meet the unique dietary needs of small breeds, offering a rich and delectable combination of salmon and trout, blended with the wholesome goodness of sweet potatoes and&hellip;","_links":{"self":[{"href":"https:\/\/www.haffun.cz\/cs\/wp-json\/wp\/v2\/product\/4168","targetHints":{"allow":["GET"]}}],"collection":[{"href":"https:\/\/www.haffun.cz\/cs\/wp-json\/wp\/v2\/product"}],"about":[{"href":"https:\/\/www.haffun.cz\/cs\/wp-json\/wp\/v2\/types\/product"}],"replies":[{"embeddable":true,"href":"https:\/\/www.haffun.cz\/cs\/wp-json\/wp\/v2\/comments?post=4168"}],"wp:featuredmedia":[{"embeddable":true,"href":"https:\/\/www.haffun.cz\/cs\/wp-json\/wp\/v2\/media\/4208"}],"wp:attachment":[{"href":"https:\/\/www.haffun.cz\/cs\/wp-json\/wp\/v2\/media?parent=4168"}],"wp:term":[{"taxonomy":"product_brand","embeddable":true,"href":"https:\/\/www.haffun.cz\/cs\/wp-json\/wp\/v2\/product_brand?post=4168"},{"taxonomy":"product_cat","embeddable":true,"href":"https:\/\/www.haffun.cz\/cs\/wp-json\/wp\/v2\/product_cat?post=4168"},{"taxonomy":"product_tag","embeddable":true,"href":"https:\/\/www.haffun.cz\/cs\/wp-json\/wp\/v2\/product_tag?post=4168"}],"curies":[{"name":"wp","href":"https:\/\/api.w.org\/{rel}","templated":true}]}}