{"id":4185,"date":"2024-12-17T15:35:18","date_gmt":"2024-12-17T14:35:18","guid":{"rendered":"https:\/\/www.haffun.cz\/?post_type=product&#038;p=4185"},"modified":"2026-04-14T06:29:18","modified_gmt":"2026-04-14T04:29:18","slug":"adult-grain-free-angus-beef-with-sweet-potato","status":"publish","type":"product","link":"https:\/\/www.haffun.cz\/cs\/produkt\/adult-grain-free-angus-beef-with-sweet-potato\/","title":{"rendered":"Dosp\u011bl\u00fd pes Grain-Free \u2013 Hov\u011bz\u00ed Angus se sladk\u00fdmi bramborami a mrkv\u00ed"},"content":{"rendered":"<p>Toto v\u00fd\u017eivn\u00e9 krmivo pro psy nejen uspokoj\u00ed chu\u0165ov\u00e9 bu\u0148ky va\u0161eho psa, ale tak\u00e9 zajist\u00ed jeho zdrav\u00ed p\u0159i ka\u017ed\u00e9m soustu. Perfektn\u00ed pro v\u0161echna plemena dosp\u011bl\u00fdch ps\u016f, receptura bez obilovin Haffun poskytuje vyv\u00e1\u017eenou stravu bez um\u011bl\u00fdch barviv, p\u0159\u00edchut\u00ed nebo konzerva\u010dn\u00edch l\u00e1tek.<\/p>\n<p><strong>Slo\u017een\u00ed:<\/strong> Hov\u011bz\u00ed maso 50% (28% \u010derstv\u011b p\u0159ipraven\u00e9ho hov\u011bz\u00edho Angus, 19% su\u0161en\u00e9ho hov\u011bz\u00edho a 3% hov\u011bz\u00edho tuku), sladk\u00e9 brambory (26%), brambory, hr\u00e1\u0161ek (5%), ln\u011bn\u00e9 sem\u00ednko, \u0159epn\u00e1 du\u017eina, miner\u00e1ly, vitam\u00edny, dopln\u011bk omega-3, zeleninov\u00fd v\u00fdvar, mrkev (&lt;0,1%), FOS (fruktooligosacharidy, 96 mg\/kg), MOS (mannanoligosacharidy, 24 mg\/kg).<\/p>\n<p><strong>Analytick\u00e9 slo\u017eky:<\/strong> Hrub\u00fd protein 29 %, hrub\u00fd tuk 13 %, hrub\u00e1 vl\u00e1knina 3 %, hrub\u00fd popel 6 %, vlhkost 8 %, NFE (extrakt bez dus\u00edku) 41 %, energie 374 Kcal\/100 g, v\u00e1pn\u00edk 1,0 %, fosfor 0,5 %, Omega 6 0,8 %, Omega 3 1,3 %.<\/p>\n<p><strong>V\u00fd\u017eivov\u00e9 dopl\u0148ky na 1 kg:<\/strong> Vitam\u00edny: Vitamin A 15 000 IU, Vitamin D3 2 000 IU, Vitamin E 95 IU<\/p>\n<p><strong>Stopov\u00e9 prvky:<\/strong> Zinek (jako monohydr\u00e1t s\u00edranu zine\u010dnat\u00e9ho) 50 mg, \u017delezo (jako monohydr\u00e1t s\u00edranu \u017eeleznat\u00e9ho) 50 mg, Mangan (jako monohydr\u00e1t s\u00edranu manganat\u00e9ho) 35 mg, M\u011b\u010f (jako pentahydr\u00e1t s\u00edranu m\u011b\u010fnat\u00e9ho) 15 mg, J\u00f3d (jako bezvod\u00fd jodi\u010dnan v\u00e1penat\u00fd) 1 mg, Selen (jako seleni\u010ditan sodn\u00fd) 0,3 mg.<\/p>\n<p><strong>Krmn\u00fd n\u00e1vod:\u00a0<\/strong><\/p>\n<p><a href=\"https:\/\/www.haffun.sk\/wp-content\/uploads\/2024\/05\/83BDE4BE-327A-49AF-9526-394286E49552.png\"><img fetchpriority=\"high\" decoding=\"async\" class=\"alignnone size-medium wp-image-3346\" src=\"https:\/\/www.haffun.sk\/wp-content\/uploads\/2024\/05\/83BDE4BE-327A-49AF-9526-394286E49552-300x225.png\" alt=\"\" width=\"300\" height=\"225\" srcset=\"https:\/\/www.haffun.cz\/wp-content\/uploads\/2024\/05\/83BDE4BE-327A-49AF-9526-394286E49552-300x225.png 300w, https:\/\/www.haffun.cz\/wp-content\/uploads\/2024\/05\/83BDE4BE-327A-49AF-9526-394286E49552-1024x768.png 1024w, https:\/\/www.haffun.cz\/wp-content\/uploads\/2024\/05\/83BDE4BE-327A-49AF-9526-394286E49552-768x576.png 768w, https:\/\/www.haffun.cz\/wp-content\/uploads\/2024\/05\/83BDE4BE-327A-49AF-9526-394286E49552-1536x1152.png 1536w, https:\/\/www.haffun.cz\/wp-content\/uploads\/2024\/05\/83BDE4BE-327A-49AF-9526-394286E49552-16x12.png 16w, https:\/\/www.haffun.cz\/wp-content\/uploads\/2024\/05\/83BDE4BE-327A-49AF-9526-394286E49552-700x525.png 700w, https:\/\/www.haffun.cz\/wp-content\/uploads\/2024\/05\/83BDE4BE-327A-49AF-9526-394286E49552.png 2000w\" sizes=\"(max-width: 300px) 100vw, 300px\" \/><\/a><\/p>\n<p><strong>Kl\u00ed\u010dov\u00e9 vlastnosti a v\u00fdhody:<\/strong><\/p>\n<p><strong>Slo\u017een\u00ed bez obilovin:<\/strong> Ide\u00e1ln\u00ed pro psy s p\u0159ecitliv\u011blost\u00ed na obilniny nebo dietn\u00edmi omezen\u00edmi.<\/p>\n<p><strong>Vysok\u00fd obsah b\u00edlkovin:<\/strong> Obsahuje celkem 50% hov\u011bz\u00edho masa, minim\u00e1ln\u011b 28% \u010derstv\u011b p\u0159ipraven\u00e9ho hov\u011bz\u00edho Angus, podporuje siln\u00e9 svaly a zdrav\u00e9 srdce.<\/p>\n<p><strong>Podpora zdrav\u00ed za\u017e\u00edv\u00e1n\u00ed:<\/strong> S p\u0159\u00edrodn\u00ed vl\u00e1kninou ze sladk\u00fdch brambor a mrkve podporuje toto krmivo zdrav\u00fd tr\u00e1vic\u00ed syst\u00e9m.<\/p>\n<p><strong>Bohat\u00e9 na chu\u0165:<\/strong> Bohatou, masovou chu\u0165 hov\u011bz\u00edho Angus v kombinaci se sladkost\u00ed zeleniny si zamiluj\u00ed i vyb\u00edrav\u00ed jedl\u00edci.<\/p>\n<p><strong>Ingredience: <\/strong><\/p>\n<p><strong>Hov\u011bz\u00ed maso 50%<\/strong><\/p>\n<p><strong>\u010cerstv\u011b p\u0159ipraven\u00e9 hov\u011bz\u00ed maso Angus (28%):<\/strong> Vysoce kvalitn\u00ed hov\u011bz\u00ed maso Angus, kter\u00e9 je \u010derstv\u011b p\u0159ipraven\u00e9, aby si zachovalo sv\u00e9 p\u0159irozen\u00e9 \u017eiviny, a nab\u00edz\u00ed bohat\u00fd zdroj b\u00edlkovin pro rozvoj a udr\u017een\u00ed sval\u016f.<\/p>\n<p><strong>Su\u0161en\u00e9 hov\u011bz\u00ed maso (19%):<\/strong> Koncentrovan\u00e9 hov\u011bz\u00ed maso, kter\u00e9 poskytuje dal\u0161\u00ed b\u00edlkoviny a esenci\u00e1ln\u00ed aminokyseliny a zaji\u0161\u0165uje vyv\u00e1\u017eenou stravu.<\/p>\n<p><strong>Hov\u011bz\u00ed tuk (3%):<\/strong> Zdroj esenci\u00e1ln\u00edch mastn\u00fdch kyselin, kter\u00e9 podporuj\u00ed zdrav\u00ed k\u016f\u017ee a srsti a z\u00e1rove\u0148 poskytuj\u00ed koncentrovan\u00fd zdroj energie.<\/p>\n<p><strong>Sladk\u00e9 brambory (26%):<\/strong> Vysoce straviteln\u00fd zdroj sacharid\u016f, kter\u00fd poskytuje energii, vl\u00e1kninu a z\u00e1kladn\u00ed vitam\u00edny a miner\u00e1ly, jako je vitam\u00edn A a drasl\u00edk.<\/p>\n<p><strong>Brambory<\/strong><\/p>\n<p>Dal\u0161\u00ed straviteln\u00fd zdroj sacharid\u016f, kter\u00fd nab\u00edz\u00ed energii a pom\u00e1h\u00e1 udr\u017eovat zdrav\u00fd tr\u00e1vic\u00ed syst\u00e9m.<\/p>\n<p><strong>Hr\u00e1ch (5%)<\/strong><\/p>\n<p>Hr\u00e1ch, bohat\u00fd na b\u00edlkoviny, vl\u00e1kninu a z\u00e1kladn\u00ed \u017eiviny, podporuje r\u016fst sval\u016f a zdrav\u00ed tr\u00e1ven\u00ed.<\/p>\n<p><strong>Ln\u011bn\u00e9 sem\u00ednko<\/strong><\/p>\n<p>Vynikaj\u00edc\u00ed zdroj omega-3 mastn\u00fdch kyselin, kter\u00e9 podporuj\u00ed zdravou srst a k\u016f\u017ei, podporuj\u00ed zdrav\u00ed kloub\u016f a celkovou pohodu.<\/p>\n<p><strong>\u0158epn\u00e1 du\u017eina<\/strong><\/p>\n<p>Dobr\u00fd zdroj vl\u00e1kniny, kter\u00e1 podporuje zdrav\u00ed tr\u00e1ven\u00ed a pravideln\u00e9 vyprazd\u0148ov\u00e1n\u00ed.<\/p>\n<p><strong>Miner\u00e1ly<\/strong><\/p>\n<p>Esenci\u00e1ln\u00ed miner\u00e1ly, kter\u00e9 podporuj\u00ed r\u016fzn\u00e9 t\u011blesn\u00e9 funkce, v\u010detn\u011b zdrav\u00ed kost\u00ed, funkce enzym\u016f a celkov\u00fdch metabolick\u00fdch proces\u016f.<\/p>\n<p><strong>Vitam\u00edny<\/strong><\/p>\n<p>Sm\u011bs z\u00e1kladn\u00edch vitam\u00edn\u016f, kter\u00e9 podporuj\u00ed imunitn\u00ed funkci, zrak, zdrav\u00ed poko\u017eky a celkovou vitalitu.<\/p>\n<p><strong>Dopln\u011bk Omega-3<\/strong><\/p>\n<p>P\u0159id\u00e1v\u00e1 se k zaji\u0161t\u011bn\u00ed optim\u00e1ln\u00ed rovnov\u00e1hy mastn\u00fdch kyselin, podporuje kardiovaskul\u00e1rn\u00ed zdrav\u00ed, funkci mozku a sni\u017euje z\u00e1n\u011bt.<\/p>\n<p><strong>Zeleninov\u00fd v\u00fdvar<\/strong><\/p>\n<p>Zv\u00fdraz\u0148uje chu\u0165 krmiva, \u010d\u00edm\u017e je pro psy chutn\u011bj\u0161\u00ed a z\u00e1rove\u0148 poskytuje dal\u0161\u00ed \u017eiviny.<\/p>\n<p><strong>Mrkev (&lt;0,1%):<\/strong><\/p>\n<p>Bohat\u00e9 na beta-karoten, kter\u00fd se p\u0159em\u011b\u0148uje na vitam\u00edn A a podporuje zdrav\u00ed o\u010d\u00ed a imunitn\u00ed funkce.<\/p>\n<p><strong>FOS (fruktooligosacharidy, 96 mg\/kg)<\/strong><\/p>\n<p>Prebiotick\u00e1 vl\u00e1knina, kter\u00e1 podporuje r\u016fst prosp\u011b\u0161n\u00fdch st\u0159evn\u00edch bakteri\u00ed, zlep\u0161uje tr\u00e1ven\u00ed a vst\u0159eb\u00e1v\u00e1n\u00ed \u017eivin.<\/p>\n<p><strong>MOS (mannanoligosacharidy, 24 mg\/kg)<\/strong><\/p>\n<p>Dal\u0161\u00ed typ prebiotik, kter\u00fd pom\u00e1h\u00e1 udr\u017eovat zdrav\u00fd st\u0159evn\u00ed mikrobiom a podporuje imunitn\u00ed syst\u00e9m t\u00edm, \u017ee br\u00e1n\u00ed \u0161kodliv\u00fdm bakteri\u00edm kolonizovat st\u0159eva.<\/p>\n<p>Ka\u017ed\u00e1 slo\u017eka tohoto ultra pr\u00e9miov\u00e9ho krmiva pro psy slou\u017e\u00ed sv\u00e9mu \u00fa\u010delu, a\u0165 u\u017e k poskytnut\u00ed z\u00e1kladn\u00edch \u017eivin, zv\u00fdrazn\u011bn\u00ed chuti nebo k podpo\u0159e celkov\u00e9ho zdrav\u00ed a pohody psa. Kombinace t\u011bchto slo\u017eek zaji\u0161\u0165uje vyv\u00e1\u017eenou, v\u00fd\u017eivnou stravu vhodnou pro psy.<\/p>\n<p>Dop\u0159ejte sv\u00e9mu psovi lahodnou chu\u0165 Haffun Ultra Premium Premium Grain-Free \u2013 Hov\u011bz\u00ed Angus se sladk\u00fdmi bramborami, kde je ka\u017ed\u00e9 sousto nabit\u00e9 \u017eivinami pot\u0159ebn\u00fdmi pro jeho zdrav\u00ed a vitalitu. Toto kompletn\u00ed a vyv\u00e1\u017een\u00e9 krmivo je ide\u00e1ln\u00ed pro dosp\u011bl\u00e9 psy v\u0161ech plemen a velikost\u00ed.<\/p>\n<p>&nbsp;<\/p>","protected":false},"excerpt":{"rendered":"<p>Dop\u0159ejte sv\u00e9mu \u010dty\u0159noh\u00e9mu p\u0159\u00edteli v\u00fdjime\u010dnou chu\u0165 a z\u00e1kladn\u00ed v\u00fd\u017eivu s Haffun Ultra Premium Grain-Free \u2013 Hov\u011bz\u00ed Angus se sladk\u00fdmi bramborami a mrkv\u00ed. Tato receptura speci\u00e1ln\u011b vyvinut\u00e1 pro dosp\u011bl\u00e9 psy obsahuje vysoce kvalitn\u00ed hov\u011bz\u00ed maso Angus, dopln\u011bn\u00e9 o zdrav\u00e9 sladk\u00e9 brambory a mrkev pro podporu zdrav\u00ed a vitality va\u0161eho mazl\u00ed\u010dka. Toto v\u00fd\u017eivn\u00e9 krmivo pro psy nejen uspokoj\u00ed chu\u0165ov\u00e9 bu\u0148ky va\u0161eho psa, ale tak\u00e9 zajist\u00ed jeho zdrav\u00ed p\u0159i ka\u017ed\u00e9m soustu. Perfektn\u00ed pro v\u0161echna plemena dosp\u011bl\u00fdch ps\u016f, receptura bez obilovin Haffun poskytuje vyv\u00e1\u017eenou stravu bez um\u011bl\u00fdch barviv, p\u0159\u00edchut\u00ed nebo konzerva\u010dn\u00edch l\u00e1tek.<\/p>","protected":false},"featured_media":4223,"comment_status":"open","ping_status":"closed","template":"","meta":{"_uag_custom_page_level_css":"","_kadence_starter_templates_imported_post":false,"_kad_post_transparent":"default","_kad_post_title":"","_kad_post_layout":"default","_kad_post_sidebar_id":"","_kad_post_content_style":"default","_kad_post_vertical_padding":"default","_kad_post_feature":"","_kad_post_feature_position":"","_kad_post_header":false,"_kad_post_footer":false},"product_brand":[],"product_cat":[93,116,101],"product_tag":[],"class_list":{"0":"post-4185","1":"product","2":"type-product","3":"status-publish","4":"has-post-thumbnail","6":"product_cat-ultra-premium-dog-food","7":"product_cat-ultra-premium-adult-dog-food","8":"product_cat-ultra-premium-dog-food-grain-free-adult","9":"pa_size-01kg","10":"pa_size-05kg","11":"pa_size-2kg","12":"pa_size-6kg","13":"pa_size-12kg","14":"pa_size-15kg","16":"first","17":"instock","18":"taxable","19":"shipping-taxable","20":"purchasable","21":"product-type-variable","22":"entry","23":"content-bg","24":"loop-entry"},"uagb_featured_image_src":{"full":["https:\/\/www.haffun.cz\/wp-content\/uploads\/2024\/12\/HAFFUN14-scaled-1.jpg",1825,2560,false],"thumbnail":["https:\/\/www.haffun.cz\/wp-content\/uploads\/2024\/12\/HAFFUN14-scaled-1-150x150.jpg",150,150,true],"medium":["https:\/\/www.haffun.cz\/wp-content\/uploads\/2024\/12\/HAFFUN14-scaled-1-214x300.jpg",214,300,true],"medium_large":["https:\/\/www.haffun.cz\/wp-content\/uploads\/2024\/12\/HAFFUN14-scaled-1-768x1077.jpg",768,1077,true],"large":["https:\/\/www.haffun.cz\/wp-content\/uploads\/2024\/12\/HAFFUN14-scaled-1-730x1024.jpg",730,1024,true],"1536x1536":["https:\/\/www.haffun.cz\/wp-content\/uploads\/2024\/12\/HAFFUN14-scaled-1-1095x1536.jpg",1095,1536,true],"2048x2048":["https:\/\/www.haffun.cz\/wp-content\/uploads\/2024\/12\/HAFFUN14-scaled-1-1460x2048.jpg",1460,2048,true],"trp-custom-language-flag":["https:\/\/www.haffun.cz\/wp-content\/uploads\/2024\/12\/HAFFUN14-scaled-1-9x12.jpg",9,12,true],"woocommerce_thumbnail":["https:\/\/www.haffun.cz\/wp-content\/uploads\/2024\/12\/HAFFUN14-scaled-1-800x800.jpg",800,800,true],"woocommerce_single":["https:\/\/www.haffun.cz\/wp-content\/uploads\/2024\/12\/HAFFUN14-scaled-1-700x982.jpg",700,982,true],"woocommerce_gallery_thumbnail":["https:\/\/www.haffun.cz\/wp-content\/uploads\/2024\/12\/HAFFUN14-scaled-1-100x100.jpg",100,100,true],"variation_swatches_image_size":["https:\/\/www.haffun.cz\/wp-content\/uploads\/2024\/12\/HAFFUN14-scaled-1-50x50.jpg",50,50,true],"variation_swatches_tooltip_size":["https:\/\/www.haffun.cz\/wp-content\/uploads\/2024\/12\/HAFFUN14-scaled-1-100x100.jpg",100,100,true]},"uagb_author_info":{"display_name":"Klaudia Bu\u010dkov\u00e1","author_link":"https:\/\/www.haffun.cz\/cs\/author\/"},"uagb_comment_info":0,"uagb_excerpt":"Treat your furry friend to the exceptional taste and essential nutrition with Haffun Ultra Premium Grain-Free Adult - Angus Beef with Sweet Potato and Carrot. Specially formulated for adult dogs, this recipe features high-quality Angus beef, accounting for 50% of the total protein content, complemented by wholesome sweet potatoes and carrots to support your pet\u2019s&hellip;","_links":{"self":[{"href":"https:\/\/www.haffun.cz\/cs\/wp-json\/wp\/v2\/product\/4185","targetHints":{"allow":["GET"]}}],"collection":[{"href":"https:\/\/www.haffun.cz\/cs\/wp-json\/wp\/v2\/product"}],"about":[{"href":"https:\/\/www.haffun.cz\/cs\/wp-json\/wp\/v2\/types\/product"}],"replies":[{"embeddable":true,"href":"https:\/\/www.haffun.cz\/cs\/wp-json\/wp\/v2\/comments?post=4185"}],"wp:featuredmedia":[{"embeddable":true,"href":"https:\/\/www.haffun.cz\/cs\/wp-json\/wp\/v2\/media\/4223"}],"wp:attachment":[{"href":"https:\/\/www.haffun.cz\/cs\/wp-json\/wp\/v2\/media?parent=4185"}],"wp:term":[{"taxonomy":"product_brand","embeddable":true,"href":"https:\/\/www.haffun.cz\/cs\/wp-json\/wp\/v2\/product_brand?post=4185"},{"taxonomy":"product_cat","embeddable":true,"href":"https:\/\/www.haffun.cz\/cs\/wp-json\/wp\/v2\/product_cat?post=4185"},{"taxonomy":"product_tag","embeddable":true,"href":"https:\/\/www.haffun.cz\/cs\/wp-json\/wp\/v2\/product_tag?post=4185"}],"curies":[{"name":"wp","href":"https:\/\/api.w.org\/{rel}","templated":true}]}}