{"id":4190,"date":"2024-12-17T15:35:19","date_gmt":"2024-12-17T14:35:19","guid":{"rendered":"https:\/\/www.haffun.cz\/?post_type=product&#038;p=4190"},"modified":"2026-03-03T20:58:00","modified_gmt":"2026-03-03T19:58:00","slug":"puppy-grain-free-salmon-with-haddock","status":"publish","type":"product","link":"https:\/\/www.haffun.cz\/cs\/produkt\/puppy-grain-free-salmon-with-haddock\/","title":{"rendered":"\u0160t\u011bn\u011b Grain-Free \u2013 Losos s treskou"},"content":{"rendered":"<p>Dop\u0159ejte sv\u00e9mu \u0161t\u011bn\u011bti ten nejlep\u0161\u00ed start do \u017eivota s Haffun Ultra Premium Grain-Free Puppy \u2013 losos s treskou, b\u00edlou rybou, sladk\u00fdmi bramborami a ch\u0159estem. Tato pr\u00e9miov\u00e1 receptura speci\u00e1ln\u011b vyvinut\u00e1 pro \u0161t\u011b\u0148ata poskytuje z\u00e1kladn\u00ed \u017eiviny pot\u0159ebn\u00e9 pro zdrav\u00fd r\u016fst a trvalou energii. S p\u016fsobiv\u00fdm celkov\u00fdm obsahem 60% lososa, tresky jednoskvrnn\u00e9 a b\u00edl\u00fdch ryb, v\u010detn\u011b minim\u00e1ln\u011b 26% \u010derstv\u011b p\u0159ipraven\u00fdch ingredienc\u00ed, tato receptura poskytuje vysoce kvalitn\u00ed b\u00edlkoviny pro podporu rozvoje sval\u016f a celkov\u00e9ho zdrav\u00ed. Tato receptura bez obilovin, vylep\u0161en\u00e1 o p\u0159\u00edrodn\u00ed dobroty sladk\u00fdch brambor a ch\u0159estu, zaji\u0161\u0165uje va\u0161emu \u0161t\u011bn\u011bti vyv\u00e1\u017eenou stravu, kter\u00e1 podporuje zdrav\u00ed tr\u00e1ven\u00ed, p\u00e9\u010di o klouby a celkovou pohodu.<\/p>\n<p><strong>Slo\u017een\u00ed:<\/strong> Losos, treska jednoskvrnn\u00e1 a b\u00edl\u00e1 ryba 60% (\u010derstv\u011b p\u0159ipraven\u00fd losos 21%, su\u0161en\u00fd losos 16%, \u010derstv\u011b p\u0159ipraven\u00e1 treska jednoskvrnn\u00e1 11%, \u010derstv\u011b p\u0159ipraven\u00e1 b\u00edl\u00e1 ryba 10% &amp; lososov\u00fd v\u00fdvar 2%), sladk\u00e9 brambory (20% du\u017eina, \u0159epa 6 brambor), brambory Pe6TP , dopln\u011bk Omega 3, Miner\u00e1ly, Ch\u0159est (0,1%), Glukosamin (170 mg\/kg), Methylsulfonylmethan (170 mg\/kg), Chondroitin sulf\u00e1t (125 mg\/kg), Nukleotidy, Fruktooligosacharidy (FOS, 96 mg\/kg), Mannanoligosacharidy (MOS, 24 mg\/kg)<\/p>\n<p><strong>Analytick\u00e9 slo\u017eky:<\/strong> Hrub\u00fd protein 28%, Hrub\u00fd tuk 13%, Hrub\u00e1 vl\u00e1knina 4 %, Hrub\u00fd popel 8,5 %, Vlhkost 8 %, NFE 38,5 %, Metabolizovateln\u00e1 energie 359 kcal\/100 g, Omega 6 A23TPT 3 mastn\u00e9 kyseliny , v\u00e1pn\u00edk 1,3%, fosfor 1,2%<\/p>\n<p><strong>Nutri\u010dn\u00ed p\u0159\u00edsady na 1 kg:<\/strong> Vitam\u00edny: Vitamin A 15 000 IU, Vitamin D3 2 000 IU, Vitamin E 95 IU<\/p>\n<p><strong>Stopov\u00e9 prvky:<\/strong> Zinek (monohydr\u00e1t s\u00edranu zine\u010dnat\u00e9ho) 50 mg, \u017eelezo (monohydr\u00e1t s\u00edranu \u017eeleznat\u00e9ho) 50 mg, mangan (monohydr\u00e1t s\u00edranu manganat\u00e9ho) 35 mg, m\u011b\u010f (pentahydr\u00e1t s\u00edranu m\u011b\u010fnat\u00e9ho) 10 mg, j\u00f3d (jodi\u010dnan v\u00e1penat\u00fd) bezvod\u00fd, 7 jodid v\u00e1penat\u00fd mg<\/p>\n<p><strong>Krmn\u00fd n\u00e1vod:\u00a0<\/strong><\/p>\n<p><a href=\"https:\/\/www.haffun.sk\/wp-content\/uploads\/2024\/05\/87699103-2E2F-4D92-9C44-417080C02EE8.png\"><img decoding=\"async\" class=\"alignnone size-medium wp-image-3345\" src=\"https:\/\/www.haffun.sk\/wp-content\/uploads\/2024\/05\/87699103-2E2F-4D92-9C44-417080C02EE8-300x150.png\" alt=\"\" width=\"300\" height=\"150\" srcset=\"https:\/\/www.haffun.cz\/wp-content\/uploads\/2024\/05\/87699103-2E2F-4D92-9C44-417080C02EE8-300x150.png 300w, https:\/\/www.haffun.cz\/wp-content\/uploads\/2024\/05\/87699103-2E2F-4D92-9C44-417080C02EE8-1024x512.png 1024w, https:\/\/www.haffun.cz\/wp-content\/uploads\/2024\/05\/87699103-2E2F-4D92-9C44-417080C02EE8-768x384.png 768w, https:\/\/www.haffun.cz\/wp-content\/uploads\/2024\/05\/87699103-2E2F-4D92-9C44-417080C02EE8-1536x768.png 1536w, https:\/\/www.haffun.cz\/wp-content\/uploads\/2024\/05\/87699103-2E2F-4D92-9C44-417080C02EE8-18x9.png 18w, https:\/\/www.haffun.cz\/wp-content\/uploads\/2024\/05\/87699103-2E2F-4D92-9C44-417080C02EE8-700x350.png 700w, https:\/\/www.haffun.cz\/wp-content\/uploads\/2024\/05\/87699103-2E2F-4D92-9C44-417080C02EE8.png 2000w\" sizes=\"(max-width: 300px) 100vw, 300px\" \/><\/a><\/p>\n<p><strong style=\"font-family: var(--global-body-font-family);\">Kl\u00ed\u010dov\u00e9 vlastnosti a v\u00fdhody:<\/strong><\/p>\n<p><strong>Slo\u017een\u00ed bez obilovin:<\/strong>\u00a0Tento recept je ide\u00e1ln\u00ed pro psy s citlivost\u00ed na obil\u00ed a pou\u017e\u00edv\u00e1 sladk\u00e9 brambory a ch\u0159est jako v\u00fd\u017eivn\u00e9, snadno straviteln\u00e9 zdroje sacharid\u016f.<\/p>\n<p><strong>Bal\u00ed\u010dek p\u00e9\u010de o klouby:<\/strong> Obohacen\u00fd o p\u0159\u00edsady, kter\u00e9 podporuj\u00ed zdrav\u00ed kloub\u016f, pom\u00e1haj\u00ed udr\u017eet va\u0161e aktivn\u00ed \u0161t\u011bn\u011b mobiln\u00ed a pohybliv\u00e9.<\/p>\n<p><strong>Podporuje zdrav\u00fd r\u016fst:<\/strong> Vysoce kvalitn\u00ed protein z ryb pom\u00e1h\u00e1 budovat a udr\u017eovat svalovou hmotu, kter\u00e1 je pro rostouc\u00ed \u0161t\u011b\u0148ata kl\u00ed\u010dov\u00e1.<\/p>\n<p><strong>Posiluje imunitn\u00ed syst\u00e9m:<\/strong> Ingredience jako sladk\u00e9 brambory a ch\u0159est jsou bohat\u00e9 na antioxidanty a vitam\u00edny, kter\u00e9 posiluj\u00ed imunitn\u00ed syst\u00e9m a celkov\u00e9 zdrav\u00ed.<\/p>\n<p><strong>Podporuje zdrav\u00e9 tr\u00e1ven\u00ed:<\/strong> Dietn\u00ed vl\u00e1knina z p\u0159\u00edsad, jako jsou sladk\u00e9 brambory, podporuje zdrav\u00ed tr\u00e1ven\u00ed a zaji\u0161\u0165uje pravideln\u00e9 vyprazd\u0148ov\u00e1n\u00ed.<\/p>\n<p><strong>Bez um\u011bl\u00fdch p\u0159\u00edsad:<\/strong> Bez um\u011bl\u00fdch barviv, p\u0159\u00edchut\u00ed nebo konzerva\u010dn\u00edch l\u00e1tek, co\u017e zaji\u0161\u0165uje p\u0159irozenou a zdravou stravu pro va\u0161e \u0161t\u011bn\u011b.<\/p>\n<p><strong>Ingredience:<\/strong><\/p>\n<p><strong>Losos, treska jednoskvrnn\u00e1 a b\u00edl\u00e1 ryba (60%)<\/strong><\/p>\n<p><strong>\u010cerstv\u011b p\u0159ipraven\u00fd losos (21%):<\/strong> Tento vysoce kvalitn\u00ed zdroj b\u00edlkovin je bohat\u00fd na esenci\u00e1ln\u00ed aminokyseliny a omega-3 mastn\u00e9 kyseliny, podporuje rozvoj sval\u016f, zdrav\u00ed srdce a lesklou srst. \u010cerstv\u011b p\u0159ipraven\u00fd losos zaji\u0161\u0165uje maxim\u00e1ln\u00ed vst\u0159eb\u00e1v\u00e1n\u00ed \u017eivin.<\/p>\n<p><strong>Su\u0161en\u00fd losos (16%):<\/strong> Su\u0161en\u00fd losos, koncentrovan\u00fd zdroj b\u00edlkovin, poskytuje trvalou energii a podporuje celkov\u00e9 zdrav\u00ed. Je bohat\u00fd na \u017eiviny a zlep\u0161uje nutri\u010dn\u00ed profil j\u00eddla.<\/p>\n<p><strong>\u010cerstv\u011b p\u0159ipraven\u00e1 treska jednoskvrnn\u00e1 (11%):<\/strong> Huben\u00e1 ryba bohat\u00e1 na b\u00edlkoviny, vitam\u00edny a miner\u00e1ly. \u010cerstv\u00e1 treska jednoskvrnn\u00e1 podporuje zdrav\u00ed sval\u016f, s\u00edlu kost\u00ed a celkovou vitalitu.<\/p>\n<p><strong>\u010cerstv\u011b p\u0159ipraven\u00e1 b\u00edl\u00e1 ryba (10%):<\/strong> Vynikaj\u00edc\u00ed zdroj chud\u00fdch b\u00edlkovin a omega-3 mastn\u00fdch kyselin. \u010cerstv\u00e9 b\u00edl\u00e9 ryby podporuj\u00ed r\u016fst sval\u016f, zdrav\u00ed poko\u017eky a kognitivn\u00ed funkce.<\/p>\n<p><strong>Lososov\u00fd v\u00fdvar (2%):<\/strong> Zlep\u0161uje chu\u0165 a chutnost j\u00eddla a z\u00e1rove\u0148 dod\u00e1v\u00e1 dodate\u010dnou vlhkost a \u017eiviny, kter\u00e9 jsou snadno straviteln\u00e9.<\/p>\n<p><strong>Sladk\u00e9 brambory (20%)<\/strong><\/p>\n<p>Zdroj sacharid\u016f bohat\u00fd na \u017eiviny bohat\u00fd na vl\u00e1kninu, vitam\u00edny A, C a B6 a miner\u00e1ly jako mangan a drasl\u00edk. Sladk\u00e9 brambory podporuj\u00ed zdrav\u00ed tr\u00e1ven\u00ed, poskytuj\u00ed trvalou energii a podporuj\u00ed zdrav\u00fd imunitn\u00ed syst\u00e9m.<\/p>\n<p><strong>Brambor<\/strong><\/p>\n<p>Vysoce straviteln\u00fd zdroj sacharid\u016f, kter\u00fd dod\u00e1v\u00e1 energii. Brambory jsou tak\u00e9 bohat\u00e9 na vitam\u00edny a miner\u00e1ly, kter\u00e9 podporuj\u00ed celkov\u00e9 zdrav\u00ed a pohodu.<\/p>\n<p><strong>\u0158epn\u00e1 du\u017eina<\/strong><\/p>\n<p>Vysoce kvalitn\u00ed zdroj rozpustn\u00e9 i nerozpustn\u00e9 vl\u00e1kniny. \u0158epn\u00e1 du\u017eina podporuje zdrav\u00e9 tr\u00e1ven\u00ed, pom\u00e1h\u00e1 udr\u017eovat pevnou stolici a podporuje vyv\u00e1\u017eenou st\u0159evn\u00ed mikrofl\u00f3ru.<\/p>\n<p><strong>Hr\u00e1ch (6%)<\/strong><\/p>\n<p>Vynikaj\u00edc\u00ed zdroj rostlinn\u00fdch b\u00edlkovin a vl\u00e1kniny. Hr\u00e1ch p\u0159isp\u00edv\u00e1 ke zdrav\u00ed sval\u016f a pravidelnosti tr\u00e1ven\u00ed a poskytuje z\u00e1kladn\u00ed \u017eiviny, jako je \u017eelezo, ho\u0159\u010d\u00edk a vitam\u00edny B.<\/p>\n<p><strong>Ln\u011bn\u00e9 sem\u00ednko<\/strong><\/p>\n<p>Ln\u011bn\u00e9 sem\u00ednko, zn\u00e1m\u00e9 tak\u00e9 jako ln\u011bn\u00e9 sem\u00ednko, je bohat\u00e9 na omega-3 mastn\u00e9 kyseliny, vl\u00e1kninu a antioxidanty. Podporuje zdrav\u00ed k\u016f\u017ee a srsti, podporuje zdrav\u00e9 tr\u00e1ven\u00ed a pom\u00e1h\u00e1 sni\u017eovat z\u00e1n\u011bty.<\/p>\n<p><strong>Dopln\u011bk Omega 3<\/strong><\/p>\n<p>Obohacuje stravu o esenci\u00e1ln\u00ed mastn\u00e9 kyseliny, kter\u00e9 podporuj\u00ed funkci mozku, sni\u017euj\u00ed z\u00e1n\u011bty a podporuj\u00ed zdravou k\u016f\u017ei a srst.<\/p>\n<p><strong>Miner\u00e1ly<\/strong><\/p>\n<p>Sm\u011bs z\u00e1kladn\u00edch miner\u00e1l\u016f v\u010detn\u011b v\u00e1pn\u00edku, fosforu, zinku, \u017eeleza, manganu a m\u011bdi. Tyto miner\u00e1ly podporuj\u00ed r\u016fzn\u00e9 t\u011blesn\u00e9 funkce, v\u010detn\u011b zdrav\u00ed kost\u00ed, nervov\u00fdch funkc\u00ed a celkov\u00e9ho bun\u011b\u010dn\u00e9ho metabolismu.<\/p>\n<p><strong>Ch\u0159est (0,1%)<\/strong><\/p>\n<p>Ch\u0159est nabit\u00fd vitam\u00edny A, C a K podporuje zdrav\u00e9 tr\u00e1ven\u00ed, posiluje imunitn\u00ed syst\u00e9m a poskytuje antioxidanty, kter\u00e9 podporuj\u00ed celkov\u00e9 zdrav\u00ed.<\/p>\n<p><strong>Bal\u00ed\u010dek p\u00e9\u010de o klouby<\/strong><\/p>\n<p><strong>Glukosamin (170 mg\/kg):<\/strong> Podporuje zdrav\u00ed kloub\u016f t\u00edm, \u017ee podporuje opravu chrupavky a sni\u017euje bolest a z\u00e1n\u011bt kloub\u016f, co\u017e je nezbytn\u00e9 pro udr\u017een\u00ed mobility a pohodl\u00ed u aktivn\u00edch ps\u016f.<\/p>\n<p><strong>Methylsulfonylmethan (MSM, 170 mg\/kg):<\/strong> P\u0159\u00edrodn\u00ed slou\u010denina s protiz\u00e1n\u011btliv\u00fdmi vlastnostmi, kter\u00e1 podporuje zdrav\u00ed a pohyblivost kloub\u016f. MSM pom\u00e1h\u00e1 sni\u017eovat bolesti kloub\u016f a zlep\u0161uje celkovou funkci kloub\u016f.<\/p>\n<p><strong>Chondroitin sulf\u00e1t (125 mg\/kg):<\/strong> Podporuje zdrav\u00ed kloub\u016f udr\u017eov\u00e1n\u00edm struktur\u00e1ln\u00ed integrity chrupavky. Chondroitin sulf\u00e1t pom\u00e1h\u00e1 sni\u017eovat bolest a z\u00e1n\u011bt v kloubech.<\/p>\n<p><strong>Nukleotidy<\/strong><\/p>\n<p>Nukleotidy, kter\u00e9 jsou nezbytn\u00e9 pro bun\u011b\u010dnou funkci a opravu, podporuj\u00ed imunitn\u00ed syst\u00e9m a podporuj\u00ed celkov\u00e9 zdrav\u00ed a vitalitu.<\/p>\n<p><strong>Fruktooligosacharidy (FOS, 96 mg\/kg)<\/strong><\/p>\n<p>Prebiotick\u00e1 vl\u00e1knina podporuje r\u016fst prosp\u011b\u0161n\u00fdch st\u0159evn\u00edch bakteri\u00ed, zlep\u0161uje tr\u00e1ven\u00ed a vst\u0159eb\u00e1v\u00e1n\u00ed \u017eivin. FOS pom\u00e1h\u00e1 udr\u017eovat zdravou rovnov\u00e1hu st\u0159evn\u00ed mikrofl\u00f3ry.<\/p>\n<p><strong>Mannan oligosacharidy (MOS, 24 mg\/kg)<\/strong><\/p>\n<p>Dal\u0161\u00ed typ prebiotik, kter\u00fd podporuje zdrav\u00ed tr\u00e1vic\u00edho traktu t\u00edm, \u017ee zabra\u0148uje uchycen\u00ed \u0161kodliv\u00fdch bakteri\u00ed na v\u00fdstelku st\u0159ev. MOS pom\u00e1h\u00e1 pos\u00edlit imunitn\u00ed syst\u00e9m a zlep\u0161it zdrav\u00ed st\u0159ev.<\/p>\n<p>Ka\u017ed\u00e1 slo\u017eka tohoto ultrapr\u00e9miov\u00e9ho krmiva pro \u0161t\u011b\u0148ata je pe\u010dliv\u011b vyb\u00edr\u00e1na tak, aby poskytovala vyv\u00e1\u017een\u00e9, v\u00fd\u017eivn\u00e9 a chutn\u00e9 krmivo pro aktivn\u00ed \u0161t\u011b\u0148ata a zajistilo jim tu nejlep\u0161\u00ed mo\u017enou p\u00e9\u010di a v\u00fd\u017eivu, aby prosp\u00edvala.<\/p>\n<p>Vyberte si Haffun Ultra Pr\u00e9miov\u00e9 \u0161t\u011bn\u011b bez obilovin \u2013 losos s treskou jednoskvrnnou, b\u00edlou rybou, sladk\u00fdmi bramborami a ch\u0159estem, abyste sv\u00e9mu \u0161t\u011bn\u011bti dop\u0159\u00e1li vyv\u00e1\u017een\u00e9, chutn\u00e9 a v\u00fd\u017eivn\u00e9 j\u00eddlo, kter\u00e9 podporuje jeho zdrav\u00ed, r\u016fst a v\u00fdvoj, dod\u00e1v\u00e1 mu energii a je p\u0159ipraveno na ka\u017edodenn\u00ed \u017eivot. dobrodru\u017estv\u00ed.<\/p>\n<p>&nbsp;<\/p>","protected":false},"excerpt":{"rendered":"<p>Zajist\u011bte sv\u00e9mu \u0161t\u011bn\u011bti ten nejlep\u0161\u00ed start do \u017eivota s Haffun Ultra Premium Grain-Free Puppy \u2013 losos s treskou jednoskvrnnou, b\u00edlou rybou, sladk\u00fdmi bramborami a ch\u0159estem. Tato pr\u00e9miov\u00e1 receptura, pe\u010dliv\u011b vytvo\u0159en\u00e1 tak, aby vyhovovala jedine\u010dn\u00fdm nutri\u010dn\u00edm pot\u0159eb\u00e1m rostouc\u00edch \u0161t\u011b\u0148at, zaji\u0161\u0165uje, \u017ee obdr\u017e\u00ed v\u0161echny z\u00e1kladn\u00ed \u017eiviny nezbytn\u00e9 pro zdrav\u00fd v\u00fdvoj a trvalou energii. Tato receptura se m\u016f\u017ee pochlubit p\u016fsobiv\u00fdm celkov\u00fdm obsahem 60% lososa, tresky jednoskvrnn\u00e9 a b\u00edl\u00fdch ryb, v\u010detn\u011b minim\u00e1ln\u011b 26% \u010derstv\u011b p\u0159ipraven\u00fdch ingredienc\u00ed, a poskytuje vysoce kvalitn\u00ed b\u00edlkoviny kl\u00ed\u010dov\u00e9 pro r\u016fst sval\u016f a celkov\u00e9 zdrav\u00ed. Tato receptura bez obilovin, obohacen\u00e1 o p\u0159\u00edrodn\u00ed dobroty sladk\u00fdch brambor a ch\u0159estu, podporuje zdrav\u00ed tr\u00e1ven\u00ed, p\u00e9\u010di o klouby a celkovou pohodu a zaji\u0161\u0165uje, \u017ee va\u0161e \u0161t\u011bn\u011b prosp\u00edv\u00e1 od prvn\u00edho kousnut\u00ed.<\/p>","protected":false},"featured_media":4234,"comment_status":"open","ping_status":"closed","template":"","meta":{"_uag_custom_page_level_css":"","_kadence_starter_templates_imported_post":false,"_kad_post_transparent":"default","_kad_post_title":"","_kad_post_layout":"default","_kad_post_sidebar_id":"","_kad_post_content_style":"default","_kad_post_vertical_padding":"default","_kad_post_feature":"","_kad_post_feature_position":"","_kad_post_header":false,"_kad_post_footer":false},"product_brand":[],"product_cat":[93,117,100],"product_tag":[],"class_list":{"0":"post-4190","1":"product","2":"type-product","3":"status-publish","4":"has-post-thumbnail","6":"product_cat-ultra-premium-dog-food","7":"product_cat-puppy-premium-food","8":"product_cat-premium-grain-free-puppy","9":"pa_size-01kg","10":"pa_size-05kg","11":"pa_size-2kg","12":"pa_size-6kg","13":"pa_size-12kg","14":"pa_size-15kg","16":"first","17":"instock","18":"taxable","19":"shipping-taxable","20":"purchasable","21":"product-type-variable","22":"entry","23":"content-bg","24":"loop-entry"},"uagb_featured_image_src":{"full":["https:\/\/www.haffun.cz\/wp-content\/uploads\/2024\/12\/HAFFUN15-scaled-1.jpg",1825,2560,false],"thumbnail":["https:\/\/www.haffun.cz\/wp-content\/uploads\/2024\/12\/HAFFUN15-scaled-1-150x150.jpg",150,150,true],"medium":["https:\/\/www.haffun.cz\/wp-content\/uploads\/2024\/12\/HAFFUN15-scaled-1-214x300.jpg",214,300,true],"medium_large":["https:\/\/www.haffun.cz\/wp-content\/uploads\/2024\/12\/HAFFUN15-scaled-1-768x1077.jpg",768,1077,true],"large":["https:\/\/www.haffun.cz\/wp-content\/uploads\/2024\/12\/HAFFUN15-scaled-1-730x1024.jpg",730,1024,true],"1536x1536":["https:\/\/www.haffun.cz\/wp-content\/uploads\/2024\/12\/HAFFUN15-scaled-1-1095x1536.jpg",1095,1536,true],"2048x2048":["https:\/\/www.haffun.cz\/wp-content\/uploads\/2024\/12\/HAFFUN15-scaled-1-1460x2048.jpg",1460,2048,true],"trp-custom-language-flag":["https:\/\/www.haffun.cz\/wp-content\/uploads\/2024\/12\/HAFFUN15-scaled-1-9x12.jpg",9,12,true],"woocommerce_thumbnail":["https:\/\/www.haffun.cz\/wp-content\/uploads\/2024\/12\/HAFFUN15-scaled-1-800x800.jpg",800,800,true],"woocommerce_single":["https:\/\/www.haffun.cz\/wp-content\/uploads\/2024\/12\/HAFFUN15-scaled-1-700x982.jpg",700,982,true],"woocommerce_gallery_thumbnail":["https:\/\/www.haffun.cz\/wp-content\/uploads\/2024\/12\/HAFFUN15-scaled-1-100x100.jpg",100,100,true],"variation_swatches_image_size":["https:\/\/www.haffun.cz\/wp-content\/uploads\/2024\/12\/HAFFUN15-scaled-1-50x50.jpg",50,50,true],"variation_swatches_tooltip_size":["https:\/\/www.haffun.cz\/wp-content\/uploads\/2024\/12\/HAFFUN15-scaled-1-100x100.jpg",100,100,true]},"uagb_author_info":{"display_name":"Klaudia Bu\u010dkov\u00e1","author_link":"https:\/\/www.haffun.cz\/cs\/author\/"},"uagb_comment_info":0,"uagb_excerpt":"Provide your puppy with the best start in life with Haffun Ultra Premium Grain-Free Puppy - Salmon with Haddock, White Fish, Sweet Potato and Asparagus. Meticulously crafted to meet the unique nutritional needs of growing puppies, this premium recipe ensures they receive all the essential nutrients necessary for healthy development and sustained energy. Boasting an&hellip;","_links":{"self":[{"href":"https:\/\/www.haffun.cz\/cs\/wp-json\/wp\/v2\/product\/4190","targetHints":{"allow":["GET"]}}],"collection":[{"href":"https:\/\/www.haffun.cz\/cs\/wp-json\/wp\/v2\/product"}],"about":[{"href":"https:\/\/www.haffun.cz\/cs\/wp-json\/wp\/v2\/types\/product"}],"replies":[{"embeddable":true,"href":"https:\/\/www.haffun.cz\/cs\/wp-json\/wp\/v2\/comments?post=4190"}],"wp:featuredmedia":[{"embeddable":true,"href":"https:\/\/www.haffun.cz\/cs\/wp-json\/wp\/v2\/media\/4234"}],"wp:attachment":[{"href":"https:\/\/www.haffun.cz\/cs\/wp-json\/wp\/v2\/media?parent=4190"}],"wp:term":[{"taxonomy":"product_brand","embeddable":true,"href":"https:\/\/www.haffun.cz\/cs\/wp-json\/wp\/v2\/product_brand?post=4190"},{"taxonomy":"product_cat","embeddable":true,"href":"https:\/\/www.haffun.cz\/cs\/wp-json\/wp\/v2\/product_cat?post=4190"},{"taxonomy":"product_tag","embeddable":true,"href":"https:\/\/www.haffun.cz\/cs\/wp-json\/wp\/v2\/product_tag?post=4190"}],"curies":[{"name":"wp","href":"https:\/\/api.w.org\/{rel}","templated":true}]}}