{"id":4201,"date":"2024-12-17T15:35:49","date_gmt":"2024-12-17T14:35:49","guid":{"rendered":"https:\/\/www.haffun.cz\/?post_type=product&#038;p=4201"},"modified":"2026-04-12T16:20:47","modified_gmt":"2026-04-12T14:20:47","slug":"adult-small-breed-grain-free-lamb-with-sweet-potato","status":"publish","type":"product","link":"https:\/\/www.haffun.cz\/cs\/produkt\/adult-small-breed-grain-free-lamb-with-sweet-potato\/","title":{"rendered":"Dosp\u011bl\u00fd pes mal\u00e9ho plemene Grain-Free \u2013 Jehn\u011b\u010d\u00ed se sladk\u00fdmi bramborami"},"content":{"rendered":"<p>Dop\u0159ejte sv\u00e9mu dosp\u011bl\u00e9mu psovi mal\u00e9ho plemene v\u00fd\u017eivn\u00e9 a lahodn\u00e9 j\u00eddlo s Haffun Ultra Premium bezobiln\u00fdm dosp\u011bl\u00fdm jehn\u011b\u010d\u00edm se sladk\u00fdmi bramborami a m\u00e1tou. Tato pr\u00e9miov\u00e1 receptura, u\u0161it\u00e1 speci\u00e1ln\u011b pro mal\u00e1 plemena, kombinuje vysoce kvalitn\u00ed jehn\u011b\u010d\u00ed maso s v\u00fd\u017eivn\u00fdmi v\u00fdhodami sladk\u00fdch brambor a osv\u011b\u017euj\u00edc\u00ed chut\u00ed m\u00e1ty. Ka\u017ed\u00e1 slo\u017eka je pe\u010dliv\u011b vybr\u00e1na tak, aby poskytovala vyv\u00e1\u017eenou stravu, kter\u00e1 podporuje celkov\u00e9 zdrav\u00ed, vitalitu a tr\u00e1ven\u00ed va\u0161eho psa.<\/p>\n<h5><strong>Com<\/strong><strong>pozice:<\/strong><\/h5>\n<p><span style=\"font-family: var(--global-body-font-family);\">Jehn\u011b\u010d\u00ed 50% (v\u010detn\u011b 30% \u010derstv\u00e9ho jehn\u011b\u010d\u00edho, 18% su\u0161en\u00e9ho jehn\u011b\u010d\u00edho a 2% jehn\u011b\u010d\u00edho v\u00fdvaru), sladk\u00e9 brambory (23%), hr\u00e1\u0161ek (9%), hrachov\u00fd protein, brambory, ln\u011bn\u00e9 sem\u00ednko, \u0159epn\u00e1 du\u017eina, dopln\u011bk omega 3, miner\u00e1ln\u00ed l\u00e1tky, vitam\u00edny, zeleninov\u00fd v\u00fdvar m\u00e1ta (0,2%), FOS (fruktooligosacharidy, 96 mg\/kg), MOS (mannanoligosacharidy, 24 mg\/kg).<\/span><\/p>\n<h5><strong>Analytick\u00e9 slo\u017eky:<\/strong><\/h5>\n<p>Hrub\u00fd protein 26%, Hrub\u00fd tuk 14%, Hrub\u00e1 vl\u00e1knina 3%, Hrub\u00fd popel 9%, Vlhkost 8%, NFE (extrakt bez dus\u00edku) 40%, Energie 367 Kcal\/100 g, V\u00e1pn\u00edk 3T1 Omega.21TP3P3 T, Omega 3 1,41 TP3T<\/p>\n<h5><strong>V\u00fd\u017eivov\u00e9 dopl\u0148ky na 1 kg:<\/strong><\/h5>\n<p>Vitam\u00edny: Vitam\u00edn A 15 000 IU (E672), Vitam\u00edn D3 2 000 IU (E671)<\/p>\n<h5><strong>Stopov\u00e9 prvky na 1 kg:<\/strong><\/h5>\n<p>Zinek (monohydr\u00e1t s\u00edranu zine\u010dnat\u00e9ho) 50 mg, \u017delezo (monohydr\u00e1t s\u00edranu \u017eeleznat\u00e9ho) 50 mg, Mangan (monohydr\u00e1t s\u00edranu manganat\u00e9ho) 35 mg, J\u00f3d (bezvod\u00fd jodi\u010dnan v\u00e1penat\u00fd) 1 mg, Selen (seleni\u010ditan sodn\u00fd) 0,3 mg.<\/p>\n<h5><strong>Krmn\u00fd n\u00e1vod:\u00a0<\/strong><\/h5>\n<p><a href=\"https:\/\/www.haffun.sk\/wp-content\/uploads\/2024\/05\/BD02F6D2-0BB5-4C5F-98F3-32D5E884C771.png\"><img fetchpriority=\"high\" decoding=\"async\" class=\"alignnone size-medium wp-image-3344\" src=\"https:\/\/www.haffun.sk\/wp-content\/uploads\/2024\/05\/BD02F6D2-0BB5-4C5F-98F3-32D5E884C771-300x225.png\" alt=\"\" width=\"300\" height=\"225\" srcset=\"https:\/\/www.haffun.cz\/wp-content\/uploads\/2024\/05\/BD02F6D2-0BB5-4C5F-98F3-32D5E884C771-300x225.png 300w, https:\/\/www.haffun.cz\/wp-content\/uploads\/2024\/05\/BD02F6D2-0BB5-4C5F-98F3-32D5E884C771-1024x768.png 1024w, https:\/\/www.haffun.cz\/wp-content\/uploads\/2024\/05\/BD02F6D2-0BB5-4C5F-98F3-32D5E884C771-768x576.png 768w, https:\/\/www.haffun.cz\/wp-content\/uploads\/2024\/05\/BD02F6D2-0BB5-4C5F-98F3-32D5E884C771-1536x1152.png 1536w, https:\/\/www.haffun.cz\/wp-content\/uploads\/2024\/05\/BD02F6D2-0BB5-4C5F-98F3-32D5E884C771-16x12.png 16w, https:\/\/www.haffun.cz\/wp-content\/uploads\/2024\/05\/BD02F6D2-0BB5-4C5F-98F3-32D5E884C771-700x525.png 700w, https:\/\/www.haffun.cz\/wp-content\/uploads\/2024\/05\/BD02F6D2-0BB5-4C5F-98F3-32D5E884C771.png 2000w\" sizes=\"(max-width: 300px) 100vw, 300px\" \/><\/a><\/p>\n<h5><strong>Kl\u00ed\u010dov\u00e9 vlastnosti a v\u00fdhody:<\/strong><\/h5>\n<ul>\n<li><strong>Slo\u017een\u00ed bez obilovin:<\/strong> Toto bezobiln\u00e9 krmivo, ide\u00e1ln\u00ed pro psy mal\u00fdch plemen s citlivost\u00ed na obiloviny nebo alergiemi, podporuje optim\u00e1ln\u00ed tr\u00e1ven\u00ed a sni\u017euje riziko alergick\u00fdch reakc\u00ed.<\/li>\n<li><strong>Zdrav\u00ed tr\u00e1ven\u00ed:<\/strong> Obohacen\u00fd o prebiotika a slo\u017eky bohat\u00e9 na vl\u00e1kninu pro podporu zdrav\u00e9ho st\u0159evn\u00edho prost\u0159ed\u00ed, podporuj\u00edc\u00ed lep\u0161\u00ed vst\u0159eb\u00e1v\u00e1n\u00ed \u017eivin a pravideln\u00e9 tr\u00e1ven\u00ed.<\/li>\n<li><strong>Vysoce kvalitn\u00ed protein:<\/strong> Jehn\u011b\u010d\u00ed maso je libov\u00fd, vysoce straviteln\u00fd zdroj b\u00edlkovin, kter\u00fd podporuje siln\u00e9 svaly a celkovou fyzickou kondici.<\/li>\n<li><strong>Podporuje imunitn\u00ed syst\u00e9m:<\/strong> P\u0159\u00edrodn\u00ed vitam\u00edny a antioxidanty ve sladk\u00fdch brambor\u00e1ch a m\u00e1t\u011b pom\u00e1haj\u00ed posilovat imunitn\u00ed syst\u00e9m.<\/li>\n<li><strong>Zdrav\u00e1 k\u016f\u017ee a srst:<\/strong> Obsahuje omega mastn\u00e9 kyseliny z p\u0159\u00edrodn\u00edch zdroj\u016f, kter\u00e9 pom\u00e1haj\u00ed udr\u017eovat lesklou srst a zdravou k\u016f\u017ei.<\/li>\n<li><strong>Bez um\u011bl\u00fdch p\u0159\u00edsad:<\/strong> Bez um\u011bl\u00fdch barviv, p\u0159\u00edchut\u00ed nebo konzerva\u010dn\u00edch l\u00e1tek, co\u017e zaji\u0161\u0165uje \u010distou a zdravou stravu pro va\u0161eho psa.<\/li>\n<\/ul>\n<h5><strong>Ingredience:<\/strong><\/h5>\n<h5><strong>Jehn\u011b\u010d\u00ed (50%)<\/strong><\/h5>\n<p><strong>\u010cerstv\u00e9 jehn\u011b\u010d\u00ed (30%):<\/strong> Poskytuje vysoce kvalitn\u00ed, lehce straviteln\u00fd zdroj b\u00edlkovin, kter\u00fd podporuje rozvoj a udr\u017een\u00ed sval\u016f. \u010cerstv\u00e9 jehn\u011b\u010d\u00ed maso je tak\u00e9 bohat\u00e9 na esenci\u00e1ln\u00ed aminokyseliny a prosp\u011b\u0161n\u00e9 tuky, kter\u00e9 podporuj\u00ed zdravou srst a k\u016f\u017ei.<\/p>\n<p><strong>Su\u0161en\u00e9 jehn\u011b\u010d\u00ed (18%):<\/strong> Koncentrovan\u00fd zdroj b\u00edlkovin, kter\u00fd zvy\u0161uje celkov\u00fd obsah b\u00edlkovin v potravin\u011b. Su\u0161en\u00e9 jehn\u011b\u010d\u00ed maso je bohat\u00e9 na \u017eiviny a podporuje trvalou hladinu energie.<\/p>\n<p><strong>Jehn\u011b\u010d\u00ed v\u00fdvar (2%):<\/strong> Dod\u00e1v\u00e1 vlhkost a chu\u0165, d\u00edky \u010demu\u017e je j\u00eddlo chutn\u011bj\u0161\u00ed. Poskytuje tak\u00e9 dal\u0161\u00ed \u017eiviny, kter\u00e9 jsou snadno straviteln\u00e9.<\/p>\n<h5><strong>Sladk\u00e9 brambory (23%)<\/strong><\/h5>\n<p>Sladk\u00e9 brambory jsou zdrojem sacharid\u016f bohat\u00fdch na \u017eiviny, bohat\u00fdm na vl\u00e1kninu, vitam\u00edny A, C a B6 a miner\u00e1ly, jako je mangan a drasl\u00edk. Podporuj\u00ed zdrav\u00ed tr\u00e1ven\u00ed, poskytuj\u00ed trvalou energii a podporuj\u00ed zdrav\u00fd imunitn\u00ed syst\u00e9m.<\/p>\n<h5><strong>Hr\u00e1ch (9%)<\/strong><\/h5>\n<p>Hr\u00e1ch je dobr\u00fdm zdrojem rostlinn\u00fdch b\u00edlkovin a vl\u00e1kniny, p\u0159isp\u00edv\u00e1 ke zdrav\u00ed sval\u016f a pravidelnosti tr\u00e1ven\u00ed. Obsahuj\u00ed tak\u00e9 z\u00e1kladn\u00ed vitam\u00edny, jako je K a A, stejn\u011b jako miner\u00e1ly, jako je \u017eelezo a zinek.<\/p>\n<h5><strong>Hrachov\u00fd protein<\/strong><\/h5>\n<p>Hrachov\u00fd protein je vynikaj\u00edc\u00edm zdrojem rostlinn\u00fdch b\u00edlkovin, kter\u00e9 podporuj\u00ed udr\u017een\u00ed a r\u016fst sval\u016f. Je tak\u00e9 hypoalergenn\u00ed a snadno straviteln\u00e9, tak\u017ee je ide\u00e1ln\u00ed pro psy s citlivost\u00ed na potravu.<\/p>\n<h5><strong>Brambory<\/strong><\/h5>\n<p>Brambory slou\u017e\u00ed jako straviteln\u00fd zdroj sacharid\u016f, poskytuj\u00ed energii a z\u00e1kladn\u00ed \u017eiviny, jako je vitam\u00edn C, vitam\u00edn B6 a drasl\u00edk. Pom\u00e1haj\u00ed podporovat zdrav\u00fd tr\u00e1vic\u00ed syst\u00e9m.<\/p>\n<h5><strong>Ln\u011bn\u00e9 sem\u00ednko<\/strong><\/h5>\n<p>Ln\u011bn\u00e9 sem\u00ednko je bohat\u00e9 na omega-3 mastn\u00e9 kyseliny a vl\u00e1kninu. Podporuje zdravou srst a k\u016f\u017ei, podporuje zdrav\u00ed tr\u00e1ven\u00ed a m\u016f\u017ee pomoci sn\u00ed\u017eit z\u00e1n\u011bt. Obsahuje tak\u00e9 lignany, kter\u00e9 maj\u00ed antioxida\u010dn\u00ed vlastnosti.<\/p>\n<h5><strong>\u0158epn\u00e1 du\u017eina<\/strong><\/h5>\n<p>\u0158epn\u00e9 \u0159\u00edzky jsou vynikaj\u00edc\u00edm zdrojem rozpustn\u00e9 i nerozpustn\u00e9 vl\u00e1kniny. Podporuje zdrav\u00e9 tr\u00e1ven\u00ed, pom\u00e1h\u00e1 udr\u017eovat pevnou stolici a podporuje vyv\u00e1\u017eenou st\u0159evn\u00ed mikrofl\u00f3ru.<\/p>\n<h5><strong>Dopln\u011bk Omega 3<\/strong><\/h5>\n<p>Obohacuje stravu o esenci\u00e1ln\u00ed mastn\u00e9 kyseliny, kter\u00e9 podporuj\u00ed funkci mozku, sni\u017euj\u00ed z\u00e1n\u011bty a podporuj\u00ed zdravou k\u016f\u017ei a srst.<\/p>\n<h5><strong>Miner\u00e1ly<\/strong><\/h5>\n<p>Sm\u011bs esenci\u00e1ln\u00edch miner\u00e1l\u016f, kter\u00e9 podporuj\u00ed r\u016fzn\u00e9 t\u011blesn\u00e9 funkce, v\u010detn\u011b zdrav\u00ed kost\u00ed, nervov\u00fdch funkc\u00ed a celkov\u00e9ho bun\u011b\u010dn\u00e9ho metabolismu. Tyto miner\u00e1ly zaji\u0161\u0165uj\u00ed, \u017ee v\u00e1\u0161 pes dost\u00e1v\u00e1 vyv\u00e1\u017eenou v\u00fd\u017eivu pro optim\u00e1ln\u00ed zdrav\u00ed.<\/p>\n<h5><strong>Vitam\u00edny<\/strong><\/h5>\n<p>Vitam\u00edny jsou kl\u00ed\u010dov\u00e9 pro celkov\u00e9 zdrav\u00ed a pohodu. Tato sm\u011bs obsahuje vitam\u00edny A a D3, kter\u00e9 podporuj\u00ed zrak, zdrav\u00ed poko\u017eky, imunitn\u00ed funkce a v\u00fdvoj kost\u00ed.<\/p>\n<h5><strong>Zeleninov\u00fd v\u00fdvar<\/strong><\/h5>\n<p>Dod\u00e1v\u00e1 krmivu pro psy chu\u0165 a vlhkost, \u010din\u00ed ho chutn\u011bj\u0161\u00edm a straviteln\u011bj\u0161\u00edm a z\u00e1rove\u0148 poskytuje z\u00e1kladn\u00ed \u017eiviny extrahovan\u00e9 b\u011bhem procesu v\u00fdroby v\u00fdvaru.<\/p>\n<h5><strong>M\u00e1ta (0,2%)<\/strong><\/h5>\n<p>M\u00e1ta dod\u00e1v\u00e1 osv\u011b\u017euj\u00edc\u00ed chu\u0165 a je zn\u00e1m\u00e1 sv\u00fdmi tr\u00e1vic\u00edmi \u00fa\u010dinky. Pom\u00e1h\u00e1 osv\u011b\u017eit dech a dok\u00e1\u017ee uklidnit \u017ealudek.<\/p>\n<h5><strong>FOS (fruktooligosacharidy, 96 mg\/kg)<\/strong><\/h5>\n<p>Prebiotick\u00e1 vl\u00e1knina, kter\u00e1 podporuje r\u016fst prosp\u011b\u0161n\u00fdch st\u0159evn\u00edch bakteri\u00ed, zlep\u0161uje tr\u00e1ven\u00ed a vst\u0159eb\u00e1v\u00e1n\u00ed \u017eivin. FOS pom\u00e1h\u00e1 udr\u017eovat zdravou rovnov\u00e1hu st\u0159evn\u00ed mikrofl\u00f3ry.<\/p>\n<h5><strong>MOS (mannanoligosacharidy, 24 mg\/kg)<\/strong><\/h5>\n<p>Dal\u0161\u00ed typ prebiotik, kter\u00fd podporuje zdrav\u00ed tr\u00e1vic\u00edho traktu t\u00edm, \u017ee zabra\u0148uje uchycen\u00ed \u0161kodliv\u00fdch bakteri\u00ed na v\u00fdstelku st\u0159ev. MOS pom\u00e1h\u00e1 pos\u00edlit imunitn\u00ed syst\u00e9m a zlep\u0161it zdrav\u00ed st\u0159ev.<\/p>\n<p>Ka\u017ed\u00e1 slo\u017eka tohoto ultrapr\u00e9miov\u00e9ho krmiva pro psy je pe\u010dliv\u011b vyb\u00edr\u00e1na tak, aby poskytovala vyv\u00e1\u017een\u00e9, v\u00fd\u017eivn\u00e9 a chutn\u00e9 krmivo pro dosp\u011bl\u00e9 psy mal\u00fdch plemen a zajistilo jim tu nejlep\u0161\u00ed mo\u017enou p\u00e9\u010di a v\u00fd\u017eivu, aby prosp\u00edvali.<\/p>\n<p>Vyberte si Haffun Ultra Premium Premium bez obilnin pro dosp\u011bl\u00e9 mal\u00e9 plemeno \u2013 jehn\u011b\u010d\u00ed se sladk\u00fdmi bramborami a m\u00e1tou pro vyv\u00e1\u017een\u00e9, lahodn\u00e9 a v\u00fd\u017eivn\u00e9 j\u00eddlo, kter\u00e9 podporuje zdrav\u00ed a pohodu va\u0161eho dosp\u011bl\u00e9ho psa mal\u00e9ho plemene.<\/p>","protected":false},"excerpt":{"rendered":"<p>Dop\u0159ejte sv\u00e9mu dosp\u011bl\u00e9mu psovi mal\u00e9ho plemene tu nejlep\u0161\u00ed v\u00fd\u017eivu a chu\u0165 s Haffun Ultra Premium Small Breed bez obilnin \u2013 jehn\u011b\u010d\u00ed se sladk\u00fdmi bramborami a m\u00e1tou. Tato odborn\u011b vytvo\u0159en\u00e1 receptura je navr\u017eena speci\u00e1ln\u011b tak, aby vyhovovala jedine\u010dn\u00fdm dietn\u00edm pot\u0159eb\u00e1m mal\u00fdch plemen, kombinuje bohat\u00e9, vysoce kvalitn\u00ed b\u00edlkoviny jehn\u011b\u010d\u00edho masa s prosp\u011b\u0161n\u00fdmi \u00fa\u010dinky sladk\u00fdch brambor a osv\u011b\u017euj\u00edc\u00edm p\u0159\u00eddavkem m\u00e1ty. Ka\u017ed\u00e1 ingredience byla pe\u010dliv\u011b vybr\u00e1na, aby zajistila, \u017ee v\u00e1\u0161 pes dostane vyv\u00e1\u017een\u00e9 a v\u00fd\u017eivn\u00e9 j\u00eddlo, kter\u00e9 podporuje celkov\u00e9 zdrav\u00ed, vitalitu a tr\u00e1vic\u00ed pohodu. Tato receptura bez obilovin je ide\u00e1ln\u00ed pro psy s citlivost\u00ed nebo alergi\u00ed na obiloviny a zaji\u0161\u0165uje, \u017ee i ty nejcitliv\u011bj\u0161\u00ed \u017ealudky si mohou vychutnat lahodn\u00e9 a uspokojuj\u00edc\u00ed j\u00eddlo.<\/p>","protected":false},"featured_media":4237,"comment_status":"open","ping_status":"closed","template":"","meta":{"_uag_custom_page_level_css":"","_kadence_starter_templates_imported_post":false,"_kad_post_transparent":"default","_kad_post_title":"","_kad_post_layout":"default","_kad_post_sidebar_id":"","_kad_post_content_style":"default","_kad_post_vertical_padding":"default","_kad_post_feature":"","_kad_post_feature_position":"","_kad_post_header":false,"_kad_post_footer":false},"product_brand":[],"product_cat":[93,116,110],"product_tag":[],"class_list":{"0":"post-4201","1":"product","2":"type-product","3":"status-publish","4":"has-post-thumbnail","6":"product_cat-ultra-premium-dog-food","7":"product_cat-ultra-premium-adult-dog-food","8":"product_cat-ultra-premium-dog-food-grain-free-small-breed","9":"pa_size-01kg","10":"pa_size-05kg","11":"pa_size-2kg","12":"pa_size-6kg","13":"pa_size-12kg","14":"pa_size-15kg","16":"first","17":"instock","18":"taxable","19":"shipping-taxable","20":"purchasable","21":"product-type-variable","22":"entry","23":"content-bg","24":"loop-entry"},"uagb_featured_image_src":{"full":["https:\/\/www.haffun.cz\/wp-content\/uploads\/2024\/12\/HAFFUN16-scaled-1.jpg",1845,2560,false],"thumbnail":["https:\/\/www.haffun.cz\/wp-content\/uploads\/2024\/12\/HAFFUN16-scaled-1-150x150.jpg",150,150,true],"medium":["https:\/\/www.haffun.cz\/wp-content\/uploads\/2024\/12\/HAFFUN16-scaled-1-216x300.jpg",216,300,true],"medium_large":["https:\/\/www.haffun.cz\/wp-content\/uploads\/2024\/12\/HAFFUN16-scaled-1-768x1066.jpg",768,1066,true],"large":["https:\/\/www.haffun.cz\/wp-content\/uploads\/2024\/12\/HAFFUN16-scaled-1-738x1024.jpg",738,1024,true],"1536x1536":["https:\/\/www.haffun.cz\/wp-content\/uploads\/2024\/12\/HAFFUN16-scaled-1-1107x1536.jpg",1107,1536,true],"2048x2048":["https:\/\/www.haffun.cz\/wp-content\/uploads\/2024\/12\/HAFFUN16-scaled-1-1476x2048.jpg",1476,2048,true],"trp-custom-language-flag":["https:\/\/www.haffun.cz\/wp-content\/uploads\/2024\/12\/HAFFUN16-scaled-1-9x12.jpg",9,12,true],"woocommerce_thumbnail":["https:\/\/www.haffun.cz\/wp-content\/uploads\/2024\/12\/HAFFUN16-scaled-1-800x800.jpg",800,800,true],"woocommerce_single":["https:\/\/www.haffun.cz\/wp-content\/uploads\/2024\/12\/HAFFUN16-scaled-1-700x971.jpg",700,971,true],"woocommerce_gallery_thumbnail":["https:\/\/www.haffun.cz\/wp-content\/uploads\/2024\/12\/HAFFUN16-scaled-1-100x100.jpg",100,100,true],"variation_swatches_image_size":["https:\/\/www.haffun.cz\/wp-content\/uploads\/2024\/12\/HAFFUN16-scaled-1-50x50.jpg",50,50,true],"variation_swatches_tooltip_size":["https:\/\/www.haffun.cz\/wp-content\/uploads\/2024\/12\/HAFFUN16-scaled-1-100x100.jpg",100,100,true]},"uagb_author_info":{"display_name":"Klaudia Bu\u010dkov\u00e1","author_link":"https:\/\/www.haffun.cz\/cs\/author\/"},"uagb_comment_info":0,"uagb_excerpt":"Treat your small breed adult dog to the ultimate in nutrition and taste with Haffun Ultra Premium Grain-Free Small Breed - Lamb with Sweet Potato and Mint. This expertly crafted formula is designed specifically to cater to the unique dietary needs of small breeds, combining the rich, high-quality protein of lamb with the wholesome benefits&hellip;","_links":{"self":[{"href":"https:\/\/www.haffun.cz\/cs\/wp-json\/wp\/v2\/product\/4201","targetHints":{"allow":["GET"]}}],"collection":[{"href":"https:\/\/www.haffun.cz\/cs\/wp-json\/wp\/v2\/product"}],"about":[{"href":"https:\/\/www.haffun.cz\/cs\/wp-json\/wp\/v2\/types\/product"}],"replies":[{"embeddable":true,"href":"https:\/\/www.haffun.cz\/cs\/wp-json\/wp\/v2\/comments?post=4201"}],"wp:featuredmedia":[{"embeddable":true,"href":"https:\/\/www.haffun.cz\/cs\/wp-json\/wp\/v2\/media\/4237"}],"wp:attachment":[{"href":"https:\/\/www.haffun.cz\/cs\/wp-json\/wp\/v2\/media?parent=4201"}],"wp:term":[{"taxonomy":"product_brand","embeddable":true,"href":"https:\/\/www.haffun.cz\/cs\/wp-json\/wp\/v2\/product_brand?post=4201"},{"taxonomy":"product_cat","embeddable":true,"href":"https:\/\/www.haffun.cz\/cs\/wp-json\/wp\/v2\/product_cat?post=4201"},{"taxonomy":"product_tag","embeddable":true,"href":"https:\/\/www.haffun.cz\/cs\/wp-json\/wp\/v2\/product_tag?post=4201"}],"curies":[{"name":"wp","href":"https:\/\/api.w.org\/{rel}","templated":true}]}}