{"id":4204,"date":"2024-12-17T15:35:49","date_gmt":"2024-12-17T14:35:49","guid":{"rendered":"https:\/\/www.haffun.cz\/?post_type=product&#038;p=4204"},"modified":"2026-03-26T11:55:18","modified_gmt":"2026-03-26T10:55:18","slug":"adult-grain-free-turkey-with-sweet-potato-and-cranberry","status":"publish","type":"product","link":"https:\/\/www.haffun.cz\/cs\/produkt\/adult-grain-free-turkey-with-sweet-potato-and-cranberry\/","title":{"rendered":"Dosp\u011bl\u00fd pes Grain-Free \u2013 Kr\u016fta se sladk\u00fdmi bramborami a brusinkami"},"content":{"rendered":"<p>P\u0159edstavujeme Haffun Ultra Premium pro dosp\u011bl\u00e9 bez obilovin \u2013 kr\u016fta se sladk\u00fdmi bramborami a brusinkami, perfektn\u00ed sm\u011bs v\u00fd\u017eivy a chuti pro va\u0161eho dosp\u011bl\u00e9ho psa. Tato receptura nab\u00edz\u00ed vysoce kvalitn\u00ed stravu bohatou na b\u00edlkoviny, kter\u00e1 podporuje siln\u00e9 svaly a podporuje celkov\u00e9 zdrav\u00ed, tak\u017ee je ide\u00e1ln\u00ed pro psy v\u0161ech plemen.<\/p>\n<p><strong>Slo\u017een\u00ed:<\/strong> Kr\u016ft\u00ed 50% (\u010derstv\u011b p\u0159ipraven\u00e9 kr\u016ft\u00ed maso 28%, su\u0161en\u00e9 kr\u016ft\u00ed maso 20%, kr\u016ft\u00ed v\u00fdvar 2%), sladk\u00e9 brambory (26%), hr\u00e1\u0161ek (9%), brambory, \u0159epn\u00e1 du\u017eina, ln\u011bn\u00e1 sem\u00ednka, dopln\u011bk Omega 3, brouky C, brouky, miner\u00e1ln\u00ed l\u00e1tky C (96 mg\/kg), mannanoligosacharidy MOS (24 mg\/kg).<\/p>\n<p><strong>Analytick\u00e9 slo\u017eky:<\/strong> Hrub\u00fd protein 26%, Hrub\u00fd tuk 11%, Hrub\u00e1 vl\u00e1knina 3%, Hrub\u00fd popel 8%, Vlhkost 8%, NFE (extrakt bez dus\u00edku) 44%, Energie 357 kcal\/100 g, Omega 6, Omega 3.1T Calc 21TP TP3 Fosfor 1.11 TP3T.<\/p>\n<p><strong>V\u00fd\u017eivov\u00e9 dopl\u0148ky na 1 kg:<\/strong> Vitaminy: Vitamin A 15 000 IU (E672), Vitamin D3 2 000 IU (E671), Vitamin E 95 IU.<\/p>\n<p><strong>Stopov\u00e9 prvky na 1 kg:<\/strong> Zinek (jako s\u00edran zine\u010dnat\u00fd monohydr\u00e1t) 50 mg, \u017delezo (jako monohydr\u00e1t s\u00edranu \u017eeleznat\u00e9ho) 50 mg, Mangan (jako monohydr\u00e1t s\u00edranu manganat\u00e9ho) 35 mg, M\u011b\u010f (jako pentahydr\u00e1t s\u00edranu m\u011b\u010fnat\u00e9ho) 15 mg, J\u00f3d (jako bezvod\u00fd jodi\u010dnan v\u00e1penat\u00fd) 1 mg.<\/p>\n<h5><strong>Krmn\u00fd n\u00e1vod:<\/strong><\/h5>\n<p><a href=\"https:\/\/www.haffun.sk\/wp-content\/uploads\/2024\/05\/21BD55A8-1A5B-43CC-959F-BE02E2AC7DE1.png\"><img fetchpriority=\"high\" decoding=\"async\" class=\"alignnone size-medium wp-image-3343\" src=\"https:\/\/www.haffun.sk\/wp-content\/uploads\/2024\/05\/21BD55A8-1A5B-43CC-959F-BE02E2AC7DE1-300x225.png\" alt=\"\" width=\"300\" height=\"225\" srcset=\"https:\/\/www.haffun.cz\/wp-content\/uploads\/2024\/05\/21BD55A8-1A5B-43CC-959F-BE02E2AC7DE1-300x225.png 300w, https:\/\/www.haffun.cz\/wp-content\/uploads\/2024\/05\/21BD55A8-1A5B-43CC-959F-BE02E2AC7DE1-1024x768.png 1024w, https:\/\/www.haffun.cz\/wp-content\/uploads\/2024\/05\/21BD55A8-1A5B-43CC-959F-BE02E2AC7DE1-768x576.png 768w, https:\/\/www.haffun.cz\/wp-content\/uploads\/2024\/05\/21BD55A8-1A5B-43CC-959F-BE02E2AC7DE1-1536x1152.png 1536w, https:\/\/www.haffun.cz\/wp-content\/uploads\/2024\/05\/21BD55A8-1A5B-43CC-959F-BE02E2AC7DE1-16x12.png 16w, https:\/\/www.haffun.cz\/wp-content\/uploads\/2024\/05\/21BD55A8-1A5B-43CC-959F-BE02E2AC7DE1-700x525.png 700w, https:\/\/www.haffun.cz\/wp-content\/uploads\/2024\/05\/21BD55A8-1A5B-43CC-959F-BE02E2AC7DE1.png 2000w\" sizes=\"(max-width: 300px) 100vw, 300px\" \/><\/a><\/p>\n<h5><strong>Kl\u00ed\u010dov\u00e9 vlastnosti a v\u00fdhody:<\/strong><\/h5>\n<p><strong>Bez obilovin:<\/strong> Toto krmivo speci\u00e1ln\u011b vyroben\u00e9 bez obilovin je ide\u00e1ln\u00ed pro psy s citlivost\u00ed na obiloviny nebo alergiemi. Zam\u011b\u0159uje se na pou\u017eit\u00ed lehce straviteln\u00fdch sacharid\u016f, jako jsou sladk\u00e9 brambory, aby poskytly trvalou energii bez za\u017e\u00edvac\u00edch pot\u00ed\u017e\u00ed.<\/p>\n<p><strong>Zdrav\u00ed tr\u00e1ven\u00ed:<\/strong> Toto slo\u017een\u00ed obohacen\u00e9 o prebiotika, kter\u00e1 pom\u00e1haj\u00ed udr\u017eovat zdravou rovnov\u00e1hu st\u0159evn\u00edch bakteri\u00ed a zlep\u0161uje vst\u0159eb\u00e1v\u00e1n\u00ed \u017eivin, je navr\u017eeno tak, aby podporovalo zdrav\u00ed tr\u00e1vic\u00edho traktu va\u0161eho psa.<\/p>\n<p><strong>Podpora imunitn\u00edho syst\u00e9mu:<\/strong> Kombinace p\u0159\u00edrodn\u00edch slo\u017eek, vitam\u00edn\u016f a miner\u00e1l\u016f pom\u00e1h\u00e1 posilovat imunitn\u00ed syst\u00e9m.<\/p>\n<p><strong>Zdrav\u00e1 k\u016f\u017ee a srst:<\/strong> Omega mastn\u00e9 kyseliny, p\u0159irozen\u011b se vyskytuj\u00edc\u00ed v kr\u016ft\u00edm tuku, spolu s p\u0159idan\u00fdmi vitam\u00edny zaji\u0161\u0165uj\u00ed lesklou srst a zdravou k\u016f\u017ei.<\/p>\n<p><strong>Bez um\u011bl\u00fdch p\u0159\u00edsad:<\/strong> Bez um\u011bl\u00fdch barviv, p\u0159\u00edchut\u00ed nebo konzerva\u010dn\u00edch l\u00e1tek, poskytuje va\u0161emu psovi pouze ty nejkvalitn\u011bj\u0161\u00ed ingredience.<\/p>\n<p><strong>Turecko (50%)<\/strong><\/p>\n<p><strong>\u010cerstv\u011b p\u0159ipraven\u00e9 kr\u016ft\u00ed maso (28%):<\/strong> Tento vysoce kvalitn\u00ed zdroj b\u00edlkovin je vyroben z \u010derstv\u011b p\u0159ipraven\u00e9ho kr\u016ft\u00edho masa. Poskytuje esenci\u00e1ln\u00ed aminokyseliny nezbytn\u00e9 pro udr\u017een\u00ed sval\u016f, r\u016fst a celkov\u00e9 zdrav\u00ed.<\/p>\n<p><strong>Su\u0161en\u00e9 kr\u016ft\u00ed maso (20%):<\/strong> Koncentrovan\u00fd protein z kr\u016fty, kter\u00fd byl vysu\u0161en, aby se odstranila vlhkost. Tento proces zv\u00fdraz\u0148uje chu\u0165 a zvy\u0161uje obsah b\u00edlkovin, co\u017e p\u0159isp\u00edv\u00e1 k nutri\u010dn\u00ed hustot\u011b j\u00eddla.<\/p>\n<p><strong>Kr\u016ft\u00ed v\u00fdvar (2%):<\/strong> Dod\u00e1v\u00e1 krmivu vlhkost a chu\u0165, tak\u017ee je pro psy chutn\u011bj\u0161\u00ed. Poskytuje tak\u00e9 b\u00edlkoviny a \u017eiviny ve form\u011b, kter\u00e1 je lehce straviteln\u00e1.<\/p>\n<h5><strong>Sladk\u00e9 brambory (26%)<\/strong><\/h5>\n<p>Skv\u011bl\u00fd zdroj komplexn\u00edch sacharid\u016f, dietn\u00ed vl\u00e1kniny a beta-karotenu (kter\u00fd se v t\u011ble p\u0159em\u011b\u0148uje na vitam\u00edn A). Sladk\u00e9 brambory jsou vysoce straviteln\u00e9 a poskytuj\u00ed z\u00e1kladn\u00ed vitam\u00edny, jako je B6 a C, a tak\u00e9 miner\u00e1ly, jako je mangan, kter\u00e9 jsou \u017eivotn\u011b d\u016fle\u017eit\u00e9 pro celkov\u00e9 zdrav\u00ed a energii.<\/p>\n<h5><strong>Hr\u00e1ch (9%)<\/strong><\/h5>\n<p>Hr\u00e1ch je dobr\u00fdm zdrojem rostlinn\u00fdch b\u00edlkovin a m\u00e1 vysok\u00fd obsah vl\u00e1kniny, kter\u00e1 napom\u00e1h\u00e1 tr\u00e1ven\u00ed. Obsahuj\u00ed tak\u00e9 vitam\u00edny, jako je K a B, a miner\u00e1ly, jako je ho\u0159\u010d\u00edk, \u017eelezo, zinek a drasl\u00edk, co\u017e p\u0159isp\u00edv\u00e1 k vyv\u00e1\u017een\u00e9mu nutri\u010dn\u00edmu profilu.<\/p>\n<h5><strong>Brambory<\/strong><\/h5>\n<p>Slou\u017e\u00ed jako dal\u0161\u00ed zdroj sacharid\u016f pro energii. Poskytuj\u00ed tak\u00e9 vl\u00e1kninu, vitam\u00edny a miner\u00e1ly, v\u010detn\u011b vitam\u00ednu C, vitam\u00ednu B6 a drasl\u00edku.<\/p>\n<h5><strong>\u0158epn\u00e1 du\u017eina<\/strong><\/h5>\n<p>Zdroj rozpustn\u00e9 a nerozpustn\u00e9 vl\u00e1kniny, kter\u00e1 pom\u00e1h\u00e1 podporovat zdrav\u00e9 tr\u00e1ven\u00ed a pravideln\u00e9 vyprazd\u0148ov\u00e1n\u00ed. \u0158epn\u00e9 \u0159\u00edzky jsou prosp\u011b\u0161n\u00e9 pro svou schopnost napom\u00e1hat vst\u0159eb\u00e1v\u00e1n\u00ed \u017eivin a zlep\u0161ovat kvalitu stolice.<\/p>\n<h5><strong>Ln\u011bn\u00e1 sem\u00ednka<\/strong><\/h5>\n<p>Bohat\u00e9 na omega-3 mastn\u00e9 kyseliny, kter\u00e9 podporuj\u00ed zdravou k\u016f\u017ei a srst. Ln\u011bn\u00e1 sem\u00ednka jsou tak\u00e9 dobr\u00fdm zdrojem vl\u00e1kniny a mohou pomoci udr\u017eovat zdrav\u00ed srdce t\u00edm, \u017ee sni\u017euj\u00ed hladinu cholesterolu v krvi.<\/p>\n<h5><strong>Dopln\u011bk Omega 3<\/strong><\/h5>\n<p>Obohacuje p\u0159irozenou stravu o esenci\u00e1ln\u00ed mastn\u00e9 kyseliny, kter\u00e9 jsou kl\u00ed\u010dov\u00e9 pro kognitivn\u00ed funkce, zdrav\u00ed kloub\u016f a sni\u017euj\u00ed z\u00e1n\u011bty v cel\u00e9m t\u011ble.<\/p>\n<h5><strong>Miner\u00e1ly<\/strong><\/h5>\n<p>Komplexn\u00ed sm\u011bs z\u00e1kladn\u00edch miner\u00e1l\u016f, kter\u00e9 podporuj\u00ed metabolick\u00e9 funkce, zdrav\u00ed kost\u00ed, nervov\u00fd p\u0159enos a celkov\u00e9 zdrav\u00ed bun\u011bk.<\/p>\n<h5><strong>Zeleninov\u00fd v\u00fdvar<\/strong><\/h5>\n<p>P\u0159irozen\u011b zv\u00fdraz\u0148uje chu\u0165, d\u00edky \u010demu\u017e je krmivo pro psy p\u0159ita\u017eliv\u011bj\u0161\u00ed a poskytuje dodate\u010dnou hydrataci a \u017eiviny.<\/p>\n<h5><strong>Brusinky<\/strong><\/h5>\n<p>Brusinky, zn\u00e1m\u00e9 pro sv\u00e9 p\u0159\u00ednosy pro zdrav\u00ed mo\u010dov\u00e9ho traktu, jsou tak\u00e9 bohat\u00fdm zdrojem vitam\u00edn\u016f C a E, manganu a antioxidant\u016f, kter\u00e9 podporuj\u00ed imunitn\u00ed syst\u00e9m.<\/p>\n<h5><strong>Fruktooligosacharidy (FOS, 96 mg\/kg)<\/strong><\/h5>\n<p>Prebiotick\u00e1 vl\u00e1knina, kter\u00e1 pom\u00e1h\u00e1 podporovat zdrav\u00e9 bakterie ve st\u0159evech, zlep\u0161uje tr\u00e1ven\u00ed a vst\u0159eb\u00e1v\u00e1n\u00ed \u017eivin.<\/p>\n<h5><strong>Mannanoligosacharidy (MOS, 24 mg\/kg) <\/strong><\/h5>\n<p>Dal\u0161\u00ed prebiotikum, kter\u00e9 podporuje imunitn\u00ed syst\u00e9m t\u00edm, \u017ee zabra\u0148uje \u0161kodliv\u00fdm bakteri\u00edm ulp\u00edvat na st\u011bn\u00e1ch tr\u00e1vic\u00edho traktu, \u010d\u00edm\u017e zlep\u0161uje celkov\u00e9 zdrav\u00ed st\u0159ev.<\/p>\n<p>Tato kombinace ingredienc\u00ed v tomto ultrapr\u00e9miov\u00e9m krmivu pro psy zaji\u0161\u0165uje vyv\u00e1\u017eenou stravu p\u0159izp\u016fsobenou pro podporu zdrav\u00ed, vitality a tr\u00e1ven\u00ed ps\u016f a z\u00e1rove\u0148 uspokojuje i ty se specifick\u00fdmi dietn\u00edmi pot\u0159ebami nebo citliv\u00fdmi psy.<\/p>\n<p>Zlep\u0161ete krmen\u00ed sv\u00e9ho psa pomoc\u00ed Haffun Ultra Premium Premium Adult \u2013 Kr\u016ft\u00ed se sladk\u00fdmi bramborami a brusinkami, kter\u00e9 je navr\u017eeno tak, aby vyhovovalo chuti a nutri\u010dn\u00edm pot\u0159eb\u00e1m va\u0161eho milovan\u00e9ho mazl\u00ed\u010dka a zajistilo, \u017ee bude \u0161\u0165astn\u00e9, zdrav\u00e9 a aktivn\u00ed.<\/p>","protected":false},"excerpt":{"rendered":"<p>Za\u017eijte vrchol ps\u00ed v\u00fd\u017eivy s Haffun Ultra Premium Premium Adult \u2013 Kr\u016ft\u00ed se sladk\u00fdmi bramborami a brusinkami, pe\u010dliv\u011b vytvo\u0159en\u00e9 tak, aby vyhovovalo jedine\u010dn\u00fdm dietn\u00edm pot\u0159eb\u00e1m dosp\u011bl\u00fdch ps\u016f. Tato dieta, kter\u00e1 obsahuje bohatou sm\u011bs kr\u016ft\u00edho masa 50%, nab\u00edz\u00ed vysoce kvalitn\u00ed libov\u00e9 b\u00edlkoviny na podporu udr\u017een\u00ed svalov\u00e9 hmoty a celkov\u00e9 vitality zdrav\u00ed. Toto slo\u017een\u00ed, ide\u00e1ln\u00ed pro psy v\u0161ech plemen a velikost\u00ed, poskytuje vyv\u00e1\u017een\u00e9 a lahodn\u00e9 krmivo navr\u017een\u00e9 tak, aby vy\u017eivovalo va\u0161eho mazl\u00ed\u010dka a z\u00e1rove\u0148 uspokojilo i ty, kte\u0159\u00ed jsou citliv\u00ed na obil\u00ed. Zahrnut\u00ed sladk\u00fdch brambor a brusinek nejen zlep\u0161uje chu\u0165ov\u00fd profil, ale tak\u00e9 zvy\u0161uje nutri\u010dn\u00ed obsah, tak\u017ee ka\u017ed\u00e9 j\u00eddlo je komplexn\u00ed dietn\u00ed volbou pro va\u0161eho milovan\u00e9ho spole\u010dn\u00edka.<\/p>","protected":false},"featured_media":4250,"comment_status":"open","ping_status":"closed","template":"","meta":{"_uag_custom_page_level_css":"","_kadence_starter_templates_imported_post":false,"_kad_post_transparent":"default","_kad_post_title":"","_kad_post_layout":"default","_kad_post_sidebar_id":"","_kad_post_content_style":"default","_kad_post_vertical_padding":"default","_kad_post_feature":"","_kad_post_feature_position":"","_kad_post_header":false,"_kad_post_footer":false},"product_brand":[],"product_cat":[93,116,101],"product_tag":[],"class_list":{"0":"post-4204","1":"product","2":"type-product","3":"status-publish","4":"has-post-thumbnail","6":"product_cat-ultra-premium-dog-food","7":"product_cat-ultra-premium-adult-dog-food","8":"product_cat-ultra-premium-dog-food-grain-free-adult","9":"pa_size-01kg","10":"pa_size-05kg","11":"pa_size-2kg","12":"pa_size-6kg","13":"pa_size-12kg","14":"pa_size-15kg","16":"first","17":"outofstock","18":"taxable","19":"shipping-taxable","20":"purchasable","21":"product-type-variable","22":"entry","23":"content-bg","24":"loop-entry"},"uagb_featured_image_src":{"full":["https:\/\/www.haffun.cz\/wp-content\/uploads\/2024\/12\/HAFFUN17-scaled-1.jpg",1825,2560,false],"thumbnail":["https:\/\/www.haffun.cz\/wp-content\/uploads\/2024\/12\/HAFFUN17-scaled-1-150x150.jpg",150,150,true],"medium":["https:\/\/www.haffun.cz\/wp-content\/uploads\/2024\/12\/HAFFUN17-scaled-1-214x300.jpg",214,300,true],"medium_large":["https:\/\/www.haffun.cz\/wp-content\/uploads\/2024\/12\/HAFFUN17-scaled-1-768x1077.jpg",768,1077,true],"large":["https:\/\/www.haffun.cz\/wp-content\/uploads\/2024\/12\/HAFFUN17-scaled-1-730x1024.jpg",730,1024,true],"1536x1536":["https:\/\/www.haffun.cz\/wp-content\/uploads\/2024\/12\/HAFFUN17-scaled-1-1095x1536.jpg",1095,1536,true],"2048x2048":["https:\/\/www.haffun.cz\/wp-content\/uploads\/2024\/12\/HAFFUN17-scaled-1-1460x2048.jpg",1460,2048,true],"trp-custom-language-flag":["https:\/\/www.haffun.cz\/wp-content\/uploads\/2024\/12\/HAFFUN17-scaled-1-9x12.jpg",9,12,true],"woocommerce_thumbnail":["https:\/\/www.haffun.cz\/wp-content\/uploads\/2024\/12\/HAFFUN17-scaled-1-800x800.jpg",800,800,true],"woocommerce_single":["https:\/\/www.haffun.cz\/wp-content\/uploads\/2024\/12\/HAFFUN17-scaled-1-700x982.jpg",700,982,true],"woocommerce_gallery_thumbnail":["https:\/\/www.haffun.cz\/wp-content\/uploads\/2024\/12\/HAFFUN17-scaled-1-100x100.jpg",100,100,true],"variation_swatches_image_size":["https:\/\/www.haffun.cz\/wp-content\/uploads\/2024\/12\/HAFFUN17-scaled-1-50x50.jpg",50,50,true],"variation_swatches_tooltip_size":["https:\/\/www.haffun.cz\/wp-content\/uploads\/2024\/12\/HAFFUN17-scaled-1-100x100.jpg",100,100,true]},"uagb_author_info":{"display_name":"Klaudia Bu\u010dkov\u00e1","author_link":"https:\/\/www.haffun.cz\/cs\/author\/"},"uagb_comment_info":0,"uagb_excerpt":"Experience the pinnacle of canine nutrition with Haffun Ultra Premium Grain-Free Adult - Turkey with Sweet Potato and Cranberry, meticulously formulated to meet the unique dietary needs of adult dogs. Featuring a rich blend of 50% turkey, this diet offers high-quality, lean protein to support muscle maintenance and overall health vitality. Ideal for dogs of&hellip;","_links":{"self":[{"href":"https:\/\/www.haffun.cz\/cs\/wp-json\/wp\/v2\/product\/4204","targetHints":{"allow":["GET"]}}],"collection":[{"href":"https:\/\/www.haffun.cz\/cs\/wp-json\/wp\/v2\/product"}],"about":[{"href":"https:\/\/www.haffun.cz\/cs\/wp-json\/wp\/v2\/types\/product"}],"replies":[{"embeddable":true,"href":"https:\/\/www.haffun.cz\/cs\/wp-json\/wp\/v2\/comments?post=4204"}],"wp:featuredmedia":[{"embeddable":true,"href":"https:\/\/www.haffun.cz\/cs\/wp-json\/wp\/v2\/media\/4250"}],"wp:attachment":[{"href":"https:\/\/www.haffun.cz\/cs\/wp-json\/wp\/v2\/media?parent=4204"}],"wp:term":[{"taxonomy":"product_brand","embeddable":true,"href":"https:\/\/www.haffun.cz\/cs\/wp-json\/wp\/v2\/product_brand?post=4204"},{"taxonomy":"product_cat","embeddable":true,"href":"https:\/\/www.haffun.cz\/cs\/wp-json\/wp\/v2\/product_cat?post=4204"},{"taxonomy":"product_tag","embeddable":true,"href":"https:\/\/www.haffun.cz\/cs\/wp-json\/wp\/v2\/product_tag?post=4204"}],"curies":[{"name":"wp","href":"https:\/\/api.w.org\/{rel}","templated":true}]}}