{"id":4215,"date":"2024-12-17T15:36:23","date_gmt":"2024-12-17T14:36:23","guid":{"rendered":"https:\/\/www.haffun.cz\/?post_type=product&#038;p=4215"},"modified":"2026-04-21T08:08:52","modified_gmt":"2026-04-21T06:08:52","slug":"adult-grain-free-lamb-with-sweet-potato","status":"publish","type":"product","link":"https:\/\/www.haffun.cz\/cs\/produkt\/adult-grain-free-lamb-with-sweet-potato\/","title":{"rendered":"Dosp\u011bl\u00fd pes Grain-Free \u2013 Jehn\u011b\u010d\u00ed se sladk\u00fdmi bramborami"},"content":{"rendered":"<p>Dop\u0159ejte sv\u00e9mu psovi luxusn\u00ed chu\u0165 a vysoce kvalitn\u00ed v\u00fd\u017eivu Haffun Ultra Premium bez obilnin Adult \u2013 Jehn\u011b\u010d\u00ed se sladk\u00fdmi bramborami a m\u00e1tou. Tato receptura, navr\u017een\u00e1 speci\u00e1ln\u011b pro dosp\u011bl\u00e9 psy, kombinuje lahodn\u00e9, \u010derstv\u011b p\u0159ipraven\u00e9 jehn\u011b\u010d\u00ed maso s prosp\u011b\u0161nou dobrotou sladk\u00fdch brambor a osv\u011b\u017euj\u00edc\u00edm n\u00e1dechem m\u00e1ty, \u010d\u00edm\u017e vytv\u00e1\u0159\u00ed j\u00eddlo, kter\u00e9 nejen zasyt\u00ed chu\u0165ov\u00e9 bu\u0148ky, ale tak\u00e9 podporuje celkov\u00e9 zdrav\u00ed a tr\u00e1vic\u00ed pohodu.<\/p>\n<p><strong>Slo\u017een\u00ed:<\/strong> Jehn\u011b\u010d\u00ed 50% (v\u010detn\u011b 30% \u010derstv\u00e9ho jehn\u011b\u010d\u00edho, 18% su\u0161en\u00e9ho jehn\u011b\u010d\u00edho a 2% jehn\u011b\u010d\u00edho v\u00fdvaru), sladk\u00e9 brambory (23%), hr\u00e1\u0161ek (9%), brambory, hrachov\u00fd protein, ln\u011bn\u00e9 sem\u00ednko, \u0159epn\u00e1 du\u017eina, Omega 3, vitam\u00edny a miner\u00e1ly, zeleninov\u00fd v\u00fdvar (0,2%), FOS (fruktooligosacharidy, 96 mg\/kg), MOS (mannan oligosacharidy, 24 mg\/kg).<\/p>\n<p><strong>Analytick\u00e9 slo\u017eky:<\/strong> Hrub\u00fd protein 26%, Hrub\u00fd tuk 13%, Hrub\u00e1 vl\u00e1knina 3%, Hrub\u00fd popel 9,5%, Vlhkost 8%, Energie 361 Kcal\/100 g, V\u00e1pn\u00edk 2%, Fosfor 1,21 TP3.8 Omega3T, Omega3,4TP,1TP<\/p>\n<p><strong>V\u00fd\u017eivov\u00e9 dopl\u0148ky na 1 kg:<\/strong> Vitaminy: Vitamin A 15 000 IU (E672), Vitamin D3 2 000 IU (E671), Vitamin E 95 IU<\/p>\n<p><strong>Stopov\u00e9 prvky na 1 kg:<\/strong> Zinek (jako monohydr\u00e1t s\u00edranu zine\u010dnat\u00e9ho) 50 mg, \u017delezo (jako monohydr\u00e1t s\u00edranu \u017eeleznat\u00e9ho) 50 mg, Mangan (jako monohydr\u00e1t s\u00edranu manganat\u00e9ho) 35 mg, J\u00f3d (jako bezvod\u00fd jodi\u010dnan v\u00e1penat\u00fd) 1 mg, Selen (jako seleni\u010ditan sodn\u00fd) 0,3 mg.<\/p>\n<h5><strong>Krmn\u00fd n\u00e1vod:\u00a0<\/strong><\/h5>\n<p><a href=\"https:\/\/www.haffun.sk\/wp-content\/uploads\/2024\/05\/9E79ECC0-6862-44D8-97AB-120DCF8A7016.png\"><img fetchpriority=\"high\" decoding=\"async\" class=\"alignnone size-medium wp-image-3342\" src=\"https:\/\/www.haffun.sk\/wp-content\/uploads\/2024\/05\/9E79ECC0-6862-44D8-97AB-120DCF8A7016-300x225.png\" alt=\"\" width=\"300\" height=\"225\" srcset=\"https:\/\/www.haffun.cz\/wp-content\/uploads\/2024\/05\/9E79ECC0-6862-44D8-97AB-120DCF8A7016-300x225.png 300w, https:\/\/www.haffun.cz\/wp-content\/uploads\/2024\/05\/9E79ECC0-6862-44D8-97AB-120DCF8A7016-1024x768.png 1024w, https:\/\/www.haffun.cz\/wp-content\/uploads\/2024\/05\/9E79ECC0-6862-44D8-97AB-120DCF8A7016-768x576.png 768w, https:\/\/www.haffun.cz\/wp-content\/uploads\/2024\/05\/9E79ECC0-6862-44D8-97AB-120DCF8A7016-1536x1152.png 1536w, https:\/\/www.haffun.cz\/wp-content\/uploads\/2024\/05\/9E79ECC0-6862-44D8-97AB-120DCF8A7016-16x12.png 16w, https:\/\/www.haffun.cz\/wp-content\/uploads\/2024\/05\/9E79ECC0-6862-44D8-97AB-120DCF8A7016-700x525.png 700w, https:\/\/www.haffun.cz\/wp-content\/uploads\/2024\/05\/9E79ECC0-6862-44D8-97AB-120DCF8A7016.png 2000w\" sizes=\"(max-width: 300px) 100vw, 300px\" \/><\/a><\/p>\n<h5><strong style=\"font-family: var(--global-body-font-family);\">Kl\u00ed\u010dov\u00e9 vlastnosti a v\u00fdhody:<\/strong><\/h5>\n<p><strong>Slo\u017een\u00ed bez obilovin:<\/strong> Toto krmivo je vyrobeno bez obilovin a je ide\u00e1ln\u00ed pro psy s citlivost\u00ed na obiloviny nebo alergiemi. Zam\u011b\u0159uje se na vysoce kvalitn\u00ed suroviny, kter\u00e9 dod\u00e1vaj\u00ed v\u00fd\u017eivu bez kompromis\u016f.<\/p>\n<p><strong>Vysok\u00fd obsah b\u00edlkovin:<\/strong> Podporuje \u00fadr\u017ebu a obnovu sval\u016f s vysoce kvalitn\u00edm jehn\u011b\u010d\u00edm jako hlavn\u00ed slo\u017ekou.<\/p>\n<p><strong>Podporuje zdrav\u00ed tr\u00e1ven\u00ed:<\/strong> Ingredience jako sladk\u00e9 brambory a m\u00e1ta spolupracuj\u00ed na udr\u017een\u00ed zdrav\u00e9ho tr\u00e1ven\u00ed a zklidn\u011bn\u00ed \u017ealudku.<\/p>\n<p><strong>Zlep\u0161uje zdrav\u00ed k\u016f\u017ee a srsti:<\/strong> Omega mastn\u00e9 kyseliny obsa\u017een\u00e9 v jehn\u011b\u010d\u00edm mase pom\u00e1haj\u00ed vy\u017eivovat k\u016f\u017ei a udr\u017eovat srst lesklou a zdravou.<\/p>\n<p><strong>Bez um\u011bl\u00fdch p\u0159\u00edsad:<\/strong> Bez um\u011bl\u00fdch barviv, p\u0159\u00edchut\u00ed nebo konzerva\u010dn\u00edch l\u00e1tek, co\u017e zaji\u0161\u0165uje, \u017ee v\u00e1\u0161 mazl\u00ed\u010dek dost\u00e1v\u00e1 pouze tu nej\u010dist\u0161\u00ed formu v\u00fd\u017eivy.<\/p>\n<h5><strong>Ingredience:<\/strong><\/h5>\n<p><strong>Jehn\u011b\u010d\u00ed (50%)<\/strong><\/p>\n<p><strong>\u010cerstv\u00e9 jehn\u011b\u010d\u00ed (30%):<\/strong> \u010cerstv\u00e9 jehn\u011b\u010d\u00ed maso poskytuje vysoce kvalitn\u00ed b\u00edlkoviny, kter\u00e9 jsou nezbytn\u00e9 pro udr\u017een\u00ed a obnovu sval\u016f. Je tak\u00e9 bohat\u00fd na esenci\u00e1ln\u00ed aminokyseliny a miner\u00e1ly, jako je zinek a \u017eelezo, kter\u00e9 jsou kl\u00ed\u010dov\u00e9 pro imunitn\u00ed a metabolick\u00e9 funkce.<\/p>\n<p><strong>Su\u0161en\u00e9 jehn\u011b\u010d\u00ed (18%):<\/strong> Su\u0161en\u00e9 jehn\u011b\u010d\u00ed maso je koncentrovan\u00fdm zdrojem b\u00edlkovin, kter\u00e9 pom\u00e1haj\u00ed zv\u00fd\u0161it obsah b\u00edlkovin v potravin\u00e1ch bez p\u0159id\u00e1v\u00e1n\u00ed nadm\u011brn\u00e9 vlhkosti. Je prosp\u011b\u0161n\u00fd pro trval\u00e9 uvol\u0148ov\u00e1n\u00ed energie po cel\u00fd den.<\/p>\n<p><strong>Jehn\u011b\u010d\u00ed v\u00fdvar (2%):<\/strong> Dod\u00e1v\u00e1 krmivu vlhkost a chu\u0165, tak\u017ee je pro psy p\u0159ita\u017eliv\u011bj\u0161\u00ed. V\u00fdvar tak\u00e9 poskytuje \u017eiviny extrahovan\u00e9 z jehn\u011b\u010d\u00edho b\u011bhem procesu va\u0159en\u00ed, jako jsou vitam\u00edny a miner\u00e1ly.<\/p>\n<h5><strong>Sladk\u00e9 brambory (23%)<\/strong><\/h5>\n<p>Sladk\u00e9 brambory jsou bezlepkov\u00fdm zdrojem komplexn\u00edch sacharid\u016f, bohat\u00fdm na vl\u00e1kninu a nabit\u00e9 nezbytn\u00fdmi vitam\u00edny, jako je B6 a C, a miner\u00e1ly, jako je mangan. Jsou vynikaj\u00edc\u00ed pro zdrav\u00ed tr\u00e1ven\u00ed a energii.<\/p>\n<h5><strong>Hr\u00e1ch (9%)<\/strong><\/h5>\n<p>Hr\u00e1ch je dobr\u00fdm zdrojem rostlinn\u00fdch b\u00edlkovin a vl\u00e1kniny. Nab\u00edzej\u00ed tak\u00e9 vitam\u00edny jako K a B komplex, kter\u00e9 jsou d\u016fle\u017eit\u00e9 pro zdrav\u00ed. Krom\u011b toho hr\u00e1\u0161ek obsahuje miner\u00e1ly, jako je ho\u0159\u010d\u00edk, \u017eelezo a zinek.<\/p>\n<h5><strong>Brambory<\/strong><\/h5>\n<p>Brambory, kter\u00e9 p\u016fsob\u00ed jako dal\u0161\u00ed zdroj sacharid\u016f, poskytuj\u00ed energii, vl\u00e1kninu a n\u011bkolik dal\u0161\u00edch \u017eivin v\u010detn\u011b vitam\u00ednu C, drasl\u00edku a vitam\u00ednu B6. Jsou tak\u00e9 lehce straviteln\u00e9.<\/p>\n<h5><strong>Hrachov\u00fd protein<\/strong><\/h5>\n<p>Koncentrovan\u00e1 forma b\u00edlkovin z hrachu, tato slo\u017eka pom\u00e1h\u00e1 zv\u00fd\u0161it celkov\u00fd obsah b\u00edlkovin v krmivu pro psy, podporuje r\u016fst sval\u016f a energetickou hladinu.<\/p>\n<h5><strong>Ln\u011bn\u00e9 sem\u00ednko<\/strong><\/h5>\n<p>Ln\u011bn\u00e9 sem\u00ednko bohat\u00e9 na omega-3 mastn\u00e9 kyseliny podporuje zdravou k\u016f\u017ei a srst. Jsou tak\u00e9 dobr\u00fdm zdrojem vl\u00e1kniny, kter\u00e1 pom\u00e1h\u00e1 p\u0159i tr\u00e1ven\u00ed a kardiovaskul\u00e1rn\u00edm zdrav\u00ed.<\/p>\n<p><strong>\u0158epn\u00e1 du\u017eina<\/strong><\/p>\n<p>\u0158epn\u00e9 \u0159\u00edzky jsou zdrojem vl\u00e1kniny, kter\u00e1 je vynikaj\u00edc\u00ed pro zdrav\u00ed ps\u00edho tr\u00e1vic\u00edho traktu. P\u016fsob\u00ed jako prebiotikum, podporuje r\u016fst zdrav\u00fdch st\u0159evn\u00edch bakteri\u00ed a pom\u00e1h\u00e1 p\u0159i regulaci hladiny cukru v krvi.<\/p>\n<h5><strong>Omega 3<\/strong><\/h5>\n<p>Tato esenci\u00e1ln\u00ed mastn\u00e1 kyselina se p\u0159id\u00e1v\u00e1 ke zlep\u0161en\u00ed kognitivn\u00edch funkc\u00ed, sn\u00ed\u017een\u00ed z\u00e1n\u011btu a podpo\u0159e zdrav\u00e9 srsti a k\u016f\u017ee.<\/p>\n<h5><strong>Vitam\u00edny a miner\u00e1ly<\/strong><\/h5>\n<p>Tato sm\u011bs zaji\u0161\u0165uje, \u017ee krmivo pro psy spl\u0148uje nutri\u010dn\u00ed pot\u0159eby ps\u016f, podporuje zdrav\u00ed kost\u00ed, nervov\u00e9 funkce a celkovou bun\u011b\u010dnou \u010dinnost.<\/p>\n<h5><strong>Zeleninov\u00fd v\u00fdvar<\/strong><\/h5>\n<p>Poskytuje dal\u0161\u00ed chu\u0165 a \u017eiviny, d\u00edky \u010demu\u017e je krmivo pro psy chutn\u011bj\u0161\u00ed a nutri\u010dn\u011b bohat\u0161\u00ed.<\/p>\n<h5><strong>M\u00e1ta (0,2%)<\/strong><\/h5>\n<p>M\u00e1ta je obsa\u017eena pro jej\u00ed schopnost napom\u00e1hat tr\u00e1ven\u00ed a osv\u011b\u017eovat dech. M\u00e1 tak\u00e9 protiz\u00e1n\u011btliv\u00e9 vlastnosti.<\/p>\n<h5><strong>Fruktooligosacharidy (FOS, 96 mg\/kg)<\/strong><\/h5>\n<p>Typ prebiotick\u00e9 vl\u00e1kniny, kter\u00e1 pom\u00e1h\u00e1 podporovat r\u016fst zdrav\u00fdch bakteri\u00ed v tr\u00e1vic\u00edm traktu, zlep\u0161uje vst\u0159eb\u00e1v\u00e1n\u00ed \u017eivin a celkov\u00e9 zdrav\u00ed st\u0159ev.<\/p>\n<p><strong>Mannan oligosacharidy (MOS, 24 mg\/kg)<\/strong><\/p>\n<p>Dal\u0161\u00ed prebiotikum pom\u00e1h\u00e1 posilovat imunitn\u00ed syst\u00e9m t\u00edm, \u017ee br\u00e1n\u00ed p\u0159ichycen\u00ed \u0161kodliv\u00fdch bakteri\u00ed ke st\u011bn\u00e1m st\u0159eva.<\/p>\n<p>Toto slo\u017een\u00ed poskytuje plnohodnotn\u00e9, v\u00fd\u017eivn\u00e9 a lahodn\u00e9 krmivo pro psy se zam\u011b\u0159en\u00edm na vysoce kvalitn\u00ed b\u00edlkoviny, z\u00e1kladn\u00ed \u017eiviny a slo\u017eky, kter\u00e9 podporuj\u00ed tr\u00e1ven\u00ed a celkov\u00e9 zdrav\u00ed.<\/p>\n<p>Vyberte si Haffun Ultra Premium pro dosp\u011bl\u00e9 bez obilovin \u2013 jehn\u011b\u010d\u00ed se sladk\u00fdmi bramborami a m\u00e1tou pro vyv\u00e1\u017een\u00e9, lahodn\u00e9 a v\u00fd\u017eivn\u00e9 j\u00eddlo, d\u00edky kter\u00e9mu bude v\u00e1\u0161 pes \u0161\u0165astn\u00fd, zdrav\u00fd a aktivn\u00ed.<\/p>","protected":false},"excerpt":{"rendered":"<p>Dop\u0159ejte sv\u00e9mu milovan\u00e9mu psovi vynikaj\u00edc\u00ed chut\u011b a v\u00fdjime\u010dnou v\u00fd\u017eivu Haffun Ultra Premium bez obilnin Adult \u2013 Jehn\u011b\u010d\u00ed pes se sladk\u00fdmi bramborami a m\u00e1tou, pe\u010dliv\u011b vytvo\u0159en\u00e9 pro dosp\u011bl\u00e9 psy. Toto ultrapr\u00e9miov\u00e9 krmivo pro psy kombinuje vysoce kvalitn\u00ed, \u010derstv\u011b p\u0159ipraven\u00e9 jehn\u011b\u010d\u00ed maso s v\u00fd\u017eivn\u00fdmi v\u00fdhodami sladk\u00fdch brambor, obohacen\u00e9 o osv\u011b\u017euj\u00edc\u00ed n\u00e1dech m\u00e1ty. Ka\u017ed\u00e1 ingredience je pe\u010dliv\u011b vyb\u00edr\u00e1na tak, aby poskytovala vyv\u00e1\u017eenou stravu, kter\u00e1 nejen povzbud\u00ed chu\u0165ov\u00e9 poh\u00e1rky, ale tak\u00e9 podporuje pevn\u00e9 zdrav\u00ed a optim\u00e1ln\u00ed tr\u00e1ven\u00ed. Tato receptura je speci\u00e1ln\u011b navr\u017eena tak, aby vyhovovala pot\u0159eb\u00e1m v\u0161ech plemen, poskytuje chutnou hostinu, kter\u00e1 podporuje svalovou s\u00edlu, zdrav\u00ed tr\u00e1ven\u00ed a celkovou vitalitu ve slo\u017een\u00ed bez obilovin, kter\u00e9 je ide\u00e1ln\u00ed pro psy s citliv\u00fdm \u017ealudkem nebo alergi\u00ed na obil\u00ed.<\/p>","protected":false},"featured_media":4253,"comment_status":"open","ping_status":"closed","template":"","meta":{"_uag_custom_page_level_css":"","_kadence_starter_templates_imported_post":false,"_kad_post_transparent":"default","_kad_post_title":"","_kad_post_layout":"default","_kad_post_sidebar_id":"","_kad_post_content_style":"default","_kad_post_vertical_padding":"default","_kad_post_feature":"","_kad_post_feature_position":"","_kad_post_header":false,"_kad_post_footer":false},"product_brand":[],"product_cat":[93,116,101],"product_tag":[],"class_list":{"0":"post-4215","1":"product","2":"type-product","3":"status-publish","4":"has-post-thumbnail","6":"product_cat-ultra-premium-dog-food","7":"product_cat-ultra-premium-adult-dog-food","8":"product_cat-ultra-premium-dog-food-grain-free-adult","9":"pa_size-01kg","10":"pa_size-05kg","11":"pa_size-2kg","12":"pa_size-6kg","13":"pa_size-12kg","14":"pa_size-15kg","16":"first","17":"instock","18":"taxable","19":"shipping-taxable","20":"purchasable","21":"product-type-variable","22":"entry","23":"content-bg","24":"loop-entry"},"uagb_featured_image_src":{"full":["https:\/\/www.haffun.cz\/wp-content\/uploads\/2024\/12\/HAFFUN18-scaled-1.jpg",1825,2560,false],"thumbnail":["https:\/\/www.haffun.cz\/wp-content\/uploads\/2024\/12\/HAFFUN18-scaled-1-150x150.jpg",150,150,true],"medium":["https:\/\/www.haffun.cz\/wp-content\/uploads\/2024\/12\/HAFFUN18-scaled-1-214x300.jpg",214,300,true],"medium_large":["https:\/\/www.haffun.cz\/wp-content\/uploads\/2024\/12\/HAFFUN18-scaled-1-768x1077.jpg",768,1077,true],"large":["https:\/\/www.haffun.cz\/wp-content\/uploads\/2024\/12\/HAFFUN18-scaled-1-730x1024.jpg",730,1024,true],"1536x1536":["https:\/\/www.haffun.cz\/wp-content\/uploads\/2024\/12\/HAFFUN18-scaled-1-1095x1536.jpg",1095,1536,true],"2048x2048":["https:\/\/www.haffun.cz\/wp-content\/uploads\/2024\/12\/HAFFUN18-scaled-1-1460x2048.jpg",1460,2048,true],"trp-custom-language-flag":["https:\/\/www.haffun.cz\/wp-content\/uploads\/2024\/12\/HAFFUN18-scaled-1-9x12.jpg",9,12,true],"woocommerce_thumbnail":["https:\/\/www.haffun.cz\/wp-content\/uploads\/2024\/12\/HAFFUN18-scaled-1-800x800.jpg",800,800,true],"woocommerce_single":["https:\/\/www.haffun.cz\/wp-content\/uploads\/2024\/12\/HAFFUN18-scaled-1-700x982.jpg",700,982,true],"woocommerce_gallery_thumbnail":["https:\/\/www.haffun.cz\/wp-content\/uploads\/2024\/12\/HAFFUN18-scaled-1-100x100.jpg",100,100,true],"variation_swatches_image_size":["https:\/\/www.haffun.cz\/wp-content\/uploads\/2024\/12\/HAFFUN18-scaled-1-50x50.jpg",50,50,true],"variation_swatches_tooltip_size":["https:\/\/www.haffun.cz\/wp-content\/uploads\/2024\/12\/HAFFUN18-scaled-1-100x100.jpg",100,100,true]},"uagb_author_info":{"display_name":"Klaudia Bu\u010dkov\u00e1","author_link":"https:\/\/www.haffun.cz\/cs\/author\/"},"uagb_comment_info":0,"uagb_excerpt":"Treat your beloved dog to the exquisite flavors and exceptional nutrition of Haffun Ultra Premium Grain-Free Adult - Lamb Dog with Sweet Potato and Mint, meticulously formulated for adult dogs. This ultra premium dog food blends high-quality, freshly prepared lamb with the nutritious benefits of sweet potatoes, enriched with the refreshing zing of mint. Each&hellip;","_links":{"self":[{"href":"https:\/\/www.haffun.cz\/cs\/wp-json\/wp\/v2\/product\/4215","targetHints":{"allow":["GET"]}}],"collection":[{"href":"https:\/\/www.haffun.cz\/cs\/wp-json\/wp\/v2\/product"}],"about":[{"href":"https:\/\/www.haffun.cz\/cs\/wp-json\/wp\/v2\/types\/product"}],"replies":[{"embeddable":true,"href":"https:\/\/www.haffun.cz\/cs\/wp-json\/wp\/v2\/comments?post=4215"}],"wp:featuredmedia":[{"embeddable":true,"href":"https:\/\/www.haffun.cz\/cs\/wp-json\/wp\/v2\/media\/4253"}],"wp:attachment":[{"href":"https:\/\/www.haffun.cz\/cs\/wp-json\/wp\/v2\/media?parent=4215"}],"wp:term":[{"taxonomy":"product_brand","embeddable":true,"href":"https:\/\/www.haffun.cz\/cs\/wp-json\/wp\/v2\/product_brand?post=4215"},{"taxonomy":"product_cat","embeddable":true,"href":"https:\/\/www.haffun.cz\/cs\/wp-json\/wp\/v2\/product_cat?post=4215"},{"taxonomy":"product_tag","embeddable":true,"href":"https:\/\/www.haffun.cz\/cs\/wp-json\/wp\/v2\/product_tag?post=4215"}],"curies":[{"name":"wp","href":"https:\/\/api.w.org\/{rel}","templated":true}]}}