{"id":4271,"date":"2024-12-17T15:38:30","date_gmt":"2024-12-17T14:38:30","guid":{"rendered":"https:\/\/www.haffun.cz\/?post_type=product&#038;p=4271"},"modified":"2026-03-31T07:48:20","modified_gmt":"2026-03-31T05:48:20","slug":"treats-skin-and-coat","status":"publish","type":"product","link":"https:\/\/www.haffun.cz\/cs\/produkt\/treats-skin-and-coat\/","title":{"rendered":"Pamlsky \u2013 K\u016f\u017ee a srst"},"content":{"rendered":"<p>Dop\u0159ejte sv\u00fdm ps\u016fm a ko\u010dk\u00e1m maxim\u00e1ln\u00ed p\u00e9\u010di s Haffun Ultra Premium Functional Treats \u2013 Skin and Coat. Tyto pamlsky jsou speci\u00e1ln\u011b navr\u017eeny pro v\u0161echny \u017eivotn\u00ed f\u00e1ze a jsou speci\u00e1ln\u011b navr\u017eeny tak, aby zlep\u0161ily zdrav\u00ed k\u016f\u017ee a srsti va\u0161eho mazl\u00ed\u010dka. Proto\u017ee k\u016f\u017ee a srst spole\u010dn\u011b tvo\u0159\u00ed nejv\u011bt\u0161\u00ed org\u00e1n t\u011bla va\u0161eho mazl\u00ed\u010dka, slou\u017e\u00ed jako prvn\u00ed obrann\u00e1 linie. Toto slo\u017een\u00ed je pe\u010dliv\u011b vytvo\u0159eno tak, aby podporovalo zdravou k\u016f\u017ei a lesklou srst.<\/p>\n<h5>Slo\u017een\u00ed:<\/h5>\n<p>\u010cerstv\u011b p\u0159ipraven\u00fd losos 45%, bat\u00e1ty 18%, su\u0161en\u00fd losos 8%, lososov\u00fd olej 7%, brambory, hr\u00e1\u0161ek, \u010derstv\u011b p\u0159ipraven\u00fd pstruh 5%, vojt\u011b\u0161ka, su\u0161en\u00e1 vejce, miner\u00e1ly, dopln\u011bk Omega 3, mo\u0159sk\u00e9 \u0159asy.<\/p>\n<h5>Analytick\u00e9 slo\u017eky:<\/h5>\n<p>Hrub\u00fd protein, 25%, hrub\u00fd tuk, 19%, hrub\u00e1 vl\u00e1knina, 3%, hrub\u00fd popel, 8%, vlhkost, 8%, bezdus\u00edkat\u00fd extrakt (NFE), 37%, metabolizovateln\u00e1 energie (ME), 393 kcal\/100g, Omega 6 mastn\u00e9 kyseliny, 1.6%, Omega 3 mastn\u00e9 kyseliny, 5.3%.<\/p>\n<h5>V\u00fd\u017eivov\u00e9 dopl\u0148ky na 1 kg:<\/h5>\n<p>Vitaminy: Vitamin A 15 000 IU, Vitamin D3 2 000 IU, Vitamin E 670 IU, Biotin 0,14 mg<\/p>\n<h5>Stopov\u00e9 prvky:<\/h5>\n<p>Zinek (monohydr\u00e1t s\u00edranu zine\u010dnat\u00e9ho) 155 mg, \u017delezo (monohydr\u00e1t s\u00edranu \u017eeleznat\u00e9ho) 50 mg, Mangan (monohydr\u00e1t s\u00edranu manganat\u00e9ho) 35 mg, J\u00f3d (bezvod\u00fd jodi\u010dnan v\u00e1penat\u00fd) 1 mg.<\/p>\n<h5>Kl\u00ed\u010dov\u00e9 v\u00fdhody:<\/h5>\n<h5>P\u0159idan\u00fd dopln\u011bk Omega 3:<\/h5>\n<p>Poskytuje esenci\u00e1ln\u00ed Omega 3 mastn\u00e9 kyseliny, kter\u00e9 pom\u00e1haj\u00ed podporovat lesk a hebkost.<\/p>\n<h5>Obsahuje EPA a DHA:<\/h5>\n<p>Tyto kyseliny pom\u00e1haj\u00ed sni\u017eovat hromad\u011bn\u00ed lup\u016f t\u00edm, \u017ee udr\u017euj\u00ed bun\u011b\u010dnou strukturu a \u201euzamykaj\u00ed\u201c vlhkost.<\/p>\n<h5>Obsahuje zinek a biotin:<\/h5>\n<p>Toto slo\u017een\u00ed obsahuje zinek a biotin, kter\u00e9 pom\u00e1haj\u00ed udr\u017eovat zdravou k\u016f\u017ei a lesklou srst.<\/p>\n<h5>Bez obilovin:<\/h5>\n<p>Navr\u017eeno tak, aby bylo vhodn\u00e9 pro dom\u00e1c\u00ed mazl\u00ed\u010dky s intoleranc\u00ed\/citlivost\u00ed na obilniny.<\/p>\n<h5>P\u0159idan\u00e9 vitam\u00edny a miner\u00e1ly:<\/h5>\n<p>Obsahuje nezbytn\u00e9 vitam\u00edny a miner\u00e1ly pro celkov\u00e9 zdrav\u00ed mazl\u00ed\u010dk\u016f.<\/p>\n<h5>Bez p\u0159idan\u00fdch um\u011bl\u00fdch barviv nebo konzerva\u010dn\u00edch l\u00e1tek:<\/h5>\n<p>Zaji\u0161\u0165uje p\u0159irozenou a zdravou pochoutku pro va\u0161e mazl\u00ed\u010dky.<\/p>\n<div class=\"group\/conversation-turn relative flex w-full min-w-0 flex-col agent-turn\">\n<div class=\"flex-col gap-1 md:gap-3\">\n<div class=\"flex flex-grow flex-col max-w-full\">\n<div class=\"min-h-[20px] text-message flex flex-col items-start whitespace-pre-wrap break-words [.text-message+&amp;]:mt-5 juice:w-full juice:items-end overflow-x-auto gap-2\" dir=\"auto\" data-message-author-role=\"assistant\" data-message-id=\"bfd81c64-7a25-4dcf-955b-950a206f0217\">\n<div class=\"flex w-full flex-col gap-1 juice:empty:hidden juice:first:pt-[3px]\">\n<div class=\"markdown prose w-full break-words dark:prose-invert dark\">\n<p>Tyto pamlsky vyroben\u00e9 z vysoce kvalitn\u00edch ingredienc\u00ed zaji\u0161\u0165uj\u00ed va\u0161im mazl\u00ed\u010dk\u016fm tu nejlep\u0161\u00ed v\u00fd\u017eivu pro z\u00e1\u0159ivou a zdravou srst. Dop\u0159ejte sv\u00fdm chlupat\u00fdm p\u0159\u00e1tel\u016fm pochoutky Haffun Ultra Premium \u2013 Skin and Coat a sledujte, jak se jim da\u0159\u00ed s ka\u017ed\u00fdm soustem.<\/p>\n<\/div>\n<\/div>\n<\/div>\n<\/div>\n<\/div>\n<\/div>\n<p>&nbsp;<\/p>","protected":false},"excerpt":{"rendered":"<div class=\"flex-shrink-0 flex flex-col relative items-end\">\n<div>\n<div class=\"pt-0.5 juice:pt-0\">\n<div class=\"gizmo-bot-avatar flex h-6 w-6 items-center justify-center overflow-hidden rounded-full juice:h-8 juice:w-8\">\n<div class=\"relative p-1 rounded-sm flex items-center justify-center bg-token-main-surface-primary text-token-text-primary h-8 w-8\"><span style=\"font-family: var(--global-body-font-family);\">Haffun Ultra Premium Functional Treats jsou speci\u00e1ln\u011b navr\u017eeny pro psy a ko\u010dky ve v\u0161ech \u017eivotn\u00edch f\u00e1z\u00edch pro zlep\u0161en\u00ed zdrav\u00ed k\u016f\u017ee a srsti. Krom\u011b toho jsou tyto pamlsky bez obilovin pln\u00e9 omega 3, EPA &amp; DHA, zinku a biotinu pro podporu leskl\u00e9 srsti a zdrav\u00e9 k\u016f\u017ee. Nav\u00edc jsou tyto pamlsky vyrobeny z vysoce kvalitn\u00edch surovin a bez um\u011bl\u00fdch barviv nebo konzerva\u010dn\u00edch l\u00e1tek a poskytuj\u00ed z\u00e1kladn\u00ed vitam\u00edny a miner\u00e1ly pro celkov\u00e9 zdrav\u00ed dom\u00e1c\u00edch mazl\u00ed\u010dk\u016f. Dop\u0159ejte sv\u00fdm chlupat\u00fdm p\u0159\u00e1tel\u016fm Haffun Ultra Premium Treats a sledujte, jak se jim da\u0159\u00ed.<\/span><\/div>\n<\/div>\n<\/div>\n<\/div>\n<\/div>","protected":false},"featured_media":4297,"comment_status":"open","ping_status":"closed","template":"","meta":{"_uag_custom_page_level_css":"","_kadence_starter_templates_imported_post":false,"_kad_post_transparent":"default","_kad_post_title":"","_kad_post_layout":"default","_kad_post_sidebar_id":"","_kad_post_content_style":"default","_kad_post_vertical_padding":"default","_kad_post_feature":"","_kad_post_feature_position":"","_kad_post_header":false,"_kad_post_footer":false},"product_brand":[],"product_cat":[121,93],"product_tag":[],"class_list":{"0":"post-4271","1":"product","2":"type-product","3":"status-publish","4":"has-post-thumbnail","6":"product_cat-ultra-premium-treats","7":"product_cat-ultra-premium-dog-food","9":"first","10":"outofstock","11":"taxable","12":"shipping-taxable","13":"purchasable","14":"product-type-simple","15":"entry","16":"content-bg","17":"loop-entry"},"uagb_featured_image_src":{"full":["https:\/\/www.haffun.cz\/wp-content\/uploads\/2024\/12\/skinandcoat-scaled-1.jpg",1861,2560,false],"thumbnail":["https:\/\/www.haffun.cz\/wp-content\/uploads\/2024\/12\/skinandcoat-scaled-1-150x150.jpg",150,150,true],"medium":["https:\/\/www.haffun.cz\/wp-content\/uploads\/2024\/12\/skinandcoat-scaled-1-218x300.jpg",218,300,true],"medium_large":["https:\/\/www.haffun.cz\/wp-content\/uploads\/2024\/12\/skinandcoat-scaled-1-768x1056.jpg",768,1056,true],"large":["https:\/\/www.haffun.cz\/wp-content\/uploads\/2024\/12\/skinandcoat-scaled-1-744x1024.jpg",744,1024,true],"1536x1536":["https:\/\/www.haffun.cz\/wp-content\/uploads\/2024\/12\/skinandcoat-scaled-1-1117x1536.jpg",1117,1536,true],"2048x2048":["https:\/\/www.haffun.cz\/wp-content\/uploads\/2024\/12\/skinandcoat-scaled-1-1489x2048.jpg",1489,2048,true],"trp-custom-language-flag":["https:\/\/www.haffun.cz\/wp-content\/uploads\/2024\/12\/skinandcoat-scaled-1-9x12.jpg",9,12,true],"woocommerce_thumbnail":["https:\/\/www.haffun.cz\/wp-content\/uploads\/2024\/12\/skinandcoat-scaled-1-800x800.jpg",800,800,true],"woocommerce_single":["https:\/\/www.haffun.cz\/wp-content\/uploads\/2024\/12\/skinandcoat-scaled-1-700x963.jpg",700,963,true],"woocommerce_gallery_thumbnail":["https:\/\/www.haffun.cz\/wp-content\/uploads\/2024\/12\/skinandcoat-scaled-1-100x100.jpg",100,100,true],"variation_swatches_image_size":["https:\/\/www.haffun.cz\/wp-content\/uploads\/2024\/12\/skinandcoat-scaled-1-50x50.jpg",50,50,true],"variation_swatches_tooltip_size":["https:\/\/www.haffun.cz\/wp-content\/uploads\/2024\/12\/skinandcoat-scaled-1-100x100.jpg",100,100,true]},"uagb_author_info":{"display_name":"Klaudia Bu\u010dkov\u00e1","author_link":"https:\/\/www.haffun.cz\/cs\/author\/"},"uagb_comment_info":0,"uagb_excerpt":"Haffun Ultra Premium Functional Treats are specifically designed for dogs and cats of all life stages to enhance skin and coat health. Furthermore, these grain-free treats are packed with Omega 3, EPA &amp; DHA, zinc, and biotin to support a shiny coat and healthy skin. Additionally, made with high-quality ingredients and no artificial colors or&hellip;","_links":{"self":[{"href":"https:\/\/www.haffun.cz\/cs\/wp-json\/wp\/v2\/product\/4271","targetHints":{"allow":["GET"]}}],"collection":[{"href":"https:\/\/www.haffun.cz\/cs\/wp-json\/wp\/v2\/product"}],"about":[{"href":"https:\/\/www.haffun.cz\/cs\/wp-json\/wp\/v2\/types\/product"}],"replies":[{"embeddable":true,"href":"https:\/\/www.haffun.cz\/cs\/wp-json\/wp\/v2\/comments?post=4271"}],"wp:featuredmedia":[{"embeddable":true,"href":"https:\/\/www.haffun.cz\/cs\/wp-json\/wp\/v2\/media\/4297"}],"wp:attachment":[{"href":"https:\/\/www.haffun.cz\/cs\/wp-json\/wp\/v2\/media?parent=4271"}],"wp:term":[{"taxonomy":"product_brand","embeddable":true,"href":"https:\/\/www.haffun.cz\/cs\/wp-json\/wp\/v2\/product_brand?post=4271"},{"taxonomy":"product_cat","embeddable":true,"href":"https:\/\/www.haffun.cz\/cs\/wp-json\/wp\/v2\/product_cat?post=4271"},{"taxonomy":"product_tag","embeddable":true,"href":"https:\/\/www.haffun.cz\/cs\/wp-json\/wp\/v2\/product_tag?post=4271"}],"curies":[{"name":"wp","href":"https:\/\/api.w.org\/{rel}","templated":true}]}}