{"id":4272,"date":"2024-12-17T15:38:30","date_gmt":"2024-12-17T14:38:30","guid":{"rendered":"https:\/\/www.haffun.cz\/?post_type=product&#038;p=4272"},"modified":"2025-08-22T11:59:25","modified_gmt":"2025-08-22T09:59:25","slug":"treats-calming","status":"publish","type":"product","link":"https:\/\/www.haffun.cz\/cs\/produkt\/treats-calming\/","title":{"rendered":"Pamlsky \u2013 Sklid\u0148en\u00ed"},"content":{"rendered":"<p>Haffun Ultra Premium funk\u010dn\u00ed pamlsky \u2013 Sklidn\u011bn\u00ed -  pamlsky speci\u00e1ln\u011b navr\u017eeny pro psy v\u0161ech \u017eivotn\u00edch f\u00e1z\u00ed pom\u00e1haj\u00ed zm\u00edrnit stres a \u00fazkost a z\u00e1rove\u0148 podporuj\u00ed celkovou pohodu.<\/p>\n<h5>Kl\u00ed\u010dov\u00e9 vlastnosti:<\/h5>\n<h5>P\u0159id\u00e1na levandule:<\/h5>\n<p>Zlep\u0161uje \u010dichovou stimulaci a podporuje relaxaci.<\/p>\n<h5>P\u0159idan\u00fd he\u0159m\u00e1nek:<\/h5>\n<p>P\u0159irozen\u011b uklid\u0148uje a uvol\u0148uje dom\u00e1c\u00ed mazl\u00ed\u010dky, tak\u00e9 uklid\u0148uje podr\u00e1\u017ed\u011bn\u00fd \u017ealudek.<\/p>\n<h5>P\u0159idan\u00e1 probiotika:<\/h5>\n<p>Pom\u00e1h\u00e1j\u00ed stabilizovat a stimulovat r\u016fst prosp\u011b\u0161n\u00e9 st\u0159evn\u00ed fl\u00f3ry, \u010d\u00edm\u017e podporuj\u00ed zdrav\u00ed tr\u00e1ven\u00ed.<\/p>\n<h5>Bez obilovin:<\/h5>\n<p>Slo\u017een\u00ed bez p\u0159idan\u00fdch obilovin, aby se zabr\u00e1nilo alergick\u00fdm reakc\u00edm, \u0161patn\u00e9mu zdrav\u00ed nebo za\u017e\u00edvac\u00edm probl\u00e9m\u016fm.<\/p>\n<h5>P\u0159idan\u00e9 nukleotidy:<\/h5>\n<p>Nezbytn\u00fd pro regeneraci bun\u011bk a celkovou podporu zdrav\u00ed.<\/p>\n<h5>Vitam\u00edny a miner\u00e1ly:<\/h5>\n<p>Poskytuj\u00ed z\u00e1kladn\u00ed \u017eiviny pro celkov\u00e9 zdrav\u00ed mazl\u00ed\u010dk\u016f.<\/p>\n<h5>Bez p\u0159idan\u00fdch um\u011bl\u00fdch barviv nebo konzerva\u010dn\u00edch l\u00e1tek:<\/h5>\n<p>Zaji\u0161\u0165uje p\u0159irozenou a zdravou pochoutku pro va\u0161e mazl\u00ed\u010dky.<\/p>\n<h5>Slo\u017een\u00ed:<\/h5>\n<p>\u010cerstv\u011b p\u0159ipraven\u00e1 kachna 40%, \u010derstv\u011b p\u0159ipraven\u00e9 ku\u0159e 24%, bat\u00e1ty 13%, brambory, hr\u00e1\u0161ek, rostlinn\u00e9 b\u00edlkoviny, miner\u00e1ln\u00ed l\u00e1tky, ku\u0159ec\u00ed om\u00e1\u010dka 1%, nukleotidy 1%, celul\u00f3za, dopln\u011bk Omega 3, fruktooligosacharidy (FOS), beta-glukany, mannanoligosacharidy (MOS), he\u0159m\u00e1nek (50 mg\/kg), levandule (50 mg\/kg).<\/p>\n<h5>Analytick\u00e9 slo\u017eky:<\/h5>\n<p>Hrub\u00fd protein: 25%, Hrub\u00fd tuk: 16%, Hrub\u00e1 vl\u00e1knina: 4,5%, Hrub\u00fd popel: 7,5%, Vlhkost: 8%, Bezdus\u00edkov\u00fd extrakt (NFE): 39%, Metabolizovateln\u00e1 energie (ME\/1071 k Fat): 300 g Fat Kyseliny: 2%, Omega 3 mastn\u00e9 kyseliny: 0,5%<\/p>\n<h5>Aditiva na 1 kg:<\/h5>\n<p>Vitam\u00edny: Vitamin A 15 000 IU, Vitamin D3 2 000 IU, Vitamin E 95 IU<\/p>\n<h5>Stopov\u00e9 prvky:<\/h5>\n<p>Zinek (monohydr\u00e1t s\u00edranu zine\u010dnat\u00e9ho) 85 mg, \u017delezo (monohydr\u00e1t s\u00edranu \u017eeleznat\u00e9ho) 50 mg, Mangan (monohydr\u00e1t s\u00edranu manganat\u00e9ho) 35 mg, M\u011b\u010f (pentahydr\u00e1t s\u00edranu m\u011b\u010fnat\u00e9ho) 15 mg, J\u00f3d (bezvod\u00fd jodi\u010dnan v\u00e1penat\u00fd) 1,7 mg, Selen (seleni\u010ditan sodn\u00fd) 0,3 mg<\/p>\n<h5>Stabiliz\u00e1tory st\u0159evn\u00ed fl\u00f3ry:<\/h5>\n<p>Enterococcus faecium DSM 10663\/NCIMB 10415 1 000 000 000 cfu<\/p>\n<p>Dop\u0159ejte sv\u00fdm chlupat\u00fdm p\u0159\u00e1tel\u016fm Haffun pamlsky - Sklidn\u011bn\u00ed a p\u0159ispjejte k jejich klidn\u00e9mu, uvoln\u011bn\u00e9mu a \u0161\u0165astn\u00e9mu \u017eivotu. Na\u0161e pamlsky jsou vyr\u00e1b\u011bny s maxim\u00e1ln\u00ed p\u00e9\u010d\u00ed a kvalitou, d\u00edky \u010demu\u017e jsou vynikaj\u00edc\u00edm dopl\u0148kem stravy va\u0161eho mazl\u00ed\u010dka.<\/p>","protected":false},"excerpt":{"rendered":"<p>Haffun Ultra Premium funk\u010dn\u00ed pamlsky \u2013 Sklidn\u011bn\u00ed jsou ide\u00e1ln\u00ed pro psy v\u0161ech \u017eivotn\u00edch f\u00e1z\u00ed. Tyto pamlsky jsou speci\u00e1ln\u011b vytvo\u0159eny pro sn\u00ed\u017een\u00ed stresu a \u00fazkosti s p\u0159idanou levandul\u00ed a he\u0159m\u00e1nkem, kter\u00e9 p\u0159irozen\u011b uklid\u0148uj\u00ed a uvol\u0148uj\u00ed va\u0161eho mazl\u00ed\u010dka. Tyto pochoutky, obohacen\u00e9 o probiotika pro zdrav\u00e9 tr\u00e1ven\u00ed jsou bez obilovin, um\u011bl\u00fdch barviv a konzerva\u010dn\u00edch l\u00e1tek. Vyroben\u00e9 z \u010derstv\u011b p\u0159ipraven\u00e9ho kachniho a ku\u0159ec\u00edho masa, poskytuj\u00ed z\u00e1kladn\u00ed \u017eiviny pro podporu celkov\u00e9ho zdrav\u00ed a pohody.<\/p>","protected":false},"featured_media":4299,"comment_status":"open","ping_status":"closed","template":"","meta":{"_uag_custom_page_level_css":"","_kadence_starter_templates_imported_post":false,"_kad_post_transparent":"default","_kad_post_title":"","_kad_post_layout":"default","_kad_post_sidebar_id":"","_kad_post_content_style":"default","_kad_post_vertical_padding":"default","_kad_post_feature":"","_kad_post_feature_position":"","_kad_post_header":false,"_kad_post_footer":false},"product_brand":[],"product_cat":[121,93],"product_tag":[],"class_list":{"0":"post-4272","1":"product","2":"type-product","3":"status-publish","4":"has-post-thumbnail","6":"product_cat-ultra-premium-treats","7":"product_cat-ultra-premium-dog-food","9":"first","10":"instock","11":"taxable","12":"shipping-taxable","13":"purchasable","14":"product-type-simple","15":"entry","16":"content-bg","17":"loop-entry"},"uagb_featured_image_src":{"full":["https:\/\/www.haffun.cz\/wp-content\/uploads\/2024\/12\/calming-scaled-1.jpg",1861,2560,false],"thumbnail":["https:\/\/www.haffun.cz\/wp-content\/uploads\/2024\/12\/calming-scaled-1-150x150.jpg",150,150,true],"medium":["https:\/\/www.haffun.cz\/wp-content\/uploads\/2024\/12\/calming-scaled-1-218x300.jpg",218,300,true],"medium_large":["https:\/\/www.haffun.cz\/wp-content\/uploads\/2024\/12\/calming-scaled-1-768x1056.jpg",768,1056,true],"large":["https:\/\/www.haffun.cz\/wp-content\/uploads\/2024\/12\/calming-scaled-1-744x1024.jpg",744,1024,true],"1536x1536":["https:\/\/www.haffun.cz\/wp-content\/uploads\/2024\/12\/calming-scaled-1-1117x1536.jpg",1117,1536,true],"2048x2048":["https:\/\/www.haffun.cz\/wp-content\/uploads\/2024\/12\/calming-scaled-1-1489x2048.jpg",1489,2048,true],"trp-custom-language-flag":["https:\/\/www.haffun.cz\/wp-content\/uploads\/2024\/12\/calming-scaled-1-9x12.jpg",9,12,true],"woocommerce_thumbnail":["https:\/\/www.haffun.cz\/wp-content\/uploads\/2024\/12\/calming-scaled-1-800x800.jpg",800,800,true],"woocommerce_single":["https:\/\/www.haffun.cz\/wp-content\/uploads\/2024\/12\/calming-scaled-1-700x963.jpg",700,963,true],"woocommerce_gallery_thumbnail":["https:\/\/www.haffun.cz\/wp-content\/uploads\/2024\/12\/calming-scaled-1-100x100.jpg",100,100,true],"variation_swatches_image_size":["https:\/\/www.haffun.cz\/wp-content\/uploads\/2024\/12\/calming-scaled-1-50x50.jpg",50,50,true],"variation_swatches_tooltip_size":["https:\/\/www.haffun.cz\/wp-content\/uploads\/2024\/12\/calming-scaled-1-100x100.jpg",100,100,true]},"uagb_author_info":{"display_name":"Klaudia Bu\u010dkov\u00e1","author_link":"https:\/\/www.haffun.cz\/cs\/author\/"},"uagb_comment_info":0,"uagb_excerpt":"Haffun Ultra Premium Functional Treats - Calming are perfect for dogs of all life stages. These treats are specially formulated to reduce stress and anxiety with added lavender and chamomile, which naturally calm and relax your pet. Enhanced with probiotics for digestive health and free from grains, artificial colors, and preservatives, these treats ensure a&hellip;","_links":{"self":[{"href":"https:\/\/www.haffun.cz\/cs\/wp-json\/wp\/v2\/product\/4272","targetHints":{"allow":["GET"]}}],"collection":[{"href":"https:\/\/www.haffun.cz\/cs\/wp-json\/wp\/v2\/product"}],"about":[{"href":"https:\/\/www.haffun.cz\/cs\/wp-json\/wp\/v2\/types\/product"}],"replies":[{"embeddable":true,"href":"https:\/\/www.haffun.cz\/cs\/wp-json\/wp\/v2\/comments?post=4272"}],"wp:featuredmedia":[{"embeddable":true,"href":"https:\/\/www.haffun.cz\/cs\/wp-json\/wp\/v2\/media\/4299"}],"wp:attachment":[{"href":"https:\/\/www.haffun.cz\/cs\/wp-json\/wp\/v2\/media?parent=4272"}],"wp:term":[{"taxonomy":"product_brand","embeddable":true,"href":"https:\/\/www.haffun.cz\/cs\/wp-json\/wp\/v2\/product_brand?post=4272"},{"taxonomy":"product_cat","embeddable":true,"href":"https:\/\/www.haffun.cz\/cs\/wp-json\/wp\/v2\/product_cat?post=4272"},{"taxonomy":"product_tag","embeddable":true,"href":"https:\/\/www.haffun.cz\/cs\/wp-json\/wp\/v2\/product_tag?post=4272"}],"curies":[{"name":"wp","href":"https:\/\/api.w.org\/{rel}","templated":true}]}}