{"id":4273,"date":"2024-12-17T15:38:30","date_gmt":"2024-12-17T14:38:30","guid":{"rendered":"https:\/\/www.haffun.cz\/?post_type=product&#038;p=4273"},"modified":"2025-11-03T21:29:53","modified_gmt":"2025-11-03T20:29:53","slug":"treats-poultry-80","status":"publish","type":"product","link":"https:\/\/www.haffun.cz\/cs\/produkt\/treats-poultry-80\/","title":{"rendered":"Pamlsky \u2013 Dr\u016fbe\u017e 80%"},"content":{"rendered":"<p>Dop\u0159ejte sv\u00fdm ps\u016fm v\u00fd\u017eivnou a lahodnou pochoutku s Haffun Ultra Premium Functional Treats \u2013 80% Dr\u016fbe\u017e. Tyto pamlsky jsou speci\u00e1ln\u011b navr\u017eeny pro v\u0161echny \u017eivotn\u00ed f\u00e1ze a jsou vytvo\u0159eny tak, aby poskytovaly vysoce kvalitn\u00ed v\u00fd\u017eivu. Nav\u00edc slo\u017een\u00ed bez obilovin \u010din\u00ed tyto pamlsky vhodn\u00e9 pro dom\u00e1c\u00ed mazl\u00ed\u010dky s nesn\u00e1\u0161enlivost\u00ed nebo citlivost\u00ed na obilniny, co\u017e podporuje lep\u0161\u00ed tr\u00e1ven\u00ed a sni\u017euje riziko alergick\u00fdch reakc\u00ed. Nep\u0159\u00edtomnost um\u011bl\u00fdch barviv a konzerva\u010dn\u00edch l\u00e1tek nav\u00edc zaji\u0161\u0165uje, \u017ee si v\u00e1\u0161 mazl\u00ed\u010dek pochutn\u00e1 na p\u0159\u00edrodn\u00ed a zdrav\u00e9 pochoutce.<\/p>\n<h5>Kl\u00ed\u010dov\u00e9 vlastnosti:<\/h5>\n<p>80% \u010cerstv\u011b p\u0159ipraven\u00e1 dr\u016fbe\u017e: Tento recept obsahuje 80% z nejkvalitn\u011bj\u0161\u00edch \u017eivo\u010di\u0161n\u00fdch ingredienc\u00ed, co\u017e zaji\u0161\u0165uje, \u017ee v\u00e1\u0161 mazl\u00ed\u010dek dostane tu nejlep\u0161\u00ed mo\u017enou v\u00fd\u017eivu. Dr\u016fbe\u017e\u00ed sm\u011bs se skl\u00e1d\u00e1 z ku\u0159ete (37%), kachny (25%) a kr\u016fty (18%).<\/p>\n<h5>Zdroje chud\u00fdch b\u00edlkovin:<\/h5>\n<p>Ku\u0159e, kachna a kr\u016fta jsou vynikaj\u00edc\u00edmi zdroji libov\u00fdch b\u00edlkovin, bohat\u00fdch na esenci\u00e1ln\u00ed aminokyseliny, vitam\u00edny (v\u010detn\u011b vitam\u00edn\u016f B) a miner\u00e1ly, jako je \u017eelezo a selen, p\u0159isp\u00edvaj\u00edc\u00ed k celkov\u00e9mu zdrav\u00ed a pohod\u011b.<\/p>\n<h5>Bez obilovin:<\/h5>\n<p>Vytvo\u0159eno tak, aby bylo vhodn\u00e9 pro dom\u00e1c\u00ed mazl\u00ed\u010dky s nesn\u00e1\u0161enlivost\u00ed nebo citlivost\u00ed na obilniny.<\/p>\n<h5>Bez p\u0159idan\u00fdch um\u011bl\u00fdch barviv nebo konzerva\u010dn\u00edch l\u00e1tek:<\/h5>\n<p>Zaji\u0161\u0165uje p\u0159irozenou a zdravou pochoutku pro va\u0161e mazl\u00ed\u010dky.<\/p>\n<h5>Z\u00e1bavn\u00fd tvar kosti:<\/h5>\n<p>K\u0159upav\u00e1 pochoutka ve tvaru kosti ide\u00e1ln\u00ed pro okam\u017eitou odm\u011bnu. Ide\u00e1ln\u00ed na tr\u00e9nink nebo jako chutn\u00e1 pochoutka, kter\u00e1 pom\u00e1h\u00e1 udr\u017eet pozornost.<\/p>\n<h5>Vysoce chutn\u00e9:<\/h5>\n<p>Tyto pamlsky jsou navr\u017eeny tak, aby byly neodolateln\u00e9, tak\u017ee jsou ide\u00e1ln\u00ed pro tr\u00e9nink nebo odm\u011b\u0148ov\u00e1n\u00ed va\u0161eho mazl\u00ed\u010dka.<\/p>\n<h5>Slo\u017een\u00ed:<\/h5>\n<p>80% \u010derstv\u011b p\u0159ipraven\u00e1 dr\u016fbe\u017e (ku\u0159e 37%, kachna 25%, kr\u016fta 18%), bat\u00e1ty, brambory, ku\u0159ec\u00ed v\u00fdvar.<\/p>\n<h5>Analytick\u00e9 slo\u017eky:<\/h5>\n<p>Hrub\u00fd protein: 28%, Hrub\u00fd tuk: 15%, Hrub\u00e1 vl\u00e1knina: 2%, Hrub\u00fd popel: 6,5%, Vlhkost: 8%, Bezdus\u00edkov\u00fd extrakt (NFE): 40,5%, Metabolizovateln\u00e1 energie (MEcal): 3089 kB<\/p>\n<p>Na\u0161e pamlsky \u2013 80% Dr\u016fbe\u017e, vyroben\u00e9 se stejnou \u00farovn\u00ed p\u00e9\u010de, pozornosti a nutri\u010dn\u00edch znalost\u00ed jako v\u0161echny produkty Haffun, poskytuj\u00ed zdrav\u00fd zp\u016fsob, jak odm\u011bnit va\u0161e mazl\u00ed\u010dky. Nav\u00edc je vyroben z odpov\u011bdn\u011b z\u00edskan\u00fdch, vysoce straviteln\u00fdch b\u00edlkovin a obsahuje 80% \u010derstv\u011b p\u0159ipraven\u00e9 \u017eivo\u010di\u0161n\u00e9 slo\u017eky. Kdy\u017e tedy sv\u00fdm mazl\u00ed\u010dk\u016fm dop\u0159ejete pamlsky Haffun Ultra Premium \u2013 80% Dr\u016fbe\u017e, zajist\u00edte jim zdrav\u00ed a \u0161t\u011bst\u00ed p\u0159i ka\u017ed\u00e9m soustu. V d\u016fsledku toho si m\u016f\u017eete b\u00fdt jisti, \u017ee sv\u00fdm chlupat\u00fdm p\u0159\u00e1tel\u016fm poskytujete to nejlep\u0161\u00ed.<\/p>\n<p>&nbsp;<\/p>","protected":false},"excerpt":{"rendered":"<p>Funk\u010dn\u00ed pamlsky Haffun Ultra Premium \u2013 80% Dr\u016fbe\u017e jsou perfektn\u00ed v\u00fd\u017eivnou a lahodnou odm\u011bnou pro va\u0161eho psa. Tyto pochoutky vyroben\u00e9 z \u010derstv\u011b p\u0159ipraven\u00e9 dr\u016fbe\u017ee 80%, v\u010detn\u011b ku\u0159ec\u00edho, kachn\u00edho a kr\u016ft\u00edho masa, poskytuj\u00ed vysoce kvalitn\u00ed b\u00edlkoviny a z\u00e1kladn\u00ed \u017eiviny. Bez obilovin a um\u011bl\u00fdch barviv a konzerva\u010dn\u00edch l\u00e1tek, jsou ide\u00e1ln\u00ed pro citliv\u00e1 zv\u00ed\u0159ata. Tyto vysoce chutn\u00e9 pochoutky navr\u017een\u00e9 v z\u00e1bavn\u00e9m kostn\u00edm tvaru jsou ide\u00e1ln\u00ed pro tr\u00e9nink nebo jako chutn\u00e1 odm\u011bna, podporuj\u00ed celkov\u00e9 zdrav\u00ed a pohodu p\u0159i ka\u017ed\u00e9m soustu.<\/p>","protected":false},"featured_media":4301,"comment_status":"open","ping_status":"closed","template":"","meta":{"_uag_custom_page_level_css":"","_kadence_starter_templates_imported_post":false,"_kad_post_transparent":"default","_kad_post_title":"","_kad_post_layout":"default","_kad_post_sidebar_id":"","_kad_post_content_style":"default","_kad_post_vertical_padding":"default","_kad_post_feature":"","_kad_post_feature_position":"","_kad_post_header":false,"_kad_post_footer":false},"product_brand":[],"product_cat":[121,93],"product_tag":[],"class_list":{"0":"post-4273","1":"product","2":"type-product","3":"status-publish","4":"has-post-thumbnail","6":"product_cat-ultra-premium-treats","7":"product_cat-ultra-premium-dog-food","9":"first","10":"instock","11":"taxable","12":"shipping-taxable","13":"purchasable","14":"product-type-simple","15":"entry","16":"content-bg","17":"loop-entry"},"uagb_featured_image_src":{"full":["https:\/\/www.haffun.cz\/wp-content\/uploads\/2024\/12\/Poultry_80-scaled-1.jpg",1861,2560,false],"thumbnail":["https:\/\/www.haffun.cz\/wp-content\/uploads\/2024\/12\/Poultry_80-scaled-1-150x150.jpg",150,150,true],"medium":["https:\/\/www.haffun.cz\/wp-content\/uploads\/2024\/12\/Poultry_80-scaled-1-218x300.jpg",218,300,true],"medium_large":["https:\/\/www.haffun.cz\/wp-content\/uploads\/2024\/12\/Poultry_80-scaled-1-768x1056.jpg",768,1056,true],"large":["https:\/\/www.haffun.cz\/wp-content\/uploads\/2024\/12\/Poultry_80-scaled-1-744x1024.jpg",744,1024,true],"1536x1536":["https:\/\/www.haffun.cz\/wp-content\/uploads\/2024\/12\/Poultry_80-scaled-1-1117x1536.jpg",1117,1536,true],"2048x2048":["https:\/\/www.haffun.cz\/wp-content\/uploads\/2024\/12\/Poultry_80-scaled-1-1489x2048.jpg",1489,2048,true],"trp-custom-language-flag":["https:\/\/www.haffun.cz\/wp-content\/uploads\/2024\/12\/Poultry_80-scaled-1-9x12.jpg",9,12,true],"woocommerce_thumbnail":["https:\/\/www.haffun.cz\/wp-content\/uploads\/2024\/12\/Poultry_80-scaled-1-800x800.jpg",800,800,true],"woocommerce_single":["https:\/\/www.haffun.cz\/wp-content\/uploads\/2024\/12\/Poultry_80-scaled-1-700x963.jpg",700,963,true],"woocommerce_gallery_thumbnail":["https:\/\/www.haffun.cz\/wp-content\/uploads\/2024\/12\/Poultry_80-scaled-1-100x100.jpg",100,100,true],"variation_swatches_image_size":["https:\/\/www.haffun.cz\/wp-content\/uploads\/2024\/12\/Poultry_80-scaled-1-50x50.jpg",50,50,true],"variation_swatches_tooltip_size":["https:\/\/www.haffun.cz\/wp-content\/uploads\/2024\/12\/Poultry_80-scaled-1-100x100.jpg",100,100,true]},"uagb_author_info":{"display_name":"Klaudia Bu\u010dkov\u00e1","author_link":"https:\/\/www.haffun.cz\/cs\/author\/"},"uagb_comment_info":0,"uagb_excerpt":"Haffun Ultra Premium Functional Treats - 80% Poultry are the perfect nutritious and delicious reward for your dog. Made with 80% freshly prepared poultry, including chicken, duck, and turkey, these treats provide high-quality protein and essential nutrients. Grain-free and free from artificial colors and preservatives, they're ideal for pets with sensitivities. Designed in a fun&hellip;","_links":{"self":[{"href":"https:\/\/www.haffun.cz\/cs\/wp-json\/wp\/v2\/product\/4273","targetHints":{"allow":["GET"]}}],"collection":[{"href":"https:\/\/www.haffun.cz\/cs\/wp-json\/wp\/v2\/product"}],"about":[{"href":"https:\/\/www.haffun.cz\/cs\/wp-json\/wp\/v2\/types\/product"}],"replies":[{"embeddable":true,"href":"https:\/\/www.haffun.cz\/cs\/wp-json\/wp\/v2\/comments?post=4273"}],"wp:featuredmedia":[{"embeddable":true,"href":"https:\/\/www.haffun.cz\/cs\/wp-json\/wp\/v2\/media\/4301"}],"wp:attachment":[{"href":"https:\/\/www.haffun.cz\/cs\/wp-json\/wp\/v2\/media?parent=4273"}],"wp:term":[{"taxonomy":"product_brand","embeddable":true,"href":"https:\/\/www.haffun.cz\/cs\/wp-json\/wp\/v2\/product_brand?post=4273"},{"taxonomy":"product_cat","embeddable":true,"href":"https:\/\/www.haffun.cz\/cs\/wp-json\/wp\/v2\/product_cat?post=4273"},{"taxonomy":"product_tag","embeddable":true,"href":"https:\/\/www.haffun.cz\/cs\/wp-json\/wp\/v2\/product_tag?post=4273"}],"curies":[{"name":"wp","href":"https:\/\/api.w.org\/{rel}","templated":true}]}}