{"id":4274,"date":"2024-12-17T15:38:30","date_gmt":"2024-12-17T14:38:30","guid":{"rendered":"https:\/\/www.haffun.cz\/?post_type=product&#038;p=4274"},"modified":"2026-04-27T08:59:11","modified_gmt":"2026-04-27T06:59:11","slug":"treats-immune","status":"publish","type":"product","link":"https:\/\/www.haffun.cz\/cs\/produkt\/treats-immune\/","title":{"rendered":"Pamlsky \u2013 Imunita"},"content":{"rendered":"<div class=\"flex-shrink-0 flex flex-col relative items-end\">\n<div>\n<div class=\"pt-0.5 juice:pt-0\">\n<div class=\"gizmo-bot-avatar flex h-6 w-6 items-center justify-center overflow-hidden rounded-full juice:h-8 juice:w-8\">\n<div class=\"relative p-1 rounded-sm flex items-center justify-center bg-token-main-surface-primary text-token-text-primary h-8 w-8\"><span style=\"font-family: var(--global-body-font-family);\">Podpo\u0159te imunitn\u00ed zdrav\u00ed sv\u00fdch mazl\u00ed\u010dk\u016f pomoc\u00ed Haffun Ultra Premium Functional Treats \u2013 Immune. Tyto pamlsky, speci\u00e1ln\u011b navr\u017een\u00e9 pro psy a ko\u010dky v\u0161ech \u017eivotn\u00edch f\u00e1z\u00ed, jsou pe\u010dliv\u011b sestaveny tak, aby podporovaly imunitn\u00ed syst\u00e9m a podporovaly celkovou pohodu. Za\u010dlen\u011bn\u00edm vysoce kvalitn\u00edch ingredienc\u00ed a z\u00e1kladn\u00edch \u017eivin tyto pamlsky zajist\u00ed, \u017ee se va\u0161im mazl\u00ed\u010dk\u016fm dostane t\u00e9 nejlep\u0161\u00ed mo\u017en\u00e9 p\u00e9\u010de. Krom\u011b toho vlastnosti t\u011bchto pamlsk\u016f podporuj\u00edc\u00edch imunitu pom\u00e1haj\u00ed chr\u00e1nit va\u0161e mazl\u00ed\u010dky p\u0159ed nemocemi a umo\u017e\u0148uj\u00ed jim v\u00e9st zdrav\u011bj\u0161\u00ed a \u0161\u0165astn\u011bj\u0161\u00ed \u017eivot.<\/span><\/div>\n<\/div>\n<\/div>\n<\/div>\n<\/div>\n<h5><strong>Kl\u00ed\u010dov\u00e9 v\u00fdhody:<\/strong><\/h5>\n<p><strong>P\u0159idan\u00e9 beta glukany:<\/strong><\/p>\n<p>Stimuluje p\u0159irozenou imunitn\u00ed odpov\u011b\u010f a napom\u00e1h\u00e1 imunitn\u00ed obran\u011b.<\/p>\n<p><strong>P\u0159id\u00e1ny MOS a FOS:<\/strong><\/p>\n<p>Prebiotick\u00e9 \u00fa\u010dinky podporuj\u00ed r\u016fst zdrav\u00fdch bakteri\u00ed a zlep\u0161uj\u00ed vst\u0159eb\u00e1v\u00e1n\u00ed \u017eivin.<\/p>\n<p><strong>Bohat\u00e9 na b\u00edlkoviny:<\/strong><\/p>\n<p>Podporuje ka\u017edodenn\u00ed r\u016fst tk\u00e1n\u00ed a bun\u011bk, v\u010detn\u011b imunitn\u00edho syst\u00e9mu.<\/p>\n<p><strong>P\u0159id\u00e1ny Omega 3:<\/strong><\/p>\n<p>Poskytuje EPA &amp; DHA, kter\u00e9 podporuj\u00ed kognitivn\u00ed funkce.<\/p>\n<p><strong>P\u0159idan\u00e9 nukleotidy:<\/strong><\/p>\n<p>Nezbytn\u00fd pro regeneraci bun\u011bk, podporuj\u00edc\u00ed celkov\u00e9 zdrav\u00ed a pohodu.<\/p>\n<p><strong>P\u0159idan\u00e9 vitam\u00edny a miner\u00e1ly:<\/strong><\/p>\n<p>Zaji\u0161\u0165uje, aby dom\u00e1c\u00ed mazl\u00ed\u010dci dost\u00e1vali z\u00e1kladn\u00ed \u017eiviny pro celkov\u00e9 zdrav\u00ed.<\/p>\n<p><strong>Bez p\u0159idan\u00fdch um\u011bl\u00fdch barviv nebo konzerva\u010dn\u00edch l\u00e1tek:<\/strong><\/p>\n<p>P\u0159\u00edrodn\u00ed a zdrav\u00e1 pochoutka pro va\u0161e mazl\u00ed\u010dky.<\/p>\n<p><strong>Bez obilovin:<\/strong><\/p>\n<p>Ide\u00e1ln\u00ed pro dom\u00e1c\u00ed zv\u00ed\u0159ata s citlivost\u00ed na obil\u00ed.<\/p>\n<p><strong>Slo\u017een\u00ed:<\/strong><\/p>\n<p>\u010cerstv\u011b p\u0159ipraven\u00e1 kachna 40%, \u010derstv\u011b p\u0159ipraven\u00e9 ku\u0159e 24%, bat\u00e1ty 13%, brambory, hr\u00e1\u0161ek, rostlinn\u00e9 b\u00edlkoviny, miner\u00e1ly, ku\u0159ec\u00ed om\u00e1\u010dka 1%, nukleotidy 1%, celul\u00f3za, dopln\u011bk Omega 3, fruktooligosacharidy (FOS 4807 mg\/23 kg), beta2 glukan\/kg mg\/kg), mannanoligosacharidy (MOS 1201 mg\/kg), he\u0159m\u00e1nek, levandule.<\/p>\n<p><strong>Analytick\u00e9 slo\u017eky:<\/strong><\/p>\n<p>Hrub\u00fd protein 25%, Hrub\u00fd tuk 16%, Hrub\u00e1 vl\u00e1knina 4.5%, Hrub\u00fd popel 7.5%, Vlhkost 8%, Bezdus\u00edkov\u00fd extrakt (NFE) 39%, Metabolizovateln\u00e1 energie (ME) 371 kcal 1 Omega 3 Facid, 100 kcal s 0,51 TP3T.<\/p>\n<p><strong>Aditiva na kg:<\/strong><\/p>\n<p>Vitam\u00edny: Vitamin A 15 000 IU, Vitamin D3 2 000 IU, Vitamin E 95 IU<\/p>\n<h5>Stopov\u00e9 prvky:<\/h5>\n<p>Zinek (monohydr\u00e1t s\u00edranu zine\u010dnat\u00e9ho) 85 mg, \u017delezo (monohydr\u00e1t s\u00edranu \u017eeleznat\u00e9ho) 50 mg, Mangan (monohydr\u00e1t s\u00edranu manganat\u00e9ho) 35 mg, M\u011b\u010f (pentahydr\u00e1t s\u00edranu m\u011b\u010fnat\u00e9ho) 15 mg, J\u00f3d (bezvod\u00fd jodi\u010dnan v\u00e1penat\u00fd) 1,7 mg, Selen (seleni\u010ditan sodn\u00fd) 0,3 mg,<\/p>\n<h5>Stabiliz\u00e1tory st\u0159evn\u00ed fl\u00f3ry:<\/h5>\n<p>Enterococcus faecium DSM 10663\/NCIMB 10415 1 000 000 000 cfu.<\/p>\n<p>Haffun Ultra Premium Functional Treats \u2013 Immune poskytuje v\u00fd\u017eivn\u00fd zp\u016fsob, jak podpo\u0159it imunitn\u00ed syst\u00e9m va\u0161eho dom\u00e1c\u00edho mazl\u00ed\u010dka a zajistit, aby z\u016fstal zdrav\u00fd a \u0161\u0165astn\u00fd. Dop\u0159ejte sv\u00fdm mazl\u00ed\u010dk\u016fm Haffun Ultra Premium a dop\u0159ejte jim tu nejlep\u0161\u00ed mo\u017enou p\u00e9\u010di.<\/p>","protected":false},"excerpt":{"rendered":"<p>Haffun Ultra Premium Functional Treats \u2013 Immune jsou navr\u017eeny tak, aby pos\u00edlily imunitn\u00ed syst\u00e9m a celkovou pohodu va\u0161eho mazl\u00ed\u010dka. Tyto pamlsky vhodn\u00e9 pro psy a ko\u010dky v\u0161ech \u017eivotn\u00edch f\u00e1z\u00ed obsahuj\u00ed p\u0159idan\u00e9 beta glukany pro stimulaci imunitn\u00ed reakce, MOS a FOS pro zdrav\u00e9 tr\u00e1ven\u00ed, Omega 3 pro podporu kognitivn\u00edch funkc\u00ed a z\u00e1kladn\u00ed vitam\u00edny a miner\u00e1ly. Tyto bezobiln\u00e9 pamlsky vyroben\u00e9 z \u010derstv\u011b p\u0159ipraven\u00e9 kachny 40% a \u010derstv\u011b p\u0159ipraven\u00e9ho ku\u0159ete 24% jsou zdravou a p\u0159irozenou volbou pro va\u0161eho mazl\u00ed\u010dka. Udr\u017eujte sv\u00e9 chlupat\u00e9 p\u0159\u00e1tele zdrav\u00e9 a \u0161\u0165astn\u00e9 s Haffun Ultra Premium Functional Treats.<\/p>","protected":false},"featured_media":4307,"comment_status":"open","ping_status":"closed","template":"","meta":{"_uag_custom_page_level_css":"","_kadence_starter_templates_imported_post":false,"_kad_post_transparent":"default","_kad_post_title":"","_kad_post_layout":"default","_kad_post_sidebar_id":"","_kad_post_content_style":"default","_kad_post_vertical_padding":"default","_kad_post_feature":"","_kad_post_feature_position":"","_kad_post_header":false,"_kad_post_footer":false},"product_brand":[],"product_cat":[121,93],"product_tag":[],"class_list":{"0":"post-4274","1":"product","2":"type-product","3":"status-publish","4":"has-post-thumbnail","6":"product_cat-ultra-premium-treats","7":"product_cat-ultra-premium-dog-food","9":"first","10":"outofstock","11":"taxable","12":"shipping-taxable","13":"purchasable","14":"product-type-simple","15":"entry","16":"content-bg","17":"loop-entry"},"uagb_featured_image_src":{"full":["https:\/\/www.haffun.cz\/wp-content\/uploads\/2024\/12\/immune-scaled-1.jpg",1861,2560,false],"thumbnail":["https:\/\/www.haffun.cz\/wp-content\/uploads\/2024\/12\/immune-scaled-1-150x150.jpg",150,150,true],"medium":["https:\/\/www.haffun.cz\/wp-content\/uploads\/2024\/12\/immune-scaled-1-218x300.jpg",218,300,true],"medium_large":["https:\/\/www.haffun.cz\/wp-content\/uploads\/2024\/12\/immune-scaled-1-768x1056.jpg",768,1056,true],"large":["https:\/\/www.haffun.cz\/wp-content\/uploads\/2024\/12\/immune-scaled-1-744x1024.jpg",744,1024,true],"1536x1536":["https:\/\/www.haffun.cz\/wp-content\/uploads\/2024\/12\/immune-scaled-1-1117x1536.jpg",1117,1536,true],"2048x2048":["https:\/\/www.haffun.cz\/wp-content\/uploads\/2024\/12\/immune-scaled-1-1489x2048.jpg",1489,2048,true],"trp-custom-language-flag":["https:\/\/www.haffun.cz\/wp-content\/uploads\/2024\/12\/immune-scaled-1-9x12.jpg",9,12,true],"woocommerce_thumbnail":["https:\/\/www.haffun.cz\/wp-content\/uploads\/2024\/12\/immune-scaled-1-800x800.jpg",800,800,true],"woocommerce_single":["https:\/\/www.haffun.cz\/wp-content\/uploads\/2024\/12\/immune-scaled-1-700x963.jpg",700,963,true],"woocommerce_gallery_thumbnail":["https:\/\/www.haffun.cz\/wp-content\/uploads\/2024\/12\/immune-scaled-1-100x100.jpg",100,100,true],"variation_swatches_image_size":["https:\/\/www.haffun.cz\/wp-content\/uploads\/2024\/12\/immune-scaled-1-50x50.jpg",50,50,true],"variation_swatches_tooltip_size":["https:\/\/www.haffun.cz\/wp-content\/uploads\/2024\/12\/immune-scaled-1-100x100.jpg",100,100,true]},"uagb_author_info":{"display_name":"Klaudia Bu\u010dkov\u00e1","author_link":"https:\/\/www.haffun.cz\/cs\/author\/"},"uagb_comment_info":0,"uagb_excerpt":"Haffun Ultra Premium Functional Treats - Immune are designed to boost your pet's immune system and overall well-being. Suitable for dogs and cats of all life stages, these treats contain added beta glucans to stimulate immune response, MOS and FOS for healthy digestion, Omega 3 for cognitive support, and essential vitamins and minerals. Made with&hellip;","_links":{"self":[{"href":"https:\/\/www.haffun.cz\/cs\/wp-json\/wp\/v2\/product\/4274","targetHints":{"allow":["GET"]}}],"collection":[{"href":"https:\/\/www.haffun.cz\/cs\/wp-json\/wp\/v2\/product"}],"about":[{"href":"https:\/\/www.haffun.cz\/cs\/wp-json\/wp\/v2\/types\/product"}],"replies":[{"embeddable":true,"href":"https:\/\/www.haffun.cz\/cs\/wp-json\/wp\/v2\/comments?post=4274"}],"wp:featuredmedia":[{"embeddable":true,"href":"https:\/\/www.haffun.cz\/cs\/wp-json\/wp\/v2\/media\/4307"}],"wp:attachment":[{"href":"https:\/\/www.haffun.cz\/cs\/wp-json\/wp\/v2\/media?parent=4274"}],"wp:term":[{"taxonomy":"product_brand","embeddable":true,"href":"https:\/\/www.haffun.cz\/cs\/wp-json\/wp\/v2\/product_brand?post=4274"},{"taxonomy":"product_cat","embeddable":true,"href":"https:\/\/www.haffun.cz\/cs\/wp-json\/wp\/v2\/product_cat?post=4274"},{"taxonomy":"product_tag","embeddable":true,"href":"https:\/\/www.haffun.cz\/cs\/wp-json\/wp\/v2\/product_tag?post=4274"}],"curies":[{"name":"wp","href":"https:\/\/api.w.org\/{rel}","templated":true}]}}