{"id":4280,"date":"2024-12-17T15:38:30","date_gmt":"2024-12-17T14:38:30","guid":{"rendered":"https:\/\/www.haffun.cz\/?post_type=product&#038;p=4280"},"modified":"2026-04-28T12:42:09","modified_gmt":"2026-04-28T10:42:09","slug":"treats-dental","status":"publish","type":"product","link":"https:\/\/www.haffun.cz\/cs\/produkt\/treats-dental\/","title":{"rendered":"Pamlsky \u2013 Dental"},"content":{"rendered":"<div class=\"group\/conversation-turn relative flex w-full min-w-0 flex-col agent-turn\">\n<div class=\"flex-col gap-1 md:gap-3\">\n<div class=\"flex flex-grow flex-col max-w-full\">\n<div class=\"min-h-[20px] text-message flex flex-col items-start whitespace-pre-wrap break-words [.text-message+&amp;]:mt-5 juice:w-full juice:items-end overflow-x-auto gap-2\" dir=\"auto\" data-message-author-role=\"assistant\" data-message-id=\"bfd81c64-7a25-4dcf-955b-950a206f0217\">\n<div class=\"flex w-full flex-col gap-1 juice:empty:hidden juice:first:pt-[3px]\">\n<div class=\"markdown prose w-full break-words dark:prose-invert dark\">\n<p>&nbsp;<\/p>\n<\/div>\n<\/div>\n<\/div>\n<\/div>\n<\/div>\n<\/div>\n<p>Dop\u0159ejte sv\u00e9mu psovi maxim\u00e1ln\u00ed p\u00e9\u010di o zuby s Haffun Ultra Premium Functional Treats \u2013 Dental. Tyto pamlsky jsou ur\u010deny pro psy v\u0161ech \u017eivotn\u00edch f\u00e1z\u00ed a jsou navr\u017eeny tak, aby podporovaly dobr\u00e9 zdrav\u00ed \u00fastn\u00ed dutiny, omezovaly tvorbu zubn\u00edho kamene a udr\u017eovaly sv\u011b\u017e\u00ed dech.<\/p>\n<h5><strong>V\u00fdhody:<\/strong><\/h5>\n<ul>\n<li>P\u0159idan\u00fd p\u0159\u00edrodn\u00ed extrakt ze zelen\u00e9ho \u010daje: Pom\u00e1h\u00e1 kontrolovat bakterie, kter\u00e9 p\u0159isp\u00edvaj\u00ed ke \u0161patn\u00e9mu zdrav\u00ed \u00fastn\u00ed dutiny<\/li>\n<li>Obsahuje aktivn\u00ed uhl\u00ed: Pom\u00e1h\u00e1 udr\u017eovat b\u00edl\u00e9 zuby a bojovat proti z\u00e1pachu z \u00fast<\/li>\n<li>Obsahuje m\u00e1tu peprnou: P\u0159irozen\u011b neutralizuje z\u00e1pach z \u00fast<\/li>\n<li>Obsahuje hexametafosf\u00e1t sodn\u00fd: Sni\u017euje tvorbu zubn\u00edho kamene t\u00edm, \u017ee absorbuje miner\u00e1ly pot\u0159ebn\u00e9 pro tvorbu zubn\u00edho kamene<\/li>\n<li>Kibble ve tvaru kosti: Poskytuje k\u0159upavou texturu pro \u00fa\u010dinnou p\u00e9\u010di o \u00fastn\u00ed dutinu<\/li>\n<li>P\u0159idan\u00e9 vitam\u00edny a miner\u00e1ly: Nezbytn\u00e9 pro celkov\u00e9 zdrav\u00ed zv\u00ed\u0159at<\/li>\n<\/ul>\n<h5><strong>Ingredience:<\/strong><\/h5>\n<p>\u010cerstv\u011b p\u0159ipraven\u00e1 kr\u016fta 46%, bat\u00e1ty 21%, su\u0161en\u00e1 kr\u016fta 14%, brambory, \u010derstv\u011b p\u0159ipraven\u00e9 divok\u00e9 prase 4%, celul\u00f3za, kr\u016ft\u00ed om\u00e1\u010dka 1%, hexametafosfore\u010dnan sodn\u00fd (4 530 mg\/kg), aktivn\u00ed uhl\u00ed (4, 230 T pep\u0159 mint TP\/kg 30 mg\/30 mg miner\u00e1l. , extrakt ze zelen\u00e9ho \u010daje 0,1%, petr\u017eel 0,1%.<\/p>\n<h5><strong>Analytick\u00e9 slo\u017eky:<\/strong><\/h5>\n<p>Hrub\u00fd protein 24%, hrub\u00fd tuk 14%, hrub\u00e1 vl\u00e1knina 6.5%, hrub\u00fd popel 8%, vlhkost 8%, bezdus\u00edkat\u00fd extrakt (NFE) 39.5%, metabolizovateln\u00e1 energie 345 kcal\/100g, omega 6 mastn\u00e9 kyseliny T 3 omega 1 TP3 mastn\u00e9 kyseliny 2.41TP3 .<\/p>\n<h5><strong>V\u00fd\u017eivov\u00e9 dopl\u0148ky na 1 kg:<\/strong><\/h5>\n<p>Vitaminy: Vitamin A 15 000 IU, Vitamin D3 2 000 IU, Vitamin E 95 IU. Stopov\u00e9 prvky: zinek (monohydr\u00e1t s\u00edranu zine\u010dnat\u00e9ho) 50 mg, \u017eelezo (monohydr\u00e1t s\u00edranu \u017eeleznat\u00e9ho) 50 mg, mangan (monohydr\u00e1t s\u00edranu manganat\u00e9ho) 35 mg, m\u011b\u010f (pentahydr\u00e1t s\u00edranu m\u011b\u010fnat\u00e9ho) 15 mg, j\u00f3d (bezvod\u00fd jodi\u010dnan v\u00e1penat\u00fd ) 1 mg, Selen (seleni\u010ditan sodn\u00fd) 0,3 mg.<\/p>\n<h5><strong>Pro\u010d zubn\u00ed?<\/strong><\/h5>\n<p>Zuby dom\u00e1c\u00edch zv\u00ed\u0159at mohou trp\u011bt tvorbou zubn\u00edho kamene, kter\u00fd m\u016f\u017ee tak\u00e9 p\u0159isp\u00edvat k z\u00e1pachu z \u00fast. Tento recept byl vytvo\u0159en tak, aby pom\u00e1hal sni\u017eovat tvorbu zubn\u00edho kamene a podporoval dobr\u00e9 zdrav\u00ed \u00fastn\u00ed dutiny. Nav\u00edc zajist\u00ed, \u017ee si v\u00e1\u0161 mazl\u00ed\u010dek udr\u017e\u00ed sv\u011b\u017e\u00ed dech a zdrav\u00e9 zuby.<\/p>\n<p>Dop\u0159ejte sv\u00e9mu psovi Haffun Ultra Premium Functional Treats \u2013 Dental a dop\u0159ejte mu p\u0159i ka\u017ed\u00e9m soustu tu nejlep\u0161\u00ed p\u00e9\u010di o zuby.<\/p>","protected":false},"excerpt":{"rendered":"<p>Dop\u0159ejte sv\u00e9mu psovi to nejlep\u0161\u00ed v p\u00e9\u010di o zuby s Haffun Ultra Premium Functional Treats \u2013 Dental. Tyto pamlsky jsou ide\u00e1ln\u00ed pro psy v\u0161ech \u017eivotn\u00edch f\u00e1z\u00ed a pom\u00e1haj\u00ed sni\u017eovat tvorbu zubn\u00edho kamene, udr\u017eovat b\u00edl\u00e9 zuby a bojovat proti z\u00e1pachu z \u00fast. Vyroben\u00e9 z \u010derstv\u011b p\u0159ipraven\u00e9ho kr\u016ft\u00edho masa, sladk\u00fdch brambor a divo\u010d\u00e1ka, obsahuj\u00ed tak\u00e9 p\u0159\u00edrodn\u00ed extrakt ze zelen\u00e9ho \u010daje, aktivn\u00ed uhl\u00ed a m\u00e1tu peprnou pro optim\u00e1ln\u00ed zdrav\u00ed \u00fastn\u00ed dutiny. Tyto pochoutky ve tvaru kost\u00ed jsou bez um\u011bl\u00fdch p\u0159\u00edsad a pln\u00e9 z\u00e1kladn\u00edch vitam\u00edn\u016f a miner\u00e1l\u016f, jsou chutn\u00e9 a v\u00fd\u017eivn\u00e9. Udr\u017eujte ps\u00ed tlamu zdravou a sv\u011b\u017e\u00ed p\u0159i ka\u017ed\u00e9m soustu!<\/p>","protected":false},"featured_media":4312,"comment_status":"open","ping_status":"closed","template":"","meta":{"_uag_custom_page_level_css":"","_kadence_starter_templates_imported_post":false,"_kad_post_transparent":"default","_kad_post_title":"","_kad_post_layout":"default","_kad_post_sidebar_id":"","_kad_post_content_style":"default","_kad_post_vertical_padding":"default","_kad_post_feature":"","_kad_post_feature_position":"","_kad_post_header":false,"_kad_post_footer":false},"product_brand":[],"product_cat":[121,93],"product_tag":[],"class_list":{"0":"post-4280","1":"product","2":"type-product","3":"status-publish","4":"has-post-thumbnail","6":"product_cat-ultra-premium-treats","7":"product_cat-ultra-premium-dog-food","9":"first","10":"instock","11":"taxable","12":"shipping-taxable","13":"purchasable","14":"product-type-simple","15":"entry","16":"content-bg","17":"loop-entry"},"uagb_featured_image_src":{"full":["https:\/\/www.haffun.cz\/wp-content\/uploads\/2024\/12\/dental-scaled-1.jpg",1861,2560,false],"thumbnail":["https:\/\/www.haffun.cz\/wp-content\/uploads\/2024\/12\/dental-scaled-1-150x150.jpg",150,150,true],"medium":["https:\/\/www.haffun.cz\/wp-content\/uploads\/2024\/12\/dental-scaled-1-218x300.jpg",218,300,true],"medium_large":["https:\/\/www.haffun.cz\/wp-content\/uploads\/2024\/12\/dental-scaled-1-768x1056.jpg",768,1056,true],"large":["https:\/\/www.haffun.cz\/wp-content\/uploads\/2024\/12\/dental-scaled-1-744x1024.jpg",744,1024,true],"1536x1536":["https:\/\/www.haffun.cz\/wp-content\/uploads\/2024\/12\/dental-scaled-1-1117x1536.jpg",1117,1536,true],"2048x2048":["https:\/\/www.haffun.cz\/wp-content\/uploads\/2024\/12\/dental-scaled-1-1489x2048.jpg",1489,2048,true],"trp-custom-language-flag":["https:\/\/www.haffun.cz\/wp-content\/uploads\/2024\/12\/dental-scaled-1-9x12.jpg",9,12,true],"woocommerce_thumbnail":["https:\/\/www.haffun.cz\/wp-content\/uploads\/2024\/12\/dental-scaled-1-800x800.jpg",800,800,true],"woocommerce_single":["https:\/\/www.haffun.cz\/wp-content\/uploads\/2024\/12\/dental-scaled-1-700x963.jpg",700,963,true],"woocommerce_gallery_thumbnail":["https:\/\/www.haffun.cz\/wp-content\/uploads\/2024\/12\/dental-scaled-1-100x100.jpg",100,100,true],"variation_swatches_image_size":["https:\/\/www.haffun.cz\/wp-content\/uploads\/2024\/12\/dental-scaled-1-50x50.jpg",50,50,true],"variation_swatches_tooltip_size":["https:\/\/www.haffun.cz\/wp-content\/uploads\/2024\/12\/dental-scaled-1-100x100.jpg",100,100,true]},"uagb_author_info":{"display_name":"Klaudia Bu\u010dkov\u00e1","author_link":"https:\/\/www.haffun.cz\/cs\/author\/"},"uagb_comment_info":9,"uagb_excerpt":"Give your dog the best in dental care with Haffun Ultra Premium Functional Treats - Dental. Perfect for dogs of all life stages, these treats help reduce tartar build-up, maintain white teeth, and combat bad breath. Made with freshly prepared turkey, sweet potatoes, and wild boar, they also include natural green tea extract, activated charcoal,&hellip;","_links":{"self":[{"href":"https:\/\/www.haffun.cz\/cs\/wp-json\/wp\/v2\/product\/4280","targetHints":{"allow":["GET"]}}],"collection":[{"href":"https:\/\/www.haffun.cz\/cs\/wp-json\/wp\/v2\/product"}],"about":[{"href":"https:\/\/www.haffun.cz\/cs\/wp-json\/wp\/v2\/types\/product"}],"replies":[{"embeddable":true,"href":"https:\/\/www.haffun.cz\/cs\/wp-json\/wp\/v2\/comments?post=4280"}],"wp:featuredmedia":[{"embeddable":true,"href":"https:\/\/www.haffun.cz\/cs\/wp-json\/wp\/v2\/media\/4312"}],"wp:attachment":[{"href":"https:\/\/www.haffun.cz\/cs\/wp-json\/wp\/v2\/media?parent=4280"}],"wp:term":[{"taxonomy":"product_brand","embeddable":true,"href":"https:\/\/www.haffun.cz\/cs\/wp-json\/wp\/v2\/product_brand?post=4280"},{"taxonomy":"product_cat","embeddable":true,"href":"https:\/\/www.haffun.cz\/cs\/wp-json\/wp\/v2\/product_cat?post=4280"},{"taxonomy":"product_tag","embeddable":true,"href":"https:\/\/www.haffun.cz\/cs\/wp-json\/wp\/v2\/product_tag?post=4280"}],"curies":[{"name":"wp","href":"https:\/\/api.w.org\/{rel}","templated":true}]}}