{"id":4281,"date":"2024-12-17T15:38:30","date_gmt":"2024-12-17T14:38:30","guid":{"rendered":"https:\/\/www.haffun.cz\/?post_type=product&#038;p=4281"},"modified":"2026-04-26T20:27:34","modified_gmt":"2026-04-26T18:27:34","slug":"puppy-grain-free-chicken-with-turkey","status":"publish","type":"product","link":"https:\/\/www.haffun.cz\/cs\/produkt\/puppy-grain-free-chicken-with-turkey\/","title":{"rendered":"\u0160t\u011bn\u011b Grain-Free \u2013 Ku\u0159e s kr\u016ftou, lososem, sladk\u00fdmi bramborami a mrkv\u00ed"},"content":{"rendered":"<p>Dop\u0159ejte sv\u00e9mu \u0161t\u011bn\u011bti ten nejlep\u0161\u00ed start do \u017eivota s Haffun Ultra Premium Puppy bez obilnin \u2013 ku\u0159e s kr\u016ft\u00edm, lososem, sladk\u00fdmi bramborami a mrkv\u00ed. Tato pr\u00e9miov\u00e1 receptura speci\u00e1ln\u011b vytvo\u0159en\u00e1 pro \u0161t\u011b\u0148ata poskytuje z\u00e1kladn\u00ed \u017eiviny pot\u0159ebn\u00e9 pro zdrav\u00fd r\u016fst a trvalou energii va\u0161eho mal\u00e9ho furballu. S p\u016fsobiv\u00fdm celkov\u00fdm obsahem 60% ku\u0159ete, kr\u016fty a lososa, v\u010detn\u011b minim\u00e1ln\u011b 26% \u010derstv\u011b p\u0159ipraven\u00fdch ingredienc\u00ed, na\u0161e receptura poskytuje vysoce kvalitn\u00ed b\u00edlkoviny pro podporu rozvoje sval\u016f a celkov\u00e9ho zdrav\u00ed. Tato receptura s ku\u0159ec\u00edm masem bez obilovin pro \u0161t\u011bn\u011b nav\u00edc, vylep\u0161en\u00e1 o p\u0159irozenou dobrotu sladk\u00fdch brambor a mrkve, zaji\u0161\u0165uje va\u0161emu \u0161t\u011bn\u011bti vyv\u00e1\u017eenou stravu, kter\u00e1 podporuje zdrav\u00ed tr\u00e1ven\u00ed, p\u00e9\u010di o klouby a celkovou pohodu.<\/p>\n<h4><strong>Slo\u017een\u00ed:<\/strong><\/h4>\n<p>Ku\u0159e, kr\u016fta a losos 60% (\u010derstv\u011b p\u0159ipraven\u00e9 ku\u0159e 20%, su\u0161en\u00e9 ku\u0159e 14%, \u010derstv\u011b p\u0159ipraven\u00e9 kr\u016ft\u00ed maso 7%, \u010derstv\u011b p\u0159ipraven\u00fd losos 7%, su\u0161en\u00fd kr\u016ft\u00ed maso 7%, su\u0161en\u00fd losos 3% a ku\u0159ec\u00ed v\u00fdvar 21xsese fla\u0161ka 3), sladk\u00e9 brambory , dopln\u011bk Omega 3, \u0159epn\u00e1 du\u017eina, miner\u00e1ln\u00ed l\u00e1tky, mrkev (0,2%), hr\u00e1\u0161ek (0,07%), glukosamin (170 mg\/kg), methylsulfonylmethan (170 mg\/kg), chondroitin sulf\u00e1t (125 mg\/kg), nukleotidy, fruktooligosacharidy (FOS, 96 mg\/kg), mananoligosacharidy (MOS, 24 mg\/kg)<\/p>\n<h5><strong>Analytick\u00e9 slo\u017eky:<\/strong><\/h5>\n<p><span style=\"font-family: var(--global-body-font-family);\">Hrub\u00fd protein 29%, Hrub\u00fd tuk 15%, Hrub\u00e1 vl\u00e1knina 2.5%, Hrub\u00fd popel 7%, Vlhkost 8%, NFE (extrakt bez dus\u00edku) 38.5%, Metabolizovateln\u00e1 energie (ME) 384 g. 2 Omega 3 mastn\u00e9 kyseliny A1TP3 ty Kyseliny 1,6%, V\u00e1pn\u00edk 1,2%, Fosfor 1%.<\/span><\/p>\n<h5><strong>Nutri\u010dn\u00ed p\u0159\u00edsady na 1 kg:<\/strong><\/h5>\n<p>Vitamin A 15 000 IU, Vitamin D3 2 000 IU, Vitamin E 95 IU<\/p>\n<h4><strong>Stopov\u00e9 prvky:<\/strong><\/h4>\n<p>Zinek (monohydr\u00e1t s\u00edranu zine\u010dnat\u00e9ho) 50 mg, Mangan (monohydr\u00e1t s\u00edranu manganat\u00e9ho) 35 mg, M\u011b\u010f (pentahydr\u00e1t s\u00edranu m\u011b\u010fnat\u00e9ho) 15 mg, J\u00f3d (bezvod\u00fd jodi\u010dnan v\u00e1penat\u00fd) 1 mg, Selen (seleni\u010ditan sodn\u00fd) 0,3 mg<\/p>\n<h4><strong>Krmn\u00fd n\u00e1vod:\u00a0<\/strong><\/h4>\n<p><a href=\"https:\/\/www.haffun.sk\/wp-content\/uploads\/2024\/07\/Haffun15.png\"><img decoding=\"async\" class=\"alignnone size-medium wp-image-3622\" src=\"https:\/\/www.haffun.sk\/wp-content\/uploads\/2024\/07\/Haffun15-300x150.png\" alt=\"\" width=\"300\" height=\"150\" srcset=\"https:\/\/www.haffun.cz\/wp-content\/uploads\/2024\/07\/Haffun15-300x150.png 300w, https:\/\/www.haffun.cz\/wp-content\/uploads\/2024\/07\/Haffun15-1024x512.png 1024w, https:\/\/www.haffun.cz\/wp-content\/uploads\/2024\/07\/Haffun15-768x384.png 768w, https:\/\/www.haffun.cz\/wp-content\/uploads\/2024\/07\/Haffun15-1536x768.png 1536w, https:\/\/www.haffun.cz\/wp-content\/uploads\/2024\/07\/Haffun15-18x9.png 18w, https:\/\/www.haffun.cz\/wp-content\/uploads\/2024\/07\/Haffun15-700x350.png 700w, https:\/\/www.haffun.cz\/wp-content\/uploads\/2024\/07\/Haffun15.png 2000w\" sizes=\"(max-width: 300px) 100vw, 300px\" \/><\/a><\/p>\n<h4><strong style=\"font-family: var(--global-body-font-family);\">Kl\u00ed\u010dov\u00e9 vlastnosti a v\u00fdhody:<\/strong><\/h4>\n<p><strong>Slo\u017een\u00ed bez obilovin:<\/strong> Tento recept je ide\u00e1ln\u00ed pro psy citliv\u00e9 na obil\u00ed a pou\u017e\u00edv\u00e1 sladk\u00e9 brambory jako v\u00fd\u017eivn\u00e9, snadno straviteln\u00e9 zdroje sacharid\u016f.<\/p>\n<p><strong>Bal\u00ed\u010dek p\u00e9\u010de o klouby:<\/strong> Obohacen\u00fd o p\u0159\u00edsady, kter\u00e9 podporuj\u00ed zdrav\u00ed kloub\u016f, pom\u00e1haj\u00ed udr\u017eet va\u0161e aktivn\u00ed \u0161t\u011bn\u011b mobiln\u00ed a pohybliv\u00e9.<\/p>\n<p><strong>Podporuje zdrav\u00fd r\u016fst:<\/strong> Vysoce kvalitn\u00ed protein pom\u00e1h\u00e1 budovat a udr\u017eovat svalovou hmotu, kter\u00e1 je kl\u00ed\u010dov\u00e1 pro rostouc\u00ed \u0161t\u011b\u0148ata.<\/p>\n<p><strong>Posiluje imunitn\u00ed syst\u00e9m:<\/strong> Ingredience jako sladk\u00e9 brambory a mrkev jsou bohat\u00e9 na antioxidanty a vitam\u00edny, kter\u00e9 posiluj\u00ed imunitn\u00ed syst\u00e9m a celkov\u00e9 zdrav\u00ed.<\/p>\n<p><strong>Podporuje zdrav\u00e9 tr\u00e1ven\u00ed:<\/strong> Dietn\u00ed vl\u00e1knina z p\u0159\u00edsad, jako jsou sladk\u00e9 brambory, podporuje zdrav\u00ed tr\u00e1ven\u00ed a zaji\u0161\u0165uje pravideln\u00e9 vyprazd\u0148ov\u00e1n\u00ed.<\/p>\n<p><strong>Bez um\u011bl\u00fdch p\u0159\u00edsad:<\/strong> Bez um\u011bl\u00fdch barviv, p\u0159\u00edchut\u00ed nebo konzerva\u010dn\u00edch l\u00e1tek, co\u017e zaji\u0161\u0165uje p\u0159irozenou a zdravou stravu pro va\u0161e \u0161t\u011bn\u011b.<\/p>\n<h4><strong>Ingredience:<\/strong><\/h4>\n<h5>Ku\u0159e, kr\u016ft\u00ed a losos (60%):<\/h5>\n<p><strong>\u010cerstv\u011b p\u0159ipraven\u00e9 ku\u0159e (20%)<\/strong>: Tento vysoce kvalitn\u00ed zdroj b\u00edlkovin je bohat\u00fd na esenci\u00e1ln\u00ed aminokyseliny a omega-3 mastn\u00e9 kyseliny, podporuje rozvoj sval\u016f, zdrav\u00ed srdce a lesklou srst. \u010cerstv\u011b p\u0159ipraven\u00e9 ku\u0159e zaji\u0161\u0165uje maxim\u00e1ln\u00ed vst\u0159eb\u00e1v\u00e1n\u00ed \u017eivin.<\/p>\n<p><strong>Su\u0161en\u00e9 ku\u0159e (14%)<\/strong>: Koncentrovan\u00fd zdroj b\u00edlkovin, su\u0161en\u00e9 ku\u0159e poskytuje trvalou energii a podporuje celkov\u00e9 zdrav\u00ed. Je bohat\u00fd na \u017eiviny a zlep\u0161uje nutri\u010dn\u00ed profil j\u00eddla.<\/p>\n<p><strong>\u010cerstv\u011b p\u0159ipraven\u00e9 kr\u016ft\u00ed maso (7%)<\/strong>: Zdroj chud\u00fdch b\u00edlkovin bohat\u00fd na esenci\u00e1ln\u00ed aminokyseliny a omega-3 mastn\u00e9 kyseliny. \u010cerstv\u011b p\u0159ipraven\u00e1 kr\u016fta podporuje zdrav\u00ed sval\u016f, s\u00edlu kost\u00ed a celkovou vitalitu.<\/p>\n<p><strong>Su\u0161en\u00e9 kr\u016ft\u00ed (7%)<\/strong>: \u017divinov\u011b bohat\u00fd, koncentrovan\u00fd zdroj b\u00edlkovin, kter\u00fd poskytuje trvalou energii a podporuje celkov\u00e9 zdrav\u00ed. Su\u0161en\u00e1 kr\u016fta zvy\u0161uje nutri\u010dn\u00ed profil j\u00eddla.<\/p>\n<p><strong>\u010cerstv\u011b p\u0159ipraven\u00fd losos (7%)<\/strong>: Tento pr\u00e9miov\u00fd zdroj b\u00edlkovin je bohat\u00fd na esenci\u00e1ln\u00ed aminokyseliny a omega-3 mastn\u00e9 kyseliny, podporuje rozvoj sval\u016f, zdrav\u00ed srdce a lesklou srst. \u010cerstv\u011b p\u0159ipraven\u00fd losos zaji\u0161\u0165uje maxim\u00e1ln\u00ed vst\u0159eb\u00e1v\u00e1n\u00ed \u017eivin.<\/p>\n<p><strong>Su\u0161en\u00fd losos (3%)<\/strong>: Koncentrovan\u00fd zdroj b\u00edlkovin, su\u0161en\u00fd losos poskytuje trvalou energii a podporuje celkov\u00e9 zdrav\u00ed. Je bohat\u00fd na z\u00e1kladn\u00ed \u017eiviny, podporuje rozvoj sval\u016f a zdravou srst.<\/p>\n<p><strong>Ku\u0159ec\u00ed v\u00fdvar (2%)<\/strong>: Zv\u00fdraz\u0148uje chu\u0165 a chutnost j\u00eddla a z\u00e1rove\u0148 dod\u00e1v\u00e1 dodate\u010dnou vlhkost a \u017eiviny, kter\u00e9 jsou snadno straviteln\u00e9.<\/p>\n<h5>Sladk\u00e9 brambory (22%)<\/h5>\n<p>Zdroj sacharid\u016f bohat\u00fd na \u017eiviny bohat\u00fd na vl\u00e1kninu, vitam\u00edny A, C a B6 a miner\u00e1ly jako mangan a drasl\u00edk. Sladk\u00e9 brambory podporuj\u00ed zdrav\u00ed tr\u00e1ven\u00ed, poskytuj\u00ed trvalou energii a podporuj\u00ed zdrav\u00fd imunitn\u00ed syst\u00e9m.<\/p>\n<h5><strong>Brambor<\/strong><\/h5>\n<p>Vysoce straviteln\u00fd zdroj sacharid\u016f, kter\u00fd dod\u00e1v\u00e1 energii. Brambory jsou tak\u00e9 bohat\u00e9 na vitam\u00edny a miner\u00e1ly, kter\u00e9 podporuj\u00ed celkov\u00e9 zdrav\u00ed a pohodu.<\/p>\n<h5><strong>Ln\u011bn\u00e9 sem\u00ednko<\/strong><\/h5>\n<p>Ln\u011bn\u00e9 sem\u00ednko, zn\u00e1m\u00e9 tak\u00e9 jako ln\u011bn\u00e9 sem\u00ednko, je bohat\u00e9 na omega-3 mastn\u00e9 kyseliny, vl\u00e1kninu a antioxidanty. Podporuje zdrav\u00ed k\u016f\u017ee a srsti, podporuje zdrav\u00e9 tr\u00e1ven\u00ed a pom\u00e1h\u00e1 sni\u017eovat z\u00e1n\u011bty.<\/p>\n<h5><strong>Dopln\u011bk Omega 3<\/strong><\/h5>\n<p>Obohacuje stravu o esenci\u00e1ln\u00ed mastn\u00e9 kyseliny, kter\u00e9 podporuj\u00ed funkci mozku, sni\u017euj\u00ed z\u00e1n\u011bty a podporuj\u00ed zdravou k\u016f\u017ei a srst.<\/p>\n<h5>\u0158epn\u00e1 du\u017eina<\/h5>\n<p>Vysoce kvalitn\u00ed zdroj rozpustn\u00e9 i nerozpustn\u00e9 vl\u00e1kniny. \u0158epn\u00e1 du\u017eina podporuje zdrav\u00e9 tr\u00e1ven\u00ed, pom\u00e1h\u00e1 udr\u017eovat pevnou stolici a podporuje vyv\u00e1\u017eenou st\u0159evn\u00ed mikrofl\u00f3ru.<\/p>\n<h5>Mrkev (0,21 TP3T)<\/h5>\n<p>Mrkev pln\u00e1 vitam\u00edn\u016f A, C a K podporuje zdrav\u00e9 tr\u00e1ven\u00ed, posiluje imunitn\u00ed syst\u00e9m a poskytuje antioxidanty, kter\u00e9 podporuj\u00ed celkov\u00e9 zdrav\u00ed.<\/p>\n<h5>Hr\u00e1ch (0,07%)<\/h5>\n<p>Vynikaj\u00edc\u00ed zdroj rostlinn\u00fdch b\u00edlkovin a vl\u00e1kniny. Hr\u00e1ch p\u0159isp\u00edv\u00e1 ke zdrav\u00ed sval\u016f, pravidelnosti tr\u00e1ven\u00ed a poskytuje z\u00e1kladn\u00ed \u017eiviny, jako je \u017eelezo, ho\u0159\u010d\u00edk a vitam\u00edny B.<\/p>\n<h4><strong>Bal\u00ed\u010dek p\u00e9\u010de o klouby<\/strong><\/h4>\n<p><strong>Glukosamin (170 mg\/kg):<\/strong> Podporuje zdrav\u00ed kloub\u016f t\u00edm, \u017ee podporuje opravu chrupavky a sni\u017euje bolest a z\u00e1n\u011bt kloub\u016f, co\u017e je nezbytn\u00e9 pro udr\u017een\u00ed mobility a pohodl\u00ed u aktivn\u00edch ps\u016f.<\/p>\n<p><strong>Methylsulfonylmethan (MSM, 170 mg\/kg):<\/strong> P\u0159\u00edrodn\u00ed slou\u010denina s protiz\u00e1n\u011btliv\u00fdmi vlastnostmi, kter\u00e1 podporuje zdrav\u00ed a pohyblivost kloub\u016f. MSM pom\u00e1h\u00e1 sni\u017eovat bolesti kloub\u016f a zlep\u0161uje celkovou funkci kloub\u016f.<\/p>\n<p><strong>Chondroitin sulf\u00e1t (125 mg\/kg):<\/strong> Podporuje zdrav\u00ed kloub\u016f udr\u017eov\u00e1n\u00edm struktur\u00e1ln\u00ed integrity chrupavky. Chondroitin sulf\u00e1t pom\u00e1h\u00e1 sni\u017eovat bolest a z\u00e1n\u011bt v kloubech.<\/p>\n<h5><strong>Nukleotidy<\/strong><\/h5>\n<p>Nukleotidy, kter\u00e9 jsou nezbytn\u00e9 pro bun\u011b\u010dnou funkci a opravu, podporuj\u00ed imunitn\u00ed syst\u00e9m a podporuj\u00ed celkov\u00e9 zdrav\u00ed a vitalitu.<\/p>\n<h5><strong>Fruktooligosacharidy (FOS, 96 mg\/kg)<\/strong><\/h5>\n<p>Prebiotick\u00e1 vl\u00e1knina podporuje r\u016fst prosp\u011b\u0161n\u00fdch st\u0159evn\u00edch bakteri\u00ed, zlep\u0161uje tr\u00e1ven\u00ed a vst\u0159eb\u00e1v\u00e1n\u00ed \u017eivin. FOS pom\u00e1h\u00e1 udr\u017eovat zdravou rovnov\u00e1hu st\u0159evn\u00ed mikrofl\u00f3ry.<\/p>\n<h5><strong>Mannanoligosacharidy (MOS, 24 mg\/kg)<\/strong><\/h5>\n<p>Dal\u0161\u00ed typ prebiotik, kter\u00fd podporuje zdrav\u00ed tr\u00e1vic\u00edho traktu t\u00edm, \u017ee zabra\u0148uje uchycen\u00ed \u0161kodliv\u00fdch bakteri\u00ed na v\u00fdstelku st\u0159ev. MOS pom\u00e1h\u00e1 pos\u00edlit imunitn\u00ed syst\u00e9m a zlep\u0161it zdrav\u00ed st\u0159ev.<\/p>\n<p>Ka\u017ed\u00e1 slo\u017eka tohoto ultrapr\u00e9miov\u00e9ho krmiva pro \u0161t\u011b\u0148ata je pe\u010dliv\u011b vyb\u00edr\u00e1na tak, aby poskytovala vyv\u00e1\u017een\u00e9, v\u00fd\u017eivn\u00e9 a chutn\u00e9 krmivo pro aktivn\u00ed \u0161t\u011b\u0148ata a zajistilo jim tu nejlep\u0161\u00ed mo\u017enou p\u00e9\u010di a v\u00fd\u017eivu, aby prosp\u00edvala.<\/p>\n<p>Vyberte si Haffun Ultra Premium Puppy Free \u2013 ku\u0159e s kr\u016ft\u00edm, lososem, sladk\u00fdmi bramborami a mrkv\u00ed a dop\u0159ejte sv\u00e9mu \u0161t\u011bn\u011bti vyv\u00e1\u017een\u00e9, lahodn\u00e9 a v\u00fd\u017eivn\u00e9 j\u00eddlo, kter\u00e9 podporuje jeho zdrav\u00ed, r\u016fst a v\u00fdvoj, udr\u017e\u00ed je energick\u00e9 a p\u0159ipraven\u00e9 na ka\u017edodenn\u00ed dobrodru\u017estv\u00ed. .<\/p>\n<p><a href=\"https:\/\/www.haffun.sk\/en\/manufacturing-haffun-dog-food\/\">Objevte proces v\u00fdroby na\u0161ich potravin.<\/a><\/p>\n<p>&nbsp;<\/p>","protected":false},"excerpt":{"rendered":"<p>Zajist\u011bte optim\u00e1ln\u00ed za\u010d\u00e1tek va\u0161eho \u0161t\u011bn\u011bte s Haffun Ultra Premium Puppy Free Grain-Free \u2013 ku\u0159e s kr\u016ft\u00edm, lososem, sladk\u00fdmi bramborami a mrkv\u00ed. Na\u0161e vysoce kvalitn\u00ed receptura obsahuje ku\u0159ec\u00ed, kr\u016ft\u00ed a lososov\u00fd 60%, kter\u00fd dod\u00e1v\u00e1 z\u00e1kladn\u00ed \u017eiviny pro r\u016fst a vitalitu. S \u010derstv\u011b p\u0159ipraven\u00fdmi ingrediencemi 26% nab\u00edz\u00ed vynikaj\u00edc\u00ed chu\u0165 a vst\u0159eb\u00e1v\u00e1n\u00ed \u017eivin. Obohacen\u00fd o bat\u00e1ty a mrkev podporuje tr\u00e1ven\u00ed a zdrav\u00ed kloub\u016f. Tato vyv\u00e1\u017een\u00e1 strava bohat\u00e1 na Omega 3 a bez um\u011bl\u00fdch p\u0159\u00edsad podporuje v\u00fdvoj sval\u016f, siln\u00fd imunitn\u00ed syst\u00e9m a zdrav\u00e9 tr\u00e1ven\u00ed va\u0161eho rostouc\u00edho \u0161t\u011bn\u011bte.<\/p>","protected":false},"featured_media":4314,"comment_status":"open","ping_status":"closed","template":"","meta":{"_uag_custom_page_level_css":"","_kadence_starter_templates_imported_post":false,"_kad_post_transparent":"default","_kad_post_title":"","_kad_post_layout":"default","_kad_post_sidebar_id":"","_kad_post_content_style":"default","_kad_post_vertical_padding":"default","_kad_post_feature":"","_kad_post_feature_position":"","_kad_post_header":false,"_kad_post_footer":false},"product_brand":[],"product_cat":[93,117,100],"product_tag":[],"class_list":{"0":"post-4281","1":"product","2":"type-product","3":"status-publish","4":"has-post-thumbnail","6":"product_cat-ultra-premium-dog-food","7":"product_cat-puppy-premium-food","8":"product_cat-premium-grain-free-puppy","9":"pa_size-01kg","10":"pa_size-05kg","11":"pa_size-2kg","12":"pa_size-6kg","13":"pa_size-12kg","14":"pa_size-15kg","16":"first","17":"instock","18":"taxable","19":"shipping-taxable","20":"purchasable","21":"product-type-variable","22":"entry","23":"content-bg","24":"loop-entry"},"uagb_featured_image_src":{"full":["https:\/\/www.haffun.cz\/wp-content\/uploads\/2024\/12\/GFP-scaled-1.jpg",1845,2560,false],"thumbnail":["https:\/\/www.haffun.cz\/wp-content\/uploads\/2024\/12\/GFP-scaled-1-150x150.jpg",150,150,true],"medium":["https:\/\/www.haffun.cz\/wp-content\/uploads\/2024\/12\/GFP-scaled-1-216x300.jpg",216,300,true],"medium_large":["https:\/\/www.haffun.cz\/wp-content\/uploads\/2024\/12\/GFP-scaled-1-768x1066.jpg",768,1066,true],"large":["https:\/\/www.haffun.cz\/wp-content\/uploads\/2024\/12\/GFP-scaled-1-738x1024.jpg",738,1024,true],"1536x1536":["https:\/\/www.haffun.cz\/wp-content\/uploads\/2024\/12\/GFP-scaled-1-1107x1536.jpg",1107,1536,true],"2048x2048":["https:\/\/www.haffun.cz\/wp-content\/uploads\/2024\/12\/GFP-scaled-1-1476x2048.jpg",1476,2048,true],"trp-custom-language-flag":["https:\/\/www.haffun.cz\/wp-content\/uploads\/2024\/12\/GFP-scaled-1-9x12.jpg",9,12,true],"woocommerce_thumbnail":["https:\/\/www.haffun.cz\/wp-content\/uploads\/2024\/12\/GFP-scaled-1-800x800.jpg",800,800,true],"woocommerce_single":["https:\/\/www.haffun.cz\/wp-content\/uploads\/2024\/12\/GFP-scaled-1-700x971.jpg",700,971,true],"woocommerce_gallery_thumbnail":["https:\/\/www.haffun.cz\/wp-content\/uploads\/2024\/12\/GFP-scaled-1-100x100.jpg",100,100,true],"variation_swatches_image_size":["https:\/\/www.haffun.cz\/wp-content\/uploads\/2024\/12\/GFP-scaled-1-50x50.jpg",50,50,true],"variation_swatches_tooltip_size":["https:\/\/www.haffun.cz\/wp-content\/uploads\/2024\/12\/GFP-scaled-1-100x100.jpg",100,100,true]},"uagb_author_info":{"display_name":"Klaudia Bu\u010dkov\u00e1","author_link":"https:\/\/www.haffun.cz\/cs\/author\/"},"uagb_comment_info":0,"uagb_excerpt":"Ensure your puppy's optimal start with Haffun Ultra Premium Puppy Grain-Free - Chicken with Turkey, Salmon, Sweet Potato and Carrot. Our high-quality formula contains 60% chicken, turkey, and salmon, delivering essential nutrients for growth and vitality. With 26% freshly prepared ingredients, it offers excellent taste and nutrient absorption. Enriched with sweet potatoes and carrots, it&hellip;","_links":{"self":[{"href":"https:\/\/www.haffun.cz\/cs\/wp-json\/wp\/v2\/product\/4281","targetHints":{"allow":["GET"]}}],"collection":[{"href":"https:\/\/www.haffun.cz\/cs\/wp-json\/wp\/v2\/product"}],"about":[{"href":"https:\/\/www.haffun.cz\/cs\/wp-json\/wp\/v2\/types\/product"}],"replies":[{"embeddable":true,"href":"https:\/\/www.haffun.cz\/cs\/wp-json\/wp\/v2\/comments?post=4281"}],"wp:featuredmedia":[{"embeddable":true,"href":"https:\/\/www.haffun.cz\/cs\/wp-json\/wp\/v2\/media\/4314"}],"wp:attachment":[{"href":"https:\/\/www.haffun.cz\/cs\/wp-json\/wp\/v2\/media?parent=4281"}],"wp:term":[{"taxonomy":"product_brand","embeddable":true,"href":"https:\/\/www.haffun.cz\/cs\/wp-json\/wp\/v2\/product_brand?post=4281"},{"taxonomy":"product_cat","embeddable":true,"href":"https:\/\/www.haffun.cz\/cs\/wp-json\/wp\/v2\/product_cat?post=4281"},{"taxonomy":"product_tag","embeddable":true,"href":"https:\/\/www.haffun.cz\/cs\/wp-json\/wp\/v2\/product_tag?post=4281"}],"curies":[{"name":"wp","href":"https:\/\/api.w.org\/{rel}","templated":true}]}}