{"id":4412,"date":"2025-06-19T19:08:26","date_gmt":"2025-06-19T17:08:26","guid":{"rendered":"https:\/\/www.haffun.cz\/?post_type=product&#038;p=4412"},"modified":"2025-06-19T19:08:26","modified_gmt":"2025-06-19T17:08:26","slug":"pamlsky-im-different-sardinky-40g","status":"publish","type":"product","link":"https:\/\/www.haffun.cz\/cs\/produkt\/pamlsky-im-different-sardinky-40g\/","title":{"rendered":"Pamlsky I\u00b4m different &#8211; Sardinky 40g"},"content":{"rendered":"<p>Slo\u017een\u00ed: \u010derstv\u00e9 sardinky (min. 98 %), inulin z \u010dekanky (zdroj FOS), kvasnicov\u00e9 produkty, produkty ze zpracov\u00e1n\u00ed \u010derstv\u00e9ho ovoce a zeleniny (0,025 %, sm\u011bs su\u0161en\u00e9ho \u010derven\u00e9ho ovoce: jahody, bor\u016fvky, ostru\u017einy, brusinky, escobillo, hrozny, gran\u00e1tov\u00e9 jablko).<\/p>\n<p>Analytick\u00e9 slo\u017eky: hrub\u00fd protein 56 %, hrub\u00fd olej a tuk 23 %, hrub\u00e1 vl\u00e1knina 3,5 %, hrub\u00fd popel 11,5 %.<\/p>\n<p>Dopl\u0148kov\u00e9 l\u00e1tky (na kg): senzorick\u00e9 dopl\u0148kov\u00e9 l\u00e1tky: aromata: botanicky definovan\u00e9 p\u0159\u00edrodn\u00ed l\u00e1tky: extrakt z rozmar\u00fdnu 2b\/ 80 mg; technologick\u00e9 dopl\u0148kov\u00e9 l\u00e1tky: p\u0159\u00edrodn\u00ed antioxidanty.<\/p>\n<p>N\u00e1vod k pou\u017eit\u00ed: pod\u00e1vejte jako odm\u011bnu nebo sva\u010dinu mezi j\u00eddly. V\u017edy ponechte misku s \u010derstvou a \u010distou vodou. Krmivo skladujte na chladn\u00e9m a such\u00e9m m\u00edst\u011b mimo dosah sv\u011btla. Po pou\u017eit\u00ed obal v\u017edy d\u016fkladn\u011b uzav\u0159ete.<\/p>","protected":false},"excerpt":{"rendered":"<p>Mrazem su\u0161en\u00e9 monoproteinov\u00e9 pamlsky <strong>I\u00b4m different<\/strong> jsou zdrav\u00e1 a chutn\u00e1 odm\u011bna pro va\u0161eho hafana. Su\u0161en\u00ed mrazem je dlouh\u00fd a \u0161etrn\u00fd proces, kter\u00fd zaji\u0161\u0165uje zachov\u00e1n\u00ed \u017eivin, bez va\u0159en\u00ed. V\u00fdsledn\u00fd produkt je pro pejska zdrav\u011bj\u0161\u00ed, m\u00e9n\u011b zpracovan\u00fd a jednodu\u0161e str\u00e1viteln\u00fd. Pamlsky I\u00b4m different obsahuj\u00ed minim\u00e1ln\u011b 80% masa, \u010di ryb, ur\u010den\u00e9ho k lidsk\u00e9 spot\u0159eb\u011b a jejich v\u00fdroba podl\u00e9h\u00e1 stejn\u00fdm standard\u016fm jako lidsk\u00e1. Jsou bez obilovin a lepku dopln\u011bn\u00e9 o extrakty z \u010derven\u00e9ho ovoce, kter\u00e9 pom\u00e1haj\u00ed p\u016fsobit proti \u0161kodliv\u00fdm \u00fa\u010dink\u016fm voln\u00fdch radik\u00e1l\u016f a podporuj\u00ed p\u0159irozenou obranyschopnost t\u011bla. Pamlsky jsou ur\u010deny pro v\u0161echny pejsky a ko\u010di\u010dky bez ohledu na jejich v\u011bk, velikost \u010di rasu.<\/p>","protected":false},"featured_media":4410,"comment_status":"open","ping_status":"closed","template":"","meta":{"_uag_custom_page_level_css":"","_kadence_starter_templates_imported_post":false,"_kad_post_transparent":"default","_kad_post_title":"","_kad_post_layout":"default","_kad_post_sidebar_id":"","_kad_post_content_style":"default","_kad_post_vertical_padding":"default","_kad_post_feature":"","_kad_post_feature_position":"","_kad_post_header":false,"_kad_post_footer":false},"product_brand":[],"product_cat":[121,93],"product_tag":[],"class_list":{"0":"post-4412","1":"product","2":"type-product","3":"status-publish","4":"has-post-thumbnail","6":"product_cat-ultra-premium-treats","7":"product_cat-ultra-premium-dog-food","9":"first","10":"instock","11":"taxable","12":"shipping-taxable","13":"purchasable","14":"product-type-simple","15":"entry","16":"content-bg","17":"loop-entry"},"uagb_featured_image_src":{"full":["https:\/\/www.haffun.cz\/wp-content\/uploads\/2025\/06\/im-different-cat-dog-sardine-freeze-dried-treats.jpeg",274,240,false],"thumbnail":["https:\/\/www.haffun.cz\/wp-content\/uploads\/2025\/06\/im-different-cat-dog-sardine-freeze-dried-treats-150x150.jpeg",150,150,true],"medium":["https:\/\/www.haffun.cz\/wp-content\/uploads\/2025\/06\/im-different-cat-dog-sardine-freeze-dried-treats.jpeg",274,240,false],"medium_large":["https:\/\/www.haffun.cz\/wp-content\/uploads\/2025\/06\/im-different-cat-dog-sardine-freeze-dried-treats.jpeg",274,240,false],"large":["https:\/\/www.haffun.cz\/wp-content\/uploads\/2025\/06\/im-different-cat-dog-sardine-freeze-dried-treats.jpeg",274,240,false],"1536x1536":["https:\/\/www.haffun.cz\/wp-content\/uploads\/2025\/06\/im-different-cat-dog-sardine-freeze-dried-treats.jpeg",274,240,false],"2048x2048":["https:\/\/www.haffun.cz\/wp-content\/uploads\/2025\/06\/im-different-cat-dog-sardine-freeze-dried-treats.jpeg",274,240,false],"trp-custom-language-flag":["https:\/\/www.haffun.cz\/wp-content\/uploads\/2025\/06\/im-different-cat-dog-sardine-freeze-dried-treats-14x12.jpeg",14,12,true],"woocommerce_thumbnail":["https:\/\/www.haffun.cz\/wp-content\/uploads\/2025\/06\/im-different-cat-dog-sardine-freeze-dried-treats.jpeg",274,240,false],"woocommerce_single":["https:\/\/www.haffun.cz\/wp-content\/uploads\/2025\/06\/im-different-cat-dog-sardine-freeze-dried-treats.jpeg",274,240,false],"woocommerce_gallery_thumbnail":["https:\/\/www.haffun.cz\/wp-content\/uploads\/2025\/06\/im-different-cat-dog-sardine-freeze-dried-treats-100x100.jpeg",100,100,true],"variation_swatches_image_size":["https:\/\/www.haffun.cz\/wp-content\/uploads\/2025\/06\/im-different-cat-dog-sardine-freeze-dried-treats-50x50.jpeg",50,50,true],"variation_swatches_tooltip_size":["https:\/\/www.haffun.cz\/wp-content\/uploads\/2025\/06\/im-different-cat-dog-sardine-freeze-dried-treats-100x100.jpeg",100,100,true]},"uagb_author_info":{"display_name":"Admin","author_link":"https:\/\/www.haffun.cz\/cs\/author\/"},"uagb_comment_info":0,"uagb_excerpt":"Mrazem su\u0161en\u00e9 monoproteinov\u00e9 pamlsky I\u00b4m different jsou zdrav\u00e1 a chutn\u00e1 odm\u011bna pro va\u0161eho hafana. Su\u0161en\u00ed mrazem je dlouh\u00fd a \u0161etrn\u00fd proces, kter\u00fd zaji\u0161\u0165uje zachov\u00e1n\u00ed \u017eivin, bez va\u0159en\u00ed. V\u00fdsledn\u00fd produkt je pro pejska zdrav\u011bj\u0161\u00ed, m\u00e9n\u011b zpracovan\u00fd a jednodu\u0161e str\u00e1viteln\u00fd. Pamlsky I\u00b4m different obsahuj\u00ed minim\u00e1ln\u011b 80% masa, \u010di ryb, ur\u010den\u00e9ho k lidsk\u00e9 spot\u0159eb\u011b a jejich v\u00fdroba podl\u00e9h\u00e1&hellip;","_links":{"self":[{"href":"https:\/\/www.haffun.cz\/cs\/wp-json\/wp\/v2\/product\/4412","targetHints":{"allow":["GET"]}}],"collection":[{"href":"https:\/\/www.haffun.cz\/cs\/wp-json\/wp\/v2\/product"}],"about":[{"href":"https:\/\/www.haffun.cz\/cs\/wp-json\/wp\/v2\/types\/product"}],"replies":[{"embeddable":true,"href":"https:\/\/www.haffun.cz\/cs\/wp-json\/wp\/v2\/comments?post=4412"}],"wp:featuredmedia":[{"embeddable":true,"href":"https:\/\/www.haffun.cz\/cs\/wp-json\/wp\/v2\/media\/4410"}],"wp:attachment":[{"href":"https:\/\/www.haffun.cz\/cs\/wp-json\/wp\/v2\/media?parent=4412"}],"wp:term":[{"taxonomy":"product_brand","embeddable":true,"href":"https:\/\/www.haffun.cz\/cs\/wp-json\/wp\/v2\/product_brand?post=4412"},{"taxonomy":"product_cat","embeddable":true,"href":"https:\/\/www.haffun.cz\/cs\/wp-json\/wp\/v2\/product_cat?post=4412"},{"taxonomy":"product_tag","embeddable":true,"href":"https:\/\/www.haffun.cz\/cs\/wp-json\/wp\/v2\/product_tag?post=4412"}],"curies":[{"name":"wp","href":"https:\/\/api.w.org\/{rel}","templated":true}]}}